{"id":3,"date":"2025-03-14T15:14:44","date_gmt":"2025-03-14T14:14:44","guid":{"rendered":"https:\/\/bo-themes.de\/wordpress-themes\/?page_id=3"},"modified":"2025-04-14T10:12:37","modified_gmt":"2025-04-14T08:12:37","slug":"datenschutzerklaerung","status":"publish","type":"page","link":"https:\/\/bo-themes.de\/wordpress-themes\/datenschutzerklaerung\/","title":{"rendered":"Datenschutz"},"content":{"rendered":"\n<h2 class=\"wp-block-heading\">Datenschutzerkl\u00e4rung<\/h2>\n\n\n\n<p>Die folgenden Hinweise geben einen einfachen \u00dcberblick dar\u00fcber, was mit Ihren personenbezogenen Daten passiert, wenn Sie unsere Webseite besuchen. Personenbezogene Daten sind alle Daten, mit denen Sie pers\u00f6nlich identifiziert werden k\u00f6nnen. Ausf\u00fchrliche Informationen zum Thema Datenschutz entnehmen Sie unserer hier aufgef\u00fchrten Datenschutzerkl\u00e4rung.<\/p>\n\n\n\n<p>Da Gesetzes\u00e4nderungen oder \u00c4nderungen unserer unternehmensinternen Prozesse eine Anpassung dieser Datenschutzerkl\u00e4rung erforderlich machen k\u00f6nnen, bitten wir Sie, diese Datenschutzerkl\u00e4rung regelm\u00e4\u00dfig durchzulesen. Die Datenschutzerkl\u00e4rung kann jederzeit unter https:\/\/bo-themes.de\/datenschutzerklaerung\/ abgerufen, abgespeichert und ausgedruckt werden.<\/p>\n\n\n\n<hr class=\"wp-block-separator has-alpha-channel-opacity\"\/>\n\n\n\n<p><strong>Wer ist verantwortlich f\u00fcr die Datenerfassung auf dieser Webseite?<\/strong><br>Die Datenverarbeitung auf dieser Webseite erfolgt durch den Webseitenbetreiber. Die Kontaktdaten k\u00f6nnen Sie dem <a href=\"https:\/\/bo-themes.de\/impressum\/\">Impressum<\/a> dieser Webseite entnehmen.<\/p>\n\n\n\n<p><strong>Wie erfassen wir Ihre Daten und wof\u00fcr werden diese genutzt?<\/strong><br>Die Nutzung unserer Webseite ist in der Regel ohne Angabe personenbezogener Daten m\u00f6glich. Wenn Sie auf unsere Webseite zugreifen, werden jedoch automatisch Informationen allgemeiner Natur erfasst. Diese Informationen (Server-Log-Dateien \/ Server-Log-Files) beinhalten etwa die Art Ihres Webbrowsers, das Betriebssystem, den Domainnamen Ihres Internet Service Providers, die Uhrzeit des Seitenaufrufes und \u00e4hnliches. Hierbei handelt es sich ausschlie\u00dflich um Informationen, welche keine R\u00fcckschl\u00fcsse auf Ihre Person zulassen. Diese Informationen sind technisch relevant, um von Ihnen angeforderte Inhalte unserer Webseite korrekt auszuliefern und fallen bei der Nutzung des Internets zwingend an. Anonyme Informationen dieser Art k\u00f6nnen von uns statistisch ausgewertet werden, um unseren Internetauftritt und die dahinterstehende Technik zu optimieren und die Seitenaufrufe zu analysieren.<\/p>\n\n\n\n<p>Weitere Daten werden dadurch erhoben, dass Sie uns diese mitteilen. Hierbei handelt es sich um Kontaktdaten, die Sie in das Kontaktformular eingeben und\/oder Angaben zu Ihrem Unternehmen, Ihrer Web- und Postadresse, falls Sie ein Angebot zu unseren Dienstleistungen anfragen oder ein WordPress-Theme zur sp\u00e4teren Nutzung auf Ihren Webseiten bestellen m\u00f6chten.<\/p>\n\n\n\n<p><strong>Welche Rechte haben Sie bez\u00fcglich Ihrer Daten?<\/strong><br>Sie haben jederzeit das Recht unentgeltlich Auskunft \u00fcber Herkunft, Empf\u00e4nger und Zweck Ihrer gespeicherten personenbezogenen Daten zu erhalten. Sie haben au\u00dferdem ein Recht, die Berichtigung, Sperrung oder L\u00f6schung dieser Daten zu verlangen. Hierzu sowie zu weiteren Fragen zum Thema Datenschutz k\u00f6nnen Sie sich jederzeit unter der im <a href=\"https:\/\/bo-themes.de\/impressum\/\">Impressum<\/a> angegebenen Adresse an uns wenden. Desweiteren steht Ihnen ein Beschwerderecht bei der zust\u00e4ndigen Aufsichtsbeh\u00f6rde zu.<\/p>\n\n\n\n<p><strong>Analyse-Tools und Tools von Drittanbietern<\/strong><br>Beim Besuch unserer Webseite kann Ihr Surf-Verhalten statistisch ausgewertet werden. Das geschieht mit so genannten Analyseprogrammen. Die Analyse Ihres Surf-Verhaltens erfolgt anonym; das Surf-Verhalten kann nicht zu Ihnen zur\u00fcckverfolgt werden. Weitere Informationen dazu finden Sie im Nachfolgenden.<\/p>\n\n\n\n<h2 class=\"wp-block-heading\">Allgemeine Hinweise und Pflichtinformationen<\/h2>\n\n\n\n<p><strong>Datenschutz<\/strong><br>Die Betreiber dieser Seiten nehmen den Schutz Ihrer pers\u00f6nlichen Daten sehr ernst. Wir behandeln Ihre personenbezogenen Daten vertraulich und entsprechend der gesetzlichen Datenschutzvorschriften sowie dieser Datenschutzerkl\u00e4rung.<\/p>\n\n\n\n<p>Wir weisen darauf hin, dass die Daten\u00fcbertragung im Internet (z.B. bei der Kommunikation per E-Mail) Sicherheitsl\u00fccken aufweisen kann. Ein l\u00fcckenloser Schutz der Daten vor dem Zugriff durch Dritte ist nicht m\u00f6glich.<\/p>\n\n\n\n<p><strong>Hinweis zur verantwortlichen Stelle<\/strong><br>Die verantwortliche Stelle f\u00fcr die Datenverarbeitung auf dieser Webseite ist:<\/p>\n\n\n\n<p><strong>Brings \u2013 B\u00fcro f\u00fcr Webentwicklung<br>Sabine Brings <\/strong><br>Isabellastr. 8<br>45130 Essen<br>Telefon: 0201 3601631<br>E-Mail: mail@brings-online.com<\/p>\n\n\n\n<p>Verantwortliche Stelle ist die nat\u00fcrliche oder juristische Person, die allein oder gemeinsam mit anderen \u00fcber die Zwecke und Mittel der Verarbeitung von personenbezogenen Daten (z.B. Namen, E-Mail-Adressen o. \u00c4.) entscheidet.<\/p>\n\n\n\n<p><strong>Widerruf Ihrer Einwilligung zur Datenverarbeitung<\/strong><br>Viele Datenverarbeitungsvorg\u00e4nge sind nur mit Ihrer ausdr\u00fccklichen Einwilligung m\u00f6glich. Sie k\u00f6nnen eine bereits erteilte Einwilligung jederzeit widerrufen. Dazu reicht eine formlose Mitteilung per E-Mail an uns. Die Rechtm\u00e4\u00dfigkeit der bis zum Widerruf erfolgten Datenverarbeitung bleibt vom Widerruf unber\u00fchrt.<\/p>\n\n\n\n<p><strong>Beschwerderecht bei der zust\u00e4ndigen Aufsichtsbeh\u00f6rde<\/strong><br>Im Falle datenschutzrechtlicher Verst\u00f6\u00dfe steht dem Betroffenen ein Beschwerderecht bei der zust\u00e4ndigen Aufsichtsbeh\u00f6rde zu. Zust\u00e4ndige Aufsichtsbeh\u00f6rde in datenschutzrechtlichen Fragen ist der Landesdatenschutzbeauftragte des Bundeslandes, in dem unser Unternehmen seinen Sitz hat.<\/p>\n\n\n\n<p>Eine Liste der Datenschutzbeauftragten sowie deren Kontaktdaten k\u00f6nnen folgendem Link entnommen werden: <a href=\"https:\/\/www.bfdi.bund.de\/DE\/Infothek\/Anschriften_Links\/anschriften_links-node.html\" target=\"_blank\" rel=\"noopener noreferrer\">https:\/\/www.bfdi.bund.de\/DE\/Infothek\/Anschriften_Links\/anschriften_links-node.html<\/a>.<\/p>\n\n\n\n<p><strong>Recht auf Daten\u00fcbertragbarkeit<\/strong><br>Sie haben das Recht, Daten, die wir auf Grundlage Ihrer Einwilligung oder in Erf\u00fcllung eines Vertrags automatisiert verarbeiten, an sich oder an einen Dritten in einem g\u00e4ngigen, maschinenlesbaren Format aush\u00e4ndigen zu lassen. Sofern Sie die direkte \u00dcbertragung der Daten an einen anderen Verantwortlichen verlangen, erfolgt dies nur, soweit es technisch machbar ist.<\/p>\n\n\n\n<p><strong>SSL- bzw. TLS-Verschl\u00fcsselung<\/strong><br>Diese Webseite nutzt aus Sicherheitsgr\u00fcnden und zum Schutz der \u00dcbertragung vertraulicher Inhalte, wie zum Beispiel Bestellungen oder Anfragen, die Sie an uns als Seitenbetreiber senden, eine SSL-bzw. TLS-Verschl\u00fcsselung. Eine verschl\u00fcsselte Verbindung erkennen Sie daran, dass die Adresszeile des Browsers von \u201chttp:\/\/\u201d auf \u201chttps:\/\/\u201d wechselt und an dem Schloss-Symbol in Ihrer Browserzeile.<\/p>\n\n\n\n<p>Wenn die SSL- bzw. TLS-Verschl\u00fcsselung aktiviert ist, k\u00f6nnen die Daten, die Sie an uns \u00fcbermitteln, nicht von Dritten mitgelesen werden.<\/p>\n\n\n\n<p><strong>Auskunft, Sperrung, L\u00f6schung<\/strong><br>Sie haben im Rahmen der geltenden gesetzlichen Bestimmungen jederzeit das Recht auf unentgeltliche Auskunft \u00fcber Ihre gespeicherten personenbezogenen Daten, deren Herkunft und Empf\u00e4nger und den Zweck der Datenverarbeitung und ggf. ein Recht auf Berichtigung, Sperrung oder L\u00f6schung dieser Daten. Hierzu sowie zu weiteren Fragen zum Thema personenbezogene Daten k\u00f6nnen Sie sich jederzeit unter der im <a href=\"https:\/\/bo-themes.de\/impressum\/\">Impressum<\/a> angegebenen Adresse an uns wenden.<\/p>\n\n\n\n<p><strong>Widerspruch gegen Werbe-Mails<\/strong><br>Der Nutzung von im Rahmen der Impressumspflicht ver\u00f6ffentlichten Kontaktdaten zur \u00dcbersendung von nicht ausdr\u00fccklich angeforderter Werbung und Informationsmaterialien wird hiermit widersprochen. Die Betreiber der Seiten behalten sich ausdr\u00fccklich rechtliche Schritte im Falle der unverlangten Zusendung von Werbeinformationen, etwa durch Spam-E-Mails, vor.<\/p>\n\n\n\n<h2 class=\"wp-block-heading\">Datenerfassung auf unserer Webseite<\/h2>\n\n\n\n<p><strong>Cookies<\/strong><br>Unsere Webseite verwendet sogenannte Cookies. Cookies richten auf Ihrem Rechner keinen Schaden an und enthalten keine Viren. Cookies dienen dazu, unser Angebot nutzerfreundlicher, effektiver und sicherer zu machen. Cookies sind kleine Textdateien, die auf Ihrem Rechner abgelegt werden und die Ihr Browser speichert.<\/p>\n\n\n\n<p>Die meisten der von uns verwendeten Cookies sind so genannte \u201cSession-Cookies\u201d. Sie werden nach Ende Ihres Besuchs automatisch gel\u00f6scht. Andere Cookies bleiben auf Ihrem Endger\u00e4t gespeichert bis Sie diese l\u00f6schen. Diese Cookies erm\u00f6glichen es uns, Ihren Browser beim n\u00e4chsten Besuch wiederzuerkennen. <\/p>\n\n\n\n<p>Sie k\u00f6nnen Ihren Browser so einstellen, dass Sie \u00fcber das Setzen von Cookies informiert werden und Cookies nur im Einzelfall erlauben, die Annahme von Cookies f\u00fcr bestimmte F\u00e4lle oder generell ausschlie\u00dfen sowie das automatische L\u00f6schen der Cookies beim Schlie\u00dfen des Browser aktivieren. Bei der Deaktivierung von Cookies kann die Funktionalit\u00e4t dieser Webseite eingeschr\u00e4nkt sein.<\/p>\n\n\n\n<p>Cookies, die zur Durchf\u00fchrung des elektronischen Kommunikationsvorgangs oder zur Bereitstellung bestimmter, von Ihnen erw\u00fcnschter Funktionen erforderlich sind, werden auf Grundlage von Art. 6 Abs. 1 lit. f DSGVO gespeichert. Der Webseitenbetreiber hat ein berechtigtes Interesse an der Speicherung von Cookies zur technisch fehlerfreien und optimierten Bereitstellung seiner Dienste.<\/p>\n\n\n\n<p><strong>Server-Log-Dateien<\/strong><br>Der Provider der Seiten erhebt und speichert automatisch Informationen in so genannten Server-Log-Dateien, die Ihr Browser automatisch an uns \u00fcbermittelt. Dies sind:<\/p>\n\n\n\n<ul class=\"wp-block-list\">\n<li>Browsertyp und Browserversion<\/li>\n\n\n\n<li>verwendetes Betriebssystem<\/li>\n\n\n\n<li>Referrer URL<\/li>\n\n\n\n<li>Hostname des zugreifenden Rechners<\/li>\n\n\n\n<li>Uhrzeit der Serveranfrage<\/li>\n\n\n\n<li>IP-Adresse<\/li>\n<\/ul>\n\n\n\n<p>Eine Zusammenf\u00fchrung dieser Daten mit anderen Datenquellen wird nicht vorgenommen.<br>Grundlage f\u00fcr die Datenverarbeitung ist Art. 6 Abs. 1 lit. b DSGVO, der die Verarbeitung von Daten zur Erf\u00fcllung eines Vertrags oder vorvertraglicher Ma\u00dfnahmen gestattet.<\/p>\n\n\n\n<p><strong>Kontaktformular<\/strong><br>Wenn Sie uns per Kontaktformular Anfragen zukommen lassen, werden Ihre Angaben aus dem Anfrageformular inklusive der von Ihnen dort angegebenen Kontaktdaten zwecks Bearbeitung der Anfrage und f\u00fcr den Fall von Anschlussfragen bei uns gespeichert. Diese Daten geben wir nicht ohne Ihre Einwilligung weiter.<\/p>\n\n\n\n<p>Die Verarbeitung der in das Kontaktformular eingegebenen Daten erfolgt somit ausschlie\u00dflich auf Grundlage Ihrer Einwilligung (Art. 6 Abs. 1 lit. a DSGVO). Sie k\u00f6nnen diese Einwilligung jederzeit widerrufen. Dazu reicht eine formlose Mitteilung per E-Mail an uns. Die Rechtm\u00e4\u00dfigkeit der bis zum Widerruf erfolgten Datenverarbeitungsvorg\u00e4nge bleibt vom Widerruf unber\u00fchrt.<\/p>\n\n\n\n<p>Die von Ihnen im Kontaktformular eingegebenen Daten verbleiben bei uns, bis Sie uns zur L\u00f6schung auffordern, Ihre Einwilligung zur Speicherung widerrufen oder der Zweck f\u00fcr die Datenspeicherung entf\u00e4llt (z.B. nach abgeschlossener Bearbeitung Ihrer Anfrage). Zwingende gesetzliche Bestimmungen \u2013 insbesondere Aufbewahrungsfristen \u2013 bleiben unber\u00fchrt.<a name=\"matomo\"><\/a><\/p>\n\n\n\n<h2 class=\"wp-block-heading\">Plugins und Tools<\/h2>\n\n\n\n<div class=\"wp-block-spacer\" style=\"height: 20px;\" aria-hidden=\"true\">&nbsp;<\/div>\n\n\n\n<p><strong>Google Maps<\/strong><br>Einige der hier vorgestellten Demo-Webseiten zur Pr\u00e4sentation unserer Themes nutzen \u00fcber eine API den Kartendienst Google Maps. Anbieter ist die Google Inc., 1600 Amphitheatre Parkway, Mountain View, CA 94043, USA. <br>Sie werden jeweils \u00fcber den Cookie-Hinweis gebeten, die Anzeige von Google Maps zu erlauben oder diese abzulehnen.  <\/p>\n\n\n\n<p>Zur Nutzung der Funktionen von Google Maps ist es notwendig, Ihre IP Adresse zu speichern. Diese Informationen werden in der Regel an einen Server von Google in den USA \u00fcbertragen und dort gespeichert. Der Anbieter dieser Seite hat keinen Einfluss auf diese Daten\u00fcbertragung. Die Nutzung von Google Maps erfolgt im Interesse einer ansprechenden Darstellung unserer Angebote und an einer leichten Auffindbarkeit der von uns auf der Webseite angegebenen Orte. Dies stellt ein berechtigtes Interesse im Sinne von Art. 6 Abs. 1 lit. f DSGVO dar.<\/p>\n\n\n\n<p>Mehr Informationen zum Umgang mit Nutzerdaten finden Sie in der Datenschutzerkl\u00e4rung von Google: https:\/\/www.google.de\/intl\/de\/poli<\/p>\n\n\n\n<div style=\"height:100px\" aria-hidden=\"true\" class=\"wp-block-spacer\"><\/div>\n","protected":false},"excerpt":{"rendered":"<p>Datenschutzerkl\u00e4rung Die folgenden Hinweise geben einen einfachen \u00dcberblick dar\u00fcber, was mit Ihren personenbezogenen Daten passiert, wenn Sie unsere Webseite besuchen. Personenbezogene Daten sind alle Daten, mit denen Sie pers\u00f6nlich identifiziert werden k\u00f6nnen. Ausf\u00fchrliche Informationen zum Thema Datenschutz entnehmen Sie unserer hier aufgef\u00fchrten Datenschutzerkl\u00e4rung. Da Gesetzes\u00e4nderungen oder \u00c4nderungen unserer unternehmensinternen Prozesse eine Anpassung dieser Datenschutzerkl\u00e4rung erforderlich [&hellip;]<\/p>\n","protected":false},"author":1,"featured_media":0,"parent":0,"menu_order":0,"comment_status":"closed","ping_status":"closed","template":"","meta":{"footnotes":""},"class_list":["post-3","page","type-page","status-publish","hentry"],"yoast_head":"<!-- This site is optimized with the Yoast SEO plugin v26.6 - https:\/\/yoast.com\/wordpress\/plugins\/seo\/ -->\n<title>Datenschutz - WordPress Themes<\/title>\n<meta name=\"robots\" content=\"index, follow, max-snippet:-1, max-image-preview:large, max-video-preview:-1\" \/>\n<link rel=\"canonical\" href=\"https:\/\/bo-themes.de\/wordpress-themes\/datenschutzerklaerung\/\" \/>\n<meta property=\"og:locale\" content=\"de_DE\" \/>\n<meta property=\"og:type\" content=\"article\" \/>\n<meta property=\"og:title\" content=\"Datenschutz - WordPress Themes\" \/>\n<meta property=\"og:description\" content=\"Datenschutzerkl\u00e4rung Die folgenden Hinweise geben einen einfachen \u00dcberblick dar\u00fcber, was mit Ihren personenbezogenen Daten passiert, wenn Sie unsere Webseite besuchen. Personenbezogene Daten sind alle Daten, mit denen Sie pers\u00f6nlich identifiziert werden k\u00f6nnen. Ausf\u00fchrliche Informationen zum Thema Datenschutz entnehmen Sie unserer hier aufgef\u00fchrten Datenschutzerkl\u00e4rung. Da Gesetzes\u00e4nderungen oder \u00c4nderungen unserer unternehmensinternen Prozesse eine Anpassung dieser Datenschutzerkl\u00e4rung erforderlich [&hellip;]\" \/>\n<meta property=\"og:url\" content=\"https:\/\/bo-themes.de\/wordpress-themes\/datenschutzerklaerung\/\" \/>\n<meta property=\"og:site_name\" content=\"WordPress Themes\" \/>\n<meta property=\"article:modified_time\" content=\"2025-04-14T08:12:37+00:00\" \/>\n<meta property=\"og:image\" content=\"https:\/\/bo-themes.de\/wordpress-themes\/wp-content\/uploads\/2025\/04\/wordpress-theme-bo-lexus.webp\" \/>\n\t<meta property=\"og:image:width\" content=\"1200\" \/>\n\t<meta property=\"og:image:height\" content=\"732\" \/>\n\t<meta property=\"og:image:type\" content=\"image\/webp\" \/>\n<meta name=\"twitter:card\" content=\"summary_large_image\" \/>\n<meta name=\"twitter:label1\" content=\"Gesch\u00e4tzte Lesezeit\" \/>\n\t<meta name=\"twitter:data1\" content=\"7\u00a0Minuten\" \/>\n<script type=\"application\/ld+json\" class=\"yoast-schema-graph\">{\"@context\":\"https:\/\/schema.org\",\"@graph\":[{\"@type\":\"WebPage\",\"@id\":\"https:\/\/bo-themes.de\/wordpress-themes\/datenschutzerklaerung\/\",\"url\":\"https:\/\/bo-themes.de\/wordpress-themes\/datenschutzerklaerung\/\",\"name\":\"Datenschutz - WordPress Themes\",\"isPartOf\":{\"@id\":\"https:\/\/bo-themes.de\/wordpress-themes\/#website\"},\"datePublished\":\"2025-03-14T14:14:44+00:00\",\"dateModified\":\"2025-04-14T08:12:37+00:00\",\"breadcrumb\":{\"@id\":\"https:\/\/bo-themes.de\/wordpress-themes\/datenschutzerklaerung\/#breadcrumb\"},\"inLanguage\":\"de\",\"potentialAction\":[{\"@type\":\"ReadAction\",\"target\":[\"https:\/\/bo-themes.de\/wordpress-themes\/datenschutzerklaerung\/\"]}]},{\"@type\":\"BreadcrumbList\",\"@id\":\"https:\/\/bo-themes.de\/wordpress-themes\/datenschutzerklaerung\/#breadcrumb\",\"itemListElement\":[{\"@type\":\"ListItem\",\"position\":1,\"name\":\"Startseite\",\"item\":\"https:\/\/bo-themes.de\/wordpress-themes\/\"},{\"@type\":\"ListItem\",\"position\":2,\"name\":\"Datenschutzerkl\u00e4rung\"}]},{\"@type\":\"WebSite\",\"@id\":\"https:\/\/bo-themes.de\/wordpress-themes\/#website\",\"url\":\"https:\/\/bo-themes.de\/wordpress-themes\/\",\"name\":\"BO WordPress Themes - Demo-Webseiten\",\"description\":\"\",\"publisher\":{\"@id\":\"https:\/\/bo-themes.de\/wordpress-themes\/#organization\"},\"alternateName\":\"BO WordPress Themes\",\"potentialAction\":[{\"@type\":\"SearchAction\",\"target\":{\"@type\":\"EntryPoint\",\"urlTemplate\":\"https:\/\/bo-themes.de\/wordpress-themes\/?s={search_term_string}\"},\"query-input\":{\"@type\":\"PropertyValueSpecification\",\"valueRequired\":true,\"valueName\":\"search_term_string\"}}],\"inLanguage\":\"de\"},{\"@type\":\"Organization\",\"@id\":\"https:\/\/bo-themes.de\/wordpress-themes\/#organization\",\"name\":\"BO WordPress Themes - Demo-Webseiten\",\"alternateName\":\"BO WordPress Themes\",\"url\":\"https:\/\/bo-themes.de\/wordpress-themes\/\",\"logo\":{\"@type\":\"ImageObject\",\"inLanguage\":\"de\",\"@id\":\"https:\/\/bo-themes.de\/wordpress-themes\/#\/schema\/logo\/image\/\",\"url\":\"https:\/\/bo-themes.de\/wordpress-themes\/wp-content\/uploads\/2025\/04\/brings-online-icon.png\",\"contentUrl\":\"https:\/\/bo-themes.de\/wordpress-themes\/wp-content\/uploads\/2025\/04\/brings-online-icon.png\",\"width\":512,\"height\":512,\"caption\":\"BO WordPress Themes - Demo-Webseiten\"},\"image\":{\"@id\":\"https:\/\/bo-themes.de\/wordpress-themes\/#\/schema\/logo\/image\/\"}}]}<\/script>\n<!-- \/ Yoast SEO plugin. -->","yoast_head_json":{"title":"Datenschutz - WordPress Themes","robots":{"index":"index","follow":"follow","max-snippet":"max-snippet:-1","max-image-preview":"max-image-preview:large","max-video-preview":"max-video-preview:-1"},"canonical":"https:\/\/bo-themes.de\/wordpress-themes\/datenschutzerklaerung\/","og_locale":"de_DE","og_type":"article","og_title":"Datenschutz - WordPress Themes","og_description":"Datenschutzerkl\u00e4rung Die folgenden Hinweise geben einen einfachen \u00dcberblick dar\u00fcber, was mit Ihren personenbezogenen Daten passiert, wenn Sie unsere Webseite besuchen. Personenbezogene Daten sind alle Daten, mit denen Sie pers\u00f6nlich identifiziert werden k\u00f6nnen. Ausf\u00fchrliche Informationen zum Thema Datenschutz entnehmen Sie unserer hier aufgef\u00fchrten Datenschutzerkl\u00e4rung. Da Gesetzes\u00e4nderungen oder \u00c4nderungen unserer unternehmensinternen Prozesse eine Anpassung dieser Datenschutzerkl\u00e4rung erforderlich [&hellip;]","og_url":"https:\/\/bo-themes.de\/wordpress-themes\/datenschutzerklaerung\/","og_site_name":"WordPress Themes","article_modified_time":"2025-04-14T08:12:37+00:00","og_image":[{"width":1200,"height":732,"url":"https:\/\/bo-themes.de\/wordpress-themes\/wp-content\/uploads\/2025\/04\/wordpress-theme-bo-lexus.webp","type":"image\/webp"}],"twitter_card":"summary_large_image","twitter_misc":{"Gesch\u00e4tzte Lesezeit":"7\u00a0Minuten"},"schema":{"@context":"https:\/\/schema.org","@graph":[{"@type":"WebPage","@id":"https:\/\/bo-themes.de\/wordpress-themes\/datenschutzerklaerung\/","url":"https:\/\/bo-themes.de\/wordpress-themes\/datenschutzerklaerung\/","name":"Datenschutz - WordPress Themes","isPartOf":{"@id":"https:\/\/bo-themes.de\/wordpress-themes\/#website"},"datePublished":"2025-03-14T14:14:44+00:00","dateModified":"2025-04-14T08:12:37+00:00","breadcrumb":{"@id":"https:\/\/bo-themes.de\/wordpress-themes\/datenschutzerklaerung\/#breadcrumb"},"inLanguage":"de","potentialAction":[{"@type":"ReadAction","target":["https:\/\/bo-themes.de\/wordpress-themes\/datenschutzerklaerung\/"]}]},{"@type":"BreadcrumbList","@id":"https:\/\/bo-themes.de\/wordpress-themes\/datenschutzerklaerung\/#breadcrumb","itemListElement":[{"@type":"ListItem","position":1,"name":"Startseite","item":"https:\/\/bo-themes.de\/wordpress-themes\/"},{"@type":"ListItem","position":2,"name":"Datenschutzerkl\u00e4rung"}]},{"@type":"WebSite","@id":"https:\/\/bo-themes.de\/wordpress-themes\/#website","url":"https:\/\/bo-themes.de\/wordpress-themes\/","name":"BO WordPress Themes - Demo-Webseiten","description":"","publisher":{"@id":"https:\/\/bo-themes.de\/wordpress-themes\/#organization"},"alternateName":"BO WordPress Themes","potentialAction":[{"@type":"SearchAction","target":{"@type":"EntryPoint","urlTemplate":"https:\/\/bo-themes.de\/wordpress-themes\/?s={search_term_string}"},"query-input":{"@type":"PropertyValueSpecification","valueRequired":true,"valueName":"search_term_string"}}],"inLanguage":"de"},{"@type":"Organization","@id":"https:\/\/bo-themes.de\/wordpress-themes\/#organization","name":"BO WordPress Themes - Demo-Webseiten","alternateName":"BO WordPress Themes","url":"https:\/\/bo-themes.de\/wordpress-themes\/","logo":{"@type":"ImageObject","inLanguage":"de","@id":"https:\/\/bo-themes.de\/wordpress-themes\/#\/schema\/logo\/image\/","url":"https:\/\/bo-themes.de\/wordpress-themes\/wp-content\/uploads\/2025\/04\/brings-online-icon.png","contentUrl":"https:\/\/bo-themes.de\/wordpress-themes\/wp-content\/uploads\/2025\/04\/brings-online-icon.png","width":512,"height":512,"caption":"BO WordPress Themes - Demo-Webseiten"},"image":{"@id":"https:\/\/bo-themes.de\/wordpress-themes\/#\/schema\/logo\/image\/"}}]}},"_links":{"self":[{"href":"https:\/\/bo-themes.de\/wordpress-themes\/wp-json\/wp\/v2\/pages\/3","targetHints":{"allow":["GET"]}}],"collection":[{"href":"https:\/\/bo-themes.de\/wordpress-themes\/wp-json\/wp\/v2\/pages"}],"about":[{"href":"https:\/\/bo-themes.de\/wordpress-themes\/wp-json\/wp\/v2\/types\/page"}],"author":[{"embeddable":true,"href":"https:\/\/bo-themes.de\/wordpress-themes\/wp-json\/wp\/v2\/users\/1"}],"replies":[{"embeddable":true,"href":"https:\/\/bo-themes.de\/wordpress-themes\/wp-json\/wp\/v2\/comments?post=3"}],"version-history":[{"count":3,"href":"https:\/\/bo-themes.de\/wordpress-themes\/wp-json\/wp\/v2\/pages\/3\/revisions"}],"predecessor-version":[{"id":72,"href":"https:\/\/bo-themes.de\/wordpress-themes\/wp-json\/wp\/v2\/pages\/3\/revisions\/72"}],"wp:attachment":[{"href":"https:\/\/bo-themes.de\/wordpress-themes\/wp-json\/wp\/v2\/media?parent=3"}],"curies":[{"name":"wp","href":"https:\/\/api.w.org\/{rel}","templated":true}]}}