{"id":7485,"date":"2019-10-01T21:31:43","date_gmt":"2019-10-01T19:31:43","guid":{"rendered":"https:\/\/brings-online.com\/demo\/wordpress-theme-fahrschule\/?page_id=7485"},"modified":"2019-10-01T21:31:43","modified_gmt":"2019-10-01T19:31:43","slug":"wordpress-bloecke","status":"publish","type":"page","link":"https:\/\/bo-themes.de\/wordpress-themes\/bo-mobilo\/theme-infos\/wordpress-bloecke\/","title":{"rendered":"WordPress Bl\u00f6cke"},"content":{"rendered":"\n<p>Der Gutenberg-Editor (ab WordPress 5.0) bietet ganz neue M\u00f6glichkeiten der Gestaltung und Formatierung der Inhalte \u2013 direkt im  Editor. Zus\u00e4tzlich zu den vorhandenen Gutenberg-Bl\u00f6cken, k\u00f6nnen mit dem Mobilo-Theme folgende weitere Inhaltsbl\u00f6cke genutzt werden. Sie finden Beispiele dazu auf allen Seiten dieser Demo-Webseite. <br>Screenshots mit Editierungsbeispielen <a href=\"https:\/\/bo-themes.de\/wordpress-themes\/bo-mobilo\/theme-infos\/screenshots\/\">finden Sie hier \u00bb<\/a><\/p>\n\n\n\n<div style=\"height:70px\" aria-hidden=\"true\" class=\"wp-block-spacer\"><\/div>\n\n\n\n<div class=\"wp-block-columns has-3-columns is-layout-flex wp-container-core-columns-is-layout-28f84493 wp-block-columns-is-layout-flex\">\n<div class=\"wp-block-column is-layout-flow wp-block-column-is-layout-flow\"><div class=\"simplebox\"  >\n<div class=\"hexagon\"><div class=\"hex-icon\"><i style=\"color:#a0aaba;\" class=\"icofont-star\"><\/i><\/div><\/div>\n<h3>CTA Bl\u00f6cke<\/h3>\n<div class=\"separator\"><\/div>\n<p>CTA Abschnitte mit Hintergrundbild, Text und Button<\/p>\n\t\n<\/div>\n\n\n<p><\/p>\n<\/div>\n\n\n\n<div class=\"wp-block-column is-layout-flow wp-block-column-is-layout-flow\"><div class=\"simplebox\"  >\n<div class=\"hexagon\"><div class=\"hex-icon\"><i style=\"color:#a0aaba;\" class=\"icofont-navigation-menu\"><\/i><\/div><\/div>\n<h3>Button<\/h3>\n<div class=\"separator\"><\/div>\n<p>Button optional mit Icon und Text<\/p>\n\t\n<\/div><\/div>\n\n\n\n<div class=\"wp-block-column is-layout-flow wp-block-column-is-layout-flow\"><div class=\"simplebox\"  >\n<div class=\"hexagon\"><div class=\"hex-icon\"><i style=\"color:#a0aaba;\" class=\"icofont-tick-boxed\"><\/i><\/div><\/div>\n<h3>Iconbox<\/h3>\n<div class=\"separator\"><\/div>\n<p>Boxen mit beliebigem Icon, Headline, Text und Button<\/p>\n\t\n<\/div><\/div>\n<\/div>\n\n\n\n<div class=\"wp-block-columns has-3-columns is-layout-flex wp-container-core-columns-is-layout-28f84493 wp-block-columns-is-layout-flex\">\n<div class=\"wp-block-column is-layout-flow wp-block-column-is-layout-flow\"><div class=\"simplebox\"  >\n<div class=\"hexagon\"><div class=\"hex-icon\"><i style=\"color:#a0aaba;\" class=\"icofont-users-alt-3\"><\/i><\/div><\/div>\n<h3>Teambox<\/h3>\n<div class=\"separator\"><\/div>\n<p>Box mit Bild und Kontakt- und Social-Media-Daten<\/p>\n\t\n<\/div><\/div>\n\n\n\n<div class=\"wp-block-column is-layout-flow wp-block-column-is-layout-flow\"><div class=\"simplebox\"  >\n<div class=\"hexagon\"><div class=\"hex-icon\"><i style=\"color:#a0aaba;\" class=\"icofont-exclamation-circle\"><\/i><\/div><\/div>\n<h3>Teaminfo<\/h3>\n<div class=\"separator\"><\/div>\n<p>Box mit Infotext,  Teambild und -name.<\/p>\n\t\n<\/div><\/div>\n\n\n\n<div class=\"wp-block-column is-layout-flow wp-block-column-is-layout-flow\"><div class=\"simplebox\"  >\n<div class=\"hexagon\"><div class=\"hex-icon\"><i style=\"color:#a0aaba;\" class=\"icofont-bold\"><\/i><\/div><\/div>\n<h3>Headlines\/Slogan<\/h3>\n<div class=\"separator\"><\/div>\n<p>Headlines oder Slogans mit farbigem Unterstrich<\/p>\n\t\n<\/div><\/div>\n<\/div>\n\n\n\n<div style=\"height:120px\" aria-hidden=\"true\" class=\"wp-block-spacer\"><\/div>\n\n\n<section class=\"bo-block-header-section alignfull \" style=\"background-color:rgba(0, 0, 0, 0.61); background-repeat:no-repeat; \">\n<img decoding=\"async\" class=\"bo-header-img\" src=\"https:\/\/bo-themes.de\/wordpress-themes\/bo-mobilo\/wp-content\/uploads\/sites\/4\/2019\/09\/bo-mobilo-header2.jpg\" alt=\"BO Mobilo - WordPress Theme f\u00fcr Fahrschulen\" srcset=\"https:\/\/bo-themes.de\/wordpress-themes\/bo-mobilo\/wp-content\/uploads\/sites\/4\/2019\/09\/bo-mobilo-header2.jpg 1920w, https:\/\/bo-themes.de\/wordpress-themes\/bo-mobilo\/wp-content\/uploads\/sites\/4\/2019\/09\/bo-mobilo-header2-300x100.jpg 300w, https:\/\/bo-themes.de\/wordpress-themes\/bo-mobilo\/wp-content\/uploads\/sites\/4\/2019\/09\/bo-mobilo-header2-1024x341.jpg 1024w, https:\/\/bo-themes.de\/wordpress-themes\/bo-mobilo\/wp-content\/uploads\/sites\/4\/2019\/09\/bo-mobilo-header2-768x256.jpg 768w, https:\/\/bo-themes.de\/wordpress-themes\/bo-mobilo\/wp-content\/uploads\/sites\/4\/2019\/09\/bo-mobilo-header2-1536x512.jpg 1536w, https:\/\/bo-themes.de\/wordpress-themes\/bo-mobilo\/wp-content\/uploads\/sites\/4\/2019\/09\/bo-mobilo-header2-1360x453.jpg 1360w\" \/>\t\n<div class=\"bo-block-header-container\">\n<div class=\"bo-block-header-wrapper clearfix leftpos animated fadeInLeft\" style=\"background:rgba(36, 182, 255, 0.91)\" >\n\t\n <h3 class=\"bo-block-header-heading\" style=\"font-size: 25px; color:#ffffff\"><span class=\"bo-block-header-heading-mobile\">CTA Block  mit Infobox<\/span><\/h3>\t\t <div class=\"bo-block-header-text\" style=\"color:#ffffff; font-size:18px;\"><span class=\"bo-block-header-text-mobile\"><p><strong>Der Text kann rechts, links oder zentriert angezeigt werden.<\/strong> <br \/>Sed diam nonumy eirmod tempor invidunt ut labore <br \/>et dolore magna aliquyam erat, sed diam voluptua.<\/p>\n<\/span><\/div>\t\t\n\t\t\t\n                <div class=\"bo-block-header-buttons clearfix\">\n\t\t\t\t\t\n<a class=\"bo-block-header-button-1\" style=\"color:#383F4B !important; background:#ffffff;\" href=\"#\" target=\"_self\">Ein Button <\/a><a class=\"bo-block-header-button-2\" style=\"color:#ffffff !important; background:#383F4B;\" href=\"#\" target=\"_self\">Noch ein Button<\/a>                <\/div>            <\/div>\n        <\/div>   \n   <\/section>\n\n\n<section class=\"bo-block-cta-section alignfull\" style=\"background-image: url('https:\/\/bo-themes.de\/wordpress-themes\/bo-mobilo\/wp-content\/uploads\/sites\/4\/2019\/09\/mobilo-back2-1.jpg'); background-position:center; background-attachment:fixed; background-color:#ffffff;\">\n\t<div class=\"bo-block-cta-overlay animated fadeIn\" style=\"background-color: rgba(0, 0, 0, 0.81);\">\n<div class=\"bo-block-cta-container\" style=\"padding-top:7%; padding-bottom:7%;justify-content: center\">\n<div class=\"bo-block-cta-wrapper animated fadeIn\" style=\"text-align:center\">\n\t\t\t\t\n                <h2 class=\"bo-block-cta-heading\" style=\"font-size: 32px; color:#f0f1f6\"><span class=\"bo-block-cta-heading-mobile\">CTA Block mit Overlay<\/span><\/h2>                <p class=\"bo-block-cta-text\" style=\"font-size:18px; color:#f0f1f6\"><strong>Der Text kann rechts, links oder zentriert angezeigt werden.<\/strong> <br>Sed diam nonumy eirmod tempor invidunt ut labore <br>et dolore magna aliquyam erat, sed diam voluptua.<\/p>\t\t\t\t\n                <div class=\"bo-block-cta-buttons\">\n\t\t\t\t\t\n<a class=\"bo-block-cta-button-1\" style=\"color:#606774 !important; background:#f0f1f6; border-color:#f0f1f6;\" href=\"#\" target=\"_self\">Ein Button<\/a><a class=\"bo-block-cta-button-2\" style=\"color:#f0f1f6 !important; border-color:#f0f1f6;\" href=\"#\" target=\"_self\">Noch ein Button<\/a>                <\/div>            <\/div>\n        <\/div>   \n    <\/div>\n<\/section>","protected":false},"excerpt":{"rendered":"<p>Der Gutenberg-Editor (ab WordPress 5.0) bietet ganz neue M\u00f6glichkeiten der Gestaltung und Formatierung der Inhalte \u2013 direkt im Editor. Zus\u00e4tzlich zu den vorhandenen Gutenberg-Bl\u00f6cken, k\u00f6nnen mit dem [ &#8230; ]<\/p>\n","protected":false},"author":4,"featured_media":0,"parent":6916,"menu_order":0,"comment_status":"closed","ping_status":"closed","template":"page-fullwidth.php","meta":{"footnotes":""},"class_list":["post-7485","page","type-page","status-publish","hentry"],"yoast_head":"<!-- This site is optimized with the Yoast SEO plugin v26.6 - https:\/\/yoast.com\/wordpress\/plugins\/seo\/ -->\n<title>WordPress Bl\u00f6cke - BO Mobilo<\/title>\n<meta name=\"description\" content=\"BO Mobilo: Dies ist eine Demo-Webseite f\u00fcr unser WordPress Theme &quot;BO Mobilo&quot; f\u00fcr Fahrschulen\" \/>\n<meta name=\"robots\" content=\"index, follow, max-snippet:-1, max-image-preview:large, max-video-preview:-1\" \/>\n<link rel=\"canonical\" href=\"https:\/\/bo-themes.de\/wordpress-themes\/bo-mobilo\/theme-infos\/wordpress-bloecke\/\" \/>\n<meta property=\"og:locale\" content=\"de_DE\" \/>\n<meta property=\"og:type\" content=\"article\" \/>\n<meta property=\"og:title\" content=\"WordPress Bl\u00f6cke - BO Mobilo\" \/>\n<meta property=\"og:description\" content=\"BO Mobilo: Dies ist eine Demo-Webseite f\u00fcr unser WordPress Theme &quot;BO Mobilo&quot; f\u00fcr Fahrschulen\" \/>\n<meta property=\"og:url\" content=\"https:\/\/bo-themes.de\/wordpress-themes\/bo-mobilo\/theme-infos\/wordpress-bloecke\/\" \/>\n<meta property=\"og:site_name\" content=\"BO Mobilo\" \/>\n<meta property=\"og:image\" content=\"https:\/\/bo-themes.de\/wordpress-themes\/bo-mobilo\/wp-content\/uploads\/sites\/4\/2025\/04\/screen-mobilo-theme-a.webp\" \/>\n\t<meta property=\"og:image:width\" content=\"1200\" \/>\n\t<meta property=\"og:image:height\" content=\"732\" \/>\n\t<meta property=\"og:image:type\" content=\"image\/webp\" \/>\n<meta name=\"twitter:card\" content=\"summary_large_image\" \/>\n<script type=\"application\/ld+json\" class=\"yoast-schema-graph\">{\"@context\":\"https:\/\/schema.org\",\"@graph\":[{\"@type\":\"WebPage\",\"@id\":\"https:\/\/bo-themes.de\/wordpress-themes\/bo-mobilo\/theme-infos\/wordpress-bloecke\/\",\"url\":\"https:\/\/bo-themes.de\/wordpress-themes\/bo-mobilo\/theme-infos\/wordpress-bloecke\/\",\"name\":\"WordPress Bl\u00f6cke - BO Mobilo\",\"isPartOf\":{\"@id\":\"https:\/\/bo-themes.de\/wordpress-themes\/bo-mobilo\/#website\"},\"datePublished\":\"2019-10-01T19:31:43+00:00\",\"description\":\"BO Mobilo: Dies ist eine Demo-Webseite f\u00fcr unser WordPress Theme \\\"BO Mobilo\\\" f\u00fcr Fahrschulen\",\"breadcrumb\":{\"@id\":\"https:\/\/bo-themes.de\/wordpress-themes\/bo-mobilo\/theme-infos\/wordpress-bloecke\/#breadcrumb\"},\"inLanguage\":\"de\",\"potentialAction\":[{\"@type\":\"ReadAction\",\"target\":[\"https:\/\/bo-themes.de\/wordpress-themes\/bo-mobilo\/theme-infos\/wordpress-bloecke\/\"]}]},{\"@type\":\"BreadcrumbList\",\"@id\":\"https:\/\/bo-themes.de\/wordpress-themes\/bo-mobilo\/theme-infos\/wordpress-bloecke\/#breadcrumb\",\"itemListElement\":[{\"@type\":\"ListItem\",\"position\":1,\"name\":\"Startseite\",\"item\":\"https:\/\/bo-themes.de\/wordpress-themes\/bo-mobilo\/\"},{\"@type\":\"ListItem\",\"position\":2,\"name\":\"Theme-Infos\",\"item\":\"https:\/\/bo-themes.de\/wordpress-themes\/bo-mobilo\/theme-infos\/\"},{\"@type\":\"ListItem\",\"position\":3,\"name\":\"WordPress Bl\u00f6cke\"}]},{\"@type\":\"WebSite\",\"@id\":\"https:\/\/bo-themes.de\/wordpress-themes\/bo-mobilo\/#website\",\"url\":\"https:\/\/bo-themes.de\/wordpress-themes\/bo-mobilo\/\",\"name\":\"BO Mobilo - WordPress Theme f\u00fcr Fahrschulen\",\"description\":\"\",\"publisher\":{\"@id\":\"https:\/\/bo-themes.de\/wordpress-themes\/bo-mobilo\/#organization\"},\"alternateName\":\"BO Mobilo\",\"potentialAction\":[{\"@type\":\"SearchAction\",\"target\":{\"@type\":\"EntryPoint\",\"urlTemplate\":\"https:\/\/bo-themes.de\/wordpress-themes\/bo-mobilo\/?s={search_term_string}\"},\"query-input\":{\"@type\":\"PropertyValueSpecification\",\"valueRequired\":true,\"valueName\":\"search_term_string\"}}],\"inLanguage\":\"de\"},{\"@type\":\"Organization\",\"@id\":\"https:\/\/bo-themes.de\/wordpress-themes\/bo-mobilo\/#organization\",\"name\":\"BO Mobilo - WordPress Theme f\u00fcr Fahrschulen\",\"alternateName\":\"BO Mobilo\",\"url\":\"https:\/\/bo-themes.de\/wordpress-themes\/bo-mobilo\/\",\"logo\":{\"@type\":\"ImageObject\",\"inLanguage\":\"de\",\"@id\":\"https:\/\/bo-themes.de\/wordpress-themes\/bo-mobilo\/#\/schema\/logo\/image\/\",\"url\":\"https:\/\/bo-themes.de\/wordpress-themes\/bo-mobilo\/wp-content\/uploads\/sites\/4\/2019\/10\/wpicon.png\",\"contentUrl\":\"https:\/\/bo-themes.de\/wordpress-themes\/bo-mobilo\/wp-content\/uploads\/sites\/4\/2019\/10\/wpicon.png\",\"width\":512,\"height\":512,\"caption\":\"BO Mobilo - WordPress Theme f\u00fcr Fahrschulen\"},\"image\":{\"@id\":\"https:\/\/bo-themes.de\/wordpress-themes\/bo-mobilo\/#\/schema\/logo\/image\/\"}}]}<\/script>\n<!-- \/ Yoast SEO plugin. -->","yoast_head_json":{"title":"WordPress Bl\u00f6cke - BO Mobilo","description":"BO Mobilo: Dies ist eine Demo-Webseite f\u00fcr unser WordPress Theme \"BO Mobilo\" f\u00fcr Fahrschulen","robots":{"index":"index","follow":"follow","max-snippet":"max-snippet:-1","max-image-preview":"max-image-preview:large","max-video-preview":"max-video-preview:-1"},"canonical":"https:\/\/bo-themes.de\/wordpress-themes\/bo-mobilo\/theme-infos\/wordpress-bloecke\/","og_locale":"de_DE","og_type":"article","og_title":"WordPress Bl\u00f6cke - BO Mobilo","og_description":"BO Mobilo: Dies ist eine Demo-Webseite f\u00fcr unser WordPress Theme \"BO Mobilo\" f\u00fcr Fahrschulen","og_url":"https:\/\/bo-themes.de\/wordpress-themes\/bo-mobilo\/theme-infos\/wordpress-bloecke\/","og_site_name":"BO Mobilo","og_image":[{"width":1200,"height":732,"url":"https:\/\/bo-themes.de\/wordpress-themes\/bo-mobilo\/wp-content\/uploads\/sites\/4\/2025\/04\/screen-mobilo-theme-a.webp","type":"image\/webp"}],"twitter_card":"summary_large_image","schema":{"@context":"https:\/\/schema.org","@graph":[{"@type":"WebPage","@id":"https:\/\/bo-themes.de\/wordpress-themes\/bo-mobilo\/theme-infos\/wordpress-bloecke\/","url":"https:\/\/bo-themes.de\/wordpress-themes\/bo-mobilo\/theme-infos\/wordpress-bloecke\/","name":"WordPress Bl\u00f6cke - BO Mobilo","isPartOf":{"@id":"https:\/\/bo-themes.de\/wordpress-themes\/bo-mobilo\/#website"},"datePublished":"2019-10-01T19:31:43+00:00","description":"BO Mobilo: Dies ist eine Demo-Webseite f\u00fcr unser WordPress Theme \"BO Mobilo\" f\u00fcr Fahrschulen","breadcrumb":{"@id":"https:\/\/bo-themes.de\/wordpress-themes\/bo-mobilo\/theme-infos\/wordpress-bloecke\/#breadcrumb"},"inLanguage":"de","potentialAction":[{"@type":"ReadAction","target":["https:\/\/bo-themes.de\/wordpress-themes\/bo-mobilo\/theme-infos\/wordpress-bloecke\/"]}]},{"@type":"BreadcrumbList","@id":"https:\/\/bo-themes.de\/wordpress-themes\/bo-mobilo\/theme-infos\/wordpress-bloecke\/#breadcrumb","itemListElement":[{"@type":"ListItem","position":1,"name":"Startseite","item":"https:\/\/bo-themes.de\/wordpress-themes\/bo-mobilo\/"},{"@type":"ListItem","position":2,"name":"Theme-Infos","item":"https:\/\/bo-themes.de\/wordpress-themes\/bo-mobilo\/theme-infos\/"},{"@type":"ListItem","position":3,"name":"WordPress Bl\u00f6cke"}]},{"@type":"WebSite","@id":"https:\/\/bo-themes.de\/wordpress-themes\/bo-mobilo\/#website","url":"https:\/\/bo-themes.de\/wordpress-themes\/bo-mobilo\/","name":"BO Mobilo - WordPress Theme f\u00fcr Fahrschulen","description":"","publisher":{"@id":"https:\/\/bo-themes.de\/wordpress-themes\/bo-mobilo\/#organization"},"alternateName":"BO Mobilo","potentialAction":[{"@type":"SearchAction","target":{"@type":"EntryPoint","urlTemplate":"https:\/\/bo-themes.de\/wordpress-themes\/bo-mobilo\/?s={search_term_string}"},"query-input":{"@type":"PropertyValueSpecification","valueRequired":true,"valueName":"search_term_string"}}],"inLanguage":"de"},{"@type":"Organization","@id":"https:\/\/bo-themes.de\/wordpress-themes\/bo-mobilo\/#organization","name":"BO Mobilo - WordPress Theme f\u00fcr Fahrschulen","alternateName":"BO Mobilo","url":"https:\/\/bo-themes.de\/wordpress-themes\/bo-mobilo\/","logo":{"@type":"ImageObject","inLanguage":"de","@id":"https:\/\/bo-themes.de\/wordpress-themes\/bo-mobilo\/#\/schema\/logo\/image\/","url":"https:\/\/bo-themes.de\/wordpress-themes\/bo-mobilo\/wp-content\/uploads\/sites\/4\/2019\/10\/wpicon.png","contentUrl":"https:\/\/bo-themes.de\/wordpress-themes\/bo-mobilo\/wp-content\/uploads\/sites\/4\/2019\/10\/wpicon.png","width":512,"height":512,"caption":"BO Mobilo - WordPress Theme f\u00fcr Fahrschulen"},"image":{"@id":"https:\/\/bo-themes.de\/wordpress-themes\/bo-mobilo\/#\/schema\/logo\/image\/"}}]}},"featured_image_src":null,"featured_image_src_square":null,"_links":{"self":[{"href":"https:\/\/bo-themes.de\/wordpress-themes\/bo-mobilo\/wp-json\/wp\/v2\/pages\/7485","targetHints":{"allow":["GET"]}}],"collection":[{"href":"https:\/\/bo-themes.de\/wordpress-themes\/bo-mobilo\/wp-json\/wp\/v2\/pages"}],"about":[{"href":"https:\/\/bo-themes.de\/wordpress-themes\/bo-mobilo\/wp-json\/wp\/v2\/types\/page"}],"author":[{"embeddable":true,"href":"https:\/\/bo-themes.de\/wordpress-themes\/bo-mobilo\/wp-json\/wp\/v2\/users\/4"}],"replies":[{"embeddable":true,"href":"https:\/\/bo-themes.de\/wordpress-themes\/bo-mobilo\/wp-json\/wp\/v2\/comments?post=7485"}],"version-history":[{"count":0,"href":"https:\/\/bo-themes.de\/wordpress-themes\/bo-mobilo\/wp-json\/wp\/v2\/pages\/7485\/revisions"}],"up":[{"embeddable":true,"href":"https:\/\/bo-themes.de\/wordpress-themes\/bo-mobilo\/wp-json\/wp\/v2\/pages\/6916"}],"wp:attachment":[{"href":"https:\/\/bo-themes.de\/wordpress-themes\/bo-mobilo\/wp-json\/wp\/v2\/media?parent=7485"}],"curies":[{"name":"wp","href":"https:\/\/api.w.org\/{rel}","templated":true}]}}