{"id":32,"date":"2019-09-17T11:44:49","date_gmt":"2019-09-17T09:44:49","guid":{"rendered":"https:\/\/brings-online.com\/demo\/wordpress-theme-fahrschule\/?page_id=32"},"modified":"2025-04-12T22:38:38","modified_gmt":"2025-04-12T20:38:38","slug":"anmeldung","status":"publish","type":"page","link":"https:\/\/bo-themes.de\/wordpress-themes\/bo-mobilo\/anmeldung\/","title":{"rendered":"Anmeldung"},"content":{"rendered":"\n<div style=\"height:10px\" aria-hidden=\"true\" class=\"wp-block-spacer\"><\/div>\n\n\n\n<figure class=\"wp-block-image alignright is-resized\"><img loading=\"lazy\" decoding=\"async\" src=\"https:\/\/bo-themes.de\/wordpress-themes\/bo-mobilo\/wp-content\/uploads\/sites\/4\/2019\/09\/mobilo-blog7.jpg\" alt=\"BO Mobilo - WordPress Theme f\u00fcr Fahrschulen\" class=\"wp-image-7160\" width=\"401\" height=\"267\" srcset=\"https:\/\/bo-themes.de\/wordpress-themes\/bo-mobilo\/wp-content\/uploads\/sites\/4\/2019\/09\/mobilo-blog7.jpg 800w, https:\/\/bo-themes.de\/wordpress-themes\/bo-mobilo\/wp-content\/uploads\/sites\/4\/2019\/09\/mobilo-blog7-300x200.jpg 300w, https:\/\/bo-themes.de\/wordpress-themes\/bo-mobilo\/wp-content\/uploads\/sites\/4\/2019\/09\/mobilo-blog7-768x512.jpg 768w, https:\/\/bo-themes.de\/wordpress-themes\/bo-mobilo\/wp-content\/uploads\/sites\/4\/2019\/09\/mobilo-blog7-80x53.jpg 80w, https:\/\/bo-themes.de\/wordpress-themes\/bo-mobilo\/wp-content\/uploads\/sites\/4\/2019\/09\/mobilo-blog7-400x266.jpg 400w, https:\/\/bo-themes.de\/wordpress-themes\/bo-mobilo\/wp-content\/uploads\/sites\/4\/2019\/09\/mobilo-blog7-600x400.jpg 600w\" sizes=\"auto, (max-width: 401px) 100vw, 401px\" \/><\/figure>\n\n\n\n<p><strong>Bitte f\u00fcllen Sie das Formular unten aus und senden es uns. Wir bereiten dann alles f\u00fcr Ihren Antrag vor , so dass Sie nur noch die unten genannten Dokumente bei Ihrem Besuch in der Fahrschule mitbringen m\u00fcssen. <\/strong><\/p>\n\n\n\n<p>Lorem ipsum dolor sit amet, consetetur sadipscing elitr, sed diam nonumy eirmod tempor invidunt ut labore et dolore magna aliquyam erat, sed diam voluptua. At vero eos et accusam et justo duo dolores et ea rebum. Lorem ipsum dolor sit amet, consetetur sadipscing elitr, sed diam nonumy eirmod tempor invidunt ut labore et dolore magna aliquyam erat, sed diam voluptua. At vero eos et accusam et justo duo dolores et ea rebum. <\/p>\n\n\n\n<div style=\"height:15px\" aria-hidden=\"true\" class=\"wp-block-spacer\"><\/div>\n\n\n<div class=\"slogan links\">\n<div class=\"preambel\">\n<span style=\"color:#24B6FF;\">Anmeldung<\/span>\n<\/div>\n<h3 style=\"font-size:21px; color:#424A59;\">\n<span class=\"slogan-mobile\">Jetzt anmelden und einen Gutschein f\u00fcr die erste Fahrstunde sichern<\/span><\/h3><span style=\"background:#24B6FF\"><\/span><\/div>\n\t\n\t\n\n\n<div style=\"background-color:#f0f1f6;padding-left:2.5%;padding-right:2%;padding-bottom:1.5%;padding-top:1.5%\" class=\"wp-block-genesis-blocks-gb-container gb-block-container\"><div class=\"gb-container-inside\"><div class=\"gb-container-content\" style=\"max-width:1360px\">\n<div class=\"wpcf7 no-js\" id=\"wpcf7-f7074-o1\" lang=\"de-DE\" dir=\"ltr\" data-wpcf7-id=\"7074\">\n<div class=\"screen-reader-response\"><p role=\"status\" aria-live=\"polite\" aria-atomic=\"true\"><\/p> <ul><\/ul><\/div>\n<form action=\"\/wordpress-themes\/bo-mobilo\/wp-json\/wp\/v2\/pages\/32#wpcf7-f7074-o1\" method=\"post\" class=\"wpcf7-form init\" aria-label=\"Kontaktformular\" novalidate=\"novalidate\" data-status=\"init\">\n<fieldset class=\"hidden-fields-container\"><input type=\"hidden\" name=\"_wpcf7\" value=\"7074\" \/><input type=\"hidden\" name=\"_wpcf7_version\" value=\"6.1.4\" \/><input type=\"hidden\" name=\"_wpcf7_locale\" value=\"de_DE\" \/><input type=\"hidden\" name=\"_wpcf7_unit_tag\" value=\"wpcf7-f7074-o1\" \/><input type=\"hidden\" name=\"_wpcf7_container_post\" value=\"0\" \/><input type=\"hidden\" name=\"_wpcf7_posted_data_hash\" value=\"\" \/>\n<\/fieldset>\n<div class=\"bo-anmeldung\">\n\t<h5><i class=\"sc-icon icofont-address-book\" style=\"font-size:20px;\"><\/i> &nbsp;Pers\u00f6nliche Daten\n\t<\/h5>\n\t<p><div class=\"columns clearfix\"><div class=\"col1-2\"><div class=\"inner\"><span class=\"wpcf7-form-control-wrap\" data-name=\"anm-vorname\"><input size=\"40\" maxlength=\"400\" class=\"wpcf7-form-control wpcf7-text wpcf7-validates-as-required\" aria-required=\"true\" aria-invalid=\"false\" placeholder=\"Vorname *\" value=\"\" type=\"text\" name=\"anm-vorname\" \/><\/span><span class=\"wpcf7-form-control-wrap\" data-name=\"anm-telefon\"><input size=\"40\" maxlength=\"400\" class=\"wpcf7-form-control wpcf7-tel wpcf7-text wpcf7-validates-as-tel\" aria-invalid=\"false\" placeholder=\"Telefonnummer\" value=\"\" type=\"tel\" name=\"anm-telefon\" \/><\/span><\/div><\/div><div class=\"col1-2\"><div class=\"inner\"><span class=\"wpcf7-form-control-wrap\" data-name=\"anm-nachname\"><input size=\"40\" maxlength=\"400\" class=\"wpcf7-form-control wpcf7-text wpcf7-validates-as-required\" aria-required=\"true\" aria-invalid=\"false\" placeholder=\"Nachname *\" value=\"\" type=\"text\" name=\"anm-nachname\" \/><\/span><span class=\"wpcf7-form-control-wrap\" data-name=\"anm-mail\"><input size=\"40\" maxlength=\"400\" class=\"wpcf7-form-control wpcf7-email wpcf7-validates-as-required wpcf7-text wpcf7-validates-as-email\" aria-required=\"true\" aria-invalid=\"false\" placeholder=\"E-Mail Adresse *\" value=\"\" type=\"email\" name=\"anm-mail\" \/><\/span><\/div><\/div><div class=\"clear\"><\/div><\/div><div class=\"columns clearfix\"><div class=\"col1-2\"><div class=\"inner\"><span class=\"wpcf7-form-control-wrap\" data-name=\"anm-gebdatum\"><input size=\"40\" maxlength=\"400\" class=\"wpcf7-form-control wpcf7-text wpcf7-validates-as-required\" aria-required=\"true\" aria-invalid=\"false\" placeholder=\"Geburtsdatum *\" value=\"\" type=\"text\" name=\"anm-gebdatum\" \/><\/span><span class=\"wpcf7-form-control-wrap\" data-name=\"anm-gebname\"><input size=\"40\" maxlength=\"400\" class=\"wpcf7-form-control wpcf7-text\" aria-invalid=\"false\" placeholder=\"Geburtsname\" value=\"\" type=\"text\" name=\"anm-gebname\" \/><\/span><\/div><\/div><div class=\"col1-2\"><div class=\"inner\"><span class=\"wpcf7-form-control-wrap\" data-name=\"anm-gebort\"><input size=\"40\" maxlength=\"400\" class=\"wpcf7-form-control wpcf7-text wpcf7-validates-as-required\" aria-required=\"true\" aria-invalid=\"false\" placeholder=\"Geburtsort *\" value=\"\" type=\"text\" name=\"anm-gebort\" \/><\/span><span class=\"wpcf7-form-control-wrap\" data-name=\"anm-nation\"><input size=\"40\" maxlength=\"400\" class=\"wpcf7-form-control wpcf7-text wpcf7-validates-as-required\" aria-required=\"true\" aria-invalid=\"false\" placeholder=\"Nationalit\u00e4t *\" value=\"\" type=\"text\" name=\"anm-nation\" \/><\/span><\/div><\/div><div class=\"clear\"><\/div><\/div><br \/>\n&nbsp;<br \/>\n&nbsp;\n\t<\/p>\n\t<h5><i class=\"sc-icon icofont-id-card\" style=\"font-size:20px;\"><\/i> &nbsp;Welcher F\u00fchrerschein wird angestrebt?\n\t<\/h5>\n\t<p><span class=\"wpcf7-form-control-wrap\" data-name=\"anm-klasse\"><span class=\"wpcf7-form-control wpcf7-radio\"><span class=\"wpcf7-list-item first\"><label><input type=\"radio\" name=\"anm-klasse\" value=\"F\u00fchrerschein Klasse A\" \/><span class=\"wpcf7-list-item-label\">F\u00fchrerschein Klasse A<\/span><\/label><\/span><span class=\"wpcf7-list-item\"><label><input type=\"radio\" name=\"anm-klasse\" value=\"F\u00fchrerschein Klasse B\" \/><span class=\"wpcf7-list-item-label\">F\u00fchrerschein Klasse B<\/span><\/label><\/span><span class=\"wpcf7-list-item last\"><label><input type=\"radio\" name=\"anm-klasse\" value=\"F\u00fchrerschein Klasse C\" \/><span class=\"wpcf7-list-item-label\">F\u00fchrerschein Klasse C<\/span><\/label><\/span><\/span><\/span><br \/>\n&nbsp;\n\t<\/p>\n\t<h5><i class=\"sc-icon icofont-pencil-alt-2\" style=\"font-size:20px;\"><\/i> &nbsp;F\u00fcr Fragen und Kommentare\n\t<\/h5>\n\t<p><span class=\"wpcf7-form-control-wrap\" data-name=\"anm-nachricht\"><textarea cols=\"40\" rows=\"4\" maxlength=\"2000\" class=\"wpcf7-form-control wpcf7-textarea\" aria-invalid=\"false\" name=\"anm-nachricht\"><\/textarea><\/span>\n\t<\/p>\n\t<p><span class=\"wpcf7-form-control-wrap\" data-name=\"acceptance-ds\"><span class=\"wpcf7-form-control wpcf7-acceptance\"><span class=\"wpcf7-list-item\"><label><input type=\"checkbox\" name=\"acceptance-ds\" value=\"1\" aria-invalid=\"false\" \/><span class=\"wpcf7-list-item-label\">Ja, ich habe die <a href=\"\/datenschutz\/\">Datenschutzerkl\u00e4rung<\/a> zur Kenntnis genommen und bin damit einverstanden, dass meine Daten zur zweckgebundenen Bearbeitung meiner Nachricht elektronisch erhoben und gespeichert werden.*<\/span><\/label><\/span><\/span><\/span><div class=\"content-button\"><a href=\"#\" style=\"background:#565D67; \"><span>Anmeldung absenden<\/span><\/a><\/div>\n\t<\/p>\n<\/div><div class=\"wpcf7-response-output\" aria-hidden=\"true\"><\/div>\n<\/form>\n<\/div>\n\n<\/div><\/div><\/div>\n\n\n\n<div style=\"height:70px\" aria-hidden=\"true\" class=\"wp-block-spacer\"><\/div>\n\n\n<div class=\"color-separator alignfull\" style=\"height:7px; background-color: #24b6ff; margin-top:20px; margin-bottom:20px;\"><\/div>\n\n\n<div class=\"wp-block-columns has-2-columns is-layout-flex wp-container-core-columns-is-layout-28f84493 wp-block-columns-is-layout-flex\">\n<div class=\"wp-block-column is-layout-flow wp-block-column-is-layout-flow\"><div class=\"slogan links\">\n<div class=\"preambel\">\n<span style=\"color:#24b6ff;\"><\/span>\n<\/div>\n<h4 style=\"font-size:23px; color:#424A59;\">\n<span class=\"slogan-mobile\">Folgendes muss mitgebracht werden<\/span><\/h4><span style=\"background:#24b6ff\"><\/span><\/div>\n\t\n\t\n\n\n<ul class=\"wp-block-list\">\n<li>Personalausweis<\/li>\n\n\n\n<li>Nachweis, dass der Erste-Hilfe-Kurs besucht wurde<\/li>\n\n\n\n<li>Biometrisches Passbild<\/li>\n\n\n\n<li>Sehtest<\/li>\n<\/ul>\n<\/div>\n\n\n\n<div class=\"wp-block-column is-layout-flow wp-block-column-is-layout-flow\"><div class=\"slogan links\">\n<div class=\"preambel\">\n<span style=\"color:#24b6ff;\"><\/span>\n<\/div>\n<h4 style=\"font-size:23px; color:#424A59;\">\n<span class=\"slogan-mobile\">F\u00fcr den F\u00fchrerschein ab 17 au\u00dferdem noch<\/span><\/h4><span style=\"background:#24b6ff\"><\/span><\/div>\n\t\n\t\n\n\n<ul class=\"wp-block-list\">\n<li>Kopie des F\u00fchrerscheins der Begleitperson<\/li>\n\n\n\n<li>Kopie des F\u00fchrerscheins der Eltern\/Erziehungsberechtigten<\/li>\n<\/ul>\n<\/div>\n<\/div>\n","protected":false},"excerpt":{"rendered":"<p>Bitte f\u00fcllen Sie das Formular unten aus und senden es uns. Wir bereiten dann alles f\u00fcr Ihren Antrag vor , so dass Sie nur noch die unten [ &#8230; ]<\/p>\n","protected":false},"author":4,"featured_media":0,"parent":0,"menu_order":0,"comment_status":"closed","ping_status":"closed","template":"page-fullwidth.php","meta":{"footnotes":""},"class_list":["post-32","page","type-page","status-publish","hentry"],"yoast_head":"<!-- This site is optimized with the Yoast SEO plugin v26.6 - https:\/\/yoast.com\/wordpress\/plugins\/seo\/ -->\n<title>Anmeldung - BO Mobilo<\/title>\n<meta name=\"description\" content=\"BO Mobilo: Dies ist eine Demo-Webseite f\u00fcr unser WordPress Theme &quot;BO Mobilo&quot; f\u00fcr Fahrschulen\" \/>\n<meta name=\"robots\" content=\"index, follow, max-snippet:-1, max-image-preview:large, max-video-preview:-1\" \/>\n<link rel=\"canonical\" href=\"https:\/\/bo-themes.de\/wordpress-themes\/bo-mobilo\/anmeldung\/\" \/>\n<meta property=\"og:locale\" content=\"de_DE\" \/>\n<meta property=\"og:type\" content=\"article\" \/>\n<meta property=\"og:title\" content=\"Anmeldung - BO Mobilo\" \/>\n<meta property=\"og:description\" content=\"BO Mobilo: Dies ist eine Demo-Webseite f\u00fcr unser WordPress Theme &quot;BO Mobilo&quot; f\u00fcr Fahrschulen\" \/>\n<meta property=\"og:url\" content=\"https:\/\/bo-themes.de\/wordpress-themes\/bo-mobilo\/anmeldung\/\" \/>\n<meta property=\"og:site_name\" content=\"BO Mobilo\" \/>\n<meta property=\"article:modified_time\" content=\"2025-04-12T20:38:38+00:00\" \/>\n<meta property=\"og:image\" content=\"https:\/\/bo-themes.de\/wordpress-themes\/bo-mobilo\/wp-content\/uploads\/sites\/4\/2019\/09\/mobilo-blog7.jpg\" \/>\n\t<meta property=\"og:image:width\" content=\"800\" \/>\n\t<meta property=\"og:image:height\" content=\"533\" \/>\n\t<meta property=\"og:image:type\" content=\"image\/jpeg\" \/>\n<meta name=\"twitter:card\" content=\"summary_large_image\" \/>\n<meta name=\"twitter:label1\" content=\"Gesch\u00e4tzte Lesezeit\" \/>\n\t<meta name=\"twitter:data1\" content=\"1\u00a0Minute\" \/>\n<script type=\"application\/ld+json\" class=\"yoast-schema-graph\">{\"@context\":\"https:\/\/schema.org\",\"@graph\":[{\"@type\":\"WebPage\",\"@id\":\"https:\/\/bo-themes.de\/wordpress-themes\/bo-mobilo\/anmeldung\/\",\"url\":\"https:\/\/bo-themes.de\/wordpress-themes\/bo-mobilo\/anmeldung\/\",\"name\":\"Anmeldung - BO Mobilo\",\"isPartOf\":{\"@id\":\"https:\/\/bo-themes.de\/wordpress-themes\/bo-mobilo\/#website\"},\"primaryImageOfPage\":{\"@id\":\"https:\/\/bo-themes.de\/wordpress-themes\/bo-mobilo\/anmeldung\/#primaryimage\"},\"image\":{\"@id\":\"https:\/\/bo-themes.de\/wordpress-themes\/bo-mobilo\/anmeldung\/#primaryimage\"},\"thumbnailUrl\":\"https:\/\/bo-themes.de\/wordpress-themes\/bo-mobilo\/wp-content\/uploads\/sites\/4\/2019\/09\/mobilo-blog7.jpg\",\"datePublished\":\"2019-09-17T09:44:49+00:00\",\"dateModified\":\"2025-04-12T20:38:38+00:00\",\"description\":\"BO Mobilo: Dies ist eine Demo-Webseite f\u00fcr unser WordPress Theme \\\"BO Mobilo\\\" f\u00fcr Fahrschulen\",\"breadcrumb\":{\"@id\":\"https:\/\/bo-themes.de\/wordpress-themes\/bo-mobilo\/anmeldung\/#breadcrumb\"},\"inLanguage\":\"de\",\"potentialAction\":[{\"@type\":\"ReadAction\",\"target\":[\"https:\/\/bo-themes.de\/wordpress-themes\/bo-mobilo\/anmeldung\/\"]}]},{\"@type\":\"ImageObject\",\"inLanguage\":\"de\",\"@id\":\"https:\/\/bo-themes.de\/wordpress-themes\/bo-mobilo\/anmeldung\/#primaryimage\",\"url\":\"https:\/\/bo-themes.de\/wordpress-themes\/bo-mobilo\/wp-content\/uploads\/sites\/4\/2019\/09\/mobilo-blog7.jpg\",\"contentUrl\":\"https:\/\/bo-themes.de\/wordpress-themes\/bo-mobilo\/wp-content\/uploads\/sites\/4\/2019\/09\/mobilo-blog7.jpg\",\"width\":800,\"height\":533,\"caption\":\"BO Mobilo - WordPress Theme f\u00fcr Fahrschulen\"},{\"@type\":\"BreadcrumbList\",\"@id\":\"https:\/\/bo-themes.de\/wordpress-themes\/bo-mobilo\/anmeldung\/#breadcrumb\",\"itemListElement\":[{\"@type\":\"ListItem\",\"position\":1,\"name\":\"Startseite\",\"item\":\"https:\/\/bo-themes.de\/wordpress-themes\/bo-mobilo\/\"},{\"@type\":\"ListItem\",\"position\":2,\"name\":\"Anmeldung\"}]},{\"@type\":\"WebSite\",\"@id\":\"https:\/\/bo-themes.de\/wordpress-themes\/bo-mobilo\/#website\",\"url\":\"https:\/\/bo-themes.de\/wordpress-themes\/bo-mobilo\/\",\"name\":\"BO Mobilo - WordPress Theme f\u00fcr Fahrschulen\",\"description\":\"\",\"publisher\":{\"@id\":\"https:\/\/bo-themes.de\/wordpress-themes\/bo-mobilo\/#organization\"},\"alternateName\":\"BO Mobilo\",\"potentialAction\":[{\"@type\":\"SearchAction\",\"target\":{\"@type\":\"EntryPoint\",\"urlTemplate\":\"https:\/\/bo-themes.de\/wordpress-themes\/bo-mobilo\/?s={search_term_string}\"},\"query-input\":{\"@type\":\"PropertyValueSpecification\",\"valueRequired\":true,\"valueName\":\"search_term_string\"}}],\"inLanguage\":\"de\"},{\"@type\":\"Organization\",\"@id\":\"https:\/\/bo-themes.de\/wordpress-themes\/bo-mobilo\/#organization\",\"name\":\"BO Mobilo - WordPress Theme f\u00fcr Fahrschulen\",\"alternateName\":\"BO Mobilo\",\"url\":\"https:\/\/bo-themes.de\/wordpress-themes\/bo-mobilo\/\",\"logo\":{\"@type\":\"ImageObject\",\"inLanguage\":\"de\",\"@id\":\"https:\/\/bo-themes.de\/wordpress-themes\/bo-mobilo\/#\/schema\/logo\/image\/\",\"url\":\"https:\/\/bo-themes.de\/wordpress-themes\/bo-mobilo\/wp-content\/uploads\/sites\/4\/2019\/10\/wpicon.png\",\"contentUrl\":\"https:\/\/bo-themes.de\/wordpress-themes\/bo-mobilo\/wp-content\/uploads\/sites\/4\/2019\/10\/wpicon.png\",\"width\":512,\"height\":512,\"caption\":\"BO Mobilo - WordPress Theme f\u00fcr Fahrschulen\"},\"image\":{\"@id\":\"https:\/\/bo-themes.de\/wordpress-themes\/bo-mobilo\/#\/schema\/logo\/image\/\"}}]}<\/script>\n<!-- \/ Yoast SEO plugin. -->","yoast_head_json":{"title":"Anmeldung - BO Mobilo","description":"BO Mobilo: Dies ist eine Demo-Webseite f\u00fcr unser WordPress Theme \"BO Mobilo\" f\u00fcr Fahrschulen","robots":{"index":"index","follow":"follow","max-snippet":"max-snippet:-1","max-image-preview":"max-image-preview:large","max-video-preview":"max-video-preview:-1"},"canonical":"https:\/\/bo-themes.de\/wordpress-themes\/bo-mobilo\/anmeldung\/","og_locale":"de_DE","og_type":"article","og_title":"Anmeldung - BO Mobilo","og_description":"BO Mobilo: Dies ist eine Demo-Webseite f\u00fcr unser WordPress Theme \"BO Mobilo\" f\u00fcr Fahrschulen","og_url":"https:\/\/bo-themes.de\/wordpress-themes\/bo-mobilo\/anmeldung\/","og_site_name":"BO Mobilo","article_modified_time":"2025-04-12T20:38:38+00:00","og_image":[{"width":800,"height":533,"url":"https:\/\/bo-themes.de\/wordpress-themes\/bo-mobilo\/wp-content\/uploads\/sites\/4\/2019\/09\/mobilo-blog7.jpg","type":"image\/jpeg"}],"twitter_card":"summary_large_image","twitter_misc":{"Gesch\u00e4tzte Lesezeit":"1\u00a0Minute"},"schema":{"@context":"https:\/\/schema.org","@graph":[{"@type":"WebPage","@id":"https:\/\/bo-themes.de\/wordpress-themes\/bo-mobilo\/anmeldung\/","url":"https:\/\/bo-themes.de\/wordpress-themes\/bo-mobilo\/anmeldung\/","name":"Anmeldung - BO Mobilo","isPartOf":{"@id":"https:\/\/bo-themes.de\/wordpress-themes\/bo-mobilo\/#website"},"primaryImageOfPage":{"@id":"https:\/\/bo-themes.de\/wordpress-themes\/bo-mobilo\/anmeldung\/#primaryimage"},"image":{"@id":"https:\/\/bo-themes.de\/wordpress-themes\/bo-mobilo\/anmeldung\/#primaryimage"},"thumbnailUrl":"https:\/\/bo-themes.de\/wordpress-themes\/bo-mobilo\/wp-content\/uploads\/sites\/4\/2019\/09\/mobilo-blog7.jpg","datePublished":"2019-09-17T09:44:49+00:00","dateModified":"2025-04-12T20:38:38+00:00","description":"BO Mobilo: Dies ist eine Demo-Webseite f\u00fcr unser WordPress Theme \"BO Mobilo\" f\u00fcr Fahrschulen","breadcrumb":{"@id":"https:\/\/bo-themes.de\/wordpress-themes\/bo-mobilo\/anmeldung\/#breadcrumb"},"inLanguage":"de","potentialAction":[{"@type":"ReadAction","target":["https:\/\/bo-themes.de\/wordpress-themes\/bo-mobilo\/anmeldung\/"]}]},{"@type":"ImageObject","inLanguage":"de","@id":"https:\/\/bo-themes.de\/wordpress-themes\/bo-mobilo\/anmeldung\/#primaryimage","url":"https:\/\/bo-themes.de\/wordpress-themes\/bo-mobilo\/wp-content\/uploads\/sites\/4\/2019\/09\/mobilo-blog7.jpg","contentUrl":"https:\/\/bo-themes.de\/wordpress-themes\/bo-mobilo\/wp-content\/uploads\/sites\/4\/2019\/09\/mobilo-blog7.jpg","width":800,"height":533,"caption":"BO Mobilo - WordPress Theme f\u00fcr Fahrschulen"},{"@type":"BreadcrumbList","@id":"https:\/\/bo-themes.de\/wordpress-themes\/bo-mobilo\/anmeldung\/#breadcrumb","itemListElement":[{"@type":"ListItem","position":1,"name":"Startseite","item":"https:\/\/bo-themes.de\/wordpress-themes\/bo-mobilo\/"},{"@type":"ListItem","position":2,"name":"Anmeldung"}]},{"@type":"WebSite","@id":"https:\/\/bo-themes.de\/wordpress-themes\/bo-mobilo\/#website","url":"https:\/\/bo-themes.de\/wordpress-themes\/bo-mobilo\/","name":"BO Mobilo - WordPress Theme f\u00fcr Fahrschulen","description":"","publisher":{"@id":"https:\/\/bo-themes.de\/wordpress-themes\/bo-mobilo\/#organization"},"alternateName":"BO Mobilo","potentialAction":[{"@type":"SearchAction","target":{"@type":"EntryPoint","urlTemplate":"https:\/\/bo-themes.de\/wordpress-themes\/bo-mobilo\/?s={search_term_string}"},"query-input":{"@type":"PropertyValueSpecification","valueRequired":true,"valueName":"search_term_string"}}],"inLanguage":"de"},{"@type":"Organization","@id":"https:\/\/bo-themes.de\/wordpress-themes\/bo-mobilo\/#organization","name":"BO Mobilo - WordPress Theme f\u00fcr Fahrschulen","alternateName":"BO Mobilo","url":"https:\/\/bo-themes.de\/wordpress-themes\/bo-mobilo\/","logo":{"@type":"ImageObject","inLanguage":"de","@id":"https:\/\/bo-themes.de\/wordpress-themes\/bo-mobilo\/#\/schema\/logo\/image\/","url":"https:\/\/bo-themes.de\/wordpress-themes\/bo-mobilo\/wp-content\/uploads\/sites\/4\/2019\/10\/wpicon.png","contentUrl":"https:\/\/bo-themes.de\/wordpress-themes\/bo-mobilo\/wp-content\/uploads\/sites\/4\/2019\/10\/wpicon.png","width":512,"height":512,"caption":"BO Mobilo - WordPress Theme f\u00fcr Fahrschulen"},"image":{"@id":"https:\/\/bo-themes.de\/wordpress-themes\/bo-mobilo\/#\/schema\/logo\/image\/"}}]}},"featured_image_src":null,"featured_image_src_square":null,"_links":{"self":[{"href":"https:\/\/bo-themes.de\/wordpress-themes\/bo-mobilo\/wp-json\/wp\/v2\/pages\/32","targetHints":{"allow":["GET"]}}],"collection":[{"href":"https:\/\/bo-themes.de\/wordpress-themes\/bo-mobilo\/wp-json\/wp\/v2\/pages"}],"about":[{"href":"https:\/\/bo-themes.de\/wordpress-themes\/bo-mobilo\/wp-json\/wp\/v2\/types\/page"}],"author":[{"embeddable":true,"href":"https:\/\/bo-themes.de\/wordpress-themes\/bo-mobilo\/wp-json\/wp\/v2\/users\/4"}],"replies":[{"embeddable":true,"href":"https:\/\/bo-themes.de\/wordpress-themes\/bo-mobilo\/wp-json\/wp\/v2\/comments?post=32"}],"version-history":[{"count":1,"href":"https:\/\/bo-themes.de\/wordpress-themes\/bo-mobilo\/wp-json\/wp\/v2\/pages\/32\/revisions"}],"predecessor-version":[{"id":7718,"href":"https:\/\/bo-themes.de\/wordpress-themes\/bo-mobilo\/wp-json\/wp\/v2\/pages\/32\/revisions\/7718"}],"wp:attachment":[{"href":"https:\/\/bo-themes.de\/wordpress-themes\/bo-mobilo\/wp-json\/wp\/v2\/media?parent=32"}],"curies":[{"name":"wp","href":"https:\/\/api.w.org\/{rel}","templated":true}]}}