{"id":25,"date":"2021-10-25T19:26:51","date_gmt":"2021-10-25T17:26:51","guid":{"rendered":"https:\/\/brings-online.com\/demo\/wordpress-theme-lexus\/?page_id=25"},"modified":"2025-04-12T11:39:06","modified_gmt":"2025-04-12T09:39:06","slug":"ueber-uns","status":"publish","type":"page","link":"https:\/\/bo-themes.de\/wordpress-themes\/bo-lexus\/ueber-uns\/","title":{"rendered":"\u00dcber uns"},"content":{"rendered":"\n<div style=\"height:15px\" aria-hidden=\"true\" class=\"wp-block-spacer\"><\/div>\n\n\n\n<h1 class=\"wp-block-heading\" id=\"kanzlei-mustermann-ihr-partner-fur-alle-rechtsfragen\">Kanzlei Mustermann &#8211; Ihr Partner f\u00fcr alle Rechtsfragen <\/h1>\n\n\n\n<p>Lorem ipsum dolor sit amet, consectetuer adipiscing elit, sed diam nonummy nibh euismod tincidunt ut laoreet dolore magna aliquam erat volutpat. Ut wisi enim ad minim veniam, quis nostrud exerci tation ullamcorper suscipit lobortis nisl ut aliquip ex ea commodo consequat. Lorem ipsum dolor sit amet, consectetuer adipiscing elit, sed diam nonummy nibh euismod tincidunt ut laoreet dolore magna aliquam erat volutpat. Ut wisi enim ad minim veniam, quis nostrud exerci tation ullamcorper suscipit lobortis nisl ut aliquip ex ea commodo consequat.<\/p>\n\n\n\n<div style=\"height:30px\" aria-hidden=\"true\" class=\"wp-block-spacer\"><\/div>\n\n\n\n<div class=\"wp-block-columns is-layout-flex wp-container-core-columns-is-layout-9d6595d7 wp-block-columns has-2-columns -is-layout-flex\">\n<div class=\"wp-block-column is-layout-flow wp-block-column-is-layout-flow\"><div class=\"slogan links \">\n<div class=\"preambel\">\n<span style=\"color:#75A4C7;\"><\/span>\n<\/div>\n<h2 style=\"font-size:23px;\" ><span class=\"slogan-mobile\">Unsere Historie<\/span><\/h2><span style=\"background:#75A4C7\"><\/span><\/div>\n\n\n<p>Lorem ipsum dolor sit amet, consectetuer adipiscing elit. Aenean commodo ligula eget dolor. Aenean massa. Cum sociis natoque penatibus et magnis dis parturient montes, nascetur ridiculus mus. Donec quam felis, ultricies nec, pellentesque eu, pretium quis, sem. Nulla consequat massa quis enim. Donec pede justo, fringilla vel, aliquet nec, vulputate eget, arcu. In enim justo, rhoncus ut, imperdiet a, venenatis vitae, justo. <\/p>\n<\/div>\n\n\n\n<div class=\"wp-block-column is-layout-flow wp-block-column-is-layout-flow\"><div class=\"slogan links \">\n<div class=\"preambel\">\n<span style=\"color:#75A4C7;\"><\/span>\n<\/div>\n<h2 style=\"font-size:23px;\" ><span class=\"slogan-mobile\">Unser Team<\/span><\/h2><span style=\"background:#75A4C7\"><\/span><\/div>\n\n\n<p>Lorem ipsum dolor sit amet, consectetuer adipiscing elit. Aenean commodo ligula eget dolor. Aenean massa. Cum sociis natoque penatibus et magnis dis parturient montes, nascetur ridiculus mus. Donec quam felis, ultricies nec, pellentesque eu, pretium quis, sem. Nulla consequat massa quis enim. Donec pede justo, fringilla vel, aliquet nec, vulputate eget, arcu. In enim justo, rhoncus ut, imperdiet a, venenatis vitae, justo. <\/p>\n<\/div>\n<\/div>\n\n\n\n<div style=\"height:50px\" aria-hidden=\"true\" class=\"wp-block-spacer\"><\/div>\n\n\n<section class=\"bo-triple-desktop\">\n<div class=\"bo-triple-box aligncontent\">\n<div class=\"bo-triple-col bo-triple-first \" style=\"background:#123751;border-radius:5px; margin:0 10px 0 0; width:calc(33.3333% - 13.333333333333px);\">\n<div class=\"bo-triple-text\" >\n<h3>Anwaltskanzlei seit 2001<\/h3><p>Lorem ipsum dolor sit amet, consectetuer adipiscing elit. Aenean commodo ligula eget dolor. Aenean massa. Cum sociis natoque penatibus et magnis dis parturient montes, nascetur ridiculus mus. <\/p>\n<\/div>\n\t\n<\/div>\n\t\n<div class=\"bo-triple-col bo-triple-second  col-has-image\"  style=\"margin:0 10px; width:calc(33.3333% - 13.333333333333px);border-radius:5px;\">\n\t\t\n\t<div class=\"bo-triple-img\" style=\"border-radius:5px; background:url(https:\/\/bo-themes.de\/wordpress-themes\/bo-lexus\/wp-content\/uploads\/sites\/2\/2022\/01\/bo-lexus-demo-imgisk-5.jpg) center center; background-size: cover;height:400px;\"><\/div><\/div>\n\t\n<div class=\"bo-triple-col bo-triple-third \" style=\"background:#75A4C7; border-radius:5px; margin:0 0 0 10px; width:calc(33.3333% - 13.333333333333px);\">\n<div class=\"bo-triple-text\" >\n<h3>Rechtsanw\u00e4lte &amp; Fachanw\u00e4lte<\/h3><p>Lorem ipsum dolor sit amet, consectetuer adipiscing elit. Aenean commodo ligula eget dolor. Aenean massa. Cum sociis natoque penatibus et magnis dis parturient montes, nascetur ridiculus mus. <\/p>\n<\/div>\n<\/div>\n<\/div><\/section>\n\n<section class=\"bo-triple-mobile\">\n<div class=\"bo-triple-box  aligncontent\" >\n\t\n<div class=\"bo-triple-col col-has-image\" style=\"border-radius:5px;margin:0 0 10px 0; width:100%; flex-basis:100%; \">\n\t<div class=\"bo-triple-img\" style=\"\t\tborder-radius:5px;  background:url(https:\/\/bo-themes.de\/wordpress-themes\/bo-lexus\/wp-content\/uploads\/sites\/2\/2022\/01\/bo-lexus-demo-imgisk-5.jpg) center center; background-size: cover; height:400px;\"><\/div>\n\t\t\t\n<\/div>\n\t\n\n<div class=\"bo-triple-col\" style=\"background:#123751; margin:10px; margin-left:0; width:calc(50% - 10px); flex-basis:calc(50% - 10px); border-radius:5px;\" >\n<div class=\"bo-triple-text\" >\n<h3>Anwaltskanzlei seit 2001<\/h3><p>Lorem ipsum dolor sit amet, consectetuer adipiscing elit. Aenean commodo ligula eget dolor. Aenean massa. Cum sociis natoque penatibus et magnis dis parturient montes, nascetur ridiculus mus. <\/p>\n<\/div>\n<\/div>\n\t\n<div class=\"bo-triple-col\" style=\"background:#75A4C7; border-radius:5px; margin:10px; margin-right:0; width:calc(50% - $ma2px); flex-basis:calc(50% - 10px); \">\n<div class=\"bo-triple-text\" >\n<h3>Rechtsanw\u00e4lte &amp; Fachanw\u00e4lte<\/h3><p>Lorem ipsum dolor sit amet, consectetuer adipiscing elit. Aenean commodo ligula eget dolor. Aenean massa. Cum sociis natoque penatibus et magnis dis parturient montes, nascetur ridiculus mus. <\/p>\n<\/div>\n<\/div>\t\t\n<\/div>\t\t\n<\/section><!-- eof triple -->\n\n<script>\njQuery(document).ready(function() {\n    jQuery('.bo-triple-col').addClass(\"hidden\").viewportChecker({\n        classToAdd: 'visible animated slideInUp',\n        offset: 20\n       });\n\t    jQuery('.bo-triple-col').addClass(\"hidden\").viewportChecker({\n        classToAdd: 'visible animated slideInUp',\n        offset: 20\n       });\n\t    jQuery('.bo-triple-col').addClass(\"hidden\").viewportChecker({\n        classToAdd: 'visible animated slideInUp',\n        offset: 20\n       });\n\t   \n\t    });\n<\/script>\n\n\n\n<div style=\"height:20px\" aria-hidden=\"true\" class=\"wp-block-spacer\"><\/div>\n\n\n<section class=\"bo-triple-desktop\">\n<div class=\"bo-triple-box aligncontent\">\n<div class=\"bo-triple-col bo-triple-first  col-has-image\" style=\"border-radius:5px; margin:0 10px 0 0; width:calc(33.3333% - 13.333333333333px);\">\n\t<div class=\"bo-triple-img\" style=\"border-radius:5px; background:url(https:\/\/bo-themes.de\/wordpress-themes\/bo-lexus\/wp-content\/uploads\/sites\/2\/2022\/01\/bo-lexus-demo-imgisk-7.jpg) center center; background-size: cover; height:400px;\"><\/div>\t\t\n<\/div>\n\t\n<div class=\"bo-triple-col bo-triple-second \"  style=\"background:#606774;margin:0 10px; width:calc(33.3333% - 13.333333333333px);border-radius:5px;\">\n<div class=\"bo-triple-text\" >\n<h3>Unsere Leistungen<\/h3><p>Lorem ipsum dolor sit amet, consectetuer adipiscing elit. Aenean commodo ligula eget dolor. Aenean massa. Cum sociis natoque penatibus et magnis dis parturient montes, nascetur ridiculus mus. <\/p>\n<\/div>\n<\/div>\n\t\n<div class=\"bo-triple-col bo-triple-third \" style=\"background:#123751; border-radius:5px; margin:0 0 0 10px; width:calc(33.3333% - 13.333333333333px);\">\n<div class=\"bo-triple-text\" >\n<h3>Rechtsgebiete<\/h3><p>Lorem ipsum dolor sit amet, consectetuer adipiscing elit. Aenean commodo ligula eget dolor. Aenean massa. Cum sociis natoque penatibus et magnis dis parturient montes, nascetur ridiculus mus. <\/p>\n<\/div>\n<\/div>\n<\/div><\/section>\n\n<section class=\"bo-triple-mobile\">\n<div class=\"bo-triple-box  aligncontent\" >\n\t\n<div class=\"bo-triple-col col-has-image\" style=\"border-radius:5px;margin:0 0 10px 0; width:100%; flex-basis:100%; \">\n\t<div class=\"bo-triple-img\" style=\"\t\tborder-radius:5px;  background:url(https:\/\/bo-themes.de\/wordpress-themes\/bo-lexus\/wp-content\/uploads\/sites\/2\/2022\/01\/bo-lexus-demo-imgisk-7.jpg) center center; background-size: cover; height:400px;\"><\/div>\n\t\t\t\n<\/div>\n\t\n\n<div class=\"bo-triple-col\" style=\"background:#606774; margin:10px; margin-left:0; width:calc(50% - 10px); flex-basis:calc(50% - 10px); border-radius:5px;\" >\n<div class=\"bo-triple-text\" >\n<h3>Unsere Leistungen<\/h3><p>Lorem ipsum dolor sit amet, consectetuer adipiscing elit. Aenean commodo ligula eget dolor. Aenean massa. Cum sociis natoque penatibus et magnis dis parturient montes, nascetur ridiculus mus. <\/p>\n<\/div>\n<\/div>\n\t\n<div class=\"bo-triple-col\" style=\"background:#123751; border-radius:5px; margin:10px; margin-right:0; width:calc(50% - $ma2px); flex-basis:calc(50% - 10px); \">\n<div class=\"bo-triple-text\" >\n<h3>Rechtsgebiete<\/h3><p>Lorem ipsum dolor sit amet, consectetuer adipiscing elit. Aenean commodo ligula eget dolor. Aenean massa. Cum sociis natoque penatibus et magnis dis parturient montes, nascetur ridiculus mus. <\/p>\n<\/div>\n<\/div>\t\t\n<\/div>\t\t\n<\/section><!-- eof triple -->\n\n<script>\njQuery(document).ready(function() {\n    jQuery('.bo-triple-col').addClass(\"hidden\").viewportChecker({\n        classToAdd: 'visible animated slideInUp',\n        offset: 20\n       });\n\t    jQuery('.bo-triple-col').addClass(\"hidden\").viewportChecker({\n        classToAdd: 'visible animated slideInUp',\n        offset: 20\n       });\n\t    jQuery('.bo-triple-col').addClass(\"hidden\").viewportChecker({\n        classToAdd: 'visible animated slideInUp',\n        offset: 20\n       });\n\t   \n\t    });\n<\/script>\n\n\n\n<div style=\"height:20px\" aria-hidden=\"true\" class=\"wp-block-spacer\"><\/div>\n\n\n<section class=\"bo-triple-desktop\">\n<div class=\"bo-triple-box aligncontent\">\n<div class=\"bo-triple-col bo-triple-first \" style=\"background:#123751;border-radius:5px; margin:0 10px 0 0; width:calc(33.3333% - 13.333333333333px);\">\n<div class=\"bo-triple-text\" >\n<h3>Rechtsberatung<\/h3><p>Lorem ipsum dolor sit amet, consectetuer adipiscing elit. Aenean commodo ligula eget dolor. Aenean massa. Cum sociis natoque penatibus et magnis dis parturient montes, nascetur ridiculus mus. <\/p>\n<\/div>\n\t\n<\/div>\n\t\n<div class=\"bo-triple-col bo-triple-second \"  style=\"background:#75A4C7;margin:0 10px; width:calc(33.3333% - 13.333333333333px);border-radius:5px;\">\n <div class=\"bo-triple-text\" >\n<h3>Steuerberatung<\/h3><p>Lorem ipsum dolor sit amet, consectetuer adipiscing elit. Aenean commodo ligula eget dolor. Aenean massa. Cum sociis natoque penatibus et magnis dis parturient montes, nascetur ridiculus mus. <\/p>\n<\/div><\/div>\n\t\n<div class=\"bo-triple-col bo-triple-third  col-has-image\" style=\"border-radius:5px; margin:0 0 0 10px; width:calc(33.3333% - 13.333333333333px);\">\n\t<div class=\"bo-triple-img\" style=\"border-radius:5px; background:url(https:\/\/bo-themes.de\/wordpress-themes\/bo-lexus\/wp-content\/uploads\/sites\/2\/2021\/12\/bo-lexus-demo-img-4.jpg) center center; background-size: cover; height:400px;\"><\/div><\/div>\n<\/div><\/section>\n\n<section class=\"bo-triple-mobile\">\n<div class=\"bo-triple-box  aligncontent\" >\n\t\n<div class=\"bo-triple-col col-has-image\" style=\"border-radius:5px;margin:0 0 10px 0; width:100%; flex-basis:100%; \">\n\t<div class=\"bo-triple-img\" style=\"\t\tborder-radius:5px;  background:url(https:\/\/bo-themes.de\/wordpress-themes\/bo-lexus\/wp-content\/uploads\/sites\/2\/2021\/12\/bo-lexus-demo-img-4.jpg) center center; background-size: cover; height:400px;\"><\/div>\n\t\t\t\n<\/div>\n\t\n\n<div class=\"bo-triple-col\" style=\"background:#123751; margin:10px; margin-left:0; width:calc(50% - 10px); flex-basis:calc(50% - 10px); border-radius:5px;\" >\n<div class=\"bo-triple-text\" >\n<h3>Rechtsberatung<\/h3><p>Lorem ipsum dolor sit amet, consectetuer adipiscing elit. Aenean commodo ligula eget dolor. Aenean massa. Cum sociis natoque penatibus et magnis dis parturient montes, nascetur ridiculus mus. <\/p>\n<\/div>\n<\/div>\n\t\n<div class=\"bo-triple-col\" style=\"background:#75A4C7; border-radius:5px; margin:10px; margin-right:0; width:calc(50% - $ma2px); flex-basis:calc(50% - 10px); \">\n<div class=\"bo-triple-text\" >\n<h3>Steuerberatung<\/h3><p>Lorem ipsum dolor sit amet, consectetuer adipiscing elit. Aenean commodo ligula eget dolor. Aenean massa. Cum sociis natoque penatibus et magnis dis parturient montes, nascetur ridiculus mus. <\/p>\n<\/div>\n<\/div>\t\t\n<\/div>\t\t\n<\/section><!-- eof triple -->\n\n<script>\njQuery(document).ready(function() {\n    jQuery('.bo-triple-col').addClass(\"hidden\").viewportChecker({\n        classToAdd: 'visible animated slideInUp',\n        offset: 20\n       });\n\t    jQuery('.bo-triple-col').addClass(\"hidden\").viewportChecker({\n        classToAdd: 'visible animated slideInUp',\n        offset: 20\n       });\n\t    jQuery('.bo-triple-col').addClass(\"hidden\").viewportChecker({\n        classToAdd: 'visible animated slideInUp',\n        offset: 20\n       });\n\t   \n\t    });\n<\/script>\n\n\n\n<div style=\"height:60px\" aria-hidden=\"true\" class=\"wp-block-spacer\"><\/div>\n\n\n\n<div class=\"wp-block-columns is-layout-flex wp-container-core-columns-is-layout-9d6595d7 wp-block-columns has-3-columns -is-layout-flex\">\n<div class=\"wp-block-column is-layout-flow wp-block-column-is-layout-flow\"><div class=\"bo-icon-box  \">\n<div class=\"box-icon icon-left-pos\">\n<i class=\"icofont-chart-histogram-alt \" style=\"font-size:40px; color:#75A4C7;\"><\/i><\/div>\n<h2 class=\"bo-icon-box-title\">Unternehmensberatung<\/h2><h3 class=\"bo-icon-box-subtitle\">Wir unterst\u00fctzen Ihre Expansion<\/h3><p>Nam liber tempor cum soluta nobis eleifend option congue nihil imperdiet doming id quod mazim placerat facer possim assum. Lorem ipsum dolor sit amet, consectetuer adipiscing elit, sed diam nonummy.<\/p>\n<div class=\"bo-icon-box-button\"><a target=\"_self\" href=\"https:\/\/bo-themes.de\/wordpress-themes\/bo-lexus\/leistung\/unternehmensberatung\/\"><span >Mehr erfahren <i class=\"icofont-dotted-right\"><\/i><\/span><\/a><\/div><\/div><\/div>\n\n\n\n<div class=\"wp-block-column is-layout-flow wp-block-column-is-layout-flow\"><div class=\"bo-icon-box  \">\n<div class=\"box-icon icon-left-pos\">\n<i class=\"icofont-presentation\" style=\"font-size:40px; color:#75A4C7;\"><\/i><\/div>\n<h2 class=\"bo-icon-box-title\">Wirtschaftsberatung<\/h2><h3 class=\"bo-icon-box-subtitle\">Controlling &amp; Accounting<\/h3><p>Nam liber tempor cum soluta nobis eleifend option congue nihil imperdiet doming id quod mazim placerat facer possim assum. Lorem ipsum dolor sit amet, consectetuer adipiscing elit, sed diam nonummy.<\/p>\n<div class=\"bo-icon-box-button\"><a target=\"_self\" href=\"https:\/\/bo-themes.de\/wordpress-themes\/bo-lexus\/leistung\/wirtschaftsberatung\/\"><span >Mehr erfahren <i class=\"icofont-dotted-right\"><\/i><\/span><\/a><\/div><\/div><\/div>\n\n\n\n<div class=\"wp-block-column is-layout-flow wp-block-column-is-layout-flow\"><div class=\"bo-icon-box  \">\n<div class=\"box-icon icon-left-pos\">\n<i class=\"icofont-ui-calculator\" style=\"font-size:40px; color:#75A4C7;\"><\/i><\/div>\n<h2 class=\"bo-icon-box-title\">Steuerberatung<\/h2><h3 class=\"bo-icon-box-subtitle\">Bilanzen &amp; Steuererkl\u00e4rungen<\/h3><p>Nam liber tempor cum soluta nobis eleifend option congue nihil imperdiet doming id quod mazim placerat facer possim assum. Lorem ipsum dolor sit amet, consectetuer adipiscing elit, sed diam nonummy.<\/p>\n<div class=\"bo-icon-box-button\"><a target=\"_self\" href=\"https:\/\/bo-themes.de\/wordpress-themes\/bo-lexus\/leistung\/steuerberatung\/\"><span >Mehr erfahren <i class=\"icofont-dotted-right\"><\/i><\/span><\/a><\/div><\/div><\/div>\n<\/div>\n\n\n\n<div style=\"height:60px\" aria-hidden=\"true\" class=\"wp-block-spacer\"><\/div>\n","protected":false},"excerpt":{"rendered":"<p>Kanzlei Mustermann &#8211; Ihr Partner f\u00fcr alle Rechtsfragen Lorem ipsum dolor sit amet, consectetuer adipiscing elit, sed diam nonummy nibh euismod tincidunt ut laoreet dolore magna aliquam erat volutpat. Ut wisi enim [&hellip;]<\/p>\n","protected":false},"author":2,"featured_media":0,"parent":0,"menu_order":22,"comment_status":"closed","ping_status":"closed","template":"","meta":{"footnotes":""},"class_list":["post-25","page","type-page","status-publish","hentry"],"yoast_head":"<!-- This site is optimized with the Yoast SEO plugin v26.6 - https:\/\/yoast.com\/wordpress\/plugins\/seo\/ -->\n<title>\u00dcber uns - BO Lexus<\/title>\n<meta name=\"description\" content=\"BO LEXUS: Dies ist eine Demo-Webseite f\u00fcr BO LEXUS, unserem WordPress Theme f\u00fcr Kanzleien und Praxen\" \/>\n<meta name=\"robots\" content=\"index, follow, max-snippet:-1, max-image-preview:large, max-video-preview:-1\" \/>\n<link rel=\"canonical\" href=\"https:\/\/bo-themes.de\/wordpress-themes\/bo-lexus\/ueber-uns\/\" \/>\n<meta property=\"og:locale\" content=\"de_DE\" \/>\n<meta property=\"og:type\" content=\"article\" \/>\n<meta property=\"og:title\" content=\"\u00dcber uns - BO Lexus\" \/>\n<meta property=\"og:description\" content=\"BO LEXUS: Dies ist eine Demo-Webseite f\u00fcr BO LEXUS, unserem WordPress Theme f\u00fcr Kanzleien und Praxen\" \/>\n<meta property=\"og:url\" content=\"https:\/\/bo-themes.de\/wordpress-themes\/bo-lexus\/ueber-uns\/\" \/>\n<meta property=\"og:site_name\" content=\"BO Lexus\" \/>\n<meta property=\"article:modified_time\" content=\"2025-04-12T09:39:06+00:00\" \/>\n<meta property=\"og:image\" content=\"https:\/\/bo-themes.de\/wordpress-themes\/bo-lexus\/wp-content\/uploads\/sites\/2\/2025\/04\/slide-demos-5b.webp\" \/>\n\t<meta property=\"og:image:width\" content=\"1200\" \/>\n\t<meta property=\"og:image:height\" content=\"732\" \/>\n\t<meta property=\"og:image:type\" content=\"image\/webp\" \/>\n<meta name=\"twitter:card\" content=\"summary_large_image\" \/>\n<meta name=\"twitter:label1\" content=\"Gesch\u00e4tzte Lesezeit\" \/>\n\t<meta name=\"twitter:data1\" content=\"2\u00a0Minuten\" \/>\n<script type=\"application\/ld+json\" class=\"yoast-schema-graph\">{\"@context\":\"https:\/\/schema.org\",\"@graph\":[{\"@type\":\"WebPage\",\"@id\":\"https:\/\/bo-themes.de\/wordpress-themes\/bo-lexus\/ueber-uns\/\",\"url\":\"https:\/\/bo-themes.de\/wordpress-themes\/bo-lexus\/ueber-uns\/\",\"name\":\"\u00dcber uns - BO Lexus\",\"isPartOf\":{\"@id\":\"https:\/\/bo-themes.de\/wordpress-themes\/bo-lexus\/#website\"},\"datePublished\":\"2021-10-25T17:26:51+00:00\",\"dateModified\":\"2025-04-12T09:39:06+00:00\",\"description\":\"BO LEXUS: Dies ist eine Demo-Webseite f\u00fcr BO LEXUS, unserem WordPress Theme f\u00fcr Kanzleien und Praxen\",\"breadcrumb\":{\"@id\":\"https:\/\/bo-themes.de\/wordpress-themes\/bo-lexus\/ueber-uns\/#breadcrumb\"},\"inLanguage\":\"de\",\"potentialAction\":[{\"@type\":\"ReadAction\",\"target\":[\"https:\/\/bo-themes.de\/wordpress-themes\/bo-lexus\/ueber-uns\/\"]}]},{\"@type\":\"BreadcrumbList\",\"@id\":\"https:\/\/bo-themes.de\/wordpress-themes\/bo-lexus\/ueber-uns\/#breadcrumb\",\"itemListElement\":[{\"@type\":\"ListItem\",\"position\":1,\"name\":\"Startseite\",\"item\":\"https:\/\/bo-themes.de\/wordpress-themes\/bo-lexus\/\"},{\"@type\":\"ListItem\",\"position\":2,\"name\":\"\u00dcber uns\"}]},{\"@type\":\"WebSite\",\"@id\":\"https:\/\/bo-themes.de\/wordpress-themes\/bo-lexus\/#website\",\"url\":\"https:\/\/bo-themes.de\/wordpress-themes\/bo-lexus\/\",\"name\":\"BO Lexus\",\"description\":\"BO LEXUS\",\"publisher\":{\"@id\":\"https:\/\/bo-themes.de\/wordpress-themes\/bo-lexus\/#organization\"},\"alternateName\":\"BO LEXUS - WordPress Theme f\u00fcr Kanzleien und Praxen\",\"potentialAction\":[{\"@type\":\"SearchAction\",\"target\":{\"@type\":\"EntryPoint\",\"urlTemplate\":\"https:\/\/bo-themes.de\/wordpress-themes\/bo-lexus\/?s={search_term_string}\"},\"query-input\":{\"@type\":\"PropertyValueSpecification\",\"valueRequired\":true,\"valueName\":\"search_term_string\"}}],\"inLanguage\":\"de\"},{\"@type\":\"Organization\",\"@id\":\"https:\/\/bo-themes.de\/wordpress-themes\/bo-lexus\/#organization\",\"name\":\"BO LEXUS - WordPress Theme f\u00fcr Kanzleien und Praxen\",\"alternateName\":\"BO LEXUS\",\"url\":\"https:\/\/bo-themes.de\/wordpress-themes\/bo-lexus\/\",\"logo\":{\"@type\":\"ImageObject\",\"inLanguage\":\"de\",\"@id\":\"https:\/\/bo-themes.de\/wordpress-themes\/bo-lexus\/#\/schema\/logo\/image\/\",\"url\":\"https:\/\/bo-themes.de\/wordpress-themes\/bo-lexus\/wp-content\/uploads\/sites\/2\/2025\/04\/brings-online-themes-icon.png\",\"contentUrl\":\"https:\/\/bo-themes.de\/wordpress-themes\/bo-lexus\/wp-content\/uploads\/sites\/2\/2025\/04\/brings-online-themes-icon.png\",\"width\":512,\"height\":512,\"caption\":\"BO LEXUS - WordPress Theme f\u00fcr Kanzleien und Praxen\"},\"image\":{\"@id\":\"https:\/\/bo-themes.de\/wordpress-themes\/bo-lexus\/#\/schema\/logo\/image\/\"}}]}<\/script>\n<!-- \/ Yoast SEO plugin. -->","yoast_head_json":{"title":"\u00dcber uns - BO Lexus","description":"BO LEXUS: Dies ist eine Demo-Webseite f\u00fcr BO LEXUS, unserem WordPress Theme f\u00fcr Kanzleien und Praxen","robots":{"index":"index","follow":"follow","max-snippet":"max-snippet:-1","max-image-preview":"max-image-preview:large","max-video-preview":"max-video-preview:-1"},"canonical":"https:\/\/bo-themes.de\/wordpress-themes\/bo-lexus\/ueber-uns\/","og_locale":"de_DE","og_type":"article","og_title":"\u00dcber uns - BO Lexus","og_description":"BO LEXUS: Dies ist eine Demo-Webseite f\u00fcr BO LEXUS, unserem WordPress Theme f\u00fcr Kanzleien und Praxen","og_url":"https:\/\/bo-themes.de\/wordpress-themes\/bo-lexus\/ueber-uns\/","og_site_name":"BO Lexus","article_modified_time":"2025-04-12T09:39:06+00:00","og_image":[{"width":1200,"height":732,"url":"https:\/\/bo-themes.de\/wordpress-themes\/bo-lexus\/wp-content\/uploads\/sites\/2\/2025\/04\/slide-demos-5b.webp","type":"image\/webp"}],"twitter_card":"summary_large_image","twitter_misc":{"Gesch\u00e4tzte Lesezeit":"2\u00a0Minuten"},"schema":{"@context":"https:\/\/schema.org","@graph":[{"@type":"WebPage","@id":"https:\/\/bo-themes.de\/wordpress-themes\/bo-lexus\/ueber-uns\/","url":"https:\/\/bo-themes.de\/wordpress-themes\/bo-lexus\/ueber-uns\/","name":"\u00dcber uns - BO Lexus","isPartOf":{"@id":"https:\/\/bo-themes.de\/wordpress-themes\/bo-lexus\/#website"},"datePublished":"2021-10-25T17:26:51+00:00","dateModified":"2025-04-12T09:39:06+00:00","description":"BO LEXUS: Dies ist eine Demo-Webseite f\u00fcr BO LEXUS, unserem WordPress Theme f\u00fcr Kanzleien und Praxen","breadcrumb":{"@id":"https:\/\/bo-themes.de\/wordpress-themes\/bo-lexus\/ueber-uns\/#breadcrumb"},"inLanguage":"de","potentialAction":[{"@type":"ReadAction","target":["https:\/\/bo-themes.de\/wordpress-themes\/bo-lexus\/ueber-uns\/"]}]},{"@type":"BreadcrumbList","@id":"https:\/\/bo-themes.de\/wordpress-themes\/bo-lexus\/ueber-uns\/#breadcrumb","itemListElement":[{"@type":"ListItem","position":1,"name":"Startseite","item":"https:\/\/bo-themes.de\/wordpress-themes\/bo-lexus\/"},{"@type":"ListItem","position":2,"name":"\u00dcber uns"}]},{"@type":"WebSite","@id":"https:\/\/bo-themes.de\/wordpress-themes\/bo-lexus\/#website","url":"https:\/\/bo-themes.de\/wordpress-themes\/bo-lexus\/","name":"BO Lexus","description":"BO LEXUS","publisher":{"@id":"https:\/\/bo-themes.de\/wordpress-themes\/bo-lexus\/#organization"},"alternateName":"BO LEXUS - WordPress Theme f\u00fcr Kanzleien und Praxen","potentialAction":[{"@type":"SearchAction","target":{"@type":"EntryPoint","urlTemplate":"https:\/\/bo-themes.de\/wordpress-themes\/bo-lexus\/?s={search_term_string}"},"query-input":{"@type":"PropertyValueSpecification","valueRequired":true,"valueName":"search_term_string"}}],"inLanguage":"de"},{"@type":"Organization","@id":"https:\/\/bo-themes.de\/wordpress-themes\/bo-lexus\/#organization","name":"BO LEXUS - WordPress Theme f\u00fcr Kanzleien und Praxen","alternateName":"BO LEXUS","url":"https:\/\/bo-themes.de\/wordpress-themes\/bo-lexus\/","logo":{"@type":"ImageObject","inLanguage":"de","@id":"https:\/\/bo-themes.de\/wordpress-themes\/bo-lexus\/#\/schema\/logo\/image\/","url":"https:\/\/bo-themes.de\/wordpress-themes\/bo-lexus\/wp-content\/uploads\/sites\/2\/2025\/04\/brings-online-themes-icon.png","contentUrl":"https:\/\/bo-themes.de\/wordpress-themes\/bo-lexus\/wp-content\/uploads\/sites\/2\/2025\/04\/brings-online-themes-icon.png","width":512,"height":512,"caption":"BO LEXUS - WordPress Theme f\u00fcr Kanzleien und Praxen"},"image":{"@id":"https:\/\/bo-themes.de\/wordpress-themes\/bo-lexus\/#\/schema\/logo\/image\/"}}]}},"_links":{"self":[{"href":"https:\/\/bo-themes.de\/wordpress-themes\/bo-lexus\/wp-json\/wp\/v2\/pages\/25","targetHints":{"allow":["GET"]}}],"collection":[{"href":"https:\/\/bo-themes.de\/wordpress-themes\/bo-lexus\/wp-json\/wp\/v2\/pages"}],"about":[{"href":"https:\/\/bo-themes.de\/wordpress-themes\/bo-lexus\/wp-json\/wp\/v2\/types\/page"}],"author":[{"embeddable":true,"href":"https:\/\/bo-themes.de\/wordpress-themes\/bo-lexus\/wp-json\/wp\/v2\/users\/2"}],"replies":[{"embeddable":true,"href":"https:\/\/bo-themes.de\/wordpress-themes\/bo-lexus\/wp-json\/wp\/v2\/comments?post=25"}],"version-history":[{"count":2,"href":"https:\/\/bo-themes.de\/wordpress-themes\/bo-lexus\/wp-json\/wp\/v2\/pages\/25\/revisions"}],"predecessor-version":[{"id":13384,"href":"https:\/\/bo-themes.de\/wordpress-themes\/bo-lexus\/wp-json\/wp\/v2\/pages\/25\/revisions\/13384"}],"wp:attachment":[{"href":"https:\/\/bo-themes.de\/wordpress-themes\/bo-lexus\/wp-json\/wp\/v2\/media?parent=25"}],"curies":[{"name":"wp","href":"https:\/\/api.w.org\/{rel}","templated":true}]}}