{"id":12102,"date":"2022-01-02T12:30:25","date_gmt":"2022-01-02T11:30:25","guid":{"rendered":"https:\/\/brings-online.com\/demo\/wordpress-theme-lexus\/?page_id=12102"},"modified":"2025-04-12T11:46:05","modified_gmt":"2025-04-12T09:46:05","slug":"historie","status":"publish","type":"page","link":"https:\/\/bo-themes.de\/wordpress-themes\/bo-lexus\/ueber-uns\/historie\/","title":{"rendered":"Historie"},"content":{"rendered":"\n<div style=\"height:20px\" aria-hidden=\"true\" class=\"wp-block-spacer\"><\/div>\n\n\n<div class=\"slogan links \">\n<div class=\"preambel\">\n<span style=\"color:#75A4C7;\">Unsere Kanzlei<\/span>\n<\/div>\n<h2 style=\"font-size:26px;\" ><span class=\"slogan-mobile\">Mustermann GmbH &#8211; f\u00fcr Sie erfolgreich seit 20 Jahren<\/span><\/h2><span style=\"background:#75A4C7\"><\/span><\/div>\n\n\n<p>Hier finden Sie eine \u00dcbersicht \u00fcber die Entwicklung unseres Unternehmens seit Gr\u00fcndung. <\/p>\n\n\n\n<div style=\"height:40px\" aria-hidden=\"true\" class=\"wp-block-spacer\"><\/div>\n\n\n<div class=\"bo-timeline-item \"> \n<div class=\"bo-timeline-date\">2002<\/div>\t\n<div class=\"bo-timeline-info\" ><p><p><strong>Unternehmensgr\u00fcndung. <\/strong><br \/>\nLorem ipsum dolor sit amet, consetetur sadipscing elitr, sed diam nonumy eirmod tempor invidunt ut labore et dolore magna aliquyam erat, sed diam voluptua. At vero eos et accusam et justo duo dolores et ea rebum. <\/p>\n<p>Stet clita kasd gubergren, no sea takimata sanctus est Lorem ipsum dolor sit amet. Lorem ipsum dolor sit amet, consetetur sadipscing elitr, sed diam nonumy eirmod tempor invidunt ut labore et dolore magna aliquyam erat, sed diam voluptua. At vero eos et accusam et justo duo dolores et ea rebum. Stet clita kasd gubergren, no sea takimata sanctus est Lorem ipsum dolor sit amet.<\/p>\n<\/p>\n<\/div>\t\t\n<\/div>\n\n\n<div class=\"bo-timeline-item \"> \n<div class=\"bo-timeline-date\">2004 &#8211; 2006<\/div>\t\n<div class=\"bo-timeline-info\" ><p><p><strong>Lorem ipsum dolor sit amet. Consetetur sadipscing elitr, sed diam nonumy eirmod tempor invidunt ut labore et dolore magna aliquyam erat, sed diam voluptua. At vero eos et accusam et justo duo dolores et ea rebum. <\/strong><br \/>\nStet clita kasd gubergren, no sea takimata sanctus est Lorem ipsum dolor sit amet. Lorem ipsum dolor sit amet, consetetur sadipscing elitr, sed diam nonumy eirmod tempor invidunt ut labore et dolore magna aliquyam erat, sed diam voluptua. At vero eos et accusam et justo duo dolores et ea rebum. Stet clita kasd gubergren, no sea takimata sanctus est Lorem ipsum dolor sit amet.<\/p>\n<\/p>\n<\/div>\t\t\n<\/div>\n\n\n<div class=\"bo-timeline-item \"> \n<div class=\"bo-timeline-date\">Oktober 2010<\/div>\t\n<div class=\"bo-timeline-info\" ><img loading=\"lazy\" decoding=\"async\" src=\"https:\/\/bo-themes.de\/wordpress-themes\/bo-lexus\/wp-content\/uploads\/sites\/2\/2022\/01\/bo-lexus-demo-imgisk-5-150x150.jpg\" alt=\"WordPress Theme BO Lexus\" width=\"150\" height=\"150\" srcset=\"https:\/\/bo-themes.de\/wordpress-themes\/bo-lexus\/wp-content\/uploads\/sites\/2\/2022\/01\/bo-lexus-demo-imgisk-5.jpg 800w, https:\/\/bo-themes.de\/wordpress-themes\/bo-lexus\/wp-content\/uploads\/sites\/2\/2022\/01\/bo-lexus-demo-imgisk-5-300x225.jpg 300w, https:\/\/bo-themes.de\/wordpress-themes\/bo-lexus\/wp-content\/uploads\/sites\/2\/2022\/01\/bo-lexus-demo-imgisk-5-768x576.jpg 768w, https:\/\/bo-themes.de\/wordpress-themes\/bo-lexus\/wp-content\/uploads\/sites\/2\/2022\/01\/bo-lexus-demo-imgisk-5-660x495.jpg 660w, https:\/\/bo-themes.de\/wordpress-themes\/bo-lexus\/wp-content\/uploads\/sites\/2\/2022\/01\/bo-lexus-demo-imgisk-5-430x323.jpg 430w, https:\/\/bo-themes.de\/wordpress-themes\/bo-lexus\/wp-content\/uploads\/sites\/2\/2022\/01\/bo-lexus-demo-imgisk-5-316x237.jpg 316w, https:\/\/bo-themes.de\/wordpress-themes\/bo-lexus\/wp-content\/uploads\/sites\/2\/2022\/01\/bo-lexus-demo-imgisk-5-580x435.jpg 580w\" class=\"img-responsive\" \/><p><p>Lorem ipsum dolor sit amet, consetetur sadipscing elitr, sed diam nonumy eirmod tempor invidunt ut labore et dolore magna aliquyam erat, sed diam voluptua. At vero eos et accusam et justo duo dolores et ea rebum. Stet clita kasd gubergren, no sea takimata sanctus est Lorem ipsum dolor sit amet. Lorem ipsum dolor sit amet, consetetur sadipscing elitr, sed diam nonumy eirmod tempor invidunt ut labore et dolore magna aliquyam erat.<\/p>\n<\/p>\n<\/div>\t\t\n<\/div>\n\n\n<div class=\"bo-timeline-item \"> \n<div class=\"bo-timeline-date\">23.07.2014<\/div>\t\n<div class=\"bo-timeline-info\" ><p><p>Lorem ipsum dolor sit amet, consetetur sadipscing elitr, sed diam nonumy eirmod tempor invidunt ut labore et dolore magna aliquyam erat, sed diam voluptua. At vero eos et accusam et justo duo dolores et ea rebum. Stet clita kasd gubergren, no sea takimata sanctus est Lorem ipsum dolor sit amet. Lorem ipsum dolor sit amet, consetetur sadipscing elitr, sed diam nonumy eirmod tempor invidunt ut labore et dolore magna aliquyam erat.<\/p>\n<\/p>\n<\/div>\t\t\n<\/div>\n\n\n<div class=\"bo-timeline-item \"> \n<div class=\"bo-timeline-date\">2017<\/div>\t\n<div class=\"bo-timeline-info\" ><img loading=\"lazy\" decoding=\"async\" src=\"https:\/\/bo-themes.de\/wordpress-themes\/bo-lexus\/wp-content\/uploads\/sites\/2\/2022\/01\/bo-lexus-demo-imgisk-2-150x150.jpg\" alt=\"BO Lexus WordPress Theme Demo von brings-online.com\" width=\"150\" height=\"150\" srcset=\"https:\/\/bo-themes.de\/wordpress-themes\/bo-lexus\/wp-content\/uploads\/sites\/2\/2022\/01\/bo-lexus-demo-imgisk-2.jpg 800w, https:\/\/bo-themes.de\/wordpress-themes\/bo-lexus\/wp-content\/uploads\/sites\/2\/2022\/01\/bo-lexus-demo-imgisk-2-300x225.jpg 300w, https:\/\/bo-themes.de\/wordpress-themes\/bo-lexus\/wp-content\/uploads\/sites\/2\/2022\/01\/bo-lexus-demo-imgisk-2-768x576.jpg 768w, https:\/\/bo-themes.de\/wordpress-themes\/bo-lexus\/wp-content\/uploads\/sites\/2\/2022\/01\/bo-lexus-demo-imgisk-2-660x495.jpg 660w, https:\/\/bo-themes.de\/wordpress-themes\/bo-lexus\/wp-content\/uploads\/sites\/2\/2022\/01\/bo-lexus-demo-imgisk-2-430x323.jpg 430w, https:\/\/bo-themes.de\/wordpress-themes\/bo-lexus\/wp-content\/uploads\/sites\/2\/2022\/01\/bo-lexus-demo-imgisk-2-316x237.jpg 316w, https:\/\/bo-themes.de\/wordpress-themes\/bo-lexus\/wp-content\/uploads\/sites\/2\/2022\/01\/bo-lexus-demo-imgisk-2-580x435.jpg 580w\" class=\"img-responsive\" \/><p><p>Lorem ipsum dolor sit amet, consetetur sadipscing elitr, sed diam nonumy eirmod tempor invidunt ut labore et dolore magna aliquyam erat, sed diam voluptua. At vero eos et accusam et justo duo dolores et ea rebum. Stet clita kasd gubergren, no sea takimata sanctus est Lorem ipsum dolor sit amet. Lorem ipsum dolor sit amet, consetetur sadipscing elitr, sed diam nonumy eirmod tempor invidunt ut labore et dolore magna aliquyam erat.<\/p>\n<\/p>\n<\/div>\t\t\n<\/div>\n\n\n<div class=\"bo-timeline-item \"> \n<div class=\"bo-timeline-date\">2021<\/div>\t\n<div class=\"bo-timeline-info\" ><p><p>Lorem ipsum dolor sit amet, consetetur sadipscing elitr, sed diam nonumy eirmod tempor invidunt ut labore et dolore magna aliquyam erat, sed diam voluptua. At vero eos et accusam et justo duo dolores et ea rebum. Stet clita kasd gubergren, no sea takimata sanctus est Lorem ipsum dolor sit amet. Lorem ipsum dolor sit amet, consetetur sadipscing elitr, sed diam nonumy eirmod tempor invidunt ut labore et dolore magna aliquyam erat.<\/p>\n<\/p>\n<\/div>\t\t\n<\/div>\n\n\n\n<div style=\"height:100px\" aria-hidden=\"true\" class=\"wp-block-spacer\"><\/div>\n\n\n\n<div class=\"wp-block-cover alignfull is-light has-parallax\" style=\"background-image:url(https:\/\/bo-themes.de\/wordpress-themes\/bo-lexus\/wp-content\/uploads\/sites\/2\/2022\/01\/bo-lexus-demo-isk-header15.jpg);min-height:200px;aspect-ratio:unset;\"><span aria-hidden=\"true\" class=\"wp-block-cover__gradient-background has-background-dim\"><\/span><div class=\"wp-block-cover__inner-container is-layout-flow wp-block-cover-is-layout-flow\">\n<p class=\"has-text-align-center has-large-font-size\"><\/p>\n<\/div><\/div>\n","protected":false},"excerpt":{"rendered":"<p>Hier finden Sie eine \u00dcbersicht \u00fcber die Entwicklung unseres Unternehmens seit Gr\u00fcndung.<\/p>\n","protected":false},"author":2,"featured_media":0,"parent":25,"menu_order":4,"comment_status":"closed","ping_status":"closed","template":"","meta":{"footnotes":""},"class_list":["post-12102","page","type-page","status-publish","hentry"],"yoast_head":"<!-- This site is optimized with the Yoast SEO plugin v26.6 - https:\/\/yoast.com\/wordpress\/plugins\/seo\/ -->\n<title>Historie - BO Lexus<\/title>\n<meta name=\"description\" content=\"BO LEXUS: Dies ist eine Demo-Webseite f\u00fcr BO LEXUS, unserem WordPress Theme f\u00fcr Kanzleien und Praxen\" \/>\n<meta name=\"robots\" content=\"index, follow, max-snippet:-1, max-image-preview:large, max-video-preview:-1\" \/>\n<link rel=\"canonical\" href=\"https:\/\/bo-themes.de\/wordpress-themes\/bo-lexus\/ueber-uns\/historie\/\" \/>\n<meta property=\"og:locale\" content=\"de_DE\" \/>\n<meta property=\"og:type\" content=\"article\" \/>\n<meta property=\"og:title\" content=\"Historie - BO Lexus\" \/>\n<meta property=\"og:description\" content=\"BO LEXUS: Dies ist eine Demo-Webseite f\u00fcr BO LEXUS, unserem WordPress Theme f\u00fcr Kanzleien und Praxen\" \/>\n<meta property=\"og:url\" content=\"https:\/\/bo-themes.de\/wordpress-themes\/bo-lexus\/ueber-uns\/historie\/\" \/>\n<meta property=\"og:site_name\" content=\"BO Lexus\" \/>\n<meta property=\"article:modified_time\" content=\"2025-04-12T09:46:05+00:00\" \/>\n<meta property=\"og:image\" content=\"https:\/\/bo-themes.de\/wordpress-themes\/bo-lexus\/wp-content\/uploads\/sites\/2\/2025\/04\/slide-demos-5b.webp\" \/>\n\t<meta property=\"og:image:width\" content=\"1200\" \/>\n\t<meta property=\"og:image:height\" content=\"732\" \/>\n\t<meta property=\"og:image:type\" content=\"image\/webp\" \/>\n<meta name=\"twitter:card\" content=\"summary_large_image\" \/>\n<meta name=\"twitter:label1\" content=\"Gesch\u00e4tzte Lesezeit\" \/>\n\t<meta name=\"twitter:data1\" content=\"1\u00a0Minute\" \/>\n<script type=\"application\/ld+json\" class=\"yoast-schema-graph\">{\"@context\":\"https:\/\/schema.org\",\"@graph\":[{\"@type\":\"WebPage\",\"@id\":\"https:\/\/bo-themes.de\/wordpress-themes\/bo-lexus\/ueber-uns\/historie\/\",\"url\":\"https:\/\/bo-themes.de\/wordpress-themes\/bo-lexus\/ueber-uns\/historie\/\",\"name\":\"Historie - BO Lexus\",\"isPartOf\":{\"@id\":\"https:\/\/bo-themes.de\/wordpress-themes\/bo-lexus\/#website\"},\"datePublished\":\"2022-01-02T11:30:25+00:00\",\"dateModified\":\"2025-04-12T09:46:05+00:00\",\"description\":\"BO LEXUS: Dies ist eine Demo-Webseite f\u00fcr BO LEXUS, unserem WordPress Theme f\u00fcr Kanzleien und Praxen\",\"breadcrumb\":{\"@id\":\"https:\/\/bo-themes.de\/wordpress-themes\/bo-lexus\/ueber-uns\/historie\/#breadcrumb\"},\"inLanguage\":\"de\",\"potentialAction\":[{\"@type\":\"ReadAction\",\"target\":[\"https:\/\/bo-themes.de\/wordpress-themes\/bo-lexus\/ueber-uns\/historie\/\"]}]},{\"@type\":\"BreadcrumbList\",\"@id\":\"https:\/\/bo-themes.de\/wordpress-themes\/bo-lexus\/ueber-uns\/historie\/#breadcrumb\",\"itemListElement\":[{\"@type\":\"ListItem\",\"position\":1,\"name\":\"Startseite\",\"item\":\"https:\/\/bo-themes.de\/wordpress-themes\/bo-lexus\/\"},{\"@type\":\"ListItem\",\"position\":2,\"name\":\"\u00dcber uns\",\"item\":\"https:\/\/bo-themes.de\/wordpress-themes\/bo-lexus\/ueber-uns\/\"},{\"@type\":\"ListItem\",\"position\":3,\"name\":\"Historie\"}]},{\"@type\":\"WebSite\",\"@id\":\"https:\/\/bo-themes.de\/wordpress-themes\/bo-lexus\/#website\",\"url\":\"https:\/\/bo-themes.de\/wordpress-themes\/bo-lexus\/\",\"name\":\"BO Lexus\",\"description\":\"BO LEXUS\",\"publisher\":{\"@id\":\"https:\/\/bo-themes.de\/wordpress-themes\/bo-lexus\/#organization\"},\"alternateName\":\"BO LEXUS - WordPress Theme f\u00fcr Kanzleien und Praxen\",\"potentialAction\":[{\"@type\":\"SearchAction\",\"target\":{\"@type\":\"EntryPoint\",\"urlTemplate\":\"https:\/\/bo-themes.de\/wordpress-themes\/bo-lexus\/?s={search_term_string}\"},\"query-input\":{\"@type\":\"PropertyValueSpecification\",\"valueRequired\":true,\"valueName\":\"search_term_string\"}}],\"inLanguage\":\"de\"},{\"@type\":\"Organization\",\"@id\":\"https:\/\/bo-themes.de\/wordpress-themes\/bo-lexus\/#organization\",\"name\":\"BO LEXUS - WordPress Theme f\u00fcr Kanzleien und Praxen\",\"alternateName\":\"BO LEXUS\",\"url\":\"https:\/\/bo-themes.de\/wordpress-themes\/bo-lexus\/\",\"logo\":{\"@type\":\"ImageObject\",\"inLanguage\":\"de\",\"@id\":\"https:\/\/bo-themes.de\/wordpress-themes\/bo-lexus\/#\/schema\/logo\/image\/\",\"url\":\"https:\/\/bo-themes.de\/wordpress-themes\/bo-lexus\/wp-content\/uploads\/sites\/2\/2025\/04\/brings-online-themes-icon.png\",\"contentUrl\":\"https:\/\/bo-themes.de\/wordpress-themes\/bo-lexus\/wp-content\/uploads\/sites\/2\/2025\/04\/brings-online-themes-icon.png\",\"width\":512,\"height\":512,\"caption\":\"BO LEXUS - WordPress Theme f\u00fcr Kanzleien und Praxen\"},\"image\":{\"@id\":\"https:\/\/bo-themes.de\/wordpress-themes\/bo-lexus\/#\/schema\/logo\/image\/\"}}]}<\/script>\n<!-- \/ Yoast SEO plugin. -->","yoast_head_json":{"title":"Historie - BO Lexus","description":"BO LEXUS: Dies ist eine Demo-Webseite f\u00fcr BO LEXUS, unserem WordPress Theme f\u00fcr Kanzleien und Praxen","robots":{"index":"index","follow":"follow","max-snippet":"max-snippet:-1","max-image-preview":"max-image-preview:large","max-video-preview":"max-video-preview:-1"},"canonical":"https:\/\/bo-themes.de\/wordpress-themes\/bo-lexus\/ueber-uns\/historie\/","og_locale":"de_DE","og_type":"article","og_title":"Historie - BO Lexus","og_description":"BO LEXUS: Dies ist eine Demo-Webseite f\u00fcr BO LEXUS, unserem WordPress Theme f\u00fcr Kanzleien und Praxen","og_url":"https:\/\/bo-themes.de\/wordpress-themes\/bo-lexus\/ueber-uns\/historie\/","og_site_name":"BO Lexus","article_modified_time":"2025-04-12T09:46:05+00:00","og_image":[{"width":1200,"height":732,"url":"https:\/\/bo-themes.de\/wordpress-themes\/bo-lexus\/wp-content\/uploads\/sites\/2\/2025\/04\/slide-demos-5b.webp","type":"image\/webp"}],"twitter_card":"summary_large_image","twitter_misc":{"Gesch\u00e4tzte Lesezeit":"1\u00a0Minute"},"schema":{"@context":"https:\/\/schema.org","@graph":[{"@type":"WebPage","@id":"https:\/\/bo-themes.de\/wordpress-themes\/bo-lexus\/ueber-uns\/historie\/","url":"https:\/\/bo-themes.de\/wordpress-themes\/bo-lexus\/ueber-uns\/historie\/","name":"Historie - BO Lexus","isPartOf":{"@id":"https:\/\/bo-themes.de\/wordpress-themes\/bo-lexus\/#website"},"datePublished":"2022-01-02T11:30:25+00:00","dateModified":"2025-04-12T09:46:05+00:00","description":"BO LEXUS: Dies ist eine Demo-Webseite f\u00fcr BO LEXUS, unserem WordPress Theme f\u00fcr Kanzleien und Praxen","breadcrumb":{"@id":"https:\/\/bo-themes.de\/wordpress-themes\/bo-lexus\/ueber-uns\/historie\/#breadcrumb"},"inLanguage":"de","potentialAction":[{"@type":"ReadAction","target":["https:\/\/bo-themes.de\/wordpress-themes\/bo-lexus\/ueber-uns\/historie\/"]}]},{"@type":"BreadcrumbList","@id":"https:\/\/bo-themes.de\/wordpress-themes\/bo-lexus\/ueber-uns\/historie\/#breadcrumb","itemListElement":[{"@type":"ListItem","position":1,"name":"Startseite","item":"https:\/\/bo-themes.de\/wordpress-themes\/bo-lexus\/"},{"@type":"ListItem","position":2,"name":"\u00dcber uns","item":"https:\/\/bo-themes.de\/wordpress-themes\/bo-lexus\/ueber-uns\/"},{"@type":"ListItem","position":3,"name":"Historie"}]},{"@type":"WebSite","@id":"https:\/\/bo-themes.de\/wordpress-themes\/bo-lexus\/#website","url":"https:\/\/bo-themes.de\/wordpress-themes\/bo-lexus\/","name":"BO Lexus","description":"BO LEXUS","publisher":{"@id":"https:\/\/bo-themes.de\/wordpress-themes\/bo-lexus\/#organization"},"alternateName":"BO LEXUS - WordPress Theme f\u00fcr Kanzleien und Praxen","potentialAction":[{"@type":"SearchAction","target":{"@type":"EntryPoint","urlTemplate":"https:\/\/bo-themes.de\/wordpress-themes\/bo-lexus\/?s={search_term_string}"},"query-input":{"@type":"PropertyValueSpecification","valueRequired":true,"valueName":"search_term_string"}}],"inLanguage":"de"},{"@type":"Organization","@id":"https:\/\/bo-themes.de\/wordpress-themes\/bo-lexus\/#organization","name":"BO LEXUS - WordPress Theme f\u00fcr Kanzleien und Praxen","alternateName":"BO LEXUS","url":"https:\/\/bo-themes.de\/wordpress-themes\/bo-lexus\/","logo":{"@type":"ImageObject","inLanguage":"de","@id":"https:\/\/bo-themes.de\/wordpress-themes\/bo-lexus\/#\/schema\/logo\/image\/","url":"https:\/\/bo-themes.de\/wordpress-themes\/bo-lexus\/wp-content\/uploads\/sites\/2\/2025\/04\/brings-online-themes-icon.png","contentUrl":"https:\/\/bo-themes.de\/wordpress-themes\/bo-lexus\/wp-content\/uploads\/sites\/2\/2025\/04\/brings-online-themes-icon.png","width":512,"height":512,"caption":"BO LEXUS - WordPress Theme f\u00fcr Kanzleien und Praxen"},"image":{"@id":"https:\/\/bo-themes.de\/wordpress-themes\/bo-lexus\/#\/schema\/logo\/image\/"}}]}},"_links":{"self":[{"href":"https:\/\/bo-themes.de\/wordpress-themes\/bo-lexus\/wp-json\/wp\/v2\/pages\/12102","targetHints":{"allow":["GET"]}}],"collection":[{"href":"https:\/\/bo-themes.de\/wordpress-themes\/bo-lexus\/wp-json\/wp\/v2\/pages"}],"about":[{"href":"https:\/\/bo-themes.de\/wordpress-themes\/bo-lexus\/wp-json\/wp\/v2\/types\/page"}],"author":[{"embeddable":true,"href":"https:\/\/bo-themes.de\/wordpress-themes\/bo-lexus\/wp-json\/wp\/v2\/users\/2"}],"replies":[{"embeddable":true,"href":"https:\/\/bo-themes.de\/wordpress-themes\/bo-lexus\/wp-json\/wp\/v2\/comments?post=12102"}],"version-history":[{"count":1,"href":"https:\/\/bo-themes.de\/wordpress-themes\/bo-lexus\/wp-json\/wp\/v2\/pages\/12102\/revisions"}],"predecessor-version":[{"id":13386,"href":"https:\/\/bo-themes.de\/wordpress-themes\/bo-lexus\/wp-json\/wp\/v2\/pages\/12102\/revisions\/13386"}],"up":[{"embeddable":true,"href":"https:\/\/bo-themes.de\/wordpress-themes\/bo-lexus\/wp-json\/wp\/v2\/pages\/25"}],"wp:attachment":[{"href":"https:\/\/bo-themes.de\/wordpress-themes\/bo-lexus\/wp-json\/wp\/v2\/media?parent=12102"}],"curies":[{"name":"wp","href":"https:\/\/api.w.org\/{rel}","templated":true}]}}