{"id":4055,"date":"2019-06-30T15:39:00","date_gmt":"2019-06-30T13:39:00","guid":{"rendered":"https:\/\/brings-online.com\/demo\/wordpress-theme-handwerk\/?page_id=4055"},"modified":"2019-06-30T15:39:00","modified_gmt":"2019-06-30T13:39:00","slug":"bo-handwerk-templates","status":"publish","type":"page","link":"https:\/\/bo-themes.de\/wordpress-themes\/bo-handwerk\/theme-infos\/bo-handwerk-templates\/","title":{"rendered":"BO Handwerk &#8211; Templates"},"content":{"rendered":"\n<p>Hier finden Sie Infos zu allen verf\u00fcgbaren Templates und zus\u00e4tzlichen Seiten, die zur individuellen Gestaltung der Webseite zur Verf\u00fcgung stehen. Screenshots zu den verschiedenen Elementen im Adminbereich <a href=\"https:\/\/bo-themes.de\/wordpress-themes\/bo-handwerk\/theme-infos\/bo-handwerk-screenshots\/\">finden Sie hier<\/a>. Wenn Sie Fragen zum Theme haben und\/oder nicht sicher sind, ob die Optionen Ihrem Bedarf entsprechen, <a rel=\"noreferrer noopener\" href=\"https:\/\/brings-online.com\/kontakt\/\" target=\"_blank\">senden Sie hier eine Nachricht!<\/a> Sie erhalten schnellstm\u00f6glich eine Auskunft. <\/p>\n\n\n\n<div style=\"height:37px\" aria-hidden=\"true\" class=\"wp-block-spacer\"><\/div>\n\n\n\n<div style=\"background-color:#f0f1f6;padding-left:2%;padding-right:2%;padding-bottom:2%;padding-top:2%;margin-top:2%;margin-bottom:2%\" class=\"wp-block-genesis-blocks-gb-container gb-block-container\"><div class=\"gb-container-inside\"><div class=\"gb-container-content\" style=\"max-width:1600px\">\n<div class=\"wp-block-columns has-2-columns is-layout-flex wp-container-core-columns-is-layout-28f84493 wp-block-columns-is-layout-flex\">\n<div class=\"wp-block-column is-layout-flow wp-block-column-is-layout-flow\">\n<ul class=\"wp-block-list\"><li><strong>Standardtemplate<\/strong> <ul><li>mit alternativen Headerbereichen (Bild, Slider,Slideshow)<\/li><li>mit Sidebar (3 alternative zur Auswahl)<\/li><li><a rel=\"noreferrer noopener\" aria-label=\" (\u00f6ffnet in neuem Tab)\" href=\"https:\/\/brings-online.com\/demo\/wordpress-theme-office\/leistungen\/individuelle-leistungen\/\" target=\"_blank\">Beispiel dazu \u00bb<\/a> <\/li><\/ul><\/li><li>Template &#8222;<strong>Startseite<\/strong>&#8220; und Template &#8222;<strong>Seite ohne Sidebar<\/strong>&#8220; <ul><li>mit alternativen Headerbereichen (Bild, Slider,Slideshow)<\/li><li>ohne Sidebar <\/li><li><a href=\"https:\/\/bo-themes.de\/wordpress-themes\/bo-handwerk\/start-beispiel-elektro\/\" target=\"_blank\" rel=\"noreferrer noopener\" aria-label=\" (\u00f6ffnet in neuem Tab)\">Beispiel dazu \u00bb<\/a> <\/li><\/ul><\/li><li>Template &#8222;<strong>Liste mit Leistungen&#8220;<\/strong> <ul><li>Liste mit allen Seiten (Auszug) aus der  Rubrik &#8222;Leistungen&#8220;<\/li><li><a href=\"https:\/\/bo-themes.de\/wordpress-themes\/bo-handwerk\/leistungen\/\" target=\"_blank\" rel=\"noreferrer noopener\" aria-label=\" (\u00f6ffnet in neuem Tab)\">Beispiel dazu \u00bb<\/a> <\/li><\/ul><\/li><li>Template &#8222;<strong>Liste mit Referenzen&#8220;<\/strong><ul><li>Liste mit allen Seiten (Auszug) aus der  Rrubrik &#8222;Referenzen&#8220;<\/li><li><a href=\"https:\/\/bo-themes.de\/wordpress-themes\/bo-handwerk\/referenzen\/\">Beispiel dazu \u00bb<\/a> <\/li><\/ul><\/li><\/ul>\n<\/div>\n\n\n\n<div class=\"wp-block-column is-layout-flow wp-block-column-is-layout-flow\">\n<ul class=\"wp-block-list\"><li>Einzelseite &#8211; Leistungen<ul><li><a href=\"https:\/\/brings-online.com\/demo\/wordpress-theme-office\/leistung\/apple-pie-fruitcake\/\">Beispiel dazu \u00bb<\/a><\/li><\/ul><\/li><li>Einzelseite &#8211; Referenzen<ul><li>Optionale Datenfelder f\u00fcr Projektdaten<\/li><li><a href=\"https:\/\/bo-themes.de\/wordpress-themes\/bo-handwerk\/referenz\/projekt-no-1\/\">Beispiel dazu \u00bb<\/a><\/li><\/ul><\/li><\/ul>\n\n\n\n<div style=\"height:20px\" aria-hidden=\"true\" class=\"wp-block-spacer\"><\/div>\n\n\n\n<ul class=\"wp-block-list\"><li>Beitragsseite (Blog)<ul><li><a href=\"https:\/\/bo-themes.de\/wordpress-themes\/bo-handwerk\/blog\/\">Beispiel dazu \u00bb<\/a> <\/li><\/ul><\/li><li>Beitragskategorie<ul><li><a href=\"https:\/\/bo-themes.de\/wordpress-themes\/bo-handwerk\/category\/renovierung\/\">Beispiele dazu \u00bb<\/a><\/li><\/ul><\/li><li>Beitrag<ul><li><a href=\"https:\/\/brings-online.com\/demo\/wordpress-theme-office\/angebotskategorien\/consulting\/\">Beispiel dazu \u00bb<\/a><\/li><\/ul><\/li><\/ul>\n<\/div>\n<\/div>\n<\/div><\/div><\/div>\n\n\n\n<div style=\"height:58px\" aria-hidden=\"true\" class=\"wp-block-spacer\"><\/div>\n","protected":false},"excerpt":{"rendered":"<p>Hier finden Sie Infos zu allen verf\u00fcgbaren Templates und zus\u00e4tzlichen Seiten, die zur individuellen Gestaltung der Webseite zur Verf\u00fcgung stehen. Screenshots zu den verschiedenen Elementen im Adminbereich finden Sie hier. Wenn Sie Fragen zum Theme haben und\/oder nicht sicher sind, ob die Optionen Ihrem Bedarf entsprechen, senden Sie hier eine Nachricht! Sie erhalten schnellstm\u00f6glich eine<\/p>\n","protected":false},"author":3,"featured_media":0,"parent":3367,"menu_order":0,"comment_status":"closed","ping_status":"closed","template":"page-fullwidth.php","meta":{"footnotes":""},"class_list":["post-4055","page","type-page","status-publish","hentry"],"yoast_head":"<!-- This site is optimized with the Yoast SEO plugin v26.6 - https:\/\/yoast.com\/wordpress\/plugins\/seo\/ -->\n<title>BO Handwerk - Templates - BO Handwerk<\/title>\n<meta name=\"description\" content=\"BO Handwerk: Dies ist eine Demo-Webseite f\u00fcr BO-Handwerk, unserem WordPress Theme f\u00fcr Handwerksbetriebe\" \/>\n<meta name=\"robots\" content=\"index, follow, max-snippet:-1, max-image-preview:large, max-video-preview:-1\" \/>\n<link rel=\"canonical\" href=\"https:\/\/bo-themes.de\/wordpress-themes\/bo-handwerk\/theme-infos\/bo-handwerk-templates\/\" \/>\n<meta property=\"og:locale\" content=\"de_DE\" \/>\n<meta property=\"og:type\" content=\"article\" \/>\n<meta property=\"og:title\" content=\"BO Handwerk - Templates - BO Handwerk\" \/>\n<meta property=\"og:description\" content=\"BO Handwerk: Dies ist eine Demo-Webseite f\u00fcr BO-Handwerk, unserem WordPress Theme f\u00fcr Handwerksbetriebe\" \/>\n<meta property=\"og:url\" content=\"https:\/\/bo-themes.de\/wordpress-themes\/bo-handwerk\/theme-infos\/bo-handwerk-templates\/\" \/>\n<meta property=\"og:site_name\" content=\"BO Handwerk\" \/>\n<meta property=\"og:image\" content=\"https:\/\/bo-themes.de\/wordpress-themes\/bo-handwerk\/wp-content\/uploads\/sites\/5\/2025\/04\/screen-handwerk-theme-a.webp\" \/>\n\t<meta property=\"og:image:width\" content=\"1200\" \/>\n\t<meta property=\"og:image:height\" content=\"732\" \/>\n\t<meta property=\"og:image:type\" content=\"image\/webp\" \/>\n<meta name=\"twitter:card\" content=\"summary_large_image\" \/>\n<meta name=\"twitter:label1\" content=\"Gesch\u00e4tzte Lesezeit\" \/>\n\t<meta name=\"twitter:data1\" content=\"1\u00a0Minute\" \/>\n<script type=\"application\/ld+json\" class=\"yoast-schema-graph\">{\"@context\":\"https:\/\/schema.org\",\"@graph\":[{\"@type\":\"WebPage\",\"@id\":\"https:\/\/bo-themes.de\/wordpress-themes\/bo-handwerk\/theme-infos\/bo-handwerk-templates\/\",\"url\":\"https:\/\/bo-themes.de\/wordpress-themes\/bo-handwerk\/theme-infos\/bo-handwerk-templates\/\",\"name\":\"BO Handwerk - Templates - BO Handwerk\",\"isPartOf\":{\"@id\":\"https:\/\/bo-themes.de\/wordpress-themes\/bo-handwerk\/#website\"},\"datePublished\":\"2019-06-30T13:39:00+00:00\",\"description\":\"BO Handwerk: Dies ist eine Demo-Webseite f\u00fcr BO-Handwerk, unserem WordPress Theme f\u00fcr Handwerksbetriebe\",\"breadcrumb\":{\"@id\":\"https:\/\/bo-themes.de\/wordpress-themes\/bo-handwerk\/theme-infos\/bo-handwerk-templates\/#breadcrumb\"},\"inLanguage\":\"de\",\"potentialAction\":[{\"@type\":\"ReadAction\",\"target\":[\"https:\/\/bo-themes.de\/wordpress-themes\/bo-handwerk\/theme-infos\/bo-handwerk-templates\/\"]}]},{\"@type\":\"BreadcrumbList\",\"@id\":\"https:\/\/bo-themes.de\/wordpress-themes\/bo-handwerk\/theme-infos\/bo-handwerk-templates\/#breadcrumb\",\"itemListElement\":[{\"@type\":\"ListItem\",\"position\":1,\"name\":\"Startseite\",\"item\":\"https:\/\/bo-themes.de\/wordpress-themes\/bo-handwerk\/\"},{\"@type\":\"ListItem\",\"position\":2,\"name\":\"Theme-Infos\",\"item\":\"https:\/\/bo-themes.de\/wordpress-themes\/bo-handwerk\/theme-infos\/\"},{\"@type\":\"ListItem\",\"position\":3,\"name\":\"BO Handwerk &#8211; Templates\"}]},{\"@type\":\"WebSite\",\"@id\":\"https:\/\/bo-themes.de\/wordpress-themes\/bo-handwerk\/#website\",\"url\":\"https:\/\/bo-themes.de\/wordpress-themes\/bo-handwerk\/\",\"name\":\"BO Handwerk - WordPress Theme f\u00fcr Handwerksbetriebe\",\"description\":\"\",\"publisher\":{\"@id\":\"https:\/\/bo-themes.de\/wordpress-themes\/bo-handwerk\/#organization\"},\"alternateName\":\"BO Handwerk\",\"potentialAction\":[{\"@type\":\"SearchAction\",\"target\":{\"@type\":\"EntryPoint\",\"urlTemplate\":\"https:\/\/bo-themes.de\/wordpress-themes\/bo-handwerk\/?s={search_term_string}\"},\"query-input\":{\"@type\":\"PropertyValueSpecification\",\"valueRequired\":true,\"valueName\":\"search_term_string\"}}],\"inLanguage\":\"de\"},{\"@type\":\"Organization\",\"@id\":\"https:\/\/bo-themes.de\/wordpress-themes\/bo-handwerk\/#organization\",\"name\":\"BO Handwerk - WordPress Theme f\u00fcr Handwerksbetriebe\",\"alternateName\":\"BO Handwerk\",\"url\":\"https:\/\/bo-themes.de\/wordpress-themes\/bo-handwerk\/\",\"logo\":{\"@type\":\"ImageObject\",\"inLanguage\":\"de\",\"@id\":\"https:\/\/bo-themes.de\/wordpress-themes\/bo-handwerk\/#\/schema\/logo\/image\/\",\"url\":\"https:\/\/bo-themes.de\/wordpress-themes\/bo-handwerk\/wp-content\/uploads\/sites\/5\/2019\/07\/cropped-wpicon-brings.png\",\"contentUrl\":\"https:\/\/bo-themes.de\/wordpress-themes\/bo-handwerk\/wp-content\/uploads\/sites\/5\/2019\/07\/cropped-wpicon-brings.png\",\"width\":512,\"height\":512,\"caption\":\"BO Handwerk - WordPress Theme f\u00fcr Handwerksbetriebe\"},\"image\":{\"@id\":\"https:\/\/bo-themes.de\/wordpress-themes\/bo-handwerk\/#\/schema\/logo\/image\/\"}}]}<\/script>\n<!-- \/ Yoast SEO plugin. -->","yoast_head_json":{"title":"BO Handwerk - Templates - BO Handwerk","description":"BO Handwerk: Dies ist eine Demo-Webseite f\u00fcr BO-Handwerk, unserem WordPress Theme f\u00fcr Handwerksbetriebe","robots":{"index":"index","follow":"follow","max-snippet":"max-snippet:-1","max-image-preview":"max-image-preview:large","max-video-preview":"max-video-preview:-1"},"canonical":"https:\/\/bo-themes.de\/wordpress-themes\/bo-handwerk\/theme-infos\/bo-handwerk-templates\/","og_locale":"de_DE","og_type":"article","og_title":"BO Handwerk - Templates - BO Handwerk","og_description":"BO Handwerk: Dies ist eine Demo-Webseite f\u00fcr BO-Handwerk, unserem WordPress Theme f\u00fcr Handwerksbetriebe","og_url":"https:\/\/bo-themes.de\/wordpress-themes\/bo-handwerk\/theme-infos\/bo-handwerk-templates\/","og_site_name":"BO Handwerk","og_image":[{"width":1200,"height":732,"url":"https:\/\/bo-themes.de\/wordpress-themes\/bo-handwerk\/wp-content\/uploads\/sites\/5\/2025\/04\/screen-handwerk-theme-a.webp","type":"image\/webp"}],"twitter_card":"summary_large_image","twitter_misc":{"Gesch\u00e4tzte Lesezeit":"1\u00a0Minute"},"schema":{"@context":"https:\/\/schema.org","@graph":[{"@type":"WebPage","@id":"https:\/\/bo-themes.de\/wordpress-themes\/bo-handwerk\/theme-infos\/bo-handwerk-templates\/","url":"https:\/\/bo-themes.de\/wordpress-themes\/bo-handwerk\/theme-infos\/bo-handwerk-templates\/","name":"BO Handwerk - Templates - BO Handwerk","isPartOf":{"@id":"https:\/\/bo-themes.de\/wordpress-themes\/bo-handwerk\/#website"},"datePublished":"2019-06-30T13:39:00+00:00","description":"BO Handwerk: Dies ist eine Demo-Webseite f\u00fcr BO-Handwerk, unserem WordPress Theme f\u00fcr Handwerksbetriebe","breadcrumb":{"@id":"https:\/\/bo-themes.de\/wordpress-themes\/bo-handwerk\/theme-infos\/bo-handwerk-templates\/#breadcrumb"},"inLanguage":"de","potentialAction":[{"@type":"ReadAction","target":["https:\/\/bo-themes.de\/wordpress-themes\/bo-handwerk\/theme-infos\/bo-handwerk-templates\/"]}]},{"@type":"BreadcrumbList","@id":"https:\/\/bo-themes.de\/wordpress-themes\/bo-handwerk\/theme-infos\/bo-handwerk-templates\/#breadcrumb","itemListElement":[{"@type":"ListItem","position":1,"name":"Startseite","item":"https:\/\/bo-themes.de\/wordpress-themes\/bo-handwerk\/"},{"@type":"ListItem","position":2,"name":"Theme-Infos","item":"https:\/\/bo-themes.de\/wordpress-themes\/bo-handwerk\/theme-infos\/"},{"@type":"ListItem","position":3,"name":"BO Handwerk &#8211; Templates"}]},{"@type":"WebSite","@id":"https:\/\/bo-themes.de\/wordpress-themes\/bo-handwerk\/#website","url":"https:\/\/bo-themes.de\/wordpress-themes\/bo-handwerk\/","name":"BO Handwerk - WordPress Theme f\u00fcr Handwerksbetriebe","description":"","publisher":{"@id":"https:\/\/bo-themes.de\/wordpress-themes\/bo-handwerk\/#organization"},"alternateName":"BO Handwerk","potentialAction":[{"@type":"SearchAction","target":{"@type":"EntryPoint","urlTemplate":"https:\/\/bo-themes.de\/wordpress-themes\/bo-handwerk\/?s={search_term_string}"},"query-input":{"@type":"PropertyValueSpecification","valueRequired":true,"valueName":"search_term_string"}}],"inLanguage":"de"},{"@type":"Organization","@id":"https:\/\/bo-themes.de\/wordpress-themes\/bo-handwerk\/#organization","name":"BO Handwerk - WordPress Theme f\u00fcr Handwerksbetriebe","alternateName":"BO Handwerk","url":"https:\/\/bo-themes.de\/wordpress-themes\/bo-handwerk\/","logo":{"@type":"ImageObject","inLanguage":"de","@id":"https:\/\/bo-themes.de\/wordpress-themes\/bo-handwerk\/#\/schema\/logo\/image\/","url":"https:\/\/bo-themes.de\/wordpress-themes\/bo-handwerk\/wp-content\/uploads\/sites\/5\/2019\/07\/cropped-wpicon-brings.png","contentUrl":"https:\/\/bo-themes.de\/wordpress-themes\/bo-handwerk\/wp-content\/uploads\/sites\/5\/2019\/07\/cropped-wpicon-brings.png","width":512,"height":512,"caption":"BO Handwerk - WordPress Theme f\u00fcr Handwerksbetriebe"},"image":{"@id":"https:\/\/bo-themes.de\/wordpress-themes\/bo-handwerk\/#\/schema\/logo\/image\/"}}]}},"featured_image_src":null,"featured_image_src_square":null,"_links":{"self":[{"href":"https:\/\/bo-themes.de\/wordpress-themes\/bo-handwerk\/wp-json\/wp\/v2\/pages\/4055","targetHints":{"allow":["GET"]}}],"collection":[{"href":"https:\/\/bo-themes.de\/wordpress-themes\/bo-handwerk\/wp-json\/wp\/v2\/pages"}],"about":[{"href":"https:\/\/bo-themes.de\/wordpress-themes\/bo-handwerk\/wp-json\/wp\/v2\/types\/page"}],"author":[{"embeddable":true,"href":"https:\/\/bo-themes.de\/wordpress-themes\/bo-handwerk\/wp-json\/wp\/v2\/users\/3"}],"replies":[{"embeddable":true,"href":"https:\/\/bo-themes.de\/wordpress-themes\/bo-handwerk\/wp-json\/wp\/v2\/comments?post=4055"}],"version-history":[{"count":0,"href":"https:\/\/bo-themes.de\/wordpress-themes\/bo-handwerk\/wp-json\/wp\/v2\/pages\/4055\/revisions"}],"up":[{"embeddable":true,"href":"https:\/\/bo-themes.de\/wordpress-themes\/bo-handwerk\/wp-json\/wp\/v2\/pages\/3367"}],"wp:attachment":[{"href":"https:\/\/bo-themes.de\/wordpress-themes\/bo-handwerk\/wp-json\/wp\/v2\/media?parent=4055"}],"curies":[{"name":"wp","href":"https:\/\/api.w.org\/{rel}","templated":true}]}}