{"id":3504,"date":"2019-06-10T14:43:48","date_gmt":"2019-06-10T12:43:48","guid":{"rendered":"https:\/\/brings-online.com\/demo\/wordpress-theme-handwerk\/?page_id=3504"},"modified":"2019-06-10T14:43:48","modified_gmt":"2019-06-10T12:43:48","slug":"start-beispiel-maler","status":"publish","type":"page","link":"https:\/\/bo-themes.de\/wordpress-themes\/bo-handwerk\/start-beispiel-maler\/","title":{"rendered":"Start &#8211; Beispiel: Maler"},"content":{"rendered":"<style>\n\t.bo-block-header-section {background-image:url(https:\/\/bo-themes.de\/wordpress-themes\/bo-handwerk\/wp-content\/uploads\/sites\/5\/2019\/06\/handwerk-maler-top-1360x544.jpg);height:544px; background-position:center;}\n\t.bo-block-header-overlay {height:544px;}\n\t.bo-block-header-section.alignfull {background-image:url(https:\/\/bo-themes.de\/wordpress-themes\/bo-handwerk\/wp-content\/uploads\/sites\/5\/2019\/06\/handwerk-maler-top.jpg);height:800px;}\n\t.bo-block-header-section.alignfull .bo-block-header-overlay {height:800px;}\n\t\n@media only screen and (max-width: 840px) {\n\t\n\t.bo-block-header-section {background-image:url(https:\/\/bo-themes.de\/wordpress-themes\/bo-handwerk\/wp-content\/uploads\/sites\/5\/2019\/06\/handwerk-maler-top-840x336.jpg); height:336px; } \n\t.bo-block-header-section.alignfull {background-image:url(https:\/\/bo-themes.de\/wordpress-themes\/bo-handwerk\/wp-content\/uploads\/sites\/5\/2019\/06\/handwerk-maler-top-840x336.jpg);height:336px;}\n\t.bo-block-header-overlay {height:336px;}\n\t.bo-block-header-section.alignfull .bo-block-header-overlay {height:336px;}\n\t}\n\n\t.bo-block-header-overlay {animation-delay:400ms; animation-duration:500ms; }\n\t\n\t\n<\/style>\n<section class=\"bo-block-header-section alignwide \" style=\"background-color:; background-repeat:no-repeat; \">\n<div class=\"bo-block-header-overlay animated fadeIn\" style=\"background-color: rgba(255, 255, 255, 0);\">\n<div class=\"bo-block-header-container\">\n<div class=\"bo-block-header-wrapper leftpos animated fadeIn\" >\n\t\n <h1 class=\"bo-block-header-heading\" style=\"font-size: 30px; color:#424A59\"><span class=\"bo-block-header-heading-mobile\">Malermeister Mustermann GmbH<\/span><\/h1>\t\t <p class=\"bo-block-header-text\" style=\"font-size:18px; color:#424A59\"><span class=\"bo-block-header-text-mobile\">Wir sind Ihr kompetenter Partner mit langj\u00e4hriger Erfahrung bei der Ausf\u00fchrung s\u00e4mtlicher Lackier- und Malerarbeiten im Au\u00dfen- und Innenbereich. <\/span><\/p>\t\t\n\t\t\t\n                <div class=\"bo-block-header-buttons\">\n\t\t\t\t\t\n<a class=\"bo-block-header-button-1\" style=\"color:#D6393E !important; background:#ffffff;\" href=\"#\" target=\"_self\">Unsere Leistungen<\/a><a class=\"bo-block-header-button-2\" style=\"color:#ffffff !important; background:#D6393E;\" href=\"tel:0123456788\" target=\"_blank\"><i class=\"icofont-phone-circle\"><\/i> Rufen Sie uns an!<\/a>                <\/div>            <\/div>\n        <\/div>   \n    <\/div>\n<\/section>\n\n<div class=\"color-separator \" style=\"height:15px; background-color: #D6393E; margin-top:-1px; margin-bottom:20px;\"><\/div>\n\n\n\n\n\n\n<div style=\"height:41px\" aria-hidden=\"true\" class=\"wp-block-spacer\"><\/div>\n\n\n<div class=\"slogan links\">\n<div class=\"preambel\">\n<span style=\"color:#D6393E;\">Wir sind f\u00fcr Sie da!<\/span>\n<\/div>\n<h2 style=\"font-size:30px; color:#424A59;\">\n<span class=\"slogan-mobile\">\u00dcber 25 Jahre Erfahrung und Kontinuit\u00e4t<\/span><\/h2><span style=\"background:#D6393E\"><\/span><\/div>\n\t\n\t\n\n\n<p class=\"has-text-align-left\">Lorem ipsum dolor sit amet, consetetur sadipscing elitr, sed diam nonumy eirmod tempor invidunt ut labore et dolore magna aliquyam erat, sed diam voluptua. At vero eos et accusam et justo duo dolores et ea rebum. Stet clita kasd gubergren, no sea takimata sanctus est Lorem ipsum dolor sit amet. Lorem ipsum dolor sit amet, consetetur sadipscing elitr, sed diam nonumy eirmod tempor invidunt ut labore et dolore magna aliquyam erat, sed diam voluptua. At vero eos et accusam et justo duo dolores et ea rebum. Stet clita kasd gubergren, no sea takimata sanctus est Lorem ipsum dolor sit amet.<\/p>\n\n\n\n<div style=\"height:30px\" aria-hidden=\"true\" class=\"wp-block-spacer\"><\/div>\n\n\n\n<div class=\"wp-block-columns has-4-columns is-layout-flex wp-container-core-columns-is-layout-28f84493 wp-block-columns-is-layout-flex\">\n<div class=\"wp-block-column is-layout-flow wp-block-column-is-layout-flow\"><div class=\"simplebox\" >\n<div class=\"box-icon\"><i style=\"color:#7A8394;\" class=\"icofont-building-alt\"><\/i><\/div>\t\n<h3>Au\u00dfen- und Innenbereich<\/h3>\n<\/div><\/div>\n\n\n\n<div class=\"wp-block-column is-layout-flow wp-block-column-is-layout-flow\"><div class=\"simplebox\" >\n<div class=\"box-icon\"><i style=\"color:#D6393E;\" class=\"icofont-paint-brush\"><\/i><\/div>\t\n<h3>Alle Malerarbeiten<\/h3>\n<\/div><\/div>\n\n\n\n<div class=\"wp-block-column is-layout-flow wp-block-column-is-layout-flow\"><div class=\"simplebox\" >\n<div class=\"box-icon\"><i style=\"color:#D6393E;\" class=\"icofont-bucket2\"><\/i><\/div>\t\n<h3>Alle Lackierarbeiten<\/h3>\n<\/div><\/div>\n\n\n\n<div class=\"wp-block-column is-layout-flow wp-block-column-is-layout-flow\"><div class=\"simplebox\" >\n<div class=\"box-icon\"><i style=\"color:#7A8394;\" class=\"icofont-architecture\"><\/i><\/div>\t\n<h3>Projektplanung<\/h3>\n<\/div><\/div>\n<\/div>\n\n\n\n<div style=\"height:40px\" aria-hidden=\"true\" class=\"wp-block-spacer\"><\/div>\n\n\n<div class=\"slogan links\">\n<div class=\"preambel\">\n<span style=\"color:#D6393E;\">\u00dcber uns<\/span>\n<\/div>\n<h2 style=\"font-size:30px; color:#424A59;\">\n<span class=\"slogan-mobile\">Wir bringen Farbe in Ihr Leben!<\/span><\/h2><span style=\"background:#D6393E\"><\/span><\/div>\n\t\n\t\n\n\n<div class=\"wp-block-columns has-2-columns is-layout-flex wp-container-core-columns-is-layout-28f84493 wp-block-columns-is-layout-flex\">\n<div class=\"wp-block-column is-layout-flow wp-block-column-is-layout-flow\">\n<p class=\"has-background\" style=\"background-color:#f0f1f6\"><strong>Lorem ipsum dolor sit amet, consetetur sadipscing elitr, sed diam nonumy eirmod tempor invidunt ut labore et dolore magna aliquyam erat, sed diam voluptua. At vero eos et accusam et justo duo dolores et ea rebum.<\/strong> <\/p>\n\n\n\n<div style=\"height:20px\" aria-hidden=\"true\" class=\"wp-block-spacer\"><\/div>\n\n\n\n<div class=\"wp-block-columns has-2-columns are-vertically-aligned-center is-layout-flex wp-container-core-columns-is-layout-28f84493 wp-block-columns-is-layout-flex\">\n<div class=\"wp-block-column is-vertically-aligned-center is-layout-flow wp-block-column-is-layout-flow\">\n<ul class=\"wp-block-list\">\n<li>Malerarbeiten<\/li>\n\n\n\n<li>Diverse Spachteltechniken<\/li>\n\n\n\n<li>Walztechniken<\/li>\n\n\n\n<li>Tapezieren<\/li>\n<\/ul>\n<\/div>\n\n\n\n<div class=\"wp-block-column is-vertically-aligned-center is-layout-flow wp-block-column-is-layout-flow\">\n<ul class=\"wp-block-list\">\n<li>Fassaden streichen<\/li>\n\n\n\n<li>Lackieren<\/li>\n\n\n\n<li>Streicharbeiten<\/li>\n\n\n\n<li>Holzschutz<\/li>\n<\/ul>\n<\/div>\n<\/div>\n\n\n<div class=\"sc-button\" style=\"text-align:left \"><a style=\"background:#D6393E\" target=\"_self\" href=\"https:\/\/bo-themes.de\/wordpress-themes\/bo-handwerk\/referenzen\/\"><span>Unsere Referenzprojekte anschauen<\/span><\/a><\/div><\/div>\n\n\n\n<div class=\"wp-block-column is-layout-flow wp-block-column-is-layout-flow\">\n<figure class=\"wp-block-image\"><img loading=\"lazy\" decoding=\"async\" width=\"800\" height=\"533\" src=\"https:\/\/bo-themes.de\/wordpress-themes\/bo-handwerk\/wp-content\/uploads\/sites\/5\/2019\/06\/handwerk-maler1.jpg\" alt=\"Handwerk WordPress Theme - Maler\" class=\"wp-image-3533\" srcset=\"https:\/\/bo-themes.de\/wordpress-themes\/bo-handwerk\/wp-content\/uploads\/sites\/5\/2019\/06\/handwerk-maler1.jpg 800w, https:\/\/bo-themes.de\/wordpress-themes\/bo-handwerk\/wp-content\/uploads\/sites\/5\/2019\/06\/handwerk-maler1-300x200.jpg 300w, https:\/\/bo-themes.de\/wordpress-themes\/bo-handwerk\/wp-content\/uploads\/sites\/5\/2019\/06\/handwerk-maler1-768x512.jpg 768w, https:\/\/bo-themes.de\/wordpress-themes\/bo-handwerk\/wp-content\/uploads\/sites\/5\/2019\/06\/handwerk-maler1-80x53.jpg 80w, https:\/\/bo-themes.de\/wordpress-themes\/bo-handwerk\/wp-content\/uploads\/sites\/5\/2019\/06\/handwerk-maler1-400x266.jpg 400w, https:\/\/bo-themes.de\/wordpress-themes\/bo-handwerk\/wp-content\/uploads\/sites\/5\/2019\/06\/handwerk-maler1-305x203.jpg 305w, https:\/\/bo-themes.de\/wordpress-themes\/bo-handwerk\/wp-content\/uploads\/sites\/5\/2019\/06\/handwerk-maler1-425x282.jpg 425w, https:\/\/bo-themes.de\/wordpress-themes\/bo-handwerk\/wp-content\/uploads\/sites\/5\/2019\/06\/handwerk-maler1-480x320.jpg 480w, https:\/\/bo-themes.de\/wordpress-themes\/bo-handwerk\/wp-content\/uploads\/sites\/5\/2019\/06\/handwerk-maler1-600x400.jpg 600w\" sizes=\"auto, (max-width: 800px) 100vw, 800px\" \/><\/figure>\n<\/div>\n<\/div>\n\n\n\n<div style=\"height:60px\" aria-hidden=\"true\" class=\"wp-block-spacer\"><\/div>\n\n\n\n<div class=\"wp-block-cover alignfull has-parallax\"><span aria-hidden=\"true\" class=\"wp-block-cover__background has-background-dim-70 has-background-dim\" style=\"background-color:#011724\"><\/span><div role=\"img\" class=\"wp-block-cover__image-background wp-image-3557 has-parallax\" style=\"background-position:50% 50%;background-image:url(https:\/\/bo-themes.de\/wordpress-themes\/bo-handwerk\/wp-content\/uploads\/sites\/5\/2019\/06\/handwerk-maler-top2.jpg)\"><\/div><div class=\"wp-block-cover__inner-container is-layout-flow wp-block-cover-is-layout-flow\">\n<p class=\"has-text-align-center\" style=\"font-size:20px\">Wir bieten:<\/p>\n\n\n\n<p class=\"has-text-align-center\" style=\"font-size:40px\"><strong>Kostenlose Erstberatung vor Ort!<\/strong><\/p>\n<\/div><\/div>\n\n\n<div class=\"color-separator alignfull\" style=\"height:7px; background-color: #D6393E; margin-top:0px; margin-bottom:20px;\"><\/div>\n\n\n\n\n\n\n<div style=\"height:67px\" aria-hidden=\"true\" class=\"wp-block-spacer\"><\/div>\n\n\n<div class=\"slogan \">\n<div class=\"preambel\">\n<span style=\"color:#D6393E;\">Wir m\u00f6chten, dass Sie zufrieden sind<\/span>\n<\/div>\n<h2 style=\"font-size:30px; color:#424A59;\">\n<span class=\"slogan-mobile\">Das sagen unsere Kunden<\/span><\/h2><span style=\"background:#D6393E\"><\/span><\/div>\n\t\n\t\n\n<div class=\"testimonial-wrap\"><div class=\"testimonial-edge\"><div class=\"testimonials\"><div class=\"testimonial\"><blockquote><p>Lorem ipsum dolor sit amet, consetetur sadipscing elitr, sed diam nonumy eirmod tempor invidunt ut labore et dolore magna aliquyam erat, sed diam voluptua. At vero eos et accusam et justo duo dolores et ea rebum. Stet clita kasd gubergren, no sea takimata sanctus est Lorem ipsum dolor sit amet.<\/p><\/blockquote><cite>Max Maier<\/cite><\/div><div class=\"testimonial\"><blockquote><p>At vero eos et accusam et justo duo dolores et ea rebum. Stet clita kasd gubergren, no sea takimata sanctus est Lorem ipsum dolor sit amet.<\/p><\/blockquote><cite>Martin M\u00fcller<\/cite><\/div><div class=\"testimonial\"><blockquote><p>Lorem ipsum dolor sit amet, consetetur sadipscing elitr, sed diam nonumy eirmod tempor invidunt ut labore et dolore magna aliquyam erat, sed diam voluptua. At vero eos et accusam et justo duo dolores et ea rebum. Stet clita kasd gubergren, no sea takimata sanctus est Lorem ipsum dolor sit amet.<\/p><\/blockquote><cite>Erika Mustermann<\/cite><\/div><div class=\"testimonial\"><blockquote><p>At vero eos et accusam et justo duo dolores et ea rebum. Stet clita kasd gubergren, no sea takimata sanctus est Lorem ipsum dolor sit amet.<\/p><\/blockquote><cite>Jane Doe<\/cite><\/div><\/div><\/div><\/div><script> jQuery(document).ready(function($){\"use strict\";\t$(\".testimonials\").slick({infinite: true,dots: true,arrows: false,slidesToShow: 1,slidesToScroll: 1,autoplay: true, autoplaySpeed: 5000,speed: 400,\tfade: true, });});<\/script>\n\n\n\n<div style=\"height:100px\" aria-hidden=\"true\" class=\"wp-block-spacer\"><\/div>\n","protected":false},"excerpt":{"rendered":"<p>Lorem ipsum dolor sit amet, consetetur sadipscing elitr, sed diam nonumy eirmod tempor invidunt ut labore et dolore magna aliquyam erat, sed diam voluptua. At vero eos et accusam et justo duo dolores et ea rebum. Stet clita kasd gubergren, no sea takimata sanctus est Lorem ipsum dolor sit amet. Lorem ipsum dolor sit amet,<\/p>\n","protected":false},"author":3,"featured_media":0,"parent":0,"menu_order":0,"comment_status":"closed","ping_status":"closed","template":"homepage.php","meta":{"footnotes":""},"class_list":["post-3504","page","type-page","status-publish","hentry"],"yoast_head":"<!-- This site is optimized with the Yoast SEO plugin v26.6 - https:\/\/yoast.com\/wordpress\/plugins\/seo\/ -->\n<title>Start - Beispiel: Maler - BO Handwerk<\/title>\n<meta name=\"description\" content=\"BO Handwerk: Dies ist eine Demo-Webseite f\u00fcr BO-Handwerk, unserem WordPress Theme f\u00fcr Handwerksbetriebe\" \/>\n<meta name=\"robots\" content=\"index, follow, max-snippet:-1, max-image-preview:large, max-video-preview:-1\" \/>\n<link rel=\"canonical\" href=\"https:\/\/bo-themes.de\/wordpress-themes\/bo-handwerk\/start-beispiel-maler\/\" \/>\n<meta property=\"og:locale\" content=\"de_DE\" \/>\n<meta property=\"og:type\" content=\"article\" \/>\n<meta property=\"og:title\" content=\"Start - Beispiel: Maler - BO Handwerk\" \/>\n<meta property=\"og:description\" content=\"BO Handwerk: Dies ist eine Demo-Webseite f\u00fcr BO-Handwerk, unserem WordPress Theme f\u00fcr Handwerksbetriebe\" \/>\n<meta property=\"og:url\" content=\"https:\/\/bo-themes.de\/wordpress-themes\/bo-handwerk\/start-beispiel-maler\/\" \/>\n<meta property=\"og:site_name\" content=\"BO Handwerk\" \/>\n<meta property=\"og:image\" content=\"https:\/\/bo-themes.de\/wordpress-themes\/bo-handwerk\/wp-content\/uploads\/sites\/5\/2019\/06\/handwerk-maler1.jpg\" \/>\n\t<meta property=\"og:image:width\" content=\"800\" \/>\n\t<meta property=\"og:image:height\" content=\"533\" \/>\n\t<meta property=\"og:image:type\" content=\"image\/jpeg\" \/>\n<meta name=\"twitter:card\" content=\"summary_large_image\" \/>\n<meta name=\"twitter:label1\" content=\"Gesch\u00e4tzte Lesezeit\" \/>\n\t<meta name=\"twitter:data1\" content=\"2\u00a0Minuten\" \/>\n<script type=\"application\/ld+json\" class=\"yoast-schema-graph\">{\"@context\":\"https:\/\/schema.org\",\"@graph\":[{\"@type\":\"WebPage\",\"@id\":\"https:\/\/bo-themes.de\/wordpress-themes\/bo-handwerk\/start-beispiel-maler\/\",\"url\":\"https:\/\/bo-themes.de\/wordpress-themes\/bo-handwerk\/start-beispiel-maler\/\",\"name\":\"Start - Beispiel: Maler - BO Handwerk\",\"isPartOf\":{\"@id\":\"https:\/\/bo-themes.de\/wordpress-themes\/bo-handwerk\/#website\"},\"primaryImageOfPage\":{\"@id\":\"https:\/\/bo-themes.de\/wordpress-themes\/bo-handwerk\/start-beispiel-maler\/#primaryimage\"},\"image\":{\"@id\":\"https:\/\/bo-themes.de\/wordpress-themes\/bo-handwerk\/start-beispiel-maler\/#primaryimage\"},\"thumbnailUrl\":\"https:\/\/bo-themes.de\/wordpress-themes\/bo-handwerk\/wp-content\/uploads\/sites\/5\/2019\/06\/handwerk-maler1.jpg\",\"datePublished\":\"2019-06-10T12:43:48+00:00\",\"description\":\"BO Handwerk: Dies ist eine Demo-Webseite f\u00fcr BO-Handwerk, unserem WordPress Theme f\u00fcr Handwerksbetriebe\",\"breadcrumb\":{\"@id\":\"https:\/\/bo-themes.de\/wordpress-themes\/bo-handwerk\/start-beispiel-maler\/#breadcrumb\"},\"inLanguage\":\"de\",\"potentialAction\":[{\"@type\":\"ReadAction\",\"target\":[\"https:\/\/bo-themes.de\/wordpress-themes\/bo-handwerk\/start-beispiel-maler\/\"]}]},{\"@type\":\"ImageObject\",\"inLanguage\":\"de\",\"@id\":\"https:\/\/bo-themes.de\/wordpress-themes\/bo-handwerk\/start-beispiel-maler\/#primaryimage\",\"url\":\"https:\/\/bo-themes.de\/wordpress-themes\/bo-handwerk\/wp-content\/uploads\/sites\/5\/2019\/06\/handwerk-maler1.jpg\",\"contentUrl\":\"https:\/\/bo-themes.de\/wordpress-themes\/bo-handwerk\/wp-content\/uploads\/sites\/5\/2019\/06\/handwerk-maler1.jpg\",\"width\":800,\"height\":533,\"caption\":\"Handwerk WordPress Theme - Maler\"},{\"@type\":\"BreadcrumbList\",\"@id\":\"https:\/\/bo-themes.de\/wordpress-themes\/bo-handwerk\/start-beispiel-maler\/#breadcrumb\",\"itemListElement\":[{\"@type\":\"ListItem\",\"position\":1,\"name\":\"Startseite\",\"item\":\"https:\/\/bo-themes.de\/wordpress-themes\/bo-handwerk\/\"},{\"@type\":\"ListItem\",\"position\":2,\"name\":\"Start &#8211; Beispiel: Maler\"}]},{\"@type\":\"WebSite\",\"@id\":\"https:\/\/bo-themes.de\/wordpress-themes\/bo-handwerk\/#website\",\"url\":\"https:\/\/bo-themes.de\/wordpress-themes\/bo-handwerk\/\",\"name\":\"BO Handwerk - WordPress Theme f\u00fcr Handwerksbetriebe\",\"description\":\"\",\"publisher\":{\"@id\":\"https:\/\/bo-themes.de\/wordpress-themes\/bo-handwerk\/#organization\"},\"alternateName\":\"BO Handwerk\",\"potentialAction\":[{\"@type\":\"SearchAction\",\"target\":{\"@type\":\"EntryPoint\",\"urlTemplate\":\"https:\/\/bo-themes.de\/wordpress-themes\/bo-handwerk\/?s={search_term_string}\"},\"query-input\":{\"@type\":\"PropertyValueSpecification\",\"valueRequired\":true,\"valueName\":\"search_term_string\"}}],\"inLanguage\":\"de\"},{\"@type\":\"Organization\",\"@id\":\"https:\/\/bo-themes.de\/wordpress-themes\/bo-handwerk\/#organization\",\"name\":\"BO Handwerk - WordPress Theme f\u00fcr Handwerksbetriebe\",\"alternateName\":\"BO Handwerk\",\"url\":\"https:\/\/bo-themes.de\/wordpress-themes\/bo-handwerk\/\",\"logo\":{\"@type\":\"ImageObject\",\"inLanguage\":\"de\",\"@id\":\"https:\/\/bo-themes.de\/wordpress-themes\/bo-handwerk\/#\/schema\/logo\/image\/\",\"url\":\"https:\/\/bo-themes.de\/wordpress-themes\/bo-handwerk\/wp-content\/uploads\/sites\/5\/2019\/07\/cropped-wpicon-brings.png\",\"contentUrl\":\"https:\/\/bo-themes.de\/wordpress-themes\/bo-handwerk\/wp-content\/uploads\/sites\/5\/2019\/07\/cropped-wpicon-brings.png\",\"width\":512,\"height\":512,\"caption\":\"BO Handwerk - WordPress Theme f\u00fcr Handwerksbetriebe\"},\"image\":{\"@id\":\"https:\/\/bo-themes.de\/wordpress-themes\/bo-handwerk\/#\/schema\/logo\/image\/\"}}]}<\/script>\n<!-- \/ Yoast SEO plugin. -->","yoast_head_json":{"title":"Start - Beispiel: Maler - BO Handwerk","description":"BO Handwerk: Dies ist eine Demo-Webseite f\u00fcr BO-Handwerk, unserem WordPress Theme f\u00fcr Handwerksbetriebe","robots":{"index":"index","follow":"follow","max-snippet":"max-snippet:-1","max-image-preview":"max-image-preview:large","max-video-preview":"max-video-preview:-1"},"canonical":"https:\/\/bo-themes.de\/wordpress-themes\/bo-handwerk\/start-beispiel-maler\/","og_locale":"de_DE","og_type":"article","og_title":"Start - Beispiel: Maler - BO Handwerk","og_description":"BO Handwerk: Dies ist eine Demo-Webseite f\u00fcr BO-Handwerk, unserem WordPress Theme f\u00fcr Handwerksbetriebe","og_url":"https:\/\/bo-themes.de\/wordpress-themes\/bo-handwerk\/start-beispiel-maler\/","og_site_name":"BO Handwerk","og_image":[{"width":800,"height":533,"url":"https:\/\/bo-themes.de\/wordpress-themes\/bo-handwerk\/wp-content\/uploads\/sites\/5\/2019\/06\/handwerk-maler1.jpg","type":"image\/jpeg"}],"twitter_card":"summary_large_image","twitter_misc":{"Gesch\u00e4tzte Lesezeit":"2\u00a0Minuten"},"schema":{"@context":"https:\/\/schema.org","@graph":[{"@type":"WebPage","@id":"https:\/\/bo-themes.de\/wordpress-themes\/bo-handwerk\/start-beispiel-maler\/","url":"https:\/\/bo-themes.de\/wordpress-themes\/bo-handwerk\/start-beispiel-maler\/","name":"Start - Beispiel: Maler - BO Handwerk","isPartOf":{"@id":"https:\/\/bo-themes.de\/wordpress-themes\/bo-handwerk\/#website"},"primaryImageOfPage":{"@id":"https:\/\/bo-themes.de\/wordpress-themes\/bo-handwerk\/start-beispiel-maler\/#primaryimage"},"image":{"@id":"https:\/\/bo-themes.de\/wordpress-themes\/bo-handwerk\/start-beispiel-maler\/#primaryimage"},"thumbnailUrl":"https:\/\/bo-themes.de\/wordpress-themes\/bo-handwerk\/wp-content\/uploads\/sites\/5\/2019\/06\/handwerk-maler1.jpg","datePublished":"2019-06-10T12:43:48+00:00","description":"BO Handwerk: Dies ist eine Demo-Webseite f\u00fcr BO-Handwerk, unserem WordPress Theme f\u00fcr Handwerksbetriebe","breadcrumb":{"@id":"https:\/\/bo-themes.de\/wordpress-themes\/bo-handwerk\/start-beispiel-maler\/#breadcrumb"},"inLanguage":"de","potentialAction":[{"@type":"ReadAction","target":["https:\/\/bo-themes.de\/wordpress-themes\/bo-handwerk\/start-beispiel-maler\/"]}]},{"@type":"ImageObject","inLanguage":"de","@id":"https:\/\/bo-themes.de\/wordpress-themes\/bo-handwerk\/start-beispiel-maler\/#primaryimage","url":"https:\/\/bo-themes.de\/wordpress-themes\/bo-handwerk\/wp-content\/uploads\/sites\/5\/2019\/06\/handwerk-maler1.jpg","contentUrl":"https:\/\/bo-themes.de\/wordpress-themes\/bo-handwerk\/wp-content\/uploads\/sites\/5\/2019\/06\/handwerk-maler1.jpg","width":800,"height":533,"caption":"Handwerk WordPress Theme - Maler"},{"@type":"BreadcrumbList","@id":"https:\/\/bo-themes.de\/wordpress-themes\/bo-handwerk\/start-beispiel-maler\/#breadcrumb","itemListElement":[{"@type":"ListItem","position":1,"name":"Startseite","item":"https:\/\/bo-themes.de\/wordpress-themes\/bo-handwerk\/"},{"@type":"ListItem","position":2,"name":"Start &#8211; Beispiel: Maler"}]},{"@type":"WebSite","@id":"https:\/\/bo-themes.de\/wordpress-themes\/bo-handwerk\/#website","url":"https:\/\/bo-themes.de\/wordpress-themes\/bo-handwerk\/","name":"BO Handwerk - WordPress Theme f\u00fcr Handwerksbetriebe","description":"","publisher":{"@id":"https:\/\/bo-themes.de\/wordpress-themes\/bo-handwerk\/#organization"},"alternateName":"BO Handwerk","potentialAction":[{"@type":"SearchAction","target":{"@type":"EntryPoint","urlTemplate":"https:\/\/bo-themes.de\/wordpress-themes\/bo-handwerk\/?s={search_term_string}"},"query-input":{"@type":"PropertyValueSpecification","valueRequired":true,"valueName":"search_term_string"}}],"inLanguage":"de"},{"@type":"Organization","@id":"https:\/\/bo-themes.de\/wordpress-themes\/bo-handwerk\/#organization","name":"BO Handwerk - WordPress Theme f\u00fcr Handwerksbetriebe","alternateName":"BO Handwerk","url":"https:\/\/bo-themes.de\/wordpress-themes\/bo-handwerk\/","logo":{"@type":"ImageObject","inLanguage":"de","@id":"https:\/\/bo-themes.de\/wordpress-themes\/bo-handwerk\/#\/schema\/logo\/image\/","url":"https:\/\/bo-themes.de\/wordpress-themes\/bo-handwerk\/wp-content\/uploads\/sites\/5\/2019\/07\/cropped-wpicon-brings.png","contentUrl":"https:\/\/bo-themes.de\/wordpress-themes\/bo-handwerk\/wp-content\/uploads\/sites\/5\/2019\/07\/cropped-wpicon-brings.png","width":512,"height":512,"caption":"BO Handwerk - WordPress Theme f\u00fcr Handwerksbetriebe"},"image":{"@id":"https:\/\/bo-themes.de\/wordpress-themes\/bo-handwerk\/#\/schema\/logo\/image\/"}}]}},"featured_image_src":null,"featured_image_src_square":null,"_links":{"self":[{"href":"https:\/\/bo-themes.de\/wordpress-themes\/bo-handwerk\/wp-json\/wp\/v2\/pages\/3504","targetHints":{"allow":["GET"]}}],"collection":[{"href":"https:\/\/bo-themes.de\/wordpress-themes\/bo-handwerk\/wp-json\/wp\/v2\/pages"}],"about":[{"href":"https:\/\/bo-themes.de\/wordpress-themes\/bo-handwerk\/wp-json\/wp\/v2\/types\/page"}],"author":[{"embeddable":true,"href":"https:\/\/bo-themes.de\/wordpress-themes\/bo-handwerk\/wp-json\/wp\/v2\/users\/3"}],"replies":[{"embeddable":true,"href":"https:\/\/bo-themes.de\/wordpress-themes\/bo-handwerk\/wp-json\/wp\/v2\/comments?post=3504"}],"version-history":[{"count":0,"href":"https:\/\/bo-themes.de\/wordpress-themes\/bo-handwerk\/wp-json\/wp\/v2\/pages\/3504\/revisions"}],"wp:attachment":[{"href":"https:\/\/bo-themes.de\/wordpress-themes\/bo-handwerk\/wp-json\/wp\/v2\/media?parent=3504"}],"curies":[{"name":"wp","href":"https:\/\/api.w.org\/{rel}","templated":true}]}}