{"id":3355,"date":"2019-06-05T15:03:29","date_gmt":"2019-06-05T13:03:29","guid":{"rendered":"https:\/\/brings-online.com\/demo\/wordpress-theme-handwerk\/?page_id=3355"},"modified":"2019-06-05T15:03:29","modified_gmt":"2019-06-05T13:03:29","slug":"ueber-uns","status":"publish","type":"page","link":"https:\/\/bo-themes.de\/wordpress-themes\/bo-handwerk\/ueber-uns\/","title":{"rendered":"\u00dcber uns"},"content":{"rendered":"\n<p>Lorem ipsum dolor sit amet, consetetur sadipscing elitr, sed diam nonumy eirmod tempor invidunt ut labore et dolore magna aliquyam erat, sed diam voluptua. At vero eos et accusam et justo duo dolores et ea rebum. Stet clita kasd gubergren, no sea takimata sanctus est Lorem ipsum dolor sit amet. Lorem ipsum dolor sit amet, consetetur sadipscing elitr, sed diam nonumy eirmod tempor invidunt ut labore et dolore magna aliquyam erat, sed diam voluptua. <\/p>\n\n\n\n<div style=\"height:30px\" aria-hidden=\"true\" class=\"wp-block-spacer\"><\/div>\n\n\n<div class=\"slogan zentriert\">\n<div class=\"preambel\">\n<span style=\"color:#F07241;\">Unser Unternehmen<\/span>\n<\/div>\n<h2 style=\"font-size:28px; color:#424A59;\">\n<span class=\"slogan-mobile\">Was wir Ihnen bieten<\/span><\/h2><span style=\"background:#F07241\"><\/span><\/div>\n\t\n\t\n\n\n<div class=\"wp-block-columns has-3-columns is-layout-flex wp-container-core-columns-is-layout-28f84493 wp-block-columns-is-layout-flex\">\n<div class=\"wp-block-column is-layout-flow wp-block-column-is-layout-flow\"><div class=\"simplebox\" >\n<div class=\"box-icon\"><i style=\"color:#7A8394;\" class=\"icofont-engineer\"><\/i><\/div>\t\n<h3>Jahrelange Erfahrung<\/h3>\nSeit vielen Jahren sind wir Ihr kompetenter Partner rund um alle Handwerksleistungen<\/div><\/div>\n\n\n\n<div class=\"wp-block-column is-layout-flow wp-block-column-is-layout-flow\"><div class=\"simplebox\" >\n<div class=\"box-icon\"><i style=\"color:#7A8394;\" class=\"icofont-workers-group\"><\/i><\/div>\t\n<h3>Ausbildungsbetrieb<\/h3>\nWir bilden aus! Bitte wenden Sie sich doch an unser B\u00fcro, um mehr zu erfahren. <\/div><\/div>\n\n\n\n<div class=\"wp-block-column is-layout-flow wp-block-column-is-layout-flow\"><div class=\"simplebox\" >\n<div class=\"box-icon\"><i style=\"color:#7A8394;\" class=\"icofont-energy-solar\"><\/i><\/div>\t\n<h3>Moderne Techniken<\/h3>\nWir nutzen neueste Techniken! Gerne beantworten wir Ihre Fragen.<\/div><\/div>\n<\/div>\n\n\n<div class=\"slogan zentriert\">\n<div class=\"preambel\">\n<span style=\"color:#F07241;\">Bis bald<\/span>\n<\/div>\n<h2 style=\"font-size:28px; color:#424A59;\">\n<span class=\"slogan-mobile\">Wir freuen uns auf Ihr Projekt!<\/span><\/h2><span style=\"background:#F07241\"><\/span><\/div>\n\t\n\t\n\n\n<figure class=\"wp-block-image\"><img loading=\"lazy\" decoding=\"async\" width=\"1024\" height=\"331\" src=\"https:\/\/bo-themes.de\/wordpress-themes\/bo-handwerk\/wp-content\/uploads\/sites\/5\/2019\/07\/handwerker-1024x331.jpg\" alt=\"BO Handwerk WordPress Theme\" class=\"wp-image-4308\" srcset=\"https:\/\/bo-themes.de\/wordpress-themes\/bo-handwerk\/wp-content\/uploads\/sites\/5\/2019\/07\/handwerker-1024x331.jpg 1024w, https:\/\/bo-themes.de\/wordpress-themes\/bo-handwerk\/wp-content\/uploads\/sites\/5\/2019\/07\/handwerker-300x97.jpg 300w, https:\/\/bo-themes.de\/wordpress-themes\/bo-handwerk\/wp-content\/uploads\/sites\/5\/2019\/07\/handwerker-768x248.jpg 768w, https:\/\/bo-themes.de\/wordpress-themes\/bo-handwerk\/wp-content\/uploads\/sites\/5\/2019\/07\/handwerker-1536x497.jpg 1536w, https:\/\/bo-themes.de\/wordpress-themes\/bo-handwerk\/wp-content\/uploads\/sites\/5\/2019\/07\/handwerker-305x99.jpg 305w, https:\/\/bo-themes.de\/wordpress-themes\/bo-handwerk\/wp-content\/uploads\/sites\/5\/2019\/07\/handwerker-1360x440.jpg 1360w, https:\/\/bo-themes.de\/wordpress-themes\/bo-handwerk\/wp-content\/uploads\/sites\/5\/2019\/07\/handwerker-840x272.jpg 840w, https:\/\/bo-themes.de\/wordpress-themes\/bo-handwerk\/wp-content\/uploads\/sites\/5\/2019\/07\/handwerker-480x155.jpg 480w, https:\/\/bo-themes.de\/wordpress-themes\/bo-handwerk\/wp-content\/uploads\/sites\/5\/2019\/07\/handwerker.jpg 2000w\" sizes=\"auto, (max-width: 1024px) 100vw, 1024px\" \/><\/figure>\n","protected":false},"excerpt":{"rendered":"<p>Lorem ipsum dolor sit amet, consetetur sadipscing elitr, sed diam nonumy eirmod tempor invidunt ut labore et dolore magna aliquyam erat, sed diam voluptua. At vero eos et accusam et justo duo dolores et ea rebum. Stet clita kasd gubergren, no sea takimata sanctus est Lorem ipsum dolor sit amet. Lorem ipsum dolor sit amet,<\/p>\n","protected":false},"author":3,"featured_media":0,"parent":0,"menu_order":0,"comment_status":"closed","ping_status":"closed","template":"","meta":{"footnotes":""},"class_list":["post-3355","page","type-page","status-publish","hentry"],"yoast_head":"<!-- This site is optimized with the Yoast SEO plugin v26.6 - https:\/\/yoast.com\/wordpress\/plugins\/seo\/ -->\n<title>\u00dcber uns - BO Handwerk<\/title>\n<meta name=\"description\" content=\"BO Handwerk: Dies ist eine Demo-Webseite f\u00fcr BO-Handwerk, unserem WordPress Theme f\u00fcr Handwerksbetriebe\" \/>\n<meta name=\"robots\" content=\"index, follow, max-snippet:-1, max-image-preview:large, max-video-preview:-1\" \/>\n<link rel=\"canonical\" href=\"https:\/\/bo-themes.de\/wordpress-themes\/bo-handwerk\/ueber-uns\/\" \/>\n<meta property=\"og:locale\" content=\"de_DE\" \/>\n<meta property=\"og:type\" content=\"article\" \/>\n<meta property=\"og:title\" content=\"\u00dcber uns - BO Handwerk\" \/>\n<meta property=\"og:description\" content=\"BO Handwerk: Dies ist eine Demo-Webseite f\u00fcr BO-Handwerk, unserem WordPress Theme f\u00fcr Handwerksbetriebe\" \/>\n<meta property=\"og:url\" content=\"https:\/\/bo-themes.de\/wordpress-themes\/bo-handwerk\/ueber-uns\/\" \/>\n<meta property=\"og:site_name\" content=\"BO Handwerk\" \/>\n<meta property=\"og:image\" content=\"https:\/\/bo-themes.de\/wordpress-themes\/bo-handwerk\/wp-content\/uploads\/sites\/5\/2019\/07\/handwerker.jpg\" \/>\n\t<meta property=\"og:image:width\" content=\"2000\" \/>\n\t<meta property=\"og:image:height\" content=\"647\" \/>\n\t<meta property=\"og:image:type\" content=\"image\/jpeg\" \/>\n<meta name=\"twitter:card\" content=\"summary_large_image\" \/>\n<meta name=\"twitter:label1\" content=\"Gesch\u00e4tzte Lesezeit\" \/>\n\t<meta name=\"twitter:data1\" content=\"1\u00a0Minute\" \/>\n<script type=\"application\/ld+json\" class=\"yoast-schema-graph\">{\"@context\":\"https:\/\/schema.org\",\"@graph\":[{\"@type\":\"WebPage\",\"@id\":\"https:\/\/bo-themes.de\/wordpress-themes\/bo-handwerk\/ueber-uns\/\",\"url\":\"https:\/\/bo-themes.de\/wordpress-themes\/bo-handwerk\/ueber-uns\/\",\"name\":\"\u00dcber uns - BO Handwerk\",\"isPartOf\":{\"@id\":\"https:\/\/bo-themes.de\/wordpress-themes\/bo-handwerk\/#website\"},\"primaryImageOfPage\":{\"@id\":\"https:\/\/bo-themes.de\/wordpress-themes\/bo-handwerk\/ueber-uns\/#primaryimage\"},\"image\":{\"@id\":\"https:\/\/bo-themes.de\/wordpress-themes\/bo-handwerk\/ueber-uns\/#primaryimage\"},\"thumbnailUrl\":\"https:\/\/bo-themes.de\/wordpress-themes\/bo-handwerk\/wp-content\/uploads\/sites\/5\/2019\/07\/handwerker-1024x331.jpg\",\"datePublished\":\"2019-06-05T13:03:29+00:00\",\"description\":\"BO Handwerk: Dies ist eine Demo-Webseite f\u00fcr BO-Handwerk, unserem WordPress Theme f\u00fcr Handwerksbetriebe\",\"breadcrumb\":{\"@id\":\"https:\/\/bo-themes.de\/wordpress-themes\/bo-handwerk\/ueber-uns\/#breadcrumb\"},\"inLanguage\":\"de\",\"potentialAction\":[{\"@type\":\"ReadAction\",\"target\":[\"https:\/\/bo-themes.de\/wordpress-themes\/bo-handwerk\/ueber-uns\/\"]}]},{\"@type\":\"ImageObject\",\"inLanguage\":\"de\",\"@id\":\"https:\/\/bo-themes.de\/wordpress-themes\/bo-handwerk\/ueber-uns\/#primaryimage\",\"url\":\"https:\/\/bo-themes.de\/wordpress-themes\/bo-handwerk\/wp-content\/uploads\/sites\/5\/2019\/07\/handwerker.jpg\",\"contentUrl\":\"https:\/\/bo-themes.de\/wordpress-themes\/bo-handwerk\/wp-content\/uploads\/sites\/5\/2019\/07\/handwerker.jpg\",\"width\":2000,\"height\":647,\"caption\":\"BO Handwerk WordPress Theme\"},{\"@type\":\"BreadcrumbList\",\"@id\":\"https:\/\/bo-themes.de\/wordpress-themes\/bo-handwerk\/ueber-uns\/#breadcrumb\",\"itemListElement\":[{\"@type\":\"ListItem\",\"position\":1,\"name\":\"Startseite\",\"item\":\"https:\/\/bo-themes.de\/wordpress-themes\/bo-handwerk\/\"},{\"@type\":\"ListItem\",\"position\":2,\"name\":\"\u00dcber uns\"}]},{\"@type\":\"WebSite\",\"@id\":\"https:\/\/bo-themes.de\/wordpress-themes\/bo-handwerk\/#website\",\"url\":\"https:\/\/bo-themes.de\/wordpress-themes\/bo-handwerk\/\",\"name\":\"BO Handwerk - WordPress Theme f\u00fcr Handwerksbetriebe\",\"description\":\"\",\"publisher\":{\"@id\":\"https:\/\/bo-themes.de\/wordpress-themes\/bo-handwerk\/#organization\"},\"alternateName\":\"BO Handwerk\",\"potentialAction\":[{\"@type\":\"SearchAction\",\"target\":{\"@type\":\"EntryPoint\",\"urlTemplate\":\"https:\/\/bo-themes.de\/wordpress-themes\/bo-handwerk\/?s={search_term_string}\"},\"query-input\":{\"@type\":\"PropertyValueSpecification\",\"valueRequired\":true,\"valueName\":\"search_term_string\"}}],\"inLanguage\":\"de\"},{\"@type\":\"Organization\",\"@id\":\"https:\/\/bo-themes.de\/wordpress-themes\/bo-handwerk\/#organization\",\"name\":\"BO Handwerk - WordPress Theme f\u00fcr Handwerksbetriebe\",\"alternateName\":\"BO Handwerk\",\"url\":\"https:\/\/bo-themes.de\/wordpress-themes\/bo-handwerk\/\",\"logo\":{\"@type\":\"ImageObject\",\"inLanguage\":\"de\",\"@id\":\"https:\/\/bo-themes.de\/wordpress-themes\/bo-handwerk\/#\/schema\/logo\/image\/\",\"url\":\"https:\/\/bo-themes.de\/wordpress-themes\/bo-handwerk\/wp-content\/uploads\/sites\/5\/2019\/07\/cropped-wpicon-brings.png\",\"contentUrl\":\"https:\/\/bo-themes.de\/wordpress-themes\/bo-handwerk\/wp-content\/uploads\/sites\/5\/2019\/07\/cropped-wpicon-brings.png\",\"width\":512,\"height\":512,\"caption\":\"BO Handwerk - WordPress Theme f\u00fcr Handwerksbetriebe\"},\"image\":{\"@id\":\"https:\/\/bo-themes.de\/wordpress-themes\/bo-handwerk\/#\/schema\/logo\/image\/\"}}]}<\/script>\n<!-- \/ Yoast SEO plugin. -->","yoast_head_json":{"title":"\u00dcber uns - BO Handwerk","description":"BO Handwerk: Dies ist eine Demo-Webseite f\u00fcr BO-Handwerk, unserem WordPress Theme f\u00fcr Handwerksbetriebe","robots":{"index":"index","follow":"follow","max-snippet":"max-snippet:-1","max-image-preview":"max-image-preview:large","max-video-preview":"max-video-preview:-1"},"canonical":"https:\/\/bo-themes.de\/wordpress-themes\/bo-handwerk\/ueber-uns\/","og_locale":"de_DE","og_type":"article","og_title":"\u00dcber uns - BO Handwerk","og_description":"BO Handwerk: Dies ist eine Demo-Webseite f\u00fcr BO-Handwerk, unserem WordPress Theme f\u00fcr Handwerksbetriebe","og_url":"https:\/\/bo-themes.de\/wordpress-themes\/bo-handwerk\/ueber-uns\/","og_site_name":"BO Handwerk","og_image":[{"width":2000,"height":647,"url":"https:\/\/bo-themes.de\/wordpress-themes\/bo-handwerk\/wp-content\/uploads\/sites\/5\/2019\/07\/handwerker.jpg","type":"image\/jpeg"}],"twitter_card":"summary_large_image","twitter_misc":{"Gesch\u00e4tzte Lesezeit":"1\u00a0Minute"},"schema":{"@context":"https:\/\/schema.org","@graph":[{"@type":"WebPage","@id":"https:\/\/bo-themes.de\/wordpress-themes\/bo-handwerk\/ueber-uns\/","url":"https:\/\/bo-themes.de\/wordpress-themes\/bo-handwerk\/ueber-uns\/","name":"\u00dcber uns - BO Handwerk","isPartOf":{"@id":"https:\/\/bo-themes.de\/wordpress-themes\/bo-handwerk\/#website"},"primaryImageOfPage":{"@id":"https:\/\/bo-themes.de\/wordpress-themes\/bo-handwerk\/ueber-uns\/#primaryimage"},"image":{"@id":"https:\/\/bo-themes.de\/wordpress-themes\/bo-handwerk\/ueber-uns\/#primaryimage"},"thumbnailUrl":"https:\/\/bo-themes.de\/wordpress-themes\/bo-handwerk\/wp-content\/uploads\/sites\/5\/2019\/07\/handwerker-1024x331.jpg","datePublished":"2019-06-05T13:03:29+00:00","description":"BO Handwerk: Dies ist eine Demo-Webseite f\u00fcr BO-Handwerk, unserem WordPress Theme f\u00fcr Handwerksbetriebe","breadcrumb":{"@id":"https:\/\/bo-themes.de\/wordpress-themes\/bo-handwerk\/ueber-uns\/#breadcrumb"},"inLanguage":"de","potentialAction":[{"@type":"ReadAction","target":["https:\/\/bo-themes.de\/wordpress-themes\/bo-handwerk\/ueber-uns\/"]}]},{"@type":"ImageObject","inLanguage":"de","@id":"https:\/\/bo-themes.de\/wordpress-themes\/bo-handwerk\/ueber-uns\/#primaryimage","url":"https:\/\/bo-themes.de\/wordpress-themes\/bo-handwerk\/wp-content\/uploads\/sites\/5\/2019\/07\/handwerker.jpg","contentUrl":"https:\/\/bo-themes.de\/wordpress-themes\/bo-handwerk\/wp-content\/uploads\/sites\/5\/2019\/07\/handwerker.jpg","width":2000,"height":647,"caption":"BO Handwerk WordPress Theme"},{"@type":"BreadcrumbList","@id":"https:\/\/bo-themes.de\/wordpress-themes\/bo-handwerk\/ueber-uns\/#breadcrumb","itemListElement":[{"@type":"ListItem","position":1,"name":"Startseite","item":"https:\/\/bo-themes.de\/wordpress-themes\/bo-handwerk\/"},{"@type":"ListItem","position":2,"name":"\u00dcber uns"}]},{"@type":"WebSite","@id":"https:\/\/bo-themes.de\/wordpress-themes\/bo-handwerk\/#website","url":"https:\/\/bo-themes.de\/wordpress-themes\/bo-handwerk\/","name":"BO Handwerk - WordPress Theme f\u00fcr Handwerksbetriebe","description":"","publisher":{"@id":"https:\/\/bo-themes.de\/wordpress-themes\/bo-handwerk\/#organization"},"alternateName":"BO Handwerk","potentialAction":[{"@type":"SearchAction","target":{"@type":"EntryPoint","urlTemplate":"https:\/\/bo-themes.de\/wordpress-themes\/bo-handwerk\/?s={search_term_string}"},"query-input":{"@type":"PropertyValueSpecification","valueRequired":true,"valueName":"search_term_string"}}],"inLanguage":"de"},{"@type":"Organization","@id":"https:\/\/bo-themes.de\/wordpress-themes\/bo-handwerk\/#organization","name":"BO Handwerk - WordPress Theme f\u00fcr Handwerksbetriebe","alternateName":"BO Handwerk","url":"https:\/\/bo-themes.de\/wordpress-themes\/bo-handwerk\/","logo":{"@type":"ImageObject","inLanguage":"de","@id":"https:\/\/bo-themes.de\/wordpress-themes\/bo-handwerk\/#\/schema\/logo\/image\/","url":"https:\/\/bo-themes.de\/wordpress-themes\/bo-handwerk\/wp-content\/uploads\/sites\/5\/2019\/07\/cropped-wpicon-brings.png","contentUrl":"https:\/\/bo-themes.de\/wordpress-themes\/bo-handwerk\/wp-content\/uploads\/sites\/5\/2019\/07\/cropped-wpicon-brings.png","width":512,"height":512,"caption":"BO Handwerk - WordPress Theme f\u00fcr Handwerksbetriebe"},"image":{"@id":"https:\/\/bo-themes.de\/wordpress-themes\/bo-handwerk\/#\/schema\/logo\/image\/"}}]}},"featured_image_src":null,"featured_image_src_square":null,"_links":{"self":[{"href":"https:\/\/bo-themes.de\/wordpress-themes\/bo-handwerk\/wp-json\/wp\/v2\/pages\/3355","targetHints":{"allow":["GET"]}}],"collection":[{"href":"https:\/\/bo-themes.de\/wordpress-themes\/bo-handwerk\/wp-json\/wp\/v2\/pages"}],"about":[{"href":"https:\/\/bo-themes.de\/wordpress-themes\/bo-handwerk\/wp-json\/wp\/v2\/types\/page"}],"author":[{"embeddable":true,"href":"https:\/\/bo-themes.de\/wordpress-themes\/bo-handwerk\/wp-json\/wp\/v2\/users\/3"}],"replies":[{"embeddable":true,"href":"https:\/\/bo-themes.de\/wordpress-themes\/bo-handwerk\/wp-json\/wp\/v2\/comments?post=3355"}],"version-history":[{"count":0,"href":"https:\/\/bo-themes.de\/wordpress-themes\/bo-handwerk\/wp-json\/wp\/v2\/pages\/3355\/revisions"}],"wp:attachment":[{"href":"https:\/\/bo-themes.de\/wordpress-themes\/bo-handwerk\/wp-json\/wp\/v2\/media?parent=3355"}],"curies":[{"name":"wp","href":"https:\/\/api.w.org\/{rel}","templated":true}]}}