{"id":36,"date":"2023-03-28T08:59:01","date_gmt":"2023-03-28T06:59:01","guid":{"rendered":"https:\/\/brings-online.com\/demo\/wordpress-immobilien-themes\/home-v3\/?page_id=36"},"modified":"2023-03-28T08:59:01","modified_gmt":"2023-03-28T06:59:01","slug":"impressum","status":"publish","type":"page","link":"https:\/\/bo-themes.de\/wordpress-immobilien-themes\/home-v3\/impressum\/","title":{"rendered":"Impressum"},"content":{"rendered":"\n<div style=\"height:20px\" aria-hidden=\"true\" class=\"wp-block-spacer\"><\/div>\n\n\n\n<h2 class=\"wp-block-heading\" style=\"font-size:25px\">Diese Demo-Website wurde eingerichtet von:<\/h2>\n\n\n\n<div class=\"wp-block-columns is-layout-flex wp-container-core-columns-is-layout-9d6595d7 wp-block-columns has-2-columns -is-layout-flex\">\n<div class=\"wp-block-column is-vertically-aligned-center is-layout-flow wp-block-column-is-layout-flow\">\n<p><strong>brings | b\u00fcro f\u00fcr webentwicklung<\/strong><br>webdesign, entwicklung &amp; service<br>sabine brings<br>isabellastra\u00dfe 8<br>45130 essen<\/p>\n\n\n\n<p>mail(at)brings-online.com<br><a href=\"https:\/\/brings-online.com\">www.brings-online.com<\/a><br><a href=\"https:\/\/brings-online.com\/impressum\">Impressum<\/a><\/p>\n<\/div>\n\n\n\n<div class=\"wp-block-column is-vertically-aligned-center is-layout-flow wp-block-column-is-layout-flow\"><div class=\"wp-block-image\">\n<figure class=\"alignleft size-large is-resized\"><img decoding=\"async\" src=\"https:\/\/brings-online.com\/demo\/wordpress-immobilien-themes\/home-v1\/wp-content\/uploads\/2022\/11\/screenshot-1-1024x768.png\" alt=\"BO HOME - Theme f\u00fcr Immobilien-Webseiten\" class=\"wp-image-15189\" width=\"440\" height=\"329\" \/><\/figure>\n<\/div><\/div>\n<\/div>\n\n\n\n<div style=\"height:40px\" aria-hidden=\"true\" class=\"wp-block-spacer\"><\/div>\n\n\n\n<p><strong>Bildquellen<\/strong>: <\/p>\n\n\n\n<p>Folgende Bilder werden hier auf der Demo-Webseite eingesetzt. Bitte beachten: Diese Bilder sind nicht Bestandteil des Themes &#8211; in den Demo-Daten sind entsprechende Platzhalterbilder enthalten. (siehe Import von Demo-Daten)<\/p>\n\n\n\n<div style=\"margin-top:0;margin-bottom:0;height:25px\" aria-hidden=\"true\" class=\"wp-block-spacer\"><\/div>\n\n\n\n<div class=\"wp-block-columns is-layout-flex wp-container-core-columns-is-layout-9d6595d7 wp-block-columns has-2-columns -is-layout-flex\">\n<div class=\"wp-block-column is-layout-flow wp-block-column-is-layout-flow\">\n<p><strong>iStock\/Getty Images: <\/strong><br><a href=\"https:\/\/www.istockphoto.com\/de\/foto\/orange-sofa-in-einem-grauen-zimmer-mit-geschlossener-t%C3%BCr-gm1323739770-409303234\" target=\"_blank\" rel=\"noreferrer noopener\">Bild 1:  Orangenes Sofa &#8211; istockphoto.com<\/a><br><a href=\"https:\/\/www.istockphoto.com\/de\/foto\/3-d-interor-von-orange-wei%C3%9Fen-schlafzimmer-gm519251233-49443642\" target=\"_blank\" rel=\"noreferrer noopener\">Bild 2: Schlafzimmer orange\/wei\u00df &#8211; istockphoto.com<\/a><br><a href=\"https:\/\/www.istockphoto.com\/de\/foto\/mock-up-leeres-wei%C3%9Fes-wohnzimmer-innenarchitektur-mit-kopierraum-3d-render-gm1190397458-337441430\" target=\"_blank\" rel=\"noreferrer noopener\">Bild 3: Sessel vor wei\u00dfer Wand &#8211; istockphoto.com<\/a><br><a href=\"https:\/\/www.istockphoto.com\/de\/foto\/nehmen-sie-den-schl%C3%BCssel-gm546769868-98698139\" target=\"_blank\" rel=\"noreferrer noopener\"><\/a><a href=\"https:\/\/www.istockphoto.com\/de\/foto\/nehmen-sie-den-schl%C3%BCssel-gm546769868-98698139\" target=\"_blank\" rel=\"noreferrer noopener\">Bild 4: Schl\u00fcssel\u00fcbergabe &#8211; istockphoto.com<\/a><br><a href=\"https:\/\/www.istockphoto.com\/de\/foto\/innenraum-mit-sessel-und-couchtisch-3d-rendering-gm610563326-104823535\" target=\"_blank\" rel=\"noreferrer noopener\">Bild 5: Sessel mit Tisch &#8211; istockphoto.com<\/a><br><a href=\"https:\/\/www.istockphoto.com\/de\/foto\/k%C3%BCche-marmor-bank-nah-mit-schwarzen-h%C3%A4ngenden-anh%C3%A4nger-gm673984158-123886073\" target=\"_blank\" rel=\"noreferrer noopener\">Bild 6: K\u00fcche mit Marmorplatte &#8211; istockphoto.com<\/a><br><a href=\"https:\/\/www.istockphoto.com\/de\/foto\/gro%C3%9Fes-wohnzimmer-loft-sonniges-interieur-wand-mock-up-3d-rendern-gm1305330514-396250041\" target=\"_blank\" rel=\"noreferrer noopener\">Bild 7: Sonniges Wohnzimmer &#8211; istockphoto.com<\/a><br><a href=\"https:\/\/www.istockphoto.com\/de\/foto\/3d-illustration-einer-neuen-modernen-stadtloft-wohnung-gm1139955186-304880334\" target=\"_blank\" rel=\"noreferrer noopener\">Bild 8: Modernes Loft &#8211; istockphoto.com<\/a><br><a href=\"https:\/\/www.istockphoto.com\/de\/foto\/minimalistischen-stil-schlafzimmer-3d-render-gm999309668-270265847\" target=\"_blank\" rel=\"noreferrer noopener\">Bild 9: Schlafzimmer &#8211; istockphoto.com<\/a><br><a href=\"https:\/\/www.istockphoto.com\/de\/foto\/loft-grau-badezimmer-interieur-gm967985688-263992540\" target=\"_blank\" rel=\"noreferrer noopener\">Bild 10: Badezimmer &#8211; istockphoto.com<\/a><br><a href=\"https:\/\/www.istockphoto.com\/de\/foto\/indoor-anlage-und-couchtisch-auf-holzboden-mit-wei%C3%9Fen-betonwand-hintergrund-lounge-in-gm901343018-248664542\" target=\"_blank\" rel=\"noreferrer noopener\">Bild 11: Couch auf Holzboden &#8211; istockphoto.com<\/a><br><a href=\"https:\/\/www.istockphoto.com\/de\/foto\/schl%C3%BCssel-im-t%C3%BCrschloss-von-offener-moderner-t%C3%BCr-gm1157722971-315979727\" target=\"_blank\" rel=\"noreferrer noopener\">Bild 12: Schl\u00fcssel im T\u00fcrschloss &#8211; istockphoto.com<\/a><br><a href=\"https:\/\/www.istockphoto.com\/de\/foto\/b%C3%BCro-mit-sofa-gm603174894-103573889\" target=\"_blank\" rel=\"noreferrer noopener\">Bild 13: B\u00fcro mit Sofa &#8211; istockphoto.com<\/a><br><a href=\"https:\/\/www.istockphoto.com\/de\/foto\/gesch%C3%A4ftspartner-im-gespr%C3%A4ch-gm1158574089-316525233\" target=\"_blank\" rel=\"noreferrer noopener\">Bild 14: Gesch\u00e4ftspartner &#8211; istockphoto.com<\/a><\/p>\n<\/div>\n\n\n\n<div class=\"wp-block-column is-layout-flow wp-block-column-is-layout-flow\">\n<p><strong>Pixabay: <\/strong><br>Image by <a href=\"https:\/\/pixabay.com\/users\/cocoparisienne-127419\/?utm_source=link-attribution&amp;utm_medium=referral&amp;utm_campaign=image&amp;utm_content=354233\">cocoparisienne<\/a> from <a href=\"https:\/\/pixabay.com\/?utm_source=link-attribution&amp;utm_medium=referral&amp;utm_campaign=image&amp;utm_content=354233\">Pixabay<\/a><br>Image by <a href=\"https:\/\/pixabay.com\/users\/MedinaLab-755730\/?utm_source=link-attribution&amp;utm_medium=referral&amp;utm_campaign=image&amp;utm_content=1821635\">MedinaLab<\/a> from <a href=\"https:\/\/pixabay.com\/?utm_source=link-attribution&amp;utm_medium=referral&amp;utm_campaign=image&amp;utm_content=1821635\">Pixabay<\/a><br>Image by <a href=\"https:\/\/pixabay.com\/users\/PIRO4D-2707530\/?utm_source=link-attribution&amp;utm_medium=referral&amp;utm_campaign=image&amp;utm_content=3539587\">PIRO4D<\/a> from <a href=\"https:\/\/pixabay.com\/?utm_source=link-attribution&amp;utm_medium=referral&amp;utm_campaign=image&amp;utm_content=3539587\">Pixabay<\/a><br>Image by <a href=\"https:\/\/pixabay.com\/users\/Pexels-2286921\/?utm_source=link-attribution&amp;utm_medium=referral&amp;utm_campaign=image&amp;utm_content=1835923\">Pexels<\/a> from <a href=\"https:\/\/pixabay.com\/?utm_source=link-attribution&amp;utm_medium=referral&amp;utm_campaign=image&amp;utm_content=1835923\">Pixabay<\/a><br>Image by <a href=\"https:\/\/pixabay.com\/users\/ErikaWittlieb-427626\/?utm_source=link-attribution&amp;utm_medium=referral&amp;utm_campaign=image&amp;utm_content=2155376\">ErikaWittlieb<\/a> from <a href=\"https:\/\/pixabay.com\/?utm_source=link-attribution&amp;utm_medium=referral&amp;utm_campaign=image&amp;utm_content=2155376\">Pixabay<\/a><br>Image by <a href=\"https:\/\/pixabay.com\/users\/Pexels-2286921\/?utm_source=link-attribution&amp;utm_medium=referral&amp;utm_campaign=image&amp;utm_content=2181960\" target=\"_blank\" rel=\"noreferrer noopener\">Pexels<\/a> from <a href=\"https:\/\/pixabay.com\/?utm_source=link-attribution&amp;utm_medium=referral&amp;utm_campaign=image&amp;utm_content=2181960\">Pixabay<\/a><br>Image by <a href=\"https:\/\/pixabay.com\/users\/blickpixel-52945\/?utm_source=link-attribution&amp;utm_medium=referral&amp;utm_campaign=image&amp;utm_content=447484\" target=\"_blank\" rel=\"noreferrer noopener\">Michael Schwarzenberger<\/a> from <a href=\"https:\/\/pixabay.com\/?utm_source=link-attribution&amp;utm_medium=referral&amp;utm_campaign=image&amp;utm_content=447484\" target=\"_blank\" rel=\"noreferrer noopener\">Pixabay<\/a><br>Image by <a href=\"https:\/\/pixabay.com\/users\/PIRO4D-2707530\/?utm_source=link-attribution&amp;utm_medium=referral&amp;utm_campaign=image&amp;utm_content=3609070\" target=\"_blank\" rel=\"noreferrer noopener\">PIRO4D<\/a> from <a href=\"https:\/\/pixabay.com\/?utm_source=link-attribution&amp;utm_medium=referral&amp;utm_campaign=image&amp;utm_content=3609070\">Pixabay<\/a><br>Image by <a href=\"https:\/\/pixabay.com\/users\/jeanvdmeulen-919322\/?utm_source=link-attribution&amp;utm_medium=referral&amp;utm_campaign=image&amp;utm_content=3108037\">Jean van der Meulen<\/a> from <a href=\"https:\/\/pixabay.com\/?utm_source=link-attribution&amp;utm_medium=referral&amp;utm_campaign=image&amp;utm_content=3108037\" target=\"_blank\" rel=\"noreferrer noopener\">Pixabay<\/a><br>Image by <a href=\"https:\/\/pixabay.com\/users\/TheDigitalArtist-202249\/?utm_source=link-attribution&amp;utm_medium=referral&amp;utm_campaign=image&amp;utm_content=3307004\" target=\"_blank\" rel=\"noreferrer noopener\">Pete Linforth<\/a> from <a href=\"https:\/\/pixabay.com\/?utm_source=link-attribution&amp;utm_medium=referral&amp;utm_campaign=image&amp;utm_content=3307004\">Pixabay<\/a><br>Image by <a href=\"https:\/\/pixabay.com\/users\/amarjits-43083\/?utm_source=link-attribution&amp;utm_medium=referral&amp;utm_campaign=image&amp;utm_content=184555\" target=\"_blank\" rel=\"noreferrer noopener\">Amarjit Singh<\/a> from <a href=\"https:\/\/pixabay.com\/?utm_source=link-attribution&amp;utm_medium=referral&amp;utm_campaign=image&amp;utm_content=184555\" target=\"_blank\" rel=\"noreferrer noopener\">Pixabay<\/a><br>Image by <a href=\"https:\/\/pixabay.com\/users\/Pexels-2286921\/?utm_source=link-attribution&amp;utm_medium=referral&amp;utm_campaign=image&amp;utm_content=1836070\" target=\"_blank\" rel=\"noreferrer noopener\">Pexels<\/a> from <a href=\"https:\/\/pixabay.com\/?utm_source=link-attribution&amp;utm_medium=referral&amp;utm_campaign=image&amp;utm_content=1836070\" target=\"_blank\" rel=\"noreferrer noopener\">Pixabay<\/a><br>Image by <a href=\"https:\/\/pixabay.com\/users\/Pexels-2286921\/?utm_source=link-attribution&amp;utm_medium=referral&amp;utm_campaign=image&amp;utm_content=1867187\" target=\"_blank\" rel=\"noreferrer noopener\">Pexels<\/a> from <a href=\"https:\/\/pixabay.com\/?utm_source=link-attribution&amp;utm_medium=referral&amp;utm_campaign=image&amp;utm_content=1867187\" target=\"_blank\" rel=\"noreferrer noopener\">Pixabay<\/a><br>Image by <a href=\"https:\/\/pixabay.com\/users\/Falkenpost-1987955\/?utm_source=link-attribution&amp;utm_medium=referral&amp;utm_campaign=image&amp;utm_content=1638766\" target=\"_blank\" rel=\"noreferrer noopener\">Falkenpost<\/a> from <a href=\"https:\/\/pixabay.com\/?utm_source=link-attribution&amp;utm_medium=referral&amp;utm_campaign=image&amp;utm_content=1638766\" target=\"_blank\" rel=\"noreferrer noopener\">Pixabay<\/a><br>Image by <a href=\"https:\/\/pixabay.com\/users\/Schluesseldienst-13794927\/?utm_source=link-attribution&amp;utm_medium=referral&amp;utm_campaign=image&amp;utm_content=4516175\" target=\"_blank\" rel=\"noreferrer noopener\">Schluesseldienst<\/a> from <a href=\"https:\/\/pixabay.com\/?utm_source=link-attribution&amp;utm_medium=referral&amp;utm_campaign=image&amp;utm_content=4516175\" target=\"_blank\" rel=\"noreferrer noopener\">Pixabay<\/a><br>Image by <a href=\"https:\/\/pixabay.com\/users\/Pexels-2286921\/?utm_source=link-attribution&amp;utm_medium=referral&amp;utm_campaign=image&amp;utm_content=2181947\" target=\"_blank\" rel=\"noreferrer noopener\">Pexels<\/a> from <a href=\"https:\/\/pixabay.com\/?utm_source=link-attribution&amp;utm_medium=referral&amp;utm_campaign=image&amp;utm_content=2181947\" target=\"_blank\" rel=\"noreferrer noopener\">Pixabay<\/a><br>Image by <a href=\"https:\/\/pixabay.com\/users\/qimono-1962238\/?utm_source=link-attribution&amp;utm_medium=referral&amp;utm_campaign=image&amp;utm_content=3245330\" target=\"_blank\" rel=\"noreferrer noopener\">Arek Socha<\/a> from <a href=\"https:\/\/pixabay.com\/?utm_source=link-attribution&amp;utm_medium=referral&amp;utm_campaign=image&amp;utm_content=3245330\" target=\"_blank\" rel=\"noreferrer noopener\">Pixabay<\/a><br>Image by <a href=\"https:\/\/pixabay.com\/users\/Pexels-2286921\/?utm_source=link-attribution&amp;utm_medium=referral&amp;utm_campaign=image&amp;utm_content=2181994\" target=\"_blank\" rel=\"noreferrer noopener\">Pexels<\/a> from <a href=\"https:\/\/pixabay.com\/?utm_source=link-attribution&amp;utm_medium=referral&amp;utm_campaign=image&amp;utm_content=2181994\" target=\"_blank\" rel=\"noreferrer noopener\">Pixabay<\/a><br>Image by <a href=\"https:\/\/pixabay.com\/users\/BUMIPUTRA-731298\/?utm_source=link-attribution&amp;utm_medium=referral&amp;utm_campaign=image&amp;utm_content=3532031\" target=\"_blank\" rel=\"noreferrer noopener\">BUMIPUTRA<\/a> from <a href=\"https:\/\/pixabay.com\/?utm_source=link-attribution&amp;utm_medium=referral&amp;utm_campaign=image&amp;utm_content=3532031\" target=\"_blank\" rel=\"noreferrer noopener\">Pixabay<\/a><br>Image by <a href=\"https:\/\/pixabay.com\/users\/jarmoluk-143740\/?utm_source=link-attribution&amp;utm_medium=referral&amp;utm_campaign=image&amp;utm_content=1080589\" target=\"_blank\" rel=\"noreferrer noopener\">Michal Jarmoluk<\/a> from <a href=\"https:\/\/pixabay.com\/?utm_source=link-attribution&amp;utm_medium=referral&amp;utm_campaign=image&amp;utm_content=1080589\" target=\"_blank\" rel=\"noreferrer noopener\">Pixabay<\/a><\/p>\n<\/div>\n<\/div>\n\n\n\n<div style=\"height:100px\" aria-hidden=\"true\" class=\"wp-block-spacer\"><\/div>\n","protected":false},"excerpt":{"rendered":"<p>Diese Demo-Website wurde eingerichtet von: brings | b\u00fcro f\u00fcr webentwicklungwebdesign, entwicklung &amp; servicesabine bringsisabellastra\u00dfe 845130 essen mail(at)brings-online.comwww.brings-online.comImpressum Bildquellen: Folgende Bilder werden hier auf der Demo-Webseite eingesetzt. Bitte beachten: Diese Bilder sind nicht Bestandteil des Themes &#8211; in den Demo-Daten sind <small>[&#8230;]<\/small><\/p>\n","protected":false},"author":1,"featured_media":0,"parent":0,"menu_order":0,"comment_status":"closed","ping_status":"closed","template":"","meta":{"footnotes":""},"class_list":["post-36","page","type-page","status-publish","hentry"],"yoast_head":"<!-- This site is optimized with the Yoast SEO plugin v26.5 - https:\/\/yoast.com\/wordpress\/plugins\/seo\/ -->\n<title>Impressum - BO HOME V3<\/title>\n<meta name=\"description\" content=\"Dies ist eine Demo-Webseite f\u00fcr HOME V3 - ein Immobilien-Theme f\u00fcr WordPress von Brings - B\u00fcro f\u00fcr Webentwicklung\" \/>\n<meta name=\"robots\" content=\"index, follow, max-snippet:-1, max-image-preview:large, max-video-preview:-1\" \/>\n<link rel=\"canonical\" href=\"https:\/\/bo-themes.de\/wordpress-immobilien-themes\/home-v3\/impressum\/\" \/>\n<meta property=\"og:locale\" content=\"de_DE\" \/>\n<meta property=\"og:type\" content=\"article\" \/>\n<meta property=\"og:title\" content=\"Impressum - BO HOME V3\" \/>\n<meta property=\"og:description\" content=\"Dies ist eine Demo-Webseite f\u00fcr HOME V3 - ein Immobilien-Theme f\u00fcr WordPress von Brings - B\u00fcro f\u00fcr Webentwicklung\" \/>\n<meta property=\"og:url\" content=\"https:\/\/bo-themes.de\/wordpress-immobilien-themes\/home-v3\/impressum\/\" \/>\n<meta property=\"og:site_name\" content=\"BO HOME V3\" \/>\n<meta property=\"og:image\" content=\"https:\/\/bo-themes.de\/wordpress-immobilien-themes\/home-v3\/wp-content\/uploads\/sites\/4\/2025\/04\/homev3-wordpress-theme-liste1.webp\" \/>\n\t<meta property=\"og:image:width\" content=\"1200\" \/>\n\t<meta property=\"og:image:height\" content=\"732\" \/>\n\t<meta property=\"og:image:type\" content=\"image\/webp\" \/>\n<meta name=\"twitter:card\" content=\"summary_large_image\" \/>\n<meta name=\"twitter:label1\" content=\"Gesch\u00e4tzte Lesezeit\" \/>\n\t<meta name=\"twitter:data1\" content=\"1\u00a0Minute\" \/>\n<script type=\"application\/ld+json\" class=\"yoast-schema-graph\">{\"@context\":\"https:\/\/schema.org\",\"@graph\":[{\"@type\":\"WebPage\",\"@id\":\"https:\/\/bo-themes.de\/wordpress-immobilien-themes\/home-v3\/impressum\/\",\"url\":\"https:\/\/bo-themes.de\/wordpress-immobilien-themes\/home-v3\/impressum\/\",\"name\":\"Impressum - BO HOME V3\",\"isPartOf\":{\"@id\":\"https:\/\/bo-themes.de\/wordpress-immobilien-themes\/home-v3\/#website\"},\"primaryImageOfPage\":{\"@id\":\"https:\/\/bo-themes.de\/wordpress-immobilien-themes\/home-v3\/impressum\/#primaryimage\"},\"image\":{\"@id\":\"https:\/\/bo-themes.de\/wordpress-immobilien-themes\/home-v3\/impressum\/#primaryimage\"},\"thumbnailUrl\":\"https:\/\/brings-online.com\/demo\/wordpress-immobilien-themes\/home-v1\/wp-content\/uploads\/2022\/11\/screenshot-1-1024x768.png\",\"datePublished\":\"2023-03-28T06:59:01+00:00\",\"description\":\"Dies ist eine Demo-Webseite f\u00fcr HOME V3 - ein Immobilien-Theme f\u00fcr WordPress von Brings - B\u00fcro f\u00fcr Webentwicklung\",\"breadcrumb\":{\"@id\":\"https:\/\/bo-themes.de\/wordpress-immobilien-themes\/home-v3\/impressum\/#breadcrumb\"},\"inLanguage\":\"de\",\"potentialAction\":[{\"@type\":\"ReadAction\",\"target\":[\"https:\/\/bo-themes.de\/wordpress-immobilien-themes\/home-v3\/impressum\/\"]}]},{\"@type\":\"ImageObject\",\"inLanguage\":\"de\",\"@id\":\"https:\/\/bo-themes.de\/wordpress-immobilien-themes\/home-v3\/impressum\/#primaryimage\",\"url\":\"https:\/\/brings-online.com\/demo\/wordpress-immobilien-themes\/home-v1\/wp-content\/uploads\/2022\/11\/screenshot-1-1024x768.png\",\"contentUrl\":\"https:\/\/brings-online.com\/demo\/wordpress-immobilien-themes\/home-v1\/wp-content\/uploads\/2022\/11\/screenshot-1-1024x768.png\"},{\"@type\":\"BreadcrumbList\",\"@id\":\"https:\/\/bo-themes.de\/wordpress-immobilien-themes\/home-v3\/impressum\/#breadcrumb\",\"itemListElement\":[{\"@type\":\"ListItem\",\"position\":1,\"name\":\"Startseite\",\"item\":\"https:\/\/bo-themes.de\/wordpress-immobilien-themes\/home-v3\/\"},{\"@type\":\"ListItem\",\"position\":2,\"name\":\"Impressum\"}]},{\"@type\":\"WebSite\",\"@id\":\"https:\/\/bo-themes.de\/wordpress-immobilien-themes\/home-v3\/#website\",\"url\":\"https:\/\/bo-themes.de\/wordpress-immobilien-themes\/home-v3\/\",\"name\":\"BO HOME V3 - Immobilien-Theme f\u00fcr WordPress\",\"description\":\"\",\"publisher\":{\"@id\":\"https:\/\/bo-themes.de\/wordpress-immobilien-themes\/home-v3\/#organization\"},\"alternateName\":\"BO HOME V3\",\"potentialAction\":[{\"@type\":\"SearchAction\",\"target\":{\"@type\":\"EntryPoint\",\"urlTemplate\":\"https:\/\/bo-themes.de\/wordpress-immobilien-themes\/home-v3\/?s={search_term_string}\"},\"query-input\":{\"@type\":\"PropertyValueSpecification\",\"valueRequired\":true,\"valueName\":\"search_term_string\"}}],\"inLanguage\":\"de\"},{\"@type\":\"Organization\",\"@id\":\"https:\/\/bo-themes.de\/wordpress-immobilien-themes\/home-v3\/#organization\",\"name\":\"BO HOME V3 - Immobilien-Theme f\u00fcr WordPress\",\"alternateName\":\"BO HOME V3\",\"url\":\"https:\/\/bo-themes.de\/wordpress-immobilien-themes\/home-v3\/\",\"logo\":{\"@type\":\"ImageObject\",\"inLanguage\":\"de\",\"@id\":\"https:\/\/bo-themes.de\/wordpress-immobilien-themes\/home-v3\/#\/schema\/logo\/image\/\",\"url\":\"https:\/\/bo-themes.de\/wordpress-immobilien-themes\/home-v3\/wp-content\/uploads\/sites\/4\/2025\/03\/brings-online-themes-icon.png\",\"contentUrl\":\"https:\/\/bo-themes.de\/wordpress-immobilien-themes\/home-v3\/wp-content\/uploads\/sites\/4\/2025\/03\/brings-online-themes-icon.png\",\"width\":512,\"height\":512,\"caption\":\"BO HOME V3 - Immobilien-Theme f\u00fcr WordPress\"},\"image\":{\"@id\":\"https:\/\/bo-themes.de\/wordpress-immobilien-themes\/home-v3\/#\/schema\/logo\/image\/\"}}]}<\/script>\n<!-- \/ Yoast SEO plugin. -->","yoast_head_json":{"title":"Impressum - BO HOME V3","description":"Dies ist eine Demo-Webseite f\u00fcr HOME V3 - ein Immobilien-Theme f\u00fcr WordPress von Brings - B\u00fcro f\u00fcr Webentwicklung","robots":{"index":"index","follow":"follow","max-snippet":"max-snippet:-1","max-image-preview":"max-image-preview:large","max-video-preview":"max-video-preview:-1"},"canonical":"https:\/\/bo-themes.de\/wordpress-immobilien-themes\/home-v3\/impressum\/","og_locale":"de_DE","og_type":"article","og_title":"Impressum - BO HOME V3","og_description":"Dies ist eine Demo-Webseite f\u00fcr HOME V3 - ein Immobilien-Theme f\u00fcr WordPress von Brings - B\u00fcro f\u00fcr Webentwicklung","og_url":"https:\/\/bo-themes.de\/wordpress-immobilien-themes\/home-v3\/impressum\/","og_site_name":"BO HOME V3","og_image":[{"width":1200,"height":732,"url":"https:\/\/bo-themes.de\/wordpress-immobilien-themes\/home-v3\/wp-content\/uploads\/sites\/4\/2025\/04\/homev3-wordpress-theme-liste1.webp","type":"image\/webp"}],"twitter_card":"summary_large_image","twitter_misc":{"Gesch\u00e4tzte Lesezeit":"1\u00a0Minute"},"schema":{"@context":"https:\/\/schema.org","@graph":[{"@type":"WebPage","@id":"https:\/\/bo-themes.de\/wordpress-immobilien-themes\/home-v3\/impressum\/","url":"https:\/\/bo-themes.de\/wordpress-immobilien-themes\/home-v3\/impressum\/","name":"Impressum - BO HOME V3","isPartOf":{"@id":"https:\/\/bo-themes.de\/wordpress-immobilien-themes\/home-v3\/#website"},"primaryImageOfPage":{"@id":"https:\/\/bo-themes.de\/wordpress-immobilien-themes\/home-v3\/impressum\/#primaryimage"},"image":{"@id":"https:\/\/bo-themes.de\/wordpress-immobilien-themes\/home-v3\/impressum\/#primaryimage"},"thumbnailUrl":"https:\/\/brings-online.com\/demo\/wordpress-immobilien-themes\/home-v1\/wp-content\/uploads\/2022\/11\/screenshot-1-1024x768.png","datePublished":"2023-03-28T06:59:01+00:00","description":"Dies ist eine Demo-Webseite f\u00fcr HOME V3 - ein Immobilien-Theme f\u00fcr WordPress von Brings - B\u00fcro f\u00fcr Webentwicklung","breadcrumb":{"@id":"https:\/\/bo-themes.de\/wordpress-immobilien-themes\/home-v3\/impressum\/#breadcrumb"},"inLanguage":"de","potentialAction":[{"@type":"ReadAction","target":["https:\/\/bo-themes.de\/wordpress-immobilien-themes\/home-v3\/impressum\/"]}]},{"@type":"ImageObject","inLanguage":"de","@id":"https:\/\/bo-themes.de\/wordpress-immobilien-themes\/home-v3\/impressum\/#primaryimage","url":"https:\/\/brings-online.com\/demo\/wordpress-immobilien-themes\/home-v1\/wp-content\/uploads\/2022\/11\/screenshot-1-1024x768.png","contentUrl":"https:\/\/brings-online.com\/demo\/wordpress-immobilien-themes\/home-v1\/wp-content\/uploads\/2022\/11\/screenshot-1-1024x768.png"},{"@type":"BreadcrumbList","@id":"https:\/\/bo-themes.de\/wordpress-immobilien-themes\/home-v3\/impressum\/#breadcrumb","itemListElement":[{"@type":"ListItem","position":1,"name":"Startseite","item":"https:\/\/bo-themes.de\/wordpress-immobilien-themes\/home-v3\/"},{"@type":"ListItem","position":2,"name":"Impressum"}]},{"@type":"WebSite","@id":"https:\/\/bo-themes.de\/wordpress-immobilien-themes\/home-v3\/#website","url":"https:\/\/bo-themes.de\/wordpress-immobilien-themes\/home-v3\/","name":"BO HOME V3 - Immobilien-Theme f\u00fcr WordPress","description":"","publisher":{"@id":"https:\/\/bo-themes.de\/wordpress-immobilien-themes\/home-v3\/#organization"},"alternateName":"BO HOME V3","potentialAction":[{"@type":"SearchAction","target":{"@type":"EntryPoint","urlTemplate":"https:\/\/bo-themes.de\/wordpress-immobilien-themes\/home-v3\/?s={search_term_string}"},"query-input":{"@type":"PropertyValueSpecification","valueRequired":true,"valueName":"search_term_string"}}],"inLanguage":"de"},{"@type":"Organization","@id":"https:\/\/bo-themes.de\/wordpress-immobilien-themes\/home-v3\/#organization","name":"BO HOME V3 - Immobilien-Theme f\u00fcr WordPress","alternateName":"BO HOME V3","url":"https:\/\/bo-themes.de\/wordpress-immobilien-themes\/home-v3\/","logo":{"@type":"ImageObject","inLanguage":"de","@id":"https:\/\/bo-themes.de\/wordpress-immobilien-themes\/home-v3\/#\/schema\/logo\/image\/","url":"https:\/\/bo-themes.de\/wordpress-immobilien-themes\/home-v3\/wp-content\/uploads\/sites\/4\/2025\/03\/brings-online-themes-icon.png","contentUrl":"https:\/\/bo-themes.de\/wordpress-immobilien-themes\/home-v3\/wp-content\/uploads\/sites\/4\/2025\/03\/brings-online-themes-icon.png","width":512,"height":512,"caption":"BO HOME V3 - Immobilien-Theme f\u00fcr WordPress"},"image":{"@id":"https:\/\/bo-themes.de\/wordpress-immobilien-themes\/home-v3\/#\/schema\/logo\/image\/"}}]}},"_links":{"self":[{"href":"https:\/\/bo-themes.de\/wordpress-immobilien-themes\/home-v3\/wp-json\/wp\/v2\/pages\/36","targetHints":{"allow":["GET"]}}],"collection":[{"href":"https:\/\/bo-themes.de\/wordpress-immobilien-themes\/home-v3\/wp-json\/wp\/v2\/pages"}],"about":[{"href":"https:\/\/bo-themes.de\/wordpress-immobilien-themes\/home-v3\/wp-json\/wp\/v2\/types\/page"}],"author":[{"embeddable":true,"href":"https:\/\/bo-themes.de\/wordpress-immobilien-themes\/home-v3\/wp-json\/wp\/v2\/users\/1"}],"replies":[{"embeddable":true,"href":"https:\/\/bo-themes.de\/wordpress-immobilien-themes\/home-v3\/wp-json\/wp\/v2\/comments?post=36"}],"version-history":[{"count":0,"href":"https:\/\/bo-themes.de\/wordpress-immobilien-themes\/home-v3\/wp-json\/wp\/v2\/pages\/36\/revisions"}],"wp:attachment":[{"href":"https:\/\/bo-themes.de\/wordpress-immobilien-themes\/home-v3\/wp-json\/wp\/v2\/media?parent=36"}],"curies":[{"name":"wp","href":"https:\/\/api.w.org\/{rel}","templated":true}]}}