{"id":13200,"date":"2022-07-04T19:00:04","date_gmt":"2022-07-04T17:00:04","guid":{"rendered":"https:\/\/brings-online.com\/demo\/wordpress-immobilien-themes\/home-v1\/?page_id=13200"},"modified":"2022-07-04T19:00:04","modified_gmt":"2022-07-04T17:00:04","slug":"empfohlene-plugins","status":"publish","type":"page","link":"https:\/\/bo-themes.de\/wordpress-immobilien-themes\/home-v1\/theme-infos\/empfohlene-plugins\/","title":{"rendered":"Empfohlene und erforderliche Plugins"},"content":{"rendered":"\n<p><strong>Hier finden Sie eine \u00dcbersicht der Plugins, die f\u00fcr den Aufbau der Webseite erforderlich sind oder empfohlen werden. <\/strong><\/p>\n\n\n\n<div style=\"height:30px\" aria-hidden=\"true\" class=\"wp-block-spacer\"><\/div>\n\n\n\n<div class=\"wp-block-group\"><div class=\"wp-block-group__inner-container is-layout-flow wp-block-group-is-layout-flow\">\n<div class=\"wp-block-columns is-layout-flex wp-container-core-columns-is-layout-9d6595d7 wp-block-columns has-2-columns -is-layout-flex\">\n<div class=\"wp-block-column bo-scroll-button is-layout-flow wp-block-column-is-layout-flow\">\n<h3 class=\"wp-block-heading\">Erforderliche Plugins<\/h3>\n\n\n\n<ul class=\"wp-block-list\">\n<li><strong>BO HOME Extras<\/strong>\n<ul class=\"wp-block-list\">\n<li>Dieses Plugin liefert alle Seitenrubriken und Shortcodes f\u00fcr die Verwaltung der Immobilien und Referenzen (im Theme-Paket enthalten)<\/li>\n<\/ul>\n<\/li>\n\n\n\n<li><strong>Genesis Custom Blocks<\/strong>\n<ul class=\"wp-block-list\">\n<li>Dieses Plugin ist immer dann erforderlich, wenn die zus\u00e4tzlichen Inhaltsbl\u00f6cke des Themes genutzt werden sollen (kostenfreie Version via WordPress-Bibliothek)<\/li>\n<\/ul>\n<\/li>\n<\/ul>\n<\/div>\n\n\n\n<div class=\"wp-block-column bo-scroll-button is-layout-flow wp-block-column-is-layout-flow\">\n<h3 class=\"wp-block-heading\">Empfohlene Plugins<\/h3>\n\n\n\n<ul class=\"wp-block-list\">\n<li><strong>BO HOME Expos\u00e9<\/strong>\n<ul class=\"wp-block-list\">\n<li>Das <a href=\"https:\/\/brings-online.com\/plugins\/home-expose\/\" target=\"_blank\" rel=\"noreferrer noopener\">Expos\u00e9 Plugin<\/a> erm\u00f6glicht Ihnen \u00fcbersichtliche PDFs mit allen Immobiliendaten und zus\u00e4tzlichen, allgemeinen Informationen zu erstellen. Expos\u00e9s k\u00f6nnen alternativ nur von Administratoren oder auch von allen Besuchern der Webseite generiert werden. (kostenpflichtig)<\/li>\n<\/ul>\n<\/li>\n\n\n\n<li><strong>Breadcrumb Nav XT<\/strong>\n<ul class=\"wp-block-list\">\n<li>Dieses Plugin liefert die Breadcrumb-Navigation, die optional im Footer aller Seiten gezeigt werden kann (kostenfreie Version via WordPress-Bibliothek)<\/li>\n<\/ul>\n<\/li>\n\n\n\n<li><strong>Contactform 7 <\/strong>\n<ul class=\"wp-block-list\">\n<li>Dieses Plugin empfehlen wir f\u00fcr alle Formulare, die zus\u00e4tzlich zu den Immobilienformularen des Themes aufgebaut werden sollen. F\u00fcr das Kontaktformular auf dieser Demo-Webseite ist Contactform 7 im Einsatz (kostenfreie Version via WordPress-Bibliothek)<\/li>\n<\/ul>\n<\/li>\n<\/ul>\n<\/div>\n<\/div>\n<\/div><\/div>\n\n\n\n<div style=\"height:10px\" aria-hidden=\"true\" class=\"wp-block-spacer\"><\/div>\n\n\n\n<hr class=\"wp-block-separator has-alpha-channel-opacity is-style-wide\" \/>\n\n\n\n<div style=\"height:10px\" aria-hidden=\"true\" class=\"wp-block-spacer\"><\/div>\n\n\n\n<h2 class=\"wp-block-heading\">openImmo Import? <\/h2>\n\n\n\n<p>Sie m\u00f6chten Ihre Immobiliendaten nicht manuell eintragen sondern \u00fcber Ihre Maklersoftware im \u201eopenImmo Format\u201c importieren? Dazu steht das \u201e<a href=\"https:\/\/plugins.inveris.de\/de\/shop\/immonex-openimmo2wp\/?ref=2\" target=\"_blank\" rel=\"noreferrer noopener\"><strong>immonex OpenImmo2WP<\/strong><\/a>\u201c Plugin f\u00fcr WordPress von <strong><a href=\"https:\/\/plugins.inveris.de\/de\/shop\/immonex-openimmo2wp\/?ref=2\">Inveris<\/a> <\/strong>zur Verf\u00fcgung. Das Plugin importiert Daten im openImmo-Format in WordPress und ordnet sie den vorbereiteten Datenfeldern des Themes zu, so dass Ihre Objekte leicht verwaltet und pr\u00e4sentiert werden k\u00f6nnen.<\/p>\n\n\n\n<div style=\"height:100px\" aria-hidden=\"true\" class=\"wp-block-spacer\"><\/div>\n\n\n\n<div class=\"wp-block-group alignfull has-background\" style=\"background-color:#f0f1f6\"><div class=\"wp-block-group__inner-container is-layout-flow wp-block-group-is-layout-flow\">\n<div style=\"height:40px\" aria-hidden=\"true\" class=\"wp-block-spacer\"><\/div>\n\n\n<div class=\"slogan center \">\n<div class=\"preambel\">\n<span style=\"color:#c67814;\"><\/span>\n<\/div>\n<h2 style=\"font-size:36px;color:#484B59\" ><span class=\"slogan-mobile\">Sie haben noch Fragen? <\/span><\/h2><span style=\"background:#c67814\"><\/span><\/div>\n\n\n<div style=\"height:20px\" aria-hidden=\"true\" class=\"wp-block-spacer\"><\/div>\n\n\n\n<div class=\"wp-block-columns has-max-width-90 is-layout-flex wp-container-core-columns-is-layout-9d6595d7 wp-block-columns has-2-columns -is-layout-flex\">\n<div class=\"wp-block-column is-layout-flow wp-block-column-is-layout-flow\">\n<h3 class=\"wp-block-heading\"><span class=\"extrahome\">H<span class=\"bo-orange\">O<\/span>ME<\/span> &#8211; WordPress-Theme<\/h3>\n\n\n\n<p>Wenn Sie noch Fragen zum <span class=\"extrahome\">H<span class=\"bo-green\">O<\/span>ME<\/span> WordPress-Theme haben und\/oder nicht sicher sind, ob dieses Theme f\u00fcr Ihre Webseite das Richtige ist, senden Sie eine Nachricht! Sie erhalten schnellstm\u00f6glich Auskunft. <\/p>\n<\/div>\n\n\n\n<div class=\"wp-block-column is-layout-flow wp-block-column-is-layout-flow\">\n<h3 class=\"wp-block-heading\">Ma\u00dfgeschneidertes Theme ben\u00f6tigt?<\/h3>\n\n\n\n<p>Sie brauchen ein individuelles Theme, um Angebote und Leistungen optimal pr\u00e4sentieren zu k\u00f6nnen? Mit anderer Struktur, anderen Seitenrubriken und Datenfeldern und anderen Funktionen? Wir entwickeln WordPress-Themes auch gezielt f\u00fcr Ihren Bedarf!<\/p>\n<\/div>\n<\/div>\n\n\n\n<div class=\"wp-block-columns has-max-width-90 is-layout-flex wp-container-core-columns-is-layout-9d6595d7 wp-block-columns has-2-columns -is-layout-flex\">\n<div class=\"wp-block-column is-layout-flow wp-block-column-is-layout-flow\">\n<h3 class=\"wp-block-heading\">Sie brauchen Unterst\u00fctzung?<\/h3>\n\n\n\n<p>Sie suchen noch einen WordPress-Profi f\u00fcr den professionellen Aufbau Ihrer Webseite? Wir \u00fcbernehmen alle Aufgaben rund um die Einrichtung und Gestaltung Ihrer WordPress-Webseite.<\/p>\n<\/div>\n\n\n\n<div class=\"wp-block-column is-layout-flow wp-block-column-is-layout-flow\">\n<h3 class=\"wp-block-heading\"><span class=\"extrahome\">H<span class=\"bo-orange\">O<\/span>ME<\/span> &#8211; Child-Theme<\/h3>\n\n\n\n<p>Ganz nach Bedarf kann das Layout des <span class=\"extrahome\">H<span class=\"bo-green\">O<\/span>ME<\/span> WordPress-Themes auch individuell via Child-Theme angepasst werden. Sprechen Sie uns an, wir entwickeln f\u00fcr Sie ein individuelles Child-Theme. <\/p>\n<\/div>\n<\/div>\n\n\n\n<div style=\"height:20px\" aria-hidden=\"true\" class=\"wp-block-spacer\"><\/div>\n\n\n\n<div style=\"height:30px\" aria-hidden=\"true\" class=\"wp-block-spacer\"><\/div>\n\n\n\n<div class=\"wp-block-buttons is-content-justification-center is-layout-flex wp-container-core-buttons-is-layout-16018d1d wp-block-buttons-is-layout-flex\">\n<div class=\"wp-block-button has-custom-font-size\" style=\"font-size:19px\"><a class=\"wp-block-button__link has-background wp-element-button\" href=\"https:\/\/brings-online.com\/kontakt\" style=\"background-color:#565966\">Direkt zum Kontaktformular<\/a><\/div>\n\n\n\n<div class=\"wp-block-button has-custom-font-size\" style=\"font-size:19px\"><a class=\"wp-block-button__link has-background wp-element-button\" href=\"https:\/\/brings-online.com\/fragen-und-antworten-zu-wordpress-themes\/\" style=\"background-color:#565966\">Fragen &amp; Antworten zu WordPress-Themes<\/a><\/div>\n\n\n\n<div class=\"wp-block-button has-custom-font-size\" style=\"font-size:19px\"><a class=\"wp-block-button__link has-background wp-element-button\" href=\"https:\/\/brings-online.com\/themes\/wordpress-immobilien-theme-home-v1\" style=\"background-color:#c67814\"><mark class=\"has-inline-color has-white-color\">Theme jetzt einkaufen<\/mark><\/a><\/div>\n<\/div>\n\n\n\n<div style=\"height:60px\" aria-hidden=\"true\" class=\"wp-block-spacer\"><\/div>\n<\/div><\/div>\n\n\n\n<div class=\"wp-block-cover alignfull is-light has-parallax\" style=\"min-height:300px;aspect-ratio:unset;\"><span aria-hidden=\"true\" class=\"wp-block-cover__background has-background-dim-30 has-background-dim\"><\/span><div class=\"wp-block-cover__image-background wp-image-13104 has-parallax\" style=\"background-position:50% 50%;background-image:url(https:\/\/brings-online.com\/demo\/wordpress-immobilien-themes\/home-v1\/wp-content\/uploads\/2019\/12\/home-immobilien-objekt4.jpg)\"><\/div><div class=\"wp-block-cover__inner-container is-layout-flow wp-block-cover-is-layout-flow\">\n<p class=\"has-text-align-center has-large-font-size\"><\/p>\n<\/div><\/div>\n","protected":false},"excerpt":{"rendered":"<p>Hier finden Sie eine \u00dcbersicht der Plugins, die f\u00fcr den Aufbau der Webseite erforderlich sind oder empfohlen werden. Erforderliche Plugins Empfohlene Plugins openImmo <small>[&#8230;]<\/small><\/p>\n","protected":false},"author":2,"featured_media":0,"parent":13093,"menu_order":21,"comment_status":"closed","ping_status":"closed","template":"","meta":{"footnotes":""},"class_list":["post-13200","page","type-page","status-publish","hentry"],"yoast_head":"<!-- This site is optimized with the Yoast SEO plugin v26.5 - https:\/\/yoast.com\/wordpress\/plugins\/seo\/ -->\n<title>Empfohlene und erforderliche Plugins - BO HOME V1<\/title>\n<meta name=\"description\" content=\"Dies ist eine Demo-Webseite f\u00fcr HOME V1 - ein Immobilien-Theme f\u00fcr WordPress von Brings - B\u00fcro f\u00fcr Webentwicklung\" \/>\n<meta name=\"robots\" content=\"index, follow, max-snippet:-1, max-image-preview:large, max-video-preview:-1\" \/>\n<link rel=\"canonical\" href=\"https:\/\/bo-themes.de\/wordpress-immobilien-themes\/home-v1\/theme-infos\/empfohlene-plugins\/\" \/>\n<meta property=\"og:locale\" content=\"de_DE\" \/>\n<meta property=\"og:type\" content=\"article\" \/>\n<meta property=\"og:title\" content=\"Empfohlene und erforderliche Plugins - BO HOME V1\" \/>\n<meta property=\"og:description\" content=\"Dies ist eine Demo-Webseite f\u00fcr HOME V1 - ein Immobilien-Theme f\u00fcr WordPress von Brings - B\u00fcro f\u00fcr Webentwicklung\" \/>\n<meta property=\"og:url\" content=\"https:\/\/bo-themes.de\/wordpress-immobilien-themes\/home-v1\/theme-infos\/empfohlene-plugins\/\" \/>\n<meta property=\"og:site_name\" content=\"BO HOME V1\" \/>\n<meta property=\"og:image\" content=\"https:\/\/bo-themes.de\/wordpress-immobilien-themes\/home-v1\/wp-content\/uploads\/sites\/2\/2025\/04\/slide-demos-2a.webp\" \/>\n\t<meta property=\"og:image:width\" content=\"1200\" \/>\n\t<meta property=\"og:image:height\" content=\"732\" \/>\n\t<meta property=\"og:image:type\" content=\"image\/webp\" \/>\n<meta name=\"twitter:card\" content=\"summary_large_image\" \/>\n<meta name=\"twitter:label1\" content=\"Gesch\u00e4tzte Lesezeit\" \/>\n\t<meta name=\"twitter:data1\" content=\"2\u00a0Minuten\" \/>\n<script type=\"application\/ld+json\" class=\"yoast-schema-graph\">{\"@context\":\"https:\/\/schema.org\",\"@graph\":[{\"@type\":\"WebPage\",\"@id\":\"https:\/\/bo-themes.de\/wordpress-immobilien-themes\/home-v1\/theme-infos\/empfohlene-plugins\/\",\"url\":\"https:\/\/bo-themes.de\/wordpress-immobilien-themes\/home-v1\/theme-infos\/empfohlene-plugins\/\",\"name\":\"Empfohlene und erforderliche Plugins - BO HOME V1\",\"isPartOf\":{\"@id\":\"https:\/\/bo-themes.de\/wordpress-immobilien-themes\/home-v1\/#website\"},\"datePublished\":\"2022-07-04T17:00:04+00:00\",\"description\":\"Dies ist eine Demo-Webseite f\u00fcr HOME V1 - ein Immobilien-Theme f\u00fcr WordPress von Brings - B\u00fcro f\u00fcr Webentwicklung\",\"breadcrumb\":{\"@id\":\"https:\/\/bo-themes.de\/wordpress-immobilien-themes\/home-v1\/theme-infos\/empfohlene-plugins\/#breadcrumb\"},\"inLanguage\":\"de\",\"potentialAction\":[{\"@type\":\"ReadAction\",\"target\":[\"https:\/\/bo-themes.de\/wordpress-immobilien-themes\/home-v1\/theme-infos\/empfohlene-plugins\/\"]}]},{\"@type\":\"BreadcrumbList\",\"@id\":\"https:\/\/bo-themes.de\/wordpress-immobilien-themes\/home-v1\/theme-infos\/empfohlene-plugins\/#breadcrumb\",\"itemListElement\":[{\"@type\":\"ListItem\",\"position\":1,\"name\":\"Startseite\",\"item\":\"https:\/\/bo-themes.de\/wordpress-immobilien-themes\/home-v1\/\"},{\"@type\":\"ListItem\",\"position\":2,\"name\":\"Theme-Infos\",\"item\":\"https:\/\/bo-themes.de\/wordpress-immobilien-themes\/home-v1\/theme-infos\/\"},{\"@type\":\"ListItem\",\"position\":3,\"name\":\"Empfohlene und erforderliche Plugins\"}]},{\"@type\":\"WebSite\",\"@id\":\"https:\/\/bo-themes.de\/wordpress-immobilien-themes\/home-v1\/#website\",\"url\":\"https:\/\/bo-themes.de\/wordpress-immobilien-themes\/home-v1\/\",\"name\":\"BO HOME V1 - Immobilien-Theme f\u00fcr WordPress\",\"description\":\"WordPress Theme f\u00fcr Immobilien-Webseiten\",\"publisher\":{\"@id\":\"https:\/\/bo-themes.de\/wordpress-immobilien-themes\/home-v1\/#organization\"},\"alternateName\":\"BO HOME V1\",\"potentialAction\":[{\"@type\":\"SearchAction\",\"target\":{\"@type\":\"EntryPoint\",\"urlTemplate\":\"https:\/\/bo-themes.de\/wordpress-immobilien-themes\/home-v1\/?s={search_term_string}\"},\"query-input\":{\"@type\":\"PropertyValueSpecification\",\"valueRequired\":true,\"valueName\":\"search_term_string\"}}],\"inLanguage\":\"de\"},{\"@type\":\"Organization\",\"@id\":\"https:\/\/bo-themes.de\/wordpress-immobilien-themes\/home-v1\/#organization\",\"name\":\"BO HOME V1 - Immobilien-Theme f\u00fcr WordPress\",\"alternateName\":\"BO HOME V1\",\"url\":\"https:\/\/bo-themes.de\/wordpress-immobilien-themes\/home-v1\/\",\"logo\":{\"@type\":\"ImageObject\",\"inLanguage\":\"de\",\"@id\":\"https:\/\/bo-themes.de\/wordpress-immobilien-themes\/home-v1\/#\/schema\/logo\/image\/\",\"url\":\"https:\/\/bo-themes.de\/wordpress-immobilien-themes\/home-v1\/wp-content\/uploads\/sites\/2\/2025\/03\/brings-online-themes-icon.png\",\"contentUrl\":\"https:\/\/bo-themes.de\/wordpress-immobilien-themes\/home-v1\/wp-content\/uploads\/sites\/2\/2025\/03\/brings-online-themes-icon.png\",\"width\":512,\"height\":512,\"caption\":\"BO HOME V1 - Immobilien-Theme f\u00fcr WordPress\"},\"image\":{\"@id\":\"https:\/\/bo-themes.de\/wordpress-immobilien-themes\/home-v1\/#\/schema\/logo\/image\/\"}}]}<\/script>\n<!-- \/ Yoast SEO plugin. -->","yoast_head_json":{"title":"Empfohlene und erforderliche Plugins - BO HOME V1","description":"Dies ist eine Demo-Webseite f\u00fcr HOME V1 - ein Immobilien-Theme f\u00fcr WordPress von Brings - B\u00fcro f\u00fcr Webentwicklung","robots":{"index":"index","follow":"follow","max-snippet":"max-snippet:-1","max-image-preview":"max-image-preview:large","max-video-preview":"max-video-preview:-1"},"canonical":"https:\/\/bo-themes.de\/wordpress-immobilien-themes\/home-v1\/theme-infos\/empfohlene-plugins\/","og_locale":"de_DE","og_type":"article","og_title":"Empfohlene und erforderliche Plugins - BO HOME V1","og_description":"Dies ist eine Demo-Webseite f\u00fcr HOME V1 - ein Immobilien-Theme f\u00fcr WordPress von Brings - B\u00fcro f\u00fcr Webentwicklung","og_url":"https:\/\/bo-themes.de\/wordpress-immobilien-themes\/home-v1\/theme-infos\/empfohlene-plugins\/","og_site_name":"BO HOME V1","og_image":[{"width":1200,"height":732,"url":"https:\/\/bo-themes.de\/wordpress-immobilien-themes\/home-v1\/wp-content\/uploads\/sites\/2\/2025\/04\/slide-demos-2a.webp","type":"image\/webp"}],"twitter_card":"summary_large_image","twitter_misc":{"Gesch\u00e4tzte Lesezeit":"2\u00a0Minuten"},"schema":{"@context":"https:\/\/schema.org","@graph":[{"@type":"WebPage","@id":"https:\/\/bo-themes.de\/wordpress-immobilien-themes\/home-v1\/theme-infos\/empfohlene-plugins\/","url":"https:\/\/bo-themes.de\/wordpress-immobilien-themes\/home-v1\/theme-infos\/empfohlene-plugins\/","name":"Empfohlene und erforderliche Plugins - BO HOME V1","isPartOf":{"@id":"https:\/\/bo-themes.de\/wordpress-immobilien-themes\/home-v1\/#website"},"datePublished":"2022-07-04T17:00:04+00:00","description":"Dies ist eine Demo-Webseite f\u00fcr HOME V1 - ein Immobilien-Theme f\u00fcr WordPress von Brings - B\u00fcro f\u00fcr Webentwicklung","breadcrumb":{"@id":"https:\/\/bo-themes.de\/wordpress-immobilien-themes\/home-v1\/theme-infos\/empfohlene-plugins\/#breadcrumb"},"inLanguage":"de","potentialAction":[{"@type":"ReadAction","target":["https:\/\/bo-themes.de\/wordpress-immobilien-themes\/home-v1\/theme-infos\/empfohlene-plugins\/"]}]},{"@type":"BreadcrumbList","@id":"https:\/\/bo-themes.de\/wordpress-immobilien-themes\/home-v1\/theme-infos\/empfohlene-plugins\/#breadcrumb","itemListElement":[{"@type":"ListItem","position":1,"name":"Startseite","item":"https:\/\/bo-themes.de\/wordpress-immobilien-themes\/home-v1\/"},{"@type":"ListItem","position":2,"name":"Theme-Infos","item":"https:\/\/bo-themes.de\/wordpress-immobilien-themes\/home-v1\/theme-infos\/"},{"@type":"ListItem","position":3,"name":"Empfohlene und erforderliche Plugins"}]},{"@type":"WebSite","@id":"https:\/\/bo-themes.de\/wordpress-immobilien-themes\/home-v1\/#website","url":"https:\/\/bo-themes.de\/wordpress-immobilien-themes\/home-v1\/","name":"BO HOME V1 - Immobilien-Theme f\u00fcr WordPress","description":"WordPress Theme f\u00fcr Immobilien-Webseiten","publisher":{"@id":"https:\/\/bo-themes.de\/wordpress-immobilien-themes\/home-v1\/#organization"},"alternateName":"BO HOME V1","potentialAction":[{"@type":"SearchAction","target":{"@type":"EntryPoint","urlTemplate":"https:\/\/bo-themes.de\/wordpress-immobilien-themes\/home-v1\/?s={search_term_string}"},"query-input":{"@type":"PropertyValueSpecification","valueRequired":true,"valueName":"search_term_string"}}],"inLanguage":"de"},{"@type":"Organization","@id":"https:\/\/bo-themes.de\/wordpress-immobilien-themes\/home-v1\/#organization","name":"BO HOME V1 - Immobilien-Theme f\u00fcr WordPress","alternateName":"BO HOME V1","url":"https:\/\/bo-themes.de\/wordpress-immobilien-themes\/home-v1\/","logo":{"@type":"ImageObject","inLanguage":"de","@id":"https:\/\/bo-themes.de\/wordpress-immobilien-themes\/home-v1\/#\/schema\/logo\/image\/","url":"https:\/\/bo-themes.de\/wordpress-immobilien-themes\/home-v1\/wp-content\/uploads\/sites\/2\/2025\/03\/brings-online-themes-icon.png","contentUrl":"https:\/\/bo-themes.de\/wordpress-immobilien-themes\/home-v1\/wp-content\/uploads\/sites\/2\/2025\/03\/brings-online-themes-icon.png","width":512,"height":512,"caption":"BO HOME V1 - Immobilien-Theme f\u00fcr WordPress"},"image":{"@id":"https:\/\/bo-themes.de\/wordpress-immobilien-themes\/home-v1\/#\/schema\/logo\/image\/"}}]}},"_links":{"self":[{"href":"https:\/\/bo-themes.de\/wordpress-immobilien-themes\/home-v1\/wp-json\/wp\/v2\/pages\/13200","targetHints":{"allow":["GET"]}}],"collection":[{"href":"https:\/\/bo-themes.de\/wordpress-immobilien-themes\/home-v1\/wp-json\/wp\/v2\/pages"}],"about":[{"href":"https:\/\/bo-themes.de\/wordpress-immobilien-themes\/home-v1\/wp-json\/wp\/v2\/types\/page"}],"author":[{"embeddable":true,"href":"https:\/\/bo-themes.de\/wordpress-immobilien-themes\/home-v1\/wp-json\/wp\/v2\/users\/2"}],"replies":[{"embeddable":true,"href":"https:\/\/bo-themes.de\/wordpress-immobilien-themes\/home-v1\/wp-json\/wp\/v2\/comments?post=13200"}],"version-history":[{"count":0,"href":"https:\/\/bo-themes.de\/wordpress-immobilien-themes\/home-v1\/wp-json\/wp\/v2\/pages\/13200\/revisions"}],"up":[{"embeddable":true,"href":"https:\/\/bo-themes.de\/wordpress-immobilien-themes\/home-v1\/wp-json\/wp\/v2\/pages\/13093"}],"wp:attachment":[{"href":"https:\/\/bo-themes.de\/wordpress-immobilien-themes\/home-v1\/wp-json\/wp\/v2\/media?parent=13200"}],"curies":[{"name":"wp","href":"https:\/\/api.w.org\/{rel}","templated":true}]}}