{"id":13177,"date":"2022-07-04T18:49:46","date_gmt":"2022-07-04T16:49:46","guid":{"rendered":"https:\/\/brings-online.com\/demo\/wordpress-immobilien-themes\/home-v1\/?page_id=13177"},"modified":"2025-04-11T15:49:36","modified_gmt":"2025-04-11T13:49:36","slug":"immobilienpraesentation","status":"publish","type":"page","link":"https:\/\/bo-themes.de\/wordpress-immobilien-themes\/home-v1\/verkauf-vermietung\/immobilienpraesentation\/","title":{"rendered":"Immobilienpr\u00e4sentation"},"content":{"rendered":"\n<p class=\"has-text-align-center has-max-width-80\">Lorem ipsum dolor sit amet, consetetur sadipscing elitr, sed diam nonumy eirmod tempor invidunt ut labore et dolore magna aliquyam erat, sed diam voluptua. At vero eos et accusam et justo duo dolores et ea rebum. Stet clita kasd gubergren, no sea takimata sanctus est Lorem ipsum dolor sit amet.<\/p>\n\n\n\n<div style=\"height:40px\" aria-hidden=\"true\" class=\"wp-block-spacer\"><\/div>\n\n\n<section class=\"bo-triple-desktop\">\n<div class=\"bo-triple-box aligncontent\">\n<div class=\"bo-triple-col bo-triple-first  col-has-image\" style=\" margin:0 1px 0 0; width:calc(33.3333% - 1.3333333333333px);\">\n\t<div class=\"bo-triple-img\" style=\" background:url(https:\/\/bo-themes.de\/wordpress-immobilien-themes\/home-v1\/wp-content\/uploads\/sites\/2\/2022\/10\/bo-home-content-15.jpg) center center; background-size: cover; height:400px;\"><\/div>\t\t\n<\/div>\n\t\n<div class=\"bo-triple-col bo-triple-second \"  style=\"background:#f0f1f6;margin:0 1px; width:calc(33.3333% - 1.3333333333333px);\">\n<div class=\"bo-triple-text\" style=\"color:#484B59;\">\n<h2>Professionelle Fotografie<\/h2><p>Lorem ipsum dolor sit amet, consetetur sadipscing elitr, sed diam nonumy eirmod tempor invidunt ut labore et dolore magna aliquyam erat, sed diam voluptua. At vero eos et accusam et justo duo dolores et ea rebum. Stet clita kasd gubergren.<\/p>\n<\/div>\n<\/div>\n\t\n<div class=\"bo-triple-col bo-triple-third \" style=\"background:#EAEBEF;  margin:0 0 0 1px; width:calc(33.3333% - 1.3333333333333px);\">\n<div class=\"bo-triple-text\" style=\"color:#484B59;\">\n<h2>Aussagekr\u00e4ftige Expos\u00e9s<\/h2><p>Lorem ipsum dolor sit amet, consetetur sadipscing elitr, sed diam nonumy eirmod tempor invidunt ut labore et dolore magna aliquyam erat, sed diam voluptua. At vero eos et accusam et justo duo dolores et ea rebum. Stet clita kasd gubergren.<\/p>\n<\/div>\n<\/div>\n<\/div><\/section>\n\n<section class=\"bo-triple-mobile\">\n<div class=\"bo-triple-box  aligncontent\" >\n\t\n<div class=\"bo-triple-col col-has-image\" style=\"margin:0 0 1px 0; width:100%; flex-basis:100%; \">\n\t<div class=\"bo-triple-img\" style=\" background:url(https:\/\/bo-themes.de\/wordpress-immobilien-themes\/home-v1\/wp-content\/uploads\/sites\/2\/2022\/10\/bo-home-content-15.jpg) center center; background-size: cover; height:400px;\"><\/div>\n\t\t\t\n<\/div>\n\t\n\n<div class=\"bo-triple-col\"  style=\"background:#f0f1f6;margin:1px; margin-left:0; width:calc(50% - 1px); flex-basis:calc(50% - 1px); \" >\n<div class=\"bo-triple-text\" style=\"color:#484B59;\">\n<h2>Professionelle Fotografie<\/h2><p>Lorem ipsum dolor sit amet, consetetur sadipscing elitr, sed diam nonumy eirmod tempor invidunt ut labore et dolore magna aliquyam erat, sed diam voluptua. At vero eos et accusam et justo duo dolores et ea rebum. Stet clita kasd gubergren.<\/p>\n<\/div>\n<\/div>\n\t\n<div class=\"bo-triple-col\" style=\"background:#EAEBEF;  margin:1px; margin-right:0; width:calc(50% - $ma2px); flex-basis:calc(50% - 1px); \">\n<div class=\"bo-triple-text\" style=\"color:#484B59;\">\n<h2>Aussagekr\u00e4ftige Expos\u00e9s<\/h2><p>Lorem ipsum dolor sit amet, consetetur sadipscing elitr, sed diam nonumy eirmod tempor invidunt ut labore et dolore magna aliquyam erat, sed diam voluptua. At vero eos et accusam et justo duo dolores et ea rebum. Stet clita kasd gubergren.<\/p>\n<\/div>\n<\/div>\t\t\n<\/div>\t\t\n<\/section><!-- eof triple -->\n\n\n<div style=\"height:2px\" aria-hidden=\"true\" class=\"wp-block-spacer\"><\/div>\n\n\n<section class=\"bo-triple-desktop\">\n<div class=\"bo-triple-box aligncontent\">\n<div class=\"bo-triple-col bo-triple-first \" style=\"background:#F0F1F6; margin:0 1px 0 0; width:calc(33.3333% - 1.3333333333333px);\">\n<div class=\"bo-triple-text\" style=\"color:#484B59;\">\n<h2>Online &amp; Print<\/h2><p>Lorem ipsum dolor sit amet, consetetur sadipscing elitr, sed diam nonumy eirmod tempor invidunt ut labore et dolore magna aliquyam erat, sed diam voluptua. At vero eos et accusam et justo duo dolores et ea rebum. Stet clita kasd gubergren.<\/p>\n<\/div>\n\t\n<\/div>\n\t\n<div class=\"bo-triple-col bo-triple-second \"  style=\"background:#EAEBEF;margin:0 1px; width:calc(33.3333% - 1.3333333333333px);\">\n <div class=\"bo-triple-text\" style=\"color:#484B59;\">\n<h2>360\u00b0 Ansichten<\/h2><p>Lorem ipsum dolor sit amet, consetetur sadipscing elitr, sed diam nonumy eirmod tempor invidunt ut labore et dolore magna aliquyam erat, sed diam voluptua. At vero eos et accusam et justo duo dolores et ea rebum. Stet clita kasd gubergren.<\/p>\n<\/div><\/div>\n\t\n<div class=\"bo-triple-col bo-triple-third  col-has-image\" style=\" margin:0 0 0 1px; width:calc(33.3333% - 1.3333333333333px);\">\n\t<div class=\"bo-triple-img\" style=\" background:url(https:\/\/bo-themes.de\/wordpress-immobilien-themes\/home-v1\/wp-content\/uploads\/sites\/2\/2019\/12\/home-immobilien-objekt1.jpg) center center; background-size: cover; height:400px;\"><\/div><\/div>\n<\/div><\/section>\n\n<section class=\"bo-triple-mobile\">\n<div class=\"bo-triple-box  aligncontent\" >\n\t\n<div class=\"bo-triple-col col-has-image\" style=\"margin:0 0 1px 0; width:100%; flex-basis:100%; \">\n\t<div class=\"bo-triple-img\" style=\" background:url(https:\/\/bo-themes.de\/wordpress-immobilien-themes\/home-v1\/wp-content\/uploads\/sites\/2\/2019\/12\/home-immobilien-objekt1.jpg) center center; background-size: cover; height:400px;\"><\/div>\n\t\t\t\n<\/div>\n\t\n\n<div class=\"bo-triple-col\"  style=\"background:#F0F1F6;margin:1px; margin-left:0; width:calc(50% - 1px); flex-basis:calc(50% - 1px); \" >\n<div class=\"bo-triple-text\" style=\"color:#484B59;\">\n<h2>Online &amp; Print<\/h2><p>Lorem ipsum dolor sit amet, consetetur sadipscing elitr, sed diam nonumy eirmod tempor invidunt ut labore et dolore magna aliquyam erat, sed diam voluptua. At vero eos et accusam et justo duo dolores et ea rebum. Stet clita kasd gubergren.<\/p>\n<\/div>\n<\/div>\n\t\n<div class=\"bo-triple-col\" style=\"background:#EAEBEF;  margin:1px; margin-right:0; width:calc(50% - $ma2px); flex-basis:calc(50% - 1px); \">\n<div class=\"bo-triple-text\" style=\"color:#484B59;\">\n<h2>360\u00b0 Ansichten<\/h2><p>Lorem ipsum dolor sit amet, consetetur sadipscing elitr, sed diam nonumy eirmod tempor invidunt ut labore et dolore magna aliquyam erat, sed diam voluptua. At vero eos et accusam et justo duo dolores et ea rebum. Stet clita kasd gubergren.<\/p>\n<\/div>\n<\/div>\t\t\n<\/div>\t\t\n<\/section><!-- eof triple -->\n\n\n<div style=\"height:2px\" aria-hidden=\"true\" class=\"wp-block-spacer\"><\/div>\n\n\n<section class=\"bo-triple-desktop\">\n<div class=\"bo-triple-box aligncontent\">\n<div class=\"bo-triple-col bo-triple-first  col-has-image\" style=\" margin:0 1px 0 0; width:calc(33.3333% - 1.3333333333333px);\">\n<a title=\"Read more\" class=\"bo-triple-more\" href=\"#\" >\t<div class=\"bo-triple-img\" style=\" background:url(https:\/\/bo-themes.de\/wordpress-immobilien-themes\/home-v1\/wp-content\/uploads\/sites\/2\/2022\/10\/bo-home-content-18.jpg) center center; background-size: cover; height:400px;\"><\/div><\/a>\t\t\n<\/div>\n\t\n<div class=\"bo-triple-col bo-triple-second \"  style=\"background:#F0F1F6;margin:0 1px; width:calc(33.3333% - 1.3333333333333px);\">\n<div class=\"bo-triple-text\" style=\"color:#484B59;\">\n<h2>Virtuelle Besichtigungen<\/h2><p>Lorem ipsum dolor sit amet, consetetur sadipscing elitr, sed diam nonumy eirmod tempor invidunt ut labore et dolore magna aliquyam erat, sed diam voluptua. At vero eos et accusam et justo duo dolores et ea rebum. Stet clita kasd gubergren.<\/p>\n<\/div>\n<\/div>\n\t\n<div class=\"bo-triple-col bo-triple-third \" style=\"background:#EAEBEF;  margin:0 0 0 1px; width:calc(33.3333% - 1.3333333333333px);\">\n<div class=\"bo-triple-text\" style=\"color:#484B59;\">\n<h2>Vermarktung auf allen K\u00e4n\u00e4len<\/h2><p>Lorem ipsum dolor sit amet, consetetur sadipscing elitr, sed diam nonumy eirmod tempor invidunt ut labore et dolore magna aliquyam erat, sed diam voluptua. At vero eos et accusam et justo duo dolores et ea rebum. Stet clita kasd gubergren.<\/p>\n<\/div>\n<\/div>\n<\/div><\/section>\n\n<section class=\"bo-triple-mobile\">\n<div class=\"bo-triple-box  aligncontent\" >\n\t\n<div class=\"bo-triple-col col-has-image\" style=\"margin:0 0 1px 0; width:100%; flex-basis:100%; \">\n<a title=\"Read more\" class=\"bo-triple-more\" href=\"#\" >\t<div class=\"bo-triple-img\" style=\" background:url(https:\/\/bo-themes.de\/wordpress-immobilien-themes\/home-v1\/wp-content\/uploads\/sites\/2\/2022\/10\/bo-home-content-18.jpg) center center; background-size: cover; height:400px;\"><\/div>\n\t<\/a>\t\t\n<\/div>\n\t\n\n<div class=\"bo-triple-col\"  style=\"background:#F0F1F6;margin:1px; margin-left:0; width:calc(50% - 1px); flex-basis:calc(50% - 1px); \" >\n<div class=\"bo-triple-text\" style=\"color:#484B59;\">\n<h2>Virtuelle Besichtigungen<\/h2><p>Lorem ipsum dolor sit amet, consetetur sadipscing elitr, sed diam nonumy eirmod tempor invidunt ut labore et dolore magna aliquyam erat, sed diam voluptua. At vero eos et accusam et justo duo dolores et ea rebum. Stet clita kasd gubergren.<\/p>\n<\/div>\n<\/div>\n\t\n<div class=\"bo-triple-col\" style=\"background:#EAEBEF;  margin:1px; margin-right:0; width:calc(50% - $ma2px); flex-basis:calc(50% - 1px); \">\n<div class=\"bo-triple-text\" style=\"color:#484B59;\">\n<h2>Vermarktung auf allen K\u00e4n\u00e4len<\/h2><p>Lorem ipsum dolor sit amet, consetetur sadipscing elitr, sed diam nonumy eirmod tempor invidunt ut labore et dolore magna aliquyam erat, sed diam voluptua. At vero eos et accusam et justo duo dolores et ea rebum. Stet clita kasd gubergren.<\/p>\n<\/div>\n<\/div>\t\t\n<\/div>\t\t\n<\/section><!-- eof triple -->\n\n\n<div style=\"height:100px\" aria-hidden=\"true\" class=\"wp-block-spacer\"><\/div>\n\n\n\n<h2 class=\"wp-block-heading has-text-align-center\">Sie m\u00f6chten Ihre Immobilie durch uns vermarkten lassen und so den bestm\u00f6glichen Preis erzielen?  <\/h2>\n\n\n\n<p class=\"has-text-align-center has-max-width-80\">Lorem ipsum dolor sit amet, consetetur sadipscing elitr, sed diam nonumy eirmod tempor invidunt ut labore et dolore magna aliquyam erat, sed diam voluptua. At vero eos et accusam et justo duo dolores et ea rebum. Stet clita kasd gubergren, no sea takimata sanctus est Lorem ipsum dolor sit amet.<\/p>\n\n\n\n<div style=\"height:25px\" aria-hidden=\"true\" class=\"wp-block-spacer\"><\/div>\n\n\n\n<div class=\"wp-block-buttons is-content-justification-center is-layout-flex wp-container-core-buttons-is-layout-16018d1d wp-block-buttons-is-layout-flex\">\n<div class=\"wp-block-button has-custom-font-size is-style-fill\" style=\"font-size:20px\"><a class=\"wp-block-button__link has-white-color has-text-color has-background wp-element-button\" href=\"#\" style=\"background-color:#565966\">Sprechen Sie uns an &#8211; wir k\u00fcmmern uns um alles Weitere!<\/a><\/div>\n<\/div>\n\n\n\n<div style=\"height:100px\" aria-hidden=\"true\" class=\"wp-block-spacer\"><\/div>\n","protected":false},"excerpt":{"rendered":"<p>Lorem ipsum dolor sit amet, consetetur sadipscing elitr, sed diam nonumy eirmod tempor invidunt ut labore et dolore magna aliquyam erat, sed diam <small>[&#8230;]<\/small><\/p>\n","protected":false},"author":2,"featured_media":0,"parent":13088,"menu_order":29,"comment_status":"closed","ping_status":"closed","template":"","meta":{"footnotes":""},"class_list":["post-13177","page","type-page","status-publish","hentry"],"yoast_head":"<!-- This site is optimized with the Yoast SEO plugin v26.5 - https:\/\/yoast.com\/wordpress\/plugins\/seo\/ -->\n<title>Immobilienpr\u00e4sentation - BO HOME V1<\/title>\n<meta name=\"description\" content=\"Dies ist eine Demo-Webseite f\u00fcr HOME V1 - ein Immobilien-Theme f\u00fcr WordPress von Brings - B\u00fcro f\u00fcr Webentwicklung\" \/>\n<meta name=\"robots\" content=\"index, follow, max-snippet:-1, max-image-preview:large, max-video-preview:-1\" \/>\n<link rel=\"canonical\" href=\"https:\/\/bo-themes.de\/wordpress-immobilien-themes\/home-v1\/verkauf-vermietung\/immobilienpraesentation\/\" \/>\n<meta property=\"og:locale\" content=\"de_DE\" \/>\n<meta property=\"og:type\" content=\"article\" \/>\n<meta property=\"og:title\" content=\"Immobilienpr\u00e4sentation - BO HOME V1\" \/>\n<meta property=\"og:description\" content=\"Dies ist eine Demo-Webseite f\u00fcr HOME V1 - ein Immobilien-Theme f\u00fcr WordPress von Brings - B\u00fcro f\u00fcr Webentwicklung\" \/>\n<meta property=\"og:url\" content=\"https:\/\/bo-themes.de\/wordpress-immobilien-themes\/home-v1\/verkauf-vermietung\/immobilienpraesentation\/\" \/>\n<meta property=\"og:site_name\" content=\"BO HOME V1\" \/>\n<meta property=\"article:modified_time\" content=\"2025-04-11T13:49:36+00:00\" \/>\n<meta property=\"og:image\" content=\"https:\/\/bo-themes.de\/wordpress-immobilien-themes\/home-v1\/wp-content\/uploads\/sites\/2\/2025\/04\/slide-demos-2a.webp\" \/>\n\t<meta property=\"og:image:width\" content=\"1200\" \/>\n\t<meta property=\"og:image:height\" content=\"732\" \/>\n\t<meta property=\"og:image:type\" content=\"image\/webp\" \/>\n<meta name=\"twitter:card\" content=\"summary_large_image\" \/>\n<meta name=\"twitter:label1\" content=\"Gesch\u00e4tzte Lesezeit\" \/>\n\t<meta name=\"twitter:data1\" content=\"1\u00a0Minute\" \/>\n<script type=\"application\/ld+json\" class=\"yoast-schema-graph\">{\"@context\":\"https:\/\/schema.org\",\"@graph\":[{\"@type\":\"WebPage\",\"@id\":\"https:\/\/bo-themes.de\/wordpress-immobilien-themes\/home-v1\/verkauf-vermietung\/immobilienpraesentation\/\",\"url\":\"https:\/\/bo-themes.de\/wordpress-immobilien-themes\/home-v1\/verkauf-vermietung\/immobilienpraesentation\/\",\"name\":\"Immobilienpr\u00e4sentation - BO HOME V1\",\"isPartOf\":{\"@id\":\"https:\/\/bo-themes.de\/wordpress-immobilien-themes\/home-v1\/#website\"},\"datePublished\":\"2022-07-04T16:49:46+00:00\",\"dateModified\":\"2025-04-11T13:49:36+00:00\",\"description\":\"Dies ist eine Demo-Webseite f\u00fcr HOME V1 - ein Immobilien-Theme f\u00fcr WordPress von Brings - B\u00fcro f\u00fcr Webentwicklung\",\"breadcrumb\":{\"@id\":\"https:\/\/bo-themes.de\/wordpress-immobilien-themes\/home-v1\/verkauf-vermietung\/immobilienpraesentation\/#breadcrumb\"},\"inLanguage\":\"de\",\"potentialAction\":[{\"@type\":\"ReadAction\",\"target\":[\"https:\/\/bo-themes.de\/wordpress-immobilien-themes\/home-v1\/verkauf-vermietung\/immobilienpraesentation\/\"]}]},{\"@type\":\"BreadcrumbList\",\"@id\":\"https:\/\/bo-themes.de\/wordpress-immobilien-themes\/home-v1\/verkauf-vermietung\/immobilienpraesentation\/#breadcrumb\",\"itemListElement\":[{\"@type\":\"ListItem\",\"position\":1,\"name\":\"Startseite\",\"item\":\"https:\/\/bo-themes.de\/wordpress-immobilien-themes\/home-v1\/\"},{\"@type\":\"ListItem\",\"position\":2,\"name\":\"Verkauf &amp; Vermietung\",\"item\":\"https:\/\/bo-themes.de\/wordpress-immobilien-themes\/home-v1\/verkauf-vermietung\/\"},{\"@type\":\"ListItem\",\"position\":3,\"name\":\"Immobilienpr\u00e4sentation\"}]},{\"@type\":\"WebSite\",\"@id\":\"https:\/\/bo-themes.de\/wordpress-immobilien-themes\/home-v1\/#website\",\"url\":\"https:\/\/bo-themes.de\/wordpress-immobilien-themes\/home-v1\/\",\"name\":\"BO HOME V1 - Immobilien-Theme f\u00fcr WordPress\",\"description\":\"WordPress Theme f\u00fcr Immobilien-Webseiten\",\"publisher\":{\"@id\":\"https:\/\/bo-themes.de\/wordpress-immobilien-themes\/home-v1\/#organization\"},\"alternateName\":\"BO HOME V1\",\"potentialAction\":[{\"@type\":\"SearchAction\",\"target\":{\"@type\":\"EntryPoint\",\"urlTemplate\":\"https:\/\/bo-themes.de\/wordpress-immobilien-themes\/home-v1\/?s={search_term_string}\"},\"query-input\":{\"@type\":\"PropertyValueSpecification\",\"valueRequired\":true,\"valueName\":\"search_term_string\"}}],\"inLanguage\":\"de\"},{\"@type\":\"Organization\",\"@id\":\"https:\/\/bo-themes.de\/wordpress-immobilien-themes\/home-v1\/#organization\",\"name\":\"BO HOME V1 - Immobilien-Theme f\u00fcr WordPress\",\"alternateName\":\"BO HOME V1\",\"url\":\"https:\/\/bo-themes.de\/wordpress-immobilien-themes\/home-v1\/\",\"logo\":{\"@type\":\"ImageObject\",\"inLanguage\":\"de\",\"@id\":\"https:\/\/bo-themes.de\/wordpress-immobilien-themes\/home-v1\/#\/schema\/logo\/image\/\",\"url\":\"https:\/\/bo-themes.de\/wordpress-immobilien-themes\/home-v1\/wp-content\/uploads\/sites\/2\/2025\/03\/brings-online-themes-icon.png\",\"contentUrl\":\"https:\/\/bo-themes.de\/wordpress-immobilien-themes\/home-v1\/wp-content\/uploads\/sites\/2\/2025\/03\/brings-online-themes-icon.png\",\"width\":512,\"height\":512,\"caption\":\"BO HOME V1 - Immobilien-Theme f\u00fcr WordPress\"},\"image\":{\"@id\":\"https:\/\/bo-themes.de\/wordpress-immobilien-themes\/home-v1\/#\/schema\/logo\/image\/\"}}]}<\/script>\n<!-- \/ Yoast SEO plugin. -->","yoast_head_json":{"title":"Immobilienpr\u00e4sentation - BO HOME V1","description":"Dies ist eine Demo-Webseite f\u00fcr HOME V1 - ein Immobilien-Theme f\u00fcr WordPress von Brings - B\u00fcro f\u00fcr Webentwicklung","robots":{"index":"index","follow":"follow","max-snippet":"max-snippet:-1","max-image-preview":"max-image-preview:large","max-video-preview":"max-video-preview:-1"},"canonical":"https:\/\/bo-themes.de\/wordpress-immobilien-themes\/home-v1\/verkauf-vermietung\/immobilienpraesentation\/","og_locale":"de_DE","og_type":"article","og_title":"Immobilienpr\u00e4sentation - BO HOME V1","og_description":"Dies ist eine Demo-Webseite f\u00fcr HOME V1 - ein Immobilien-Theme f\u00fcr WordPress von Brings - B\u00fcro f\u00fcr Webentwicklung","og_url":"https:\/\/bo-themes.de\/wordpress-immobilien-themes\/home-v1\/verkauf-vermietung\/immobilienpraesentation\/","og_site_name":"BO HOME V1","article_modified_time":"2025-04-11T13:49:36+00:00","og_image":[{"width":1200,"height":732,"url":"https:\/\/bo-themes.de\/wordpress-immobilien-themes\/home-v1\/wp-content\/uploads\/sites\/2\/2025\/04\/slide-demos-2a.webp","type":"image\/webp"}],"twitter_card":"summary_large_image","twitter_misc":{"Gesch\u00e4tzte Lesezeit":"1\u00a0Minute"},"schema":{"@context":"https:\/\/schema.org","@graph":[{"@type":"WebPage","@id":"https:\/\/bo-themes.de\/wordpress-immobilien-themes\/home-v1\/verkauf-vermietung\/immobilienpraesentation\/","url":"https:\/\/bo-themes.de\/wordpress-immobilien-themes\/home-v1\/verkauf-vermietung\/immobilienpraesentation\/","name":"Immobilienpr\u00e4sentation - BO HOME V1","isPartOf":{"@id":"https:\/\/bo-themes.de\/wordpress-immobilien-themes\/home-v1\/#website"},"datePublished":"2022-07-04T16:49:46+00:00","dateModified":"2025-04-11T13:49:36+00:00","description":"Dies ist eine Demo-Webseite f\u00fcr HOME V1 - ein Immobilien-Theme f\u00fcr WordPress von Brings - B\u00fcro f\u00fcr Webentwicklung","breadcrumb":{"@id":"https:\/\/bo-themes.de\/wordpress-immobilien-themes\/home-v1\/verkauf-vermietung\/immobilienpraesentation\/#breadcrumb"},"inLanguage":"de","potentialAction":[{"@type":"ReadAction","target":["https:\/\/bo-themes.de\/wordpress-immobilien-themes\/home-v1\/verkauf-vermietung\/immobilienpraesentation\/"]}]},{"@type":"BreadcrumbList","@id":"https:\/\/bo-themes.de\/wordpress-immobilien-themes\/home-v1\/verkauf-vermietung\/immobilienpraesentation\/#breadcrumb","itemListElement":[{"@type":"ListItem","position":1,"name":"Startseite","item":"https:\/\/bo-themes.de\/wordpress-immobilien-themes\/home-v1\/"},{"@type":"ListItem","position":2,"name":"Verkauf &amp; Vermietung","item":"https:\/\/bo-themes.de\/wordpress-immobilien-themes\/home-v1\/verkauf-vermietung\/"},{"@type":"ListItem","position":3,"name":"Immobilienpr\u00e4sentation"}]},{"@type":"WebSite","@id":"https:\/\/bo-themes.de\/wordpress-immobilien-themes\/home-v1\/#website","url":"https:\/\/bo-themes.de\/wordpress-immobilien-themes\/home-v1\/","name":"BO HOME V1 - Immobilien-Theme f\u00fcr WordPress","description":"WordPress Theme f\u00fcr Immobilien-Webseiten","publisher":{"@id":"https:\/\/bo-themes.de\/wordpress-immobilien-themes\/home-v1\/#organization"},"alternateName":"BO HOME V1","potentialAction":[{"@type":"SearchAction","target":{"@type":"EntryPoint","urlTemplate":"https:\/\/bo-themes.de\/wordpress-immobilien-themes\/home-v1\/?s={search_term_string}"},"query-input":{"@type":"PropertyValueSpecification","valueRequired":true,"valueName":"search_term_string"}}],"inLanguage":"de"},{"@type":"Organization","@id":"https:\/\/bo-themes.de\/wordpress-immobilien-themes\/home-v1\/#organization","name":"BO HOME V1 - Immobilien-Theme f\u00fcr WordPress","alternateName":"BO HOME V1","url":"https:\/\/bo-themes.de\/wordpress-immobilien-themes\/home-v1\/","logo":{"@type":"ImageObject","inLanguage":"de","@id":"https:\/\/bo-themes.de\/wordpress-immobilien-themes\/home-v1\/#\/schema\/logo\/image\/","url":"https:\/\/bo-themes.de\/wordpress-immobilien-themes\/home-v1\/wp-content\/uploads\/sites\/2\/2025\/03\/brings-online-themes-icon.png","contentUrl":"https:\/\/bo-themes.de\/wordpress-immobilien-themes\/home-v1\/wp-content\/uploads\/sites\/2\/2025\/03\/brings-online-themes-icon.png","width":512,"height":512,"caption":"BO HOME V1 - Immobilien-Theme f\u00fcr WordPress"},"image":{"@id":"https:\/\/bo-themes.de\/wordpress-immobilien-themes\/home-v1\/#\/schema\/logo\/image\/"}}]}},"_links":{"self":[{"href":"https:\/\/bo-themes.de\/wordpress-immobilien-themes\/home-v1\/wp-json\/wp\/v2\/pages\/13177","targetHints":{"allow":["GET"]}}],"collection":[{"href":"https:\/\/bo-themes.de\/wordpress-immobilien-themes\/home-v1\/wp-json\/wp\/v2\/pages"}],"about":[{"href":"https:\/\/bo-themes.de\/wordpress-immobilien-themes\/home-v1\/wp-json\/wp\/v2\/types\/page"}],"author":[{"embeddable":true,"href":"https:\/\/bo-themes.de\/wordpress-immobilien-themes\/home-v1\/wp-json\/wp\/v2\/users\/2"}],"replies":[{"embeddable":true,"href":"https:\/\/bo-themes.de\/wordpress-immobilien-themes\/home-v1\/wp-json\/wp\/v2\/comments?post=13177"}],"version-history":[{"count":2,"href":"https:\/\/bo-themes.de\/wordpress-immobilien-themes\/home-v1\/wp-json\/wp\/v2\/pages\/13177\/revisions"}],"predecessor-version":[{"id":15426,"href":"https:\/\/bo-themes.de\/wordpress-immobilien-themes\/home-v1\/wp-json\/wp\/v2\/pages\/13177\/revisions\/15426"}],"up":[{"embeddable":true,"href":"https:\/\/bo-themes.de\/wordpress-immobilien-themes\/home-v1\/wp-json\/wp\/v2\/pages\/13088"}],"wp:attachment":[{"href":"https:\/\/bo-themes.de\/wordpress-immobilien-themes\/home-v1\/wp-json\/wp\/v2\/media?parent=13177"}],"curies":[{"name":"wp","href":"https:\/\/api.w.org\/{rel}","templated":true}]}}