{"id":8065,"date":"2019-12-07T12:53:03","date_gmt":"2019-12-07T11:53:03","guid":{"rendered":"https:\/\/brings-online.com\/demo\/wordpress-immobilien-theme-beladomo20\/?page_id=8065"},"modified":"2025-04-21T14:38:45","modified_gmt":"2025-04-21T12:38:45","slug":"empfohlene-plugins","status":"publish","type":"page","link":"https:\/\/bo-themes.de\/wordpress-immobilien-themes\/bo-beladomo\/theme-infos\/empfohlene-plugins\/","title":{"rendered":"Empfohlene Plugins"},"content":{"rendered":"\n<div style=\"height:20px\" aria-hidden=\"true\" class=\"wp-block-spacer\"><\/div>\n\n\n\n<p class=\"has-background\" style=\"background-color:#f0f1f6\">Folgende Plugins sind f\u00fcr den Aufbau dieser Demo-Webseite zus\u00e4tzlich zum Theme eingesetzt worden. Es k\u00f6nnen alternativ oder zus\u00e4tzlich nat\u00fcrlich auch ganz andere WordPress Plugins genutzt werden.<\/p>\n\n\n\n<div style=\"height:30px\" aria-hidden=\"true\" class=\"wp-block-spacer\"><\/div>\n\n\n\n<ul class=\"wp-block-list\">\n<li><a rel=\"noreferrer noopener\" href=\"https:\/\/wordpress.org\/plugins\/breadcrumb-navxt\/\" target=\"_blank\">Breadcrumb NavXT<\/a> &#8211; f\u00fcr die optionale Breadcrumb-Navigation<\/li>\n\n\n\n<li><a rel=\"noreferrer noopener\" href=\"https:\/\/wordpress.org\/plugins\/contact-form-7\/\" target=\"_blank\">Contactform 7<\/a> &#8211; f\u00fcr zus\u00e4tzliche Kontakt- oder Bewertungsformulare (die Objektanfrage auf jeder Immobilienseite ist im Theme enthalten)<\/li>\n\n\n\n<li><a href=\"https:\/\/wordpress.org\/plugins\/favorites\/\" target=\"_blank\" rel=\"noreferrer noopener\">Favorites<\/a> &#8211; um Immobilien zu &#8222;favorisieren&#8220; und auf einer Merkliste auszugeben<\/li>\n<\/ul>\n\n\n\n<div style=\"height:30px\" aria-hidden=\"true\" class=\"wp-block-spacer\"><\/div>\n\n\n\n<p class=\"has-background\" style=\"background-color:#f0f1f6\">Sie m\u00f6chten Ihre Immobiliendaten nicht manuell eintragen sondern \u00fcber Ihre Maklersoftware im &#8222;openImmo Format&#8220; importieren? Dazu steht das &#8222;<a rel=\"noreferrer noopener\" href=\"https:\/\/plugins.inveris.de\/de\/shop\/immonex-openimmo2wp\/?ref=2\" target=\"_blank\">immonex OpenImmo2WP<\/a>&#8220; Plugin f\u00fcr WordPress von Inveris zur Verf\u00fcgung.<\/p>\n\n\n\n<div style=\"height:30px\" aria-hidden=\"true\" class=\"wp-block-spacer\"><\/div>\n\n\n\n<div style=\"height:163px\" aria-hidden=\"true\" class=\"wp-block-spacer\"><\/div>\n\n\n\n<section class=\"bo-block-cta-section alignfull \" style=\"background-image: url('https:\/\/bo-themes.de\/wordpress-immobilien-themes\/bo-beladomo\/wp-content\/uploads\/sites\/5\/2019\/12\/beladomo-immobilien-testbild-unsplash-11.jpg'); background-position:center; background-attachment:scroll; background-color:#ffffff;\">\n\t<div class=\"bo-block-cta-overlay animated fadeIn\" style=\"background-color: rgba(0, 0, 0, 0.65);\">\n<div class=\"bo-block-cta-container\" style=\"padding-top:9%; padding-bottom:8%;justify-content: flex-start\">\n<div class=\"bo-block-cta-wrapper animated fadeIn\" style=\"text-align:left\">\n\t\t\t\t\n                <h2 class=\"bo-block-cta-heading\" style=\"font-size: 44px; color:#f0f1f6\"><span class=\"bo-block-cta-heading-mobile\">Sie haben noch Fragen?<\/span><\/h2>                <p class=\"bo-block-cta-text\" style=\"font-size:20px; color:#f0f1f6\">Wenn Sie noch Fragen haben oder nicht sicher sind, ob das Theme Ihrem Bedarf entpricht, senden Sie eine Nachricht! Sie erhalten schnellstm\u00f6glich Auskunft.<\/p>\t\t\t\t\n                <div class=\"bo-block-cta-buttons\">\n\t\t\t\t\t\n<a class=\"bo-block-cta-button-1\" style=\"color:#484B59 !important; background:#f0f1f6; border-color:#f0f1f6;\" href=\"https:\/\/brings-online.com\/kontakt\/\" target=\"_self\">Zum Kontakt<\/a>                <\/div>            <\/div>\n        <\/div>   \n    <\/div>\n<\/section>","protected":false},"excerpt":{"rendered":"<p>Folgende Plugins sind f\u00fcr den Aufbau dieser Demo-Webseite zus\u00e4tzlich zum Theme eingesetzt worden. Es k\u00f6nnen alternativ oder zus\u00e4tzlich nat\u00fcrlich auch <small class=\"highlight\">[&#8230;]<\/small><\/p>\n","protected":false},"author":3,"featured_media":0,"parent":8054,"menu_order":10,"comment_status":"closed","ping_status":"closed","template":"","meta":{"footnotes":""},"class_list":["post-8065","page","type-page","status-publish","hentry"],"yoast_head":"<!-- This site is optimized with the Yoast SEO plugin v26.5 - https:\/\/yoast.com\/wordpress\/plugins\/seo\/ -->\n<title>Empfohlene Plugins - BO Beladomo<\/title>\n<meta name=\"description\" content=\"Dies ist eine Demo-Webseite f\u00fcr Beladomo - einem Immobilien-Theme f\u00fcr WordPress von Brings - B\u00fcro f\u00fcr Webentwicklung\" \/>\n<meta name=\"robots\" content=\"index, follow, max-snippet:-1, max-image-preview:large, max-video-preview:-1\" \/>\n<link rel=\"canonical\" href=\"https:\/\/bo-themes.de\/wordpress-immobilien-themes\/bo-beladomo\/theme-infos\/empfohlene-plugins\/\" \/>\n<meta property=\"og:locale\" content=\"de_DE\" \/>\n<meta property=\"og:type\" content=\"article\" \/>\n<meta property=\"og:title\" content=\"Empfohlene Plugins - BO Beladomo\" \/>\n<meta property=\"og:description\" content=\"Dies ist eine Demo-Webseite f\u00fcr Beladomo - einem Immobilien-Theme f\u00fcr WordPress von Brings - B\u00fcro f\u00fcr Webentwicklung\" \/>\n<meta property=\"og:url\" content=\"https:\/\/bo-themes.de\/wordpress-immobilien-themes\/bo-beladomo\/theme-infos\/empfohlene-plugins\/\" \/>\n<meta property=\"og:site_name\" content=\"BO Beladomo\" \/>\n<meta property=\"article:modified_time\" content=\"2025-04-21T12:38:45+00:00\" \/>\n<meta property=\"og:image\" content=\"https:\/\/bo-themes.de\/wordpress-immobilien-themes\/bo-beladomo\/wp-content\/uploads\/sites\/5\/2025\/04\/beladomo20-wordpress-theme-liste.webp\" \/>\n\t<meta property=\"og:image:width\" content=\"1200\" \/>\n\t<meta property=\"og:image:height\" content=\"732\" \/>\n\t<meta property=\"og:image:type\" content=\"image\/webp\" \/>\n<meta name=\"twitter:card\" content=\"summary_large_image\" \/>\n<meta name=\"twitter:label1\" content=\"Gesch\u00e4tzte Lesezeit\" \/>\n\t<meta name=\"twitter:data1\" content=\"1\u00a0Minute\" \/>\n<script type=\"application\/ld+json\" class=\"yoast-schema-graph\">{\"@context\":\"https:\/\/schema.org\",\"@graph\":[{\"@type\":\"WebPage\",\"@id\":\"https:\/\/bo-themes.de\/wordpress-immobilien-themes\/bo-beladomo\/theme-infos\/empfohlene-plugins\/\",\"url\":\"https:\/\/bo-themes.de\/wordpress-immobilien-themes\/bo-beladomo\/theme-infos\/empfohlene-plugins\/\",\"name\":\"Empfohlene Plugins - BO Beladomo\",\"isPartOf\":{\"@id\":\"https:\/\/bo-themes.de\/wordpress-immobilien-themes\/bo-beladomo\/#website\"},\"datePublished\":\"2019-12-07T11:53:03+00:00\",\"dateModified\":\"2025-04-21T12:38:45+00:00\",\"description\":\"Dies ist eine Demo-Webseite f\u00fcr Beladomo - einem Immobilien-Theme f\u00fcr WordPress von Brings - B\u00fcro f\u00fcr Webentwicklung\",\"breadcrumb\":{\"@id\":\"https:\/\/bo-themes.de\/wordpress-immobilien-themes\/bo-beladomo\/theme-infos\/empfohlene-plugins\/#breadcrumb\"},\"inLanguage\":\"de\",\"potentialAction\":[{\"@type\":\"ReadAction\",\"target\":[\"https:\/\/bo-themes.de\/wordpress-immobilien-themes\/bo-beladomo\/theme-infos\/empfohlene-plugins\/\"]}]},{\"@type\":\"BreadcrumbList\",\"@id\":\"https:\/\/bo-themes.de\/wordpress-immobilien-themes\/bo-beladomo\/theme-infos\/empfohlene-plugins\/#breadcrumb\",\"itemListElement\":[{\"@type\":\"ListItem\",\"position\":1,\"name\":\"Startseite\",\"item\":\"https:\/\/bo-themes.de\/wordpress-immobilien-themes\/bo-beladomo\/\"},{\"@type\":\"ListItem\",\"position\":2,\"name\":\"Theme-Infos\",\"item\":\"https:\/\/bo-themes.de\/wordpress-immobilien-themes\/bo-beladomo\/theme-infos\/\"},{\"@type\":\"ListItem\",\"position\":3,\"name\":\"Empfohlene Plugins\"}]},{\"@type\":\"WebSite\",\"@id\":\"https:\/\/bo-themes.de\/wordpress-immobilien-themes\/bo-beladomo\/#website\",\"url\":\"https:\/\/bo-themes.de\/wordpress-immobilien-themes\/bo-beladomo\/\",\"name\":\"BO Beladomo - Immobilien-Theme f\u00fcr WordPress\",\"description\":\"WordPress Theme f\u00fcr Immobilien-Webseiten\",\"publisher\":{\"@id\":\"https:\/\/bo-themes.de\/wordpress-immobilien-themes\/bo-beladomo\/#organization\"},\"alternateName\":\"BO Beladomo\",\"potentialAction\":[{\"@type\":\"SearchAction\",\"target\":{\"@type\":\"EntryPoint\",\"urlTemplate\":\"https:\/\/bo-themes.de\/wordpress-immobilien-themes\/bo-beladomo\/?s={search_term_string}\"},\"query-input\":{\"@type\":\"PropertyValueSpecification\",\"valueRequired\":true,\"valueName\":\"search_term_string\"}}],\"inLanguage\":\"de\"},{\"@type\":\"Organization\",\"@id\":\"https:\/\/bo-themes.de\/wordpress-immobilien-themes\/bo-beladomo\/#organization\",\"name\":\"BO Beladomo - Immobilien-Theme f\u00fcr WordPress\",\"alternateName\":\"BO Beladomo\",\"url\":\"https:\/\/bo-themes.de\/wordpress-immobilien-themes\/bo-beladomo\/\",\"logo\":{\"@type\":\"ImageObject\",\"inLanguage\":\"de\",\"@id\":\"https:\/\/bo-themes.de\/wordpress-immobilien-themes\/bo-beladomo\/#\/schema\/logo\/image\/\",\"url\":\"https:\/\/bo-themes.de\/wordpress-immobilien-themes\/bo-beladomo\/wp-content\/uploads\/sites\/5\/2020\/01\/wpicon-brings.png\",\"contentUrl\":\"https:\/\/bo-themes.de\/wordpress-immobilien-themes\/bo-beladomo\/wp-content\/uploads\/sites\/5\/2020\/01\/wpicon-brings.png\",\"width\":512,\"height\":512,\"caption\":\"BO Beladomo - Immobilien-Theme f\u00fcr WordPress\"},\"image\":{\"@id\":\"https:\/\/bo-themes.de\/wordpress-immobilien-themes\/bo-beladomo\/#\/schema\/logo\/image\/\"}}]}<\/script>\n<!-- \/ Yoast SEO plugin. -->","yoast_head_json":{"title":"Empfohlene Plugins - BO Beladomo","description":"Dies ist eine Demo-Webseite f\u00fcr Beladomo - einem Immobilien-Theme f\u00fcr WordPress von Brings - B\u00fcro f\u00fcr Webentwicklung","robots":{"index":"index","follow":"follow","max-snippet":"max-snippet:-1","max-image-preview":"max-image-preview:large","max-video-preview":"max-video-preview:-1"},"canonical":"https:\/\/bo-themes.de\/wordpress-immobilien-themes\/bo-beladomo\/theme-infos\/empfohlene-plugins\/","og_locale":"de_DE","og_type":"article","og_title":"Empfohlene Plugins - BO Beladomo","og_description":"Dies ist eine Demo-Webseite f\u00fcr Beladomo - einem Immobilien-Theme f\u00fcr WordPress von Brings - B\u00fcro f\u00fcr Webentwicklung","og_url":"https:\/\/bo-themes.de\/wordpress-immobilien-themes\/bo-beladomo\/theme-infos\/empfohlene-plugins\/","og_site_name":"BO Beladomo","article_modified_time":"2025-04-21T12:38:45+00:00","og_image":[{"width":1200,"height":732,"url":"https:\/\/bo-themes.de\/wordpress-immobilien-themes\/bo-beladomo\/wp-content\/uploads\/sites\/5\/2025\/04\/beladomo20-wordpress-theme-liste.webp","type":"image\/webp"}],"twitter_card":"summary_large_image","twitter_misc":{"Gesch\u00e4tzte Lesezeit":"1\u00a0Minute"},"schema":{"@context":"https:\/\/schema.org","@graph":[{"@type":"WebPage","@id":"https:\/\/bo-themes.de\/wordpress-immobilien-themes\/bo-beladomo\/theme-infos\/empfohlene-plugins\/","url":"https:\/\/bo-themes.de\/wordpress-immobilien-themes\/bo-beladomo\/theme-infos\/empfohlene-plugins\/","name":"Empfohlene Plugins - BO Beladomo","isPartOf":{"@id":"https:\/\/bo-themes.de\/wordpress-immobilien-themes\/bo-beladomo\/#website"},"datePublished":"2019-12-07T11:53:03+00:00","dateModified":"2025-04-21T12:38:45+00:00","description":"Dies ist eine Demo-Webseite f\u00fcr Beladomo - einem Immobilien-Theme f\u00fcr WordPress von Brings - B\u00fcro f\u00fcr Webentwicklung","breadcrumb":{"@id":"https:\/\/bo-themes.de\/wordpress-immobilien-themes\/bo-beladomo\/theme-infos\/empfohlene-plugins\/#breadcrumb"},"inLanguage":"de","potentialAction":[{"@type":"ReadAction","target":["https:\/\/bo-themes.de\/wordpress-immobilien-themes\/bo-beladomo\/theme-infos\/empfohlene-plugins\/"]}]},{"@type":"BreadcrumbList","@id":"https:\/\/bo-themes.de\/wordpress-immobilien-themes\/bo-beladomo\/theme-infos\/empfohlene-plugins\/#breadcrumb","itemListElement":[{"@type":"ListItem","position":1,"name":"Startseite","item":"https:\/\/bo-themes.de\/wordpress-immobilien-themes\/bo-beladomo\/"},{"@type":"ListItem","position":2,"name":"Theme-Infos","item":"https:\/\/bo-themes.de\/wordpress-immobilien-themes\/bo-beladomo\/theme-infos\/"},{"@type":"ListItem","position":3,"name":"Empfohlene Plugins"}]},{"@type":"WebSite","@id":"https:\/\/bo-themes.de\/wordpress-immobilien-themes\/bo-beladomo\/#website","url":"https:\/\/bo-themes.de\/wordpress-immobilien-themes\/bo-beladomo\/","name":"BO Beladomo - Immobilien-Theme f\u00fcr WordPress","description":"WordPress Theme f\u00fcr Immobilien-Webseiten","publisher":{"@id":"https:\/\/bo-themes.de\/wordpress-immobilien-themes\/bo-beladomo\/#organization"},"alternateName":"BO Beladomo","potentialAction":[{"@type":"SearchAction","target":{"@type":"EntryPoint","urlTemplate":"https:\/\/bo-themes.de\/wordpress-immobilien-themes\/bo-beladomo\/?s={search_term_string}"},"query-input":{"@type":"PropertyValueSpecification","valueRequired":true,"valueName":"search_term_string"}}],"inLanguage":"de"},{"@type":"Organization","@id":"https:\/\/bo-themes.de\/wordpress-immobilien-themes\/bo-beladomo\/#organization","name":"BO Beladomo - Immobilien-Theme f\u00fcr WordPress","alternateName":"BO Beladomo","url":"https:\/\/bo-themes.de\/wordpress-immobilien-themes\/bo-beladomo\/","logo":{"@type":"ImageObject","inLanguage":"de","@id":"https:\/\/bo-themes.de\/wordpress-immobilien-themes\/bo-beladomo\/#\/schema\/logo\/image\/","url":"https:\/\/bo-themes.de\/wordpress-immobilien-themes\/bo-beladomo\/wp-content\/uploads\/sites\/5\/2020\/01\/wpicon-brings.png","contentUrl":"https:\/\/bo-themes.de\/wordpress-immobilien-themes\/bo-beladomo\/wp-content\/uploads\/sites\/5\/2020\/01\/wpicon-brings.png","width":512,"height":512,"caption":"BO Beladomo - Immobilien-Theme f\u00fcr WordPress"},"image":{"@id":"https:\/\/bo-themes.de\/wordpress-immobilien-themes\/bo-beladomo\/#\/schema\/logo\/image\/"}}]}},"_links":{"self":[{"href":"https:\/\/bo-themes.de\/wordpress-immobilien-themes\/bo-beladomo\/wp-json\/wp\/v2\/pages\/8065","targetHints":{"allow":["GET"]}}],"collection":[{"href":"https:\/\/bo-themes.de\/wordpress-immobilien-themes\/bo-beladomo\/wp-json\/wp\/v2\/pages"}],"about":[{"href":"https:\/\/bo-themes.de\/wordpress-immobilien-themes\/bo-beladomo\/wp-json\/wp\/v2\/types\/page"}],"author":[{"embeddable":true,"href":"https:\/\/bo-themes.de\/wordpress-immobilien-themes\/bo-beladomo\/wp-json\/wp\/v2\/users\/3"}],"replies":[{"embeddable":true,"href":"https:\/\/bo-themes.de\/wordpress-immobilien-themes\/bo-beladomo\/wp-json\/wp\/v2\/comments?post=8065"}],"version-history":[{"count":2,"href":"https:\/\/bo-themes.de\/wordpress-immobilien-themes\/bo-beladomo\/wp-json\/wp\/v2\/pages\/8065\/revisions"}],"predecessor-version":[{"id":13665,"href":"https:\/\/bo-themes.de\/wordpress-immobilien-themes\/bo-beladomo\/wp-json\/wp\/v2\/pages\/8065\/revisions\/13665"}],"up":[{"embeddable":true,"href":"https:\/\/bo-themes.de\/wordpress-immobilien-themes\/bo-beladomo\/wp-json\/wp\/v2\/pages\/8054"}],"wp:attachment":[{"href":"https:\/\/bo-themes.de\/wordpress-immobilien-themes\/bo-beladomo\/wp-json\/wp\/v2\/media?parent=8065"}],"curies":[{"name":"wp","href":"https:\/\/api.w.org\/{rel}","templated":true}]}}