{"id":7464,"date":"2019-12-01T16:24:09","date_gmt":"2019-12-01T15:24:09","guid":{"rendered":"https:\/\/brings-online.com\/demo\/wordpress-immobilien-theme-beladomo20\/?page_id=7464"},"modified":"2025-03-22T20:16:48","modified_gmt":"2025-03-22T19:16:48","slug":"unsere-leistungen","status":"publish","type":"page","link":"https:\/\/bo-themes.de\/wordpress-immobilien-themes\/bo-beladomo\/unsere-leistungen\/","title":{"rendered":"Unsere Leistungen rund um die Immobilienvermarktung"},"content":{"rendered":"\n<p>Mauris fermentum accumsan hendrerit. Fusce arcu nunc, rutrum in ante nec, sagittis ultrices nibh. Interdum et malesuada fames ac ante ipsum primis in faucibus. Donec placerat blandit maximus. Nunc sit amet fermentum erat. Cras finibus ante pharetra, rhoncus mauris non, iaculis justo. Lorem ipsum dolor sit amet, consectetur adipiscing elit. Curabitur fringilla dapibus mattis. Aliquam erat volutpat. Quisque tincidunt sem at ligula finibus dictum. <\/p>\n\n\n\n<div style=\"height:20px\" aria-hidden=\"true\" class=\"wp-block-spacer\"><\/div>\n","protected":false},"excerpt":{"rendered":"<p>Mauris fermentum accumsan hendrerit. Fusce arcu nunc, rutrum in ante nec, sagittis ultrices nibh. Interdum et malesuada fames ac ante <small class=\"highlight\">[&#8230;]<\/small><\/p>\n","protected":false},"author":3,"featured_media":0,"parent":0,"menu_order":30,"comment_status":"closed","ping_status":"closed","template":"page_services.php","meta":{"footnotes":""},"class_list":["post-7464","page","type-page","status-publish","hentry"],"yoast_head":"<!-- This site is optimized with the Yoast SEO plugin v26.5 - https:\/\/yoast.com\/wordpress\/plugins\/seo\/ -->\n<title>Unsere Leistungen rund um die Immobilienvermarktung - BO Beladomo<\/title>\n<meta name=\"description\" content=\"Dies ist eine Demo-Webseite f\u00fcr Beladomo - einem Immobilien-Theme f\u00fcr WordPress von Brings - B\u00fcro f\u00fcr Webentwicklung\" \/>\n<meta name=\"robots\" content=\"index, follow, max-snippet:-1, max-image-preview:large, max-video-preview:-1\" \/>\n<link rel=\"canonical\" href=\"https:\/\/bo-themes.de\/wordpress-immobilien-themes\/bo-beladomo\/unsere-leistungen\/\" \/>\n<meta property=\"og:locale\" content=\"de_DE\" \/>\n<meta property=\"og:type\" content=\"article\" \/>\n<meta property=\"og:title\" content=\"Unsere Leistungen rund um die Immobilienvermarktung - BO Beladomo\" \/>\n<meta property=\"og:description\" content=\"Dies ist eine Demo-Webseite f\u00fcr Beladomo - einem Immobilien-Theme f\u00fcr WordPress von Brings - B\u00fcro f\u00fcr Webentwicklung\" \/>\n<meta property=\"og:url\" content=\"https:\/\/bo-themes.de\/wordpress-immobilien-themes\/bo-beladomo\/unsere-leistungen\/\" \/>\n<meta property=\"og:site_name\" content=\"BO Beladomo\" \/>\n<meta property=\"article:modified_time\" content=\"2025-03-22T19:16:48+00:00\" \/>\n<meta property=\"og:image\" content=\"https:\/\/bo-themes.de\/wordpress-immobilien-themes\/bo-beladomo\/wp-content\/uploads\/sites\/5\/2025\/04\/beladomo20-wordpress-theme-liste.webp\" \/>\n\t<meta property=\"og:image:width\" content=\"1200\" \/>\n\t<meta property=\"og:image:height\" content=\"732\" \/>\n\t<meta property=\"og:image:type\" content=\"image\/webp\" \/>\n<meta name=\"twitter:card\" content=\"summary_large_image\" \/>\n<meta name=\"twitter:label1\" content=\"Gesch\u00e4tzte Lesezeit\" \/>\n\t<meta name=\"twitter:data1\" content=\"1\u00a0Minute\" \/>\n<script type=\"application\/ld+json\" class=\"yoast-schema-graph\">{\"@context\":\"https:\/\/schema.org\",\"@graph\":[{\"@type\":\"WebPage\",\"@id\":\"https:\/\/bo-themes.de\/wordpress-immobilien-themes\/bo-beladomo\/unsere-leistungen\/\",\"url\":\"https:\/\/bo-themes.de\/wordpress-immobilien-themes\/bo-beladomo\/unsere-leistungen\/\",\"name\":\"Unsere Leistungen rund um die Immobilienvermarktung - BO Beladomo\",\"isPartOf\":{\"@id\":\"https:\/\/bo-themes.de\/wordpress-immobilien-themes\/bo-beladomo\/#website\"},\"datePublished\":\"2019-12-01T15:24:09+00:00\",\"dateModified\":\"2025-03-22T19:16:48+00:00\",\"description\":\"Dies ist eine Demo-Webseite f\u00fcr Beladomo - einem Immobilien-Theme f\u00fcr WordPress von Brings - B\u00fcro f\u00fcr Webentwicklung\",\"breadcrumb\":{\"@id\":\"https:\/\/bo-themes.de\/wordpress-immobilien-themes\/bo-beladomo\/unsere-leistungen\/#breadcrumb\"},\"inLanguage\":\"de\",\"potentialAction\":[{\"@type\":\"ReadAction\",\"target\":[\"https:\/\/bo-themes.de\/wordpress-immobilien-themes\/bo-beladomo\/unsere-leistungen\/\"]}]},{\"@type\":\"BreadcrumbList\",\"@id\":\"https:\/\/bo-themes.de\/wordpress-immobilien-themes\/bo-beladomo\/unsere-leistungen\/#breadcrumb\",\"itemListElement\":[{\"@type\":\"ListItem\",\"position\":1,\"name\":\"Startseite\",\"item\":\"https:\/\/bo-themes.de\/wordpress-immobilien-themes\/bo-beladomo\/\"},{\"@type\":\"ListItem\",\"position\":2,\"name\":\"Unsere Leistungen rund um die Immobilienvermarktung\"}]},{\"@type\":\"WebSite\",\"@id\":\"https:\/\/bo-themes.de\/wordpress-immobilien-themes\/bo-beladomo\/#website\",\"url\":\"https:\/\/bo-themes.de\/wordpress-immobilien-themes\/bo-beladomo\/\",\"name\":\"BO Beladomo - Immobilien-Theme f\u00fcr WordPress\",\"description\":\"WordPress Theme f\u00fcr Immobilien-Webseiten\",\"publisher\":{\"@id\":\"https:\/\/bo-themes.de\/wordpress-immobilien-themes\/bo-beladomo\/#organization\"},\"alternateName\":\"BO Beladomo\",\"potentialAction\":[{\"@type\":\"SearchAction\",\"target\":{\"@type\":\"EntryPoint\",\"urlTemplate\":\"https:\/\/bo-themes.de\/wordpress-immobilien-themes\/bo-beladomo\/?s={search_term_string}\"},\"query-input\":{\"@type\":\"PropertyValueSpecification\",\"valueRequired\":true,\"valueName\":\"search_term_string\"}}],\"inLanguage\":\"de\"},{\"@type\":\"Organization\",\"@id\":\"https:\/\/bo-themes.de\/wordpress-immobilien-themes\/bo-beladomo\/#organization\",\"name\":\"BO Beladomo - Immobilien-Theme f\u00fcr WordPress\",\"alternateName\":\"BO Beladomo\",\"url\":\"https:\/\/bo-themes.de\/wordpress-immobilien-themes\/bo-beladomo\/\",\"logo\":{\"@type\":\"ImageObject\",\"inLanguage\":\"de\",\"@id\":\"https:\/\/bo-themes.de\/wordpress-immobilien-themes\/bo-beladomo\/#\/schema\/logo\/image\/\",\"url\":\"https:\/\/bo-themes.de\/wordpress-immobilien-themes\/bo-beladomo\/wp-content\/uploads\/sites\/5\/2020\/01\/wpicon-brings.png\",\"contentUrl\":\"https:\/\/bo-themes.de\/wordpress-immobilien-themes\/bo-beladomo\/wp-content\/uploads\/sites\/5\/2020\/01\/wpicon-brings.png\",\"width\":512,\"height\":512,\"caption\":\"BO Beladomo - Immobilien-Theme f\u00fcr WordPress\"},\"image\":{\"@id\":\"https:\/\/bo-themes.de\/wordpress-immobilien-themes\/bo-beladomo\/#\/schema\/logo\/image\/\"}}]}<\/script>\n<!-- \/ Yoast SEO plugin. -->","yoast_head_json":{"title":"Unsere Leistungen rund um die Immobilienvermarktung - BO Beladomo","description":"Dies ist eine Demo-Webseite f\u00fcr Beladomo - einem Immobilien-Theme f\u00fcr WordPress von Brings - B\u00fcro f\u00fcr Webentwicklung","robots":{"index":"index","follow":"follow","max-snippet":"max-snippet:-1","max-image-preview":"max-image-preview:large","max-video-preview":"max-video-preview:-1"},"canonical":"https:\/\/bo-themes.de\/wordpress-immobilien-themes\/bo-beladomo\/unsere-leistungen\/","og_locale":"de_DE","og_type":"article","og_title":"Unsere Leistungen rund um die Immobilienvermarktung - BO Beladomo","og_description":"Dies ist eine Demo-Webseite f\u00fcr Beladomo - einem Immobilien-Theme f\u00fcr WordPress von Brings - B\u00fcro f\u00fcr Webentwicklung","og_url":"https:\/\/bo-themes.de\/wordpress-immobilien-themes\/bo-beladomo\/unsere-leistungen\/","og_site_name":"BO Beladomo","article_modified_time":"2025-03-22T19:16:48+00:00","og_image":[{"width":1200,"height":732,"url":"https:\/\/bo-themes.de\/wordpress-immobilien-themes\/bo-beladomo\/wp-content\/uploads\/sites\/5\/2025\/04\/beladomo20-wordpress-theme-liste.webp","type":"image\/webp"}],"twitter_card":"summary_large_image","twitter_misc":{"Gesch\u00e4tzte Lesezeit":"1\u00a0Minute"},"schema":{"@context":"https:\/\/schema.org","@graph":[{"@type":"WebPage","@id":"https:\/\/bo-themes.de\/wordpress-immobilien-themes\/bo-beladomo\/unsere-leistungen\/","url":"https:\/\/bo-themes.de\/wordpress-immobilien-themes\/bo-beladomo\/unsere-leistungen\/","name":"Unsere Leistungen rund um die Immobilienvermarktung - BO Beladomo","isPartOf":{"@id":"https:\/\/bo-themes.de\/wordpress-immobilien-themes\/bo-beladomo\/#website"},"datePublished":"2019-12-01T15:24:09+00:00","dateModified":"2025-03-22T19:16:48+00:00","description":"Dies ist eine Demo-Webseite f\u00fcr Beladomo - einem Immobilien-Theme f\u00fcr WordPress von Brings - B\u00fcro f\u00fcr Webentwicklung","breadcrumb":{"@id":"https:\/\/bo-themes.de\/wordpress-immobilien-themes\/bo-beladomo\/unsere-leistungen\/#breadcrumb"},"inLanguage":"de","potentialAction":[{"@type":"ReadAction","target":["https:\/\/bo-themes.de\/wordpress-immobilien-themes\/bo-beladomo\/unsere-leistungen\/"]}]},{"@type":"BreadcrumbList","@id":"https:\/\/bo-themes.de\/wordpress-immobilien-themes\/bo-beladomo\/unsere-leistungen\/#breadcrumb","itemListElement":[{"@type":"ListItem","position":1,"name":"Startseite","item":"https:\/\/bo-themes.de\/wordpress-immobilien-themes\/bo-beladomo\/"},{"@type":"ListItem","position":2,"name":"Unsere Leistungen rund um die Immobilienvermarktung"}]},{"@type":"WebSite","@id":"https:\/\/bo-themes.de\/wordpress-immobilien-themes\/bo-beladomo\/#website","url":"https:\/\/bo-themes.de\/wordpress-immobilien-themes\/bo-beladomo\/","name":"BO Beladomo - Immobilien-Theme f\u00fcr WordPress","description":"WordPress Theme f\u00fcr Immobilien-Webseiten","publisher":{"@id":"https:\/\/bo-themes.de\/wordpress-immobilien-themes\/bo-beladomo\/#organization"},"alternateName":"BO Beladomo","potentialAction":[{"@type":"SearchAction","target":{"@type":"EntryPoint","urlTemplate":"https:\/\/bo-themes.de\/wordpress-immobilien-themes\/bo-beladomo\/?s={search_term_string}"},"query-input":{"@type":"PropertyValueSpecification","valueRequired":true,"valueName":"search_term_string"}}],"inLanguage":"de"},{"@type":"Organization","@id":"https:\/\/bo-themes.de\/wordpress-immobilien-themes\/bo-beladomo\/#organization","name":"BO Beladomo - Immobilien-Theme f\u00fcr WordPress","alternateName":"BO Beladomo","url":"https:\/\/bo-themes.de\/wordpress-immobilien-themes\/bo-beladomo\/","logo":{"@type":"ImageObject","inLanguage":"de","@id":"https:\/\/bo-themes.de\/wordpress-immobilien-themes\/bo-beladomo\/#\/schema\/logo\/image\/","url":"https:\/\/bo-themes.de\/wordpress-immobilien-themes\/bo-beladomo\/wp-content\/uploads\/sites\/5\/2020\/01\/wpicon-brings.png","contentUrl":"https:\/\/bo-themes.de\/wordpress-immobilien-themes\/bo-beladomo\/wp-content\/uploads\/sites\/5\/2020\/01\/wpicon-brings.png","width":512,"height":512,"caption":"BO Beladomo - Immobilien-Theme f\u00fcr WordPress"},"image":{"@id":"https:\/\/bo-themes.de\/wordpress-immobilien-themes\/bo-beladomo\/#\/schema\/logo\/image\/"}}]}},"_links":{"self":[{"href":"https:\/\/bo-themes.de\/wordpress-immobilien-themes\/bo-beladomo\/wp-json\/wp\/v2\/pages\/7464","targetHints":{"allow":["GET"]}}],"collection":[{"href":"https:\/\/bo-themes.de\/wordpress-immobilien-themes\/bo-beladomo\/wp-json\/wp\/v2\/pages"}],"about":[{"href":"https:\/\/bo-themes.de\/wordpress-immobilien-themes\/bo-beladomo\/wp-json\/wp\/v2\/types\/page"}],"author":[{"embeddable":true,"href":"https:\/\/bo-themes.de\/wordpress-immobilien-themes\/bo-beladomo\/wp-json\/wp\/v2\/users\/3"}],"replies":[{"embeddable":true,"href":"https:\/\/bo-themes.de\/wordpress-immobilien-themes\/bo-beladomo\/wp-json\/wp\/v2\/comments?post=7464"}],"version-history":[{"count":2,"href":"https:\/\/bo-themes.de\/wordpress-immobilien-themes\/bo-beladomo\/wp-json\/wp\/v2\/pages\/7464\/revisions"}],"predecessor-version":[{"id":13461,"href":"https:\/\/bo-themes.de\/wordpress-immobilien-themes\/bo-beladomo\/wp-json\/wp\/v2\/pages\/7464\/revisions\/13461"}],"wp:attachment":[{"href":"https:\/\/bo-themes.de\/wordpress-immobilien-themes\/bo-beladomo\/wp-json\/wp\/v2\/media?parent=7464"}],"curies":[{"name":"wp","href":"https:\/\/api.w.org\/{rel}","templated":true}]}}