{"id":7460,"date":"2019-12-01T16:23:22","date_gmt":"2019-12-01T15:23:22","guid":{"rendered":"https:\/\/brings-online.com\/demo\/wordpress-immobilien-theme-beladomo20\/?page_id=7460"},"modified":"2019-12-01T16:23:22","modified_gmt":"2019-12-01T15:23:22","slug":"immobilien","status":"publish","type":"page","link":"https:\/\/bo-themes.de\/wordpress-immobilien-themes\/bo-beladomo\/immobilien\/","title":{"rendered":"Immobilien"},"content":{"rendered":"","protected":false},"excerpt":{"rendered":"","protected":false},"author":3,"featured_media":0,"parent":0,"menu_order":19,"comment_status":"closed","ping_status":"closed","template":"page_properties.php","meta":{"footnotes":""},"class_list":["post-7460","page","type-page","status-publish","hentry"],"yoast_head":"\nImmobilien - BO Beladomo<\/title>\n<meta name=\"description\" content=\"Dies ist eine Demo-Webseite f\u00fcr Beladomo - einem Immobilien-Theme f\u00fcr WordPress von Brings - B\u00fcro f\u00fcr Webentwicklung\" \/>\n<meta name=\"robots\" content=\"index, follow, max-snippet:-1, max-image-preview:large, max-video-preview:-1\" \/>\n<link rel=\"canonical\" href=\"https:\/\/bo-themes.de\/wordpress-immobilien-themes\/bo-beladomo\/immobilien\/\" \/>\n<meta property=\"og:locale\" content=\"de_DE\" \/>\n<meta property=\"og:type\" content=\"article\" \/>\n<meta property=\"og:title\" content=\"Immobilien - BO Beladomo\" \/>\n<meta property=\"og:description\" content=\"Dies ist eine Demo-Webseite f\u00fcr Beladomo - einem Immobilien-Theme f\u00fcr WordPress von Brings - B\u00fcro f\u00fcr Webentwicklung\" \/>\n<meta property=\"og:url\" content=\"https:\/\/bo-themes.de\/wordpress-immobilien-themes\/bo-beladomo\/immobilien\/\" \/>\n<meta property=\"og:site_name\" content=\"BO Beladomo\" \/>\n<meta property=\"og:image\" content=\"https:\/\/bo-themes.de\/wordpress-immobilien-themes\/bo-beladomo\/wp-content\/uploads\/sites\/5\/2025\/04\/beladomo20-wordpress-theme-liste.webp\" \/>\n\t<meta property=\"og:image:width\" content=\"1200\" \/>\n\t<meta property=\"og:image:height\" content=\"732\" \/>\n\t<meta property=\"og:image:type\" content=\"image\/webp\" \/>\n<meta name=\"twitter:card\" content=\"summary_large_image\" \/>\n<script type=\"application\/ld+json\" class=\"yoast-schema-graph\">{\"@context\":\"https:\/\/schema.org\",\"@graph\":[{\"@type\":\"WebPage\",\"@id\":\"https:\/\/bo-themes.de\/wordpress-immobilien-themes\/bo-beladomo\/immobilien\/\",\"url\":\"https:\/\/bo-themes.de\/wordpress-immobilien-themes\/bo-beladomo\/immobilien\/\",\"name\":\"Immobilien - BO Beladomo\",\"isPartOf\":{\"@id\":\"https:\/\/bo-themes.de\/wordpress-immobilien-themes\/bo-beladomo\/#website\"},\"datePublished\":\"2019-12-01T15:23:22+00:00\",\"description\":\"Dies ist eine Demo-Webseite f\u00fcr Beladomo - einem Immobilien-Theme f\u00fcr WordPress von Brings - B\u00fcro f\u00fcr Webentwicklung\",\"breadcrumb\":{\"@id\":\"https:\/\/bo-themes.de\/wordpress-immobilien-themes\/bo-beladomo\/immobilien\/#breadcrumb\"},\"inLanguage\":\"de\",\"potentialAction\":[{\"@type\":\"ReadAction\",\"target\":[\"https:\/\/bo-themes.de\/wordpress-immobilien-themes\/bo-beladomo\/immobilien\/\"]}]},{\"@type\":\"BreadcrumbList\",\"@id\":\"https:\/\/bo-themes.de\/wordpress-immobilien-themes\/bo-beladomo\/immobilien\/#breadcrumb\",\"itemListElement\":[{\"@type\":\"ListItem\",\"position\":1,\"name\":\"Startseite\",\"item\":\"https:\/\/bo-themes.de\/wordpress-immobilien-themes\/bo-beladomo\/\"},{\"@type\":\"ListItem\",\"position\":2,\"name\":\"Immobilien\"}]},{\"@type\":\"WebSite\",\"@id\":\"https:\/\/bo-themes.de\/wordpress-immobilien-themes\/bo-beladomo\/#website\",\"url\":\"https:\/\/bo-themes.de\/wordpress-immobilien-themes\/bo-beladomo\/\",\"name\":\"BO Beladomo - Immobilien-Theme f\u00fcr WordPress\",\"description\":\"WordPress Theme f\u00fcr Immobilien-Webseiten\",\"publisher\":{\"@id\":\"https:\/\/bo-themes.de\/wordpress-immobilien-themes\/bo-beladomo\/#organization\"},\"alternateName\":\"BO Beladomo\",\"potentialAction\":[{\"@type\":\"SearchAction\",\"target\":{\"@type\":\"EntryPoint\",\"urlTemplate\":\"https:\/\/bo-themes.de\/wordpress-immobilien-themes\/bo-beladomo\/?s={search_term_string}\"},\"query-input\":{\"@type\":\"PropertyValueSpecification\",\"valueRequired\":true,\"valueName\":\"search_term_string\"}}],\"inLanguage\":\"de\"},{\"@type\":\"Organization\",\"@id\":\"https:\/\/bo-themes.de\/wordpress-immobilien-themes\/bo-beladomo\/#organization\",\"name\":\"BO Beladomo - Immobilien-Theme f\u00fcr WordPress\",\"alternateName\":\"BO Beladomo\",\"url\":\"https:\/\/bo-themes.de\/wordpress-immobilien-themes\/bo-beladomo\/\",\"logo\":{\"@type\":\"ImageObject\",\"inLanguage\":\"de\",\"@id\":\"https:\/\/bo-themes.de\/wordpress-immobilien-themes\/bo-beladomo\/#\/schema\/logo\/image\/\",\"url\":\"https:\/\/bo-themes.de\/wordpress-immobilien-themes\/bo-beladomo\/wp-content\/uploads\/sites\/5\/2020\/01\/wpicon-brings.png\",\"contentUrl\":\"https:\/\/bo-themes.de\/wordpress-immobilien-themes\/bo-beladomo\/wp-content\/uploads\/sites\/5\/2020\/01\/wpicon-brings.png\",\"width\":512,\"height\":512,\"caption\":\"BO Beladomo - Immobilien-Theme f\u00fcr WordPress\"},\"image\":{\"@id\":\"https:\/\/bo-themes.de\/wordpress-immobilien-themes\/bo-beladomo\/#\/schema\/logo\/image\/\"}}]}<\/script>\n<!-- \/ Yoast SEO plugin. -->","yoast_head_json":{"title":"Immobilien - BO Beladomo","description":"Dies ist eine Demo-Webseite f\u00fcr Beladomo - einem Immobilien-Theme f\u00fcr WordPress von Brings - B\u00fcro f\u00fcr Webentwicklung","robots":{"index":"index","follow":"follow","max-snippet":"max-snippet:-1","max-image-preview":"max-image-preview:large","max-video-preview":"max-video-preview:-1"},"canonical":"https:\/\/bo-themes.de\/wordpress-immobilien-themes\/bo-beladomo\/immobilien\/","og_locale":"de_DE","og_type":"article","og_title":"Immobilien - BO Beladomo","og_description":"Dies ist eine Demo-Webseite f\u00fcr Beladomo - einem Immobilien-Theme f\u00fcr WordPress von Brings - B\u00fcro f\u00fcr Webentwicklung","og_url":"https:\/\/bo-themes.de\/wordpress-immobilien-themes\/bo-beladomo\/immobilien\/","og_site_name":"BO Beladomo","og_image":[{"width":1200,"height":732,"url":"https:\/\/bo-themes.de\/wordpress-immobilien-themes\/bo-beladomo\/wp-content\/uploads\/sites\/5\/2025\/04\/beladomo20-wordpress-theme-liste.webp","type":"image\/webp"}],"twitter_card":"summary_large_image","schema":{"@context":"https:\/\/schema.org","@graph":[{"@type":"WebPage","@id":"https:\/\/bo-themes.de\/wordpress-immobilien-themes\/bo-beladomo\/immobilien\/","url":"https:\/\/bo-themes.de\/wordpress-immobilien-themes\/bo-beladomo\/immobilien\/","name":"Immobilien - BO Beladomo","isPartOf":{"@id":"https:\/\/bo-themes.de\/wordpress-immobilien-themes\/bo-beladomo\/#website"},"datePublished":"2019-12-01T15:23:22+00:00","description":"Dies ist eine Demo-Webseite f\u00fcr Beladomo - einem Immobilien-Theme f\u00fcr WordPress von Brings - B\u00fcro f\u00fcr Webentwicklung","breadcrumb":{"@id":"https:\/\/bo-themes.de\/wordpress-immobilien-themes\/bo-beladomo\/immobilien\/#breadcrumb"},"inLanguage":"de","potentialAction":[{"@type":"ReadAction","target":["https:\/\/bo-themes.de\/wordpress-immobilien-themes\/bo-beladomo\/immobilien\/"]}]},{"@type":"BreadcrumbList","@id":"https:\/\/bo-themes.de\/wordpress-immobilien-themes\/bo-beladomo\/immobilien\/#breadcrumb","itemListElement":[{"@type":"ListItem","position":1,"name":"Startseite","item":"https:\/\/bo-themes.de\/wordpress-immobilien-themes\/bo-beladomo\/"},{"@type":"ListItem","position":2,"name":"Immobilien"}]},{"@type":"WebSite","@id":"https:\/\/bo-themes.de\/wordpress-immobilien-themes\/bo-beladomo\/#website","url":"https:\/\/bo-themes.de\/wordpress-immobilien-themes\/bo-beladomo\/","name":"BO Beladomo - Immobilien-Theme f\u00fcr WordPress","description":"WordPress Theme f\u00fcr Immobilien-Webseiten","publisher":{"@id":"https:\/\/bo-themes.de\/wordpress-immobilien-themes\/bo-beladomo\/#organization"},"alternateName":"BO Beladomo","potentialAction":[{"@type":"SearchAction","target":{"@type":"EntryPoint","urlTemplate":"https:\/\/bo-themes.de\/wordpress-immobilien-themes\/bo-beladomo\/?s={search_term_string}"},"query-input":{"@type":"PropertyValueSpecification","valueRequired":true,"valueName":"search_term_string"}}],"inLanguage":"de"},{"@type":"Organization","@id":"https:\/\/bo-themes.de\/wordpress-immobilien-themes\/bo-beladomo\/#organization","name":"BO Beladomo - Immobilien-Theme f\u00fcr WordPress","alternateName":"BO Beladomo","url":"https:\/\/bo-themes.de\/wordpress-immobilien-themes\/bo-beladomo\/","logo":{"@type":"ImageObject","inLanguage":"de","@id":"https:\/\/bo-themes.de\/wordpress-immobilien-themes\/bo-beladomo\/#\/schema\/logo\/image\/","url":"https:\/\/bo-themes.de\/wordpress-immobilien-themes\/bo-beladomo\/wp-content\/uploads\/sites\/5\/2020\/01\/wpicon-brings.png","contentUrl":"https:\/\/bo-themes.de\/wordpress-immobilien-themes\/bo-beladomo\/wp-content\/uploads\/sites\/5\/2020\/01\/wpicon-brings.png","width":512,"height":512,"caption":"BO Beladomo - Immobilien-Theme f\u00fcr WordPress"},"image":{"@id":"https:\/\/bo-themes.de\/wordpress-immobilien-themes\/bo-beladomo\/#\/schema\/logo\/image\/"}}]}},"_links":{"self":[{"href":"https:\/\/bo-themes.de\/wordpress-immobilien-themes\/bo-beladomo\/wp-json\/wp\/v2\/pages\/7460","targetHints":{"allow":["GET"]}}],"collection":[{"href":"https:\/\/bo-themes.de\/wordpress-immobilien-themes\/bo-beladomo\/wp-json\/wp\/v2\/pages"}],"about":[{"href":"https:\/\/bo-themes.de\/wordpress-immobilien-themes\/bo-beladomo\/wp-json\/wp\/v2\/types\/page"}],"author":[{"embeddable":true,"href":"https:\/\/bo-themes.de\/wordpress-immobilien-themes\/bo-beladomo\/wp-json\/wp\/v2\/users\/3"}],"replies":[{"embeddable":true,"href":"https:\/\/bo-themes.de\/wordpress-immobilien-themes\/bo-beladomo\/wp-json\/wp\/v2\/comments?post=7460"}],"version-history":[{"count":0,"href":"https:\/\/bo-themes.de\/wordpress-immobilien-themes\/bo-beladomo\/wp-json\/wp\/v2\/pages\/7460\/revisions"}],"wp:attachment":[{"href":"https:\/\/bo-themes.de\/wordpress-immobilien-themes\/bo-beladomo\/wp-json\/wp\/v2\/media?parent=7460"}],"curies":[{"name":"wp","href":"https:\/\/api.w.org\/{rel}","templated":true}]}}