{"id":14024,"date":"2025-06-20T11:51:47","date_gmt":"2025-06-20T09:51:47","guid":{"rendered":"https:\/\/bo-themes.de\/wordpress-block-themes\/bob-werkstatt\/?page_id=14024"},"modified":"2025-06-23T09:32:00","modified_gmt":"2025-06-23T07:32:00","slug":"empfohlene-plugins","status":"publish","type":"page","link":"https:\/\/bo-themes.de\/wordpress-block-themes\/bob-werkstatt\/theme-infos\/empfohlene-plugins\/","title":{"rendered":"Empfohlene Plugins"},"content":{"rendered":"\n<h2 class=\"wp-block-heading\">Wir empfehlen diese Plugins f\u00fcr den Aufbau der Webseite<\/h2>\n\n\n\n<p>Die folgenden Plugins haben wir f\u00fcr den Aufbau dieser Demo-Webseite und die Gestaltung der Templates und Vorlagen eingesetzt. Wir empfehlen, diese ebenfalls zu installieren. Alle Plugins k\u00f6nnen \u00fcber die WordPress Plugin-Bibliothek installiert werden und sind sofort einsatzbereit. <\/p>\n\n\n\n<div style=\"height:30px\" aria-hidden=\"true\" class=\"wp-block-spacer\"><\/div>\n\n\n\n<div class=\"wp-block-columns is-layout-flex wp-container-core-columns-is-layout-28f84493 wp-block-columns-is-layout-flex\">\n<div class=\"wp-block-column is-layout-flow wp-block-column-is-layout-flow\">\n<ul class=\"wp-block-list\">\n<li class=\"has-children\" style=\"padding-top:var(--wp--preset--spacing--10);padding-bottom:var(--wp--preset--spacing--10)\"><span class=\"list-item-text\"><strong><a href=\"https:\/\/wordpress.org\/plugins\/icon-block\/\" target=\"_blank\" rel=\"noreferrer noopener\">The Icon Block<\/a><\/strong> \n<\/span><ul class=\"wp-block-list\">\n<li>Dieses Plugin erm\u00f6glicht es, eigene Icons (svg) hochzuladen und \u00fcberall im Content einzubinden. Das Icon-Block Plugin wird auch genutzt, um die individuellen Duotone-Icons des Theme einzusetzen und diese den gew\u00fcnschten Farben anzupassen.<\/li>\n<\/ul>\n<\/li>\n\n\n\n<li class=\"has-children\" style=\"padding-top:var(--wp--preset--spacing--10);padding-bottom:var(--wp--preset--spacing--10)\"><span class=\"list-item-text\"><strong><a href=\"https:\/\/wordpress.org\/plugins\/genesis-custom-blocks\/\" target=\"_blank\" rel=\"noreferrer noopener\">Genesis Custom Blocks<\/a><\/strong>\n<\/span><ul class=\"wp-block-list\">\n<li>Dieses Plugin erm\u00f6glicht die Einbindung der zus\u00e4tzlichen Bl\u00f6cke des Themes und die Erstellung ganz eigener Bl\u00f6cke. Die vorbereiteten Bl\u00f6cke des Themes (FAQ,\/Anker) k\u00f6nnen optional importiert und genutzt werden. <\/li>\n<\/ul>\n<\/li>\n\n\n\n<li class=\"has-children\" style=\"padding-top:var(--wp--preset--spacing--10);padding-bottom:var(--wp--preset--spacing--10)\"><span class=\"list-item-text\"><strong><a href=\"https:\/\/wordpress.org\/plugins\/genesis-custom-blocks\/\" target=\"_blank\" rel=\"noreferrer noopener\">Contactform 7<\/a><\/strong>\n<\/span><ul class=\"wp-block-list\">\n<li>Dieses Plugin empfehlen wir zum Aufbau von Kontaktformularen. Die Beispielformulare, die in einigen Vorlagen enthalten sind, wurden mit diesem Plugin erstellt. Sie k\u00f6nnen aber nat\u00fcrlich auch einfach durch andere Plugin-Formulare ersetzt werden. <\/li>\n<\/ul>\n<\/li>\n<\/ul>\n<\/div>\n\n\n\n<div class=\"wp-block-column is-layout-flow wp-block-column-is-layout-flow\">\n<ul class=\"wp-block-list\">\n<li class=\"has-children\" style=\"padding-top:var(--wp--preset--spacing--10);padding-bottom:var(--wp--preset--spacing--10)\"><span class=\"list-item-text\"><strong><a href=\"https:\/\/wordpress.org\/plugins\/block-enhancements\/\" target=\"_blank\" rel=\"noreferrer noopener\">Block Enhancements<\/a><\/strong> \n<\/span><ul class=\"wp-block-list\">\n<li>Dieses Plugin erweitert die Standard-WordPress-Bl\u00f6cke durch zus\u00e4tzliche Einstellungsoptionen, z.B. f\u00fcr Inline-Icons, Schatten oder Rahmen. Es kann individuell eingestellt werden, welche Bl\u00f6cke welche Erweiterungen nutzen sollen. Z.B. werden Navigationen ausgew\u00e4hlt, wenn Men\u00fcpunkte verschiedene Icons nutzen sollen. <\/li>\n<\/ul>\n<\/li>\n\n\n\n<li class=\"has-children\" style=\"padding-top:var(--wp--preset--spacing--10);padding-bottom:var(--wp--preset--spacing--10)\"><span class=\"list-item-text\"><strong><a href=\"https:\/\/wordpress.org\/plugins\/breadcrumb-block\/\" target=\"_blank\" rel=\"noreferrer noopener\">Breadcrumb Blocks<\/a><\/strong>\n<\/span><ul class=\"wp-block-list\">\n<li>Dieses Plugin erm\u00f6glicht die Einbindung einer Breadcrumb-Navigation via Block. Die Breadcrumb-Navigation ist auf den Standard-Templates des Themes bereits vorbereitet, sie kann aber auch entfernt oder durch eine andere Breadcrumb-Navigation ersetzt werden. <\/li>\n<\/ul>\n<\/li>\n<\/ul>\n<\/div>\n<\/div>\n\n\n\n<div style=\"height:50px\" aria-hidden=\"true\" class=\"wp-block-spacer\"><\/div>\n","protected":false},"excerpt":{"rendered":"<p>Wir empfehlen diese Plugins f\u00fcr den Aufbau der Webseite Die folgenden Plugins haben wir f\u00fcr den Aufbau dieser Demo-Webseite und die Gestaltung der Templates und Vorlagen eingesetzt. Wir empfehlen, diese ebenfalls zu installieren. Alle Plugins k\u00f6nnen \u00fcber die WordPress Plugin-Bibliothek installiert werden und sind sofort einsatzbereit.<\/p>\n","protected":false},"author":1,"featured_media":0,"parent":14007,"menu_order":0,"comment_status":"closed","ping_status":"closed","template":"","meta":{"footnotes":""},"class_list":["post-14024","page","type-page","status-publish","hentry"],"_links":{"self":[{"href":"https:\/\/bo-themes.de\/wordpress-block-themes\/bob-werkstatt\/wp-json\/wp\/v2\/pages\/14024","targetHints":{"allow":["GET"]}}],"collection":[{"href":"https:\/\/bo-themes.de\/wordpress-block-themes\/bob-werkstatt\/wp-json\/wp\/v2\/pages"}],"about":[{"href":"https:\/\/bo-themes.de\/wordpress-block-themes\/bob-werkstatt\/wp-json\/wp\/v2\/types\/page"}],"author":[{"embeddable":true,"href":"https:\/\/bo-themes.de\/wordpress-block-themes\/bob-werkstatt\/wp-json\/wp\/v2\/users\/1"}],"replies":[{"embeddable":true,"href":"https:\/\/bo-themes.de\/wordpress-block-themes\/bob-werkstatt\/wp-json\/wp\/v2\/comments?post=14024"}],"version-history":[{"count":3,"href":"https:\/\/bo-themes.de\/wordpress-block-themes\/bob-werkstatt\/wp-json\/wp\/v2\/pages\/14024\/revisions"}],"predecessor-version":[{"id":14036,"href":"https:\/\/bo-themes.de\/wordpress-block-themes\/bob-werkstatt\/wp-json\/wp\/v2\/pages\/14024\/revisions\/14036"}],"up":[{"embeddable":true,"href":"https:\/\/bo-themes.de\/wordpress-block-themes\/bob-werkstatt\/wp-json\/wp\/v2\/pages\/14007"}],"wp:attachment":[{"href":"https:\/\/bo-themes.de\/wordpress-block-themes\/bob-werkstatt\/wp-json\/wp\/v2\/media?parent=14024"}],"curies":[{"name":"wp","href":"https:\/\/api.w.org\/{rel}","templated":true}]}}