{"id":14022,"date":"2025-06-20T11:51:14","date_gmt":"2025-06-20T09:51:14","guid":{"rendered":"https:\/\/bo-themes.de\/wordpress-block-themes\/bob-werkstatt\/?page_id=14022"},"modified":"2025-06-23T09:51:57","modified_gmt":"2025-06-23T07:51:57","slug":"theme-vorlagen","status":"publish","type":"page","link":"https:\/\/bo-themes.de\/wordpress-block-themes\/bob-werkstatt\/theme-infos\/theme-vorlagen\/","title":{"rendered":"Theme-Vorlagen"},"content":{"rendered":"\n<h2 class=\"wp-block-heading\">Vorlagen\/Patterns f\u00fcr die individuelle Gestaltung <\/h2>\n\n\n\n<p>Block-Themes liefern Vorlagen (bzw. Patterns) f\u00fcr die Gestaltung der Webseite. Vorlagen k\u00f6nnen via Seiten-Editor im Contentbereich eingesetzt oder zur Gestaltung kompletter Templates im Website-Editor genutzt werden. Diese Vorlagen bestehen meist aus verschiedenen Bl\u00f6cken, die bereits zu einem Layout-Element zusammengesetzt sind, z.B. f\u00fcr den Headerbereich, f\u00fcr Banner und Call-to-action-Abschnitte. Das Werkstatt-Theme liefert dazu auch Vorlagen f\u00fcr komplette Startseiten und andere Info-Seiten.<\/p>\n\n\n\n<p>Das Theme enth\u00e4lt insgesamt 40 Vorlagen, die zus\u00e4tzlich zu den WordPress-Standard-Vorlagen genutzt werden k\u00f6nnen und die konkret f\u00fcr den jeweiligen Einsatzzweck vorbereitet sind.<\/p>\n\n\n\n<div style=\"height:20px\" aria-hidden=\"true\" class=\"wp-block-spacer\"><\/div>\n\n\n\n<div class=\"wp-block-columns is-layout-flex wp-container-core-columns-is-layout-f0342b05 wp-block-columns-is-layout-flex\" style=\"margin-top:0;margin-bottom:0\">\n<div class=\"wp-block-column is-layout-flow wp-block-column-is-layout-flow\" style=\"flex-basis:55%\">\n<ul style=\"padding-top:var(--wp--preset--spacing--10);padding-bottom:var(--wp--preset--spacing--10)\" class=\"wp-block-list\">\n<li class=\"has-children\" style=\"padding-top:var(--wp--preset--spacing--10);padding-bottom:var(--wp--preset--spacing--10)\"><span class=\"list-item-text\"><strong><mark style=\"background-color:rgba(0, 0, 0, 0)\" class=\"has-inline-color has-accent-color\">Intros<\/mark><\/strong>\n<\/span><ul class=\"wp-block-list\">\n<li>3 verschiedene Vorlagen mit Bildern, Text und Button, die am besten zu Beginn einer Seite gezeigt werden k\u00f6nnen.<\/li>\n<\/ul>\n<\/li>\n\n\n\n<li class=\"has-children\" style=\"padding-top:var(--wp--preset--spacing--10);padding-bottom:var(--wp--preset--spacing--10)\"><span class=\"list-item-text\"><strong><mark style=\"background-color:rgba(0, 0, 0, 0)\" class=\"has-inline-color has-accent-color\">Banner<\/mark><\/strong>\n<\/span><ul class=\"wp-block-list\">\n<li>6 verschieden Vorlagen, z.T. mit animierten Elementen, Icon- oder Bilderboxen, mit Texten in Spalten und Button<\/li>\n<\/ul>\n<\/li>\n\n\n\n<li class=\"has-children\" style=\"padding-top:var(--wp--preset--spacing--10);padding-bottom:var(--wp--preset--spacing--10)\"><span class=\"list-item-text\"><strong><mark style=\"background-color:rgba(0, 0, 0, 0)\" class=\"has-inline-color has-accent-color\">Startseiten und Infoseiten<\/mark><\/strong>\n<\/span><ul class=\"wp-block-list\">\n<li>4 Startseiten mit unterschiedlichen Abschnitten, die alle relevanten Informationen und Inhalte zeigen<\/li>\n\n\n\n<li>1 onePage Startseite oder LandingPage mit eigener Header-Navigation<\/li>\n\n\n\n<li>6 verschiedene Seiten-Vorlagen f\u00fcr Team, Galerien, Services oder Angebote<\/li>\n<\/ul>\n<\/li>\n\n\n\n<li class=\"has-children\" style=\"padding-top:var(--wp--preset--spacing--10);padding-bottom:var(--wp--preset--spacing--10)\"><span class=\"list-item-text\"><strong><mark style=\"background-color:rgba(0, 0, 0, 0)\" class=\"has-inline-color has-accent-color\">Boxen<\/mark><\/strong>\n<\/span><ul class=\"wp-block-list\">\n<li>9 verschiedene Boxen, z.B. f\u00fcr Kontaktdaten, f\u00fcr das Team, f\u00fcr kurze Texte plus Icon oder plus Bild. Alle Boxen werden am besten in Spalten oder Gruppen eingebunden.<\/li>\n<\/ul>\n<\/li>\n\n\n\n<li class=\"has-children\" style=\"padding-top:var(--wp--preset--spacing--10);padding-bottom:var(--wp--preset--spacing--10)\"><span class=\"list-item-text\"><strong><mark style=\"background-color:rgba(0, 0, 0, 0)\" class=\"has-inline-color has-accent-color\">Call-to-action<\/mark><\/strong>\n<\/span><ul class=\"wp-block-list\">\n<li>3 verschiedene Abschnitte mit Bild, Text und Button, um den User zu einer Handlung aufzufordern<\/li>\n<\/ul>\n<\/li>\n\n\n\n<li class=\"has-children\" style=\"padding-top:var(--wp--preset--spacing--10);padding-bottom:var(--wp--preset--spacing--10)\"><span class=\"list-item-text\"><strong><mark style=\"background-color:rgba(0, 0, 0, 0)\" class=\"has-inline-color has-accent-color\">Slider<\/mark><\/strong>\n<\/span><ul class=\"wp-block-list\">\n<li>4 verschiedene Slider bzw. Karussells mit Bildern und Texten<\/li>\n<\/ul>\n<\/li>\n\n\n\n<li class=\"has-children\" style=\"padding-top:var(--wp--preset--spacing--10);padding-bottom:var(--wp--preset--spacing--10)\"><span class=\"list-item-text\"><strong><mark style=\"background-color:rgba(0, 0, 0, 0)\" class=\"has-inline-color has-accent-color\">Header und Footer<\/mark><\/strong>\n<\/span><ul class=\"wp-block-list\">\n<li>Header- und Footervorlagen und eine Extraleiste mit Kontaktdaten, die fixiert am  Seitenende gezeigt werden kann.<\/li>\n<\/ul>\n<\/li>\n\n\n\n<li class=\"has-children\" style=\"padding-top:var(--wp--preset--spacing--10);padding-bottom:var(--wp--preset--spacing--10)\"><span class=\"list-item-text\"><strong><mark style=\"background-color:rgba(0, 0, 0, 0)\" class=\"has-inline-color has-accent-color\">Sonstiges<\/mark><\/strong>\n<\/span><ul class=\"wp-block-list\">\n<li>Vorlagen f\u00fcr die Gestaltung einer Zeitleiste, f\u00fcr Trenner\/Abstandshalter und Button.  <\/li>\n<\/ul>\n<\/li>\n<\/ul>\n\n\n\n<div class=\"wp-block-group is-content-justification-center is-nowrap is-layout-flex wp-container-core-group-is-layout-fc1c4c6d wp-block-group-is-layout-flex\" style=\"margin-top:0;margin-bottom:0\">\n<div class=\"wp-block-group has-accent-background-color has-background wp-container-content-9cfa9a5a has-global-padding is-layout-constrained wp-container-core-group-is-layout-0663b330 wp-block-group-is-layout-constrained\" style=\"min-height:12px;padding-top:0;padding-right:var(--wp--preset--spacing--10);padding-bottom:0;padding-left:var(--wp--preset--spacing--10)\"><\/div>\n\n\n\n<div class=\"wp-block-group has-contrast-2-background-color has-background wp-container-content-9cfa9a5a has-global-padding is-layout-constrained wp-container-core-group-is-layout-28e4a4f7 wp-block-group-is-layout-constrained\" style=\"min-height:12px;padding-top:0;padding-right:var(--wp--preset--spacing--10);padding-bottom:0;padding-left:var(--wp--preset--spacing--10)\"><\/div>\n\n\n\n<div class=\"wp-block-group has-base-3-background-color has-background wp-container-content-9cfa9a5a has-global-padding is-layout-constrained wp-container-core-group-is-layout-c01ce5f5 wp-block-group-is-layout-constrained\" style=\"min-height:12px;padding-top:0;padding-right:var(--wp--preset--spacing--10);padding-bottom:0;padding-left:var(--wp--preset--spacing--10)\"><\/div>\n<\/div>\n<\/div>\n\n\n\n<div class=\"wp-block-column is-layout-flow wp-block-column-is-layout-flow\" style=\"flex-basis:5%\"><\/div>\n\n\n\n<div class=\"wp-block-column has-contrast-2-background-color has-background is-layout-flow wp-block-column-is-layout-flow\" style=\"padding-top:var(--wp--preset--spacing--20);padding-right:var(--wp--preset--spacing--20);padding-bottom:var(--wp--preset--spacing--20);padding-left:var(--wp--preset--spacing--20);flex-basis:40%\"><\/div>\n<\/div>\n\n\n\n<div style=\"height:60px\" aria-hidden=\"true\" class=\"wp-block-spacer\"><\/div>\n","protected":false},"excerpt":{"rendered":"<p>Vorlagen\/Patterns f\u00fcr die individuelle Gestaltung Block-Themes liefern Vorlagen (bzw. Patterns) f\u00fcr die Gestaltung der Webseite. Vorlagen k\u00f6nnen via Seiten-Editor im Contentbereich eingesetzt oder zur Gestaltung kompletter Templates im Website-Editor genutzt werden. Diese Vorlagen bestehen meist aus verschiedenen Bl\u00f6cken, die bereits zu einem Layout-Element zusammengesetzt sind, z.B. f\u00fcr den Headerbereich, f\u00fcr Banner und Call-to-action-Abschnitte. Das Werkstatt-Theme [&hellip;]<\/p>\n","protected":false},"author":1,"featured_media":0,"parent":14007,"menu_order":0,"comment_status":"closed","ping_status":"closed","template":"","meta":{"footnotes":""},"class_list":["post-14022","page","type-page","status-publish","hentry"],"_links":{"self":[{"href":"https:\/\/bo-themes.de\/wordpress-block-themes\/bob-werkstatt\/wp-json\/wp\/v2\/pages\/14022","targetHints":{"allow":["GET"]}}],"collection":[{"href":"https:\/\/bo-themes.de\/wordpress-block-themes\/bob-werkstatt\/wp-json\/wp\/v2\/pages"}],"about":[{"href":"https:\/\/bo-themes.de\/wordpress-block-themes\/bob-werkstatt\/wp-json\/wp\/v2\/types\/page"}],"author":[{"embeddable":true,"href":"https:\/\/bo-themes.de\/wordpress-block-themes\/bob-werkstatt\/wp-json\/wp\/v2\/users\/1"}],"replies":[{"embeddable":true,"href":"https:\/\/bo-themes.de\/wordpress-block-themes\/bob-werkstatt\/wp-json\/wp\/v2\/comments?post=14022"}],"version-history":[{"count":6,"href":"https:\/\/bo-themes.de\/wordpress-block-themes\/bob-werkstatt\/wp-json\/wp\/v2\/pages\/14022\/revisions"}],"predecessor-version":[{"id":14043,"href":"https:\/\/bo-themes.de\/wordpress-block-themes\/bob-werkstatt\/wp-json\/wp\/v2\/pages\/14022\/revisions\/14043"}],"up":[{"embeddable":true,"href":"https:\/\/bo-themes.de\/wordpress-block-themes\/bob-werkstatt\/wp-json\/wp\/v2\/pages\/14007"}],"wp:attachment":[{"href":"https:\/\/bo-themes.de\/wordpress-block-themes\/bob-werkstatt\/wp-json\/wp\/v2\/media?parent=14022"}],"curies":[{"name":"wp","href":"https:\/\/api.w.org\/{rel}","templated":true}]}}