{"id":14020,"date":"2025-06-20T11:50:37","date_gmt":"2025-06-20T09:50:37","guid":{"rendered":"https:\/\/bo-themes.de\/wordpress-block-themes\/bob-werkstatt\/?page_id=14020"},"modified":"2025-06-23T09:53:35","modified_gmt":"2025-06-23T07:53:35","slug":"theme-templates","status":"publish","type":"page","link":"https:\/\/bo-themes.de\/wordpress-block-themes\/bob-werkstatt\/theme-infos\/theme-templates\/","title":{"rendered":"Theme-Templates"},"content":{"rendered":"\n<h2 class=\"wp-block-heading\">Templates f\u00fcr die verschiedenen Bereiche der Webseite<\/h2>\n\n\n\n<p>Themes liefern die erforderlichen Templates f\u00fcr den Aufbau einer WordPress-Webseite, d.h. Templates f\u00fcr Seiten, f\u00fcr Beitr\u00e4ge, f\u00fcr die Beitragsseite oder Kategorie-Archive. Im Gegensatz zu klassischen Themes k\u00f6nnen die Templates der Block-Themes aber auch direkt im Website-Editor bearbeitet werden. Es k\u00f6nnen au\u00dferdem auch eigene Templates erstellt und mit eigenen <a href=\"https:\/\/brings-online.com\/demo\/wordpress-block-themes\/bob-praxis\/theme-infos\/theme-vorlagen\/\" data-type=\"page\" data-id=\"13873\">Vorlagen<\/a> gestaltet werden.<\/p>\n\n\n\n<div style=\"height:15px\" aria-hidden=\"true\" class=\"wp-block-spacer\"><\/div>\n\n\n\n<div class=\"wp-block-columns is-layout-flex wp-container-core-columns-is-layout-f0342b05 wp-block-columns-is-layout-flex\" style=\"margin-top:0;margin-bottom:0\">\n<div class=\"wp-block-column is-layout-flow wp-block-column-is-layout-flow\" style=\"flex-basis:55%\">\n<ul style=\"padding-top:var(--wp--preset--spacing--10);padding-bottom:var(--wp--preset--spacing--10)\" class=\"wp-block-list\">\n<li class=\"has-children\" style=\"padding-top:var(--wp--preset--spacing--10);padding-bottom:var(--wp--preset--spacing--10)\"><span class=\"list-item-text\"><strong><mark style=\"background-color:rgba(0, 0, 0, 0)\" class=\"has-inline-color has-accent-color\">Index<\/mark><\/strong>\n<\/span><ul class=\"wp-block-list\">\n<li>Dies Template zeigt die &#8222;<a href=\"https:\/\/brings-online.com\/demo\/wordpress-block-themes\/bob-praxis\/aktuelle-gesundheitstipps\/\">Beitragsseite<\/a>&#8222;, d.h. eine \u00dcbersicht \u00fcber alle Beitr\u00e4ge.<\/li>\n<\/ul>\n<\/li>\n\n\n\n<li class=\"has-children\" style=\"padding-top:var(--wp--preset--spacing--10);padding-bottom:var(--wp--preset--spacing--10)\"><span class=\"list-item-text\"><strong><mark style=\"background-color:rgba(0, 0, 0, 0)\" class=\"has-inline-color has-accent-color\">Standardseiten<\/mark><\/strong>\n<\/span><ul class=\"wp-block-list\">\n<li class=\"has-link-color wp-elements-5647511c547e54d78d6fbecf0ddd3364\">Dieses Template wird standardm\u00e4\u00dfig nach Erstellung einer Seite genutzt und zeigt den Seitentitel, eine Breadcrumb-Navigation und Content in voller Breite. <\/li>\n<\/ul>\n<\/li>\n\n\n\n<li class=\"has-children\" style=\"padding-top:var(--wp--preset--spacing--10);padding-bottom:var(--wp--preset--spacing--10)\"><span class=\"list-item-text\"><strong><mark style=\"background-color:rgba(0, 0, 0, 0)\" class=\"has-inline-color has-accent-color\">Seiten ohne Seitentitel<\/mark><\/strong>\n<\/span><ul class=\"wp-block-list\">\n<li>Dieses Template kann auf Seiten ausgew\u00e4hlt werden. Es zeigt keinen automatischen Seitentitel (h1), der Content startet direkt unter dem Header. Am besten geeignet f\u00fcr Startseiten. <\/li>\n<\/ul>\n<\/li>\n\n\n\n<li class=\"has-children\"><span class=\"list-item-text\"><strong><mark style=\"background-color:rgba(0, 0, 0, 0)\" class=\"has-inline-color has-accent-color\">onePage-Seite<\/mark><\/strong>\n<\/span><ul class=\"wp-block-list\">\n<li>Dieses Template nutzt eine separate Hauptnavigation, \u00fcber die verschiedene Abschnitte auf der Seite angesteuert werden. F\u00fcr onePage-Startseiten oder LandingPages. <\/li>\n<\/ul>\n<\/li>\n\n\n\n<li class=\"has-children\" style=\"padding-top:var(--wp--preset--spacing--10);padding-bottom:var(--wp--preset--spacing--10)\"><span class=\"list-item-text\"><strong><mark style=\"background-color:rgba(0, 0, 0, 0)\" class=\"has-inline-color has-accent-color\">Suche und Archive<\/mark><\/strong>\n<\/span><ul class=\"wp-block-list\">\n<li>Diese Templates werden f\u00fcr automatisch generierte Seiten genutzt, z.B. f\u00fcr die Suchergebnisse, f\u00fcr Blog-Kategoriearchive usw. <\/li>\n<\/ul>\n<\/li>\n\n\n\n<li class=\"has-children\" style=\"padding-top:var(--wp--preset--spacing--10);padding-bottom:var(--wp--preset--spacing--10)\"><span class=\"list-item-text\"><strong><mark style=\"background-color:rgba(0, 0, 0, 0)\" class=\"has-inline-color has-accent-color\">404<\/mark><\/strong>\n<\/span><ul class=\"wp-block-list\">\n<li>Dieses Template wird genutzt, wenn ein 404-Fehler angezeigt wird, d.h. wenn Sie aufgerufene URL nicht erreichbar ist.<\/li>\n<\/ul>\n<\/li>\n\n\n\n<li class=\"has-children\" style=\"padding-top:var(--wp--preset--spacing--10);padding-bottom:var(--wp--preset--spacing--10)\"><span class=\"list-item-text\"><strong><mark style=\"background-color:rgba(0, 0, 0, 0)\" class=\"has-inline-color has-accent-color\">Standardbeitr\u00e4ge <\/mark><\/strong>\n<\/span><ul class=\"wp-block-list\">\n<li class=\"has-link-color wp-elements-4000095d8ab2d108e57df3b7a03c0bf5\">Dieses Template wird standarm\u00e4\u00dfig f\u00fcr Beitr\u00e4ge eingesetzt und zeigt eine Sidebar rechts neben dem Content. <\/li>\n<\/ul>\n<\/li>\n<\/ul>\n\n\n\n<div class=\"wp-block-group is-content-justification-center is-nowrap is-layout-flex wp-container-core-group-is-layout-fc1c4c6d wp-block-group-is-layout-flex\" style=\"margin-top:0;margin-bottom:0\">\n<div class=\"wp-block-group has-accent-background-color has-background wp-container-content-9cfa9a5a has-global-padding is-layout-constrained wp-container-core-group-is-layout-0663b330 wp-block-group-is-layout-constrained\" style=\"min-height:12px;padding-top:0;padding-right:var(--wp--preset--spacing--10);padding-bottom:0;padding-left:var(--wp--preset--spacing--10)\"><\/div>\n\n\n\n<div class=\"wp-block-group has-contrast-2-background-color has-background wp-container-content-9cfa9a5a has-global-padding is-layout-constrained wp-container-core-group-is-layout-28e4a4f7 wp-block-group-is-layout-constrained\" style=\"min-height:12px;padding-top:0;padding-right:var(--wp--preset--spacing--10);padding-bottom:0;padding-left:var(--wp--preset--spacing--10)\"><\/div>\n\n\n\n<div class=\"wp-block-group has-base-3-background-color has-background wp-container-content-9cfa9a5a has-global-padding is-layout-constrained wp-container-core-group-is-layout-c01ce5f5 wp-block-group-is-layout-constrained\" style=\"min-height:12px;padding-top:0;padding-right:var(--wp--preset--spacing--10);padding-bottom:0;padding-left:var(--wp--preset--spacing--10)\"><\/div>\n<\/div>\n<\/div>\n\n\n\n<div class=\"wp-block-column is-layout-flow wp-block-column-is-layout-flow\" style=\"flex-basis:5%\"><\/div>\n\n\n\n<div class=\"wp-block-column has-contrast-2-background-color has-background is-layout-flow wp-block-column-is-layout-flow\" style=\"padding-top:var(--wp--preset--spacing--20);padding-right:var(--wp--preset--spacing--20);padding-bottom:var(--wp--preset--spacing--20);padding-left:var(--wp--preset--spacing--20);flex-basis:40%\"><\/div>\n<\/div>\n\n\n\n<div style=\"height:60px\" aria-hidden=\"true\" class=\"wp-block-spacer\"><\/div>\n","protected":false},"excerpt":{"rendered":"<p>Templates f\u00fcr die verschiedenen Bereiche der Webseite Themes liefern die erforderlichen Templates f\u00fcr den Aufbau einer WordPress-Webseite, d.h. Templates f\u00fcr Seiten, f\u00fcr Beitr\u00e4ge, f\u00fcr die Beitragsseite oder Kategorie-Archive. Im Gegensatz zu klassischen Themes k\u00f6nnen die Templates der Block-Themes aber auch direkt im Website-Editor bearbeitet werden. Es k\u00f6nnen au\u00dferdem auch eigene Templates erstellt und mit eigenen [&hellip;]<\/p>\n","protected":false},"author":1,"featured_media":0,"parent":14007,"menu_order":0,"comment_status":"closed","ping_status":"closed","template":"","meta":{"footnotes":""},"class_list":["post-14020","page","type-page","status-publish","hentry"],"_links":{"self":[{"href":"https:\/\/bo-themes.de\/wordpress-block-themes\/bob-werkstatt\/wp-json\/wp\/v2\/pages\/14020","targetHints":{"allow":["GET"]}}],"collection":[{"href":"https:\/\/bo-themes.de\/wordpress-block-themes\/bob-werkstatt\/wp-json\/wp\/v2\/pages"}],"about":[{"href":"https:\/\/bo-themes.de\/wordpress-block-themes\/bob-werkstatt\/wp-json\/wp\/v2\/types\/page"}],"author":[{"embeddable":true,"href":"https:\/\/bo-themes.de\/wordpress-block-themes\/bob-werkstatt\/wp-json\/wp\/v2\/users\/1"}],"replies":[{"embeddable":true,"href":"https:\/\/bo-themes.de\/wordpress-block-themes\/bob-werkstatt\/wp-json\/wp\/v2\/comments?post=14020"}],"version-history":[{"count":4,"href":"https:\/\/bo-themes.de\/wordpress-block-themes\/bob-werkstatt\/wp-json\/wp\/v2\/pages\/14020\/revisions"}],"predecessor-version":[{"id":14044,"href":"https:\/\/bo-themes.de\/wordpress-block-themes\/bob-werkstatt\/wp-json\/wp\/v2\/pages\/14020\/revisions\/14044"}],"up":[{"embeddable":true,"href":"https:\/\/bo-themes.de\/wordpress-block-themes\/bob-werkstatt\/wp-json\/wp\/v2\/pages\/14007"}],"wp:attachment":[{"href":"https:\/\/bo-themes.de\/wordpress-block-themes\/bob-werkstatt\/wp-json\/wp\/v2\/media?parent=14020"}],"curies":[{"name":"wp","href":"https:\/\/api.w.org\/{rel}","templated":true}]}}