{"id":14007,"date":"2025-06-19T19:54:06","date_gmt":"2025-06-19T17:54:06","guid":{"rendered":"https:\/\/bo-themes.de\/wordpress-block-themes\/bob-werkstatt\/?page_id=14007"},"modified":"2025-06-22T15:03:03","modified_gmt":"2025-06-22T13:03:03","slug":"theme-infos","status":"publish","type":"page","link":"https:\/\/bo-themes.de\/wordpress-block-themes\/bob-werkstatt\/theme-infos\/","title":{"rendered":"Theme-Infos"},"content":{"rendered":"\n<div class=\"wp-block-columns is-layout-flex wp-container-core-columns-is-layout-28f84493 wp-block-columns-is-layout-flex\">\n<div class=\"wp-block-column is-layout-flow wp-block-column-is-layout-flow\" style=\"flex-basis:70%\">\n<h2 class=\"wp-block-heading\">BOB Werkstatt:  Theme-Merkmale<\/h2>\n\n\n\n<p class=\"wp-container-content-9e2f13cb\">BOB Werkstatt ist ein Block-Theme f\u00fcr WordPress, das so genanntes <a href=\"#\">Full-Site-Editing<\/a> (FSE) m\u00f6glich macht. Alle Komponenten des Themes, d.h. Header, Footer und Seiten-Templates, Sidebars und Vorlagen k\u00f6nnen mit dem Website-Editor in WordPress bearbeitet und nach Belieben noch individuell gestaltet werden.<\/p>\n\n\n\n<p>Block-Themes liefern zus\u00e4tzlich zu den <a href=\"https:\/\/brings-online.com\/demo\/wordpress-block-themes\/bob-praxis\/theme-infos\/theme-templates\/\" data-type=\"page\" data-id=\"13871\">Seiten-Templates<\/a> auch so genannte <a href=\"https:\/\/brings-online.com\/demo\/wordpress-block-themes\/bob-praxis\/theme-infos\/theme-vorlagen\/\" data-type=\"page\" data-id=\"13873\">Vorlagen bzw. Patterns<\/a> zur Gestaltung ganz individueller Webseiten. Diese Vorlagen bestehen aus mehreren zusammengef\u00fchrten Bl\u00f6cken, k\u00f6nnen \u00fcberall im Content oder \u00fcber den Website-Editor eingesetzt werden und sparen viel Zeit beim Aufbau der Webseite.<\/p>\n\n\n\n<p>Unsere Block-Themes liefern eine Vielzahl solcher <a href=\"https:\/\/brings-online.com\/demo\/wordpress-block-themes\/bob-praxis\/theme-infos\/theme-vorlagen\/\" data-type=\"page\" data-id=\"13873\">Vorlagen<\/a>, von der einfachen Bilder-Box bis zur kompletten Startseite, die Sie bei Ihren Gestaltungsvorhaben unterst\u00fctzen. Es k\u00f6nnen au\u00dferdem aber auch leicht individuelle Templates und Vorlagen erstellt und \u00fcberall eingesetzt werden.<\/p>\n<\/div>\n\n\n\n<div class=\"wp-block-column is-layout-flow wp-block-column-is-layout-flow\" style=\"flex-basis:3%\"><\/div>\n\n\n\n<div class=\"wp-block-column is-layout-flow wp-block-column-is-layout-flow\" style=\"flex-basis:28%\">\n<figure class=\"wp-block-image size-full\" style=\"margin-top:0;margin-bottom:0\"><img loading=\"lazy\" decoding=\"async\" width=\"1000\" height=\"667\" src=\"https:\/\/bo-themes.de\/wordpress-block-themes\/bob-werkstatt\/wp-content\/uploads\/sites\/3\/2025\/06\/projekt-werkstatt-demo-2.webp\" alt=\"BOB Werkstatt Demobild2\" class=\"wp-image-13808\" srcset=\"https:\/\/bo-themes.de\/wordpress-block-themes\/bob-werkstatt\/wp-content\/uploads\/sites\/3\/2025\/06\/projekt-werkstatt-demo-2.webp 1000w, https:\/\/bo-themes.de\/wordpress-block-themes\/bob-werkstatt\/wp-content\/uploads\/sites\/3\/2025\/06\/projekt-werkstatt-demo-2-300x200.webp 300w, https:\/\/bo-themes.de\/wordpress-block-themes\/bob-werkstatt\/wp-content\/uploads\/sites\/3\/2025\/06\/projekt-werkstatt-demo-2-768x512.webp 768w\" sizes=\"auto, (max-width: 1000px) 100vw, 1000px\" \/><\/figure>\n\n\n\n<p class=\"has-contrast-2-background-color has-background wp-container-content-2f62e668\" style=\"border-top-color:var(--wp--preset--color--contrast-3);border-top-width:1px;margin-top:1px;margin-bottom:0;padding-top:var(--wp--preset--spacing--10);padding-right:var(--wp--preset--spacing--10);padding-bottom:var(--wp--preset--spacing--10);padding-left:var(--wp--preset--spacing--10)\"><strong>Block-Themes<\/strong> erm\u00f6glichen es, das Design der Webseite mit einfachen Handgriffen zu ver\u00e4ndern. Einmal gestaltete Bl\u00f6cke oder Gruppen von Bl\u00f6cken k\u00f6nnen gespeichert und so \u00fcberall wiederverwendet werden.<\/p>\n<\/div>\n<\/div>\n\n\n\n<div style=\"height:25px\" aria-hidden=\"true\" class=\"wp-block-spacer\"><\/div>\n\n\n\n<h2 class=\"wp-block-heading has-medium-font-size\">Screenshots des Website-Editors mit Templates, Vorlagen und Einstellungen f\u00fcr Typographie und Farben <\/h2>\n\n\n\n<div style=\"height:100px\" aria-hidden=\"true\" class=\"wp-block-spacer\"><\/div>\n","protected":false},"excerpt":{"rendered":"<p>BOB Werkstatt: Theme-Merkmale BOB Werkstatt ist ein Block-Theme f\u00fcr WordPress, das so genanntes Full-Site-Editing (FSE) m\u00f6glich macht. Alle Komponenten des Themes, d.h. Header, Footer und Seiten-Templates, Sidebars und Vorlagen k\u00f6nnen mit dem Website-Editor in WordPress bearbeitet und nach Belieben noch individuell gestaltet werden. Block-Themes liefern zus\u00e4tzlich zu den Seiten-Templates auch so genannte Vorlagen bzw. Patterns [&hellip;]<\/p>\n","protected":false},"author":1,"featured_media":0,"parent":0,"menu_order":0,"comment_status":"closed","ping_status":"closed","template":"","meta":{"footnotes":""},"class_list":["post-14007","page","type-page","status-publish","hentry"],"_links":{"self":[{"href":"https:\/\/bo-themes.de\/wordpress-block-themes\/bob-werkstatt\/wp-json\/wp\/v2\/pages\/14007","targetHints":{"allow":["GET"]}}],"collection":[{"href":"https:\/\/bo-themes.de\/wordpress-block-themes\/bob-werkstatt\/wp-json\/wp\/v2\/pages"}],"about":[{"href":"https:\/\/bo-themes.de\/wordpress-block-themes\/bob-werkstatt\/wp-json\/wp\/v2\/types\/page"}],"author":[{"embeddable":true,"href":"https:\/\/bo-themes.de\/wordpress-block-themes\/bob-werkstatt\/wp-json\/wp\/v2\/users\/1"}],"replies":[{"embeddable":true,"href":"https:\/\/bo-themes.de\/wordpress-block-themes\/bob-werkstatt\/wp-json\/wp\/v2\/comments?post=14007"}],"version-history":[{"count":3,"href":"https:\/\/bo-themes.de\/wordpress-block-themes\/bob-werkstatt\/wp-json\/wp\/v2\/pages\/14007\/revisions"}],"predecessor-version":[{"id":14030,"href":"https:\/\/bo-themes.de\/wordpress-block-themes\/bob-werkstatt\/wp-json\/wp\/v2\/pages\/14007\/revisions\/14030"}],"wp:attachment":[{"href":"https:\/\/bo-themes.de\/wordpress-block-themes\/bob-werkstatt\/wp-json\/wp\/v2\/media?parent=14007"}],"curies":[{"name":"wp","href":"https:\/\/api.w.org\/{rel}","templated":true}]}}