{"id":10,"date":"2025-06-11T19:23:28","date_gmt":"2025-06-11T17:23:28","guid":{"rendered":"https:\/\/bo-themes.de\/wordpress-block-themes\/bob-werkstatt\/?page_id=10"},"modified":"2025-06-23T09:57:57","modified_gmt":"2025-06-23T07:57:57","slug":"kontakt","status":"publish","type":"page","link":"https:\/\/bo-themes.de\/wordpress-block-themes\/bob-werkstatt\/kontakt\/","title":{"rendered":"Kontakt"},"content":{"rendered":"\n<figure class=\"wp-block-image alignright size-full is-resized\"><img loading=\"lazy\" decoding=\"async\" width=\"913\" height=\"333\" src=\"https:\/\/bo-themes.de\/wordpress-block-themes\/bob-werkstatt\/wp-content\/uploads\/sites\/3\/2025\/06\/werkstatt.png\" alt=\"\" class=\"wp-image-13974\" style=\"width:401px;height:auto\" srcset=\"https:\/\/bo-themes.de\/wordpress-block-themes\/bob-werkstatt\/wp-content\/uploads\/sites\/3\/2025\/06\/werkstatt.png 913w, https:\/\/bo-themes.de\/wordpress-block-themes\/bob-werkstatt\/wp-content\/uploads\/sites\/3\/2025\/06\/werkstatt-300x109.png 300w, https:\/\/bo-themes.de\/wordpress-block-themes\/bob-werkstatt\/wp-content\/uploads\/sites\/3\/2025\/06\/werkstatt-768x280.png 768w\" sizes=\"auto, (max-width: 913px) 100vw, 913px\" \/><\/figure>\n\n\n\n<h2 class=\"wp-block-heading is-style-heading--underline\">Wir freuen uns auf Ihren Kontakt<\/h2>\n\n\n\n<p>Besuchen Sie uns in unserer Werkstatt oder senden uns hier eine Nachricht mit Ihren Fragen. Wir melden uns schnellstm\u00f6glich bei Ihnen. <\/p>\n\n\n\n<div style=\"height:20px\" aria-hidden=\"true\" class=\"wp-block-spacer\"><\/div>\n\n\n\n<hr class=\"wp-block-separator has-text-color has-accent-color has-alpha-channel-opacity has-accent-background-color has-background is-style-wide\"\/>\n\n\n\n<div style=\"height:20px\" aria-hidden=\"true\" class=\"wp-block-spacer\"><\/div>\n\n\n\n<div class=\"wp-block-columns is-layout-flex wp-container-core-columns-is-layout-28f84493 wp-block-columns-is-layout-flex\">\n<div class=\"wp-block-column is-layout-flow wp-block-column-is-layout-flow\" style=\"flex-basis:66.66%\">\n<div class=\"wpcf7 no-js\" id=\"wpcf7-f13718-o1\" lang=\"de-DE\" dir=\"ltr\" data-wpcf7-id=\"13718\">\n<div class=\"screen-reader-response\"><p role=\"status\" aria-live=\"polite\" aria-atomic=\"true\"><\/p> <ul><\/ul><\/div>\n<form action=\"\/wordpress-block-themes\/bob-werkstatt\/wp-json\/wp\/v2\/pages\/10#wpcf7-f13718-o1\" method=\"post\" class=\"wpcf7-form init\" aria-label=\"Kontaktformular\" novalidate=\"novalidate\" data-status=\"init\">\n<fieldset class=\"hidden-fields-container\"><input type=\"hidden\" name=\"_wpcf7\" value=\"13718\" \/><input type=\"hidden\" name=\"_wpcf7_version\" value=\"6.1\" \/><input type=\"hidden\" name=\"_wpcf7_locale\" value=\"de_DE\" \/><input type=\"hidden\" name=\"_wpcf7_unit_tag\" value=\"wpcf7-f13718-o1\" \/><input type=\"hidden\" name=\"_wpcf7_container_post\" value=\"0\" \/><input type=\"hidden\" name=\"_wpcf7_posted_data_hash\" value=\"\" \/>\n<\/fieldset>\n<!-- wp:columns -->\n<div class=\"wp-block-columns\">\n<!-- wp:column -->\n\t<div class=\"wp-block-column\">\n\t\t<p><span class=\"wpcf7-form-control-wrap\" data-name=\"contact-name\"><input size=\"40\" maxlength=\"400\" class=\"wpcf7-form-control wpcf7-text wpcf7-validates-as-required\" autocomplete=\"name\" aria-required=\"true\" aria-invalid=\"false\" placeholder=\"Ihr Name\" value=\"\" type=\"text\" name=\"contact-name\" \/><\/span><br \/>\n<span class=\"wpcf7-form-control-wrap\" data-name=\"contact-mail\"><input size=\"40\" maxlength=\"400\" class=\"wpcf7-form-control wpcf7-email wpcf7-validates-as-required wpcf7-text wpcf7-validates-as-email\" autocomplete=\"email\" aria-required=\"true\" aria-invalid=\"false\" placeholder=\"Ihre E-Mail Adresse\" value=\"\" type=\"email\" name=\"contact-mail\" \/><\/span><br \/>\n<span class=\"wpcf7-form-control-wrap\" data-name=\"contact-phone\"><input size=\"40\" maxlength=\"400\" class=\"wpcf7-form-control wpcf7-tel wpcf7-validates-as-required wpcf7-text wpcf7-validates-as-tel\" autocomplete=\"tel\" aria-required=\"true\" aria-invalid=\"false\" placeholder=\"Ihre Telefonnummer\" value=\"\" type=\"tel\" name=\"contact-phone\" \/><\/span><br \/>\n<span class=\"wpcf7-form-control-wrap\" data-name=\"acceptance-535\"><span class=\"wpcf7-form-control wpcf7-acceptance\"><span class=\"wpcf7-list-item\"><label><input type=\"checkbox\" name=\"acceptance-535\" value=\"1\" aria-invalid=\"false\" \/><span class=\"wpcf7-list-item-label\">Ja, ich bin damit einverstanden, dass meine Daten zum Zweck der Bearbeitung meiner Nachricht elektronisch gespeichert und verarbeitet werden.<\/span><\/label><\/span><\/span><\/span>\n\t\t<\/p>\n\t<\/div>\n<!-- \/wp:column -->\n\n<!-- wp:column -->\n\t<div class=\"wp-block-column\">\n\t\t<p><span class=\"wpcf7-form-control-wrap\" data-name=\"contact-message\"><textarea cols=\"40\" rows=\"7\" maxlength=\"2000\" class=\"wpcf7-form-control wpcf7-textarea\" aria-invalid=\"false\" placeholder=\"F\u00fcr Ihre Nachricht\" name=\"contact-message\"><\/textarea><\/span><br \/>\n<input class=\"wpcf7-form-control wpcf7-submit has-spinner\" type=\"submit\" value=\"Nachricht senden\" \/>\n\t\t<\/p>\n\t<\/div>\n<!-- \/wp:column -->\n<\/div>\n<!-- \/wp:columns --><div class=\"wpcf7-response-output\" aria-hidden=\"true\"><\/div>\n<\/form>\n<\/div>\n\n<\/div>\n\n\n\n<div class=\"wp-block-column is-layout-flow wp-block-column-is-layout-flow\" style=\"flex-basis:33.33%\">\n<div class=\"wp-block-group has-contrast-2-background-color has-background has-global-padding is-layout-constrained wp-container-core-group-is-layout-c385debf wp-block-group-is-layout-constrained\" style=\"border-radius:10px;padding-top:var(--wp--preset--spacing--20);padding-right:var(--wp--preset--spacing--20);padding-bottom:var(--wp--preset--spacing--20);padding-left:var(--wp--preset--spacing--20)\">\n<div class=\"wp-block-group has-global-padding is-layout-constrained wp-block-group-is-layout-constrained\">\n<p class=\"has-medium-large-font-size\"><strong>Kontakt<\/strong><\/p>\n\n\n\n<p class=\"has-medium-font-size\"><strong>M\u00f6bel Mustermann GmbH<br>Marlene Mustermann<\/strong><\/p>\n<\/div>\n\n\n\n<div class=\"wp-block-group has-global-padding is-layout-constrained wp-container-core-group-is-layout-95730b41 wp-block-group-is-layout-constrained\" style=\"padding-top:0;padding-bottom:0\">\n<div class=\"wp-block-columns are-vertically-aligned-top is-layout-flex wp-container-core-columns-is-layout-2c2d9be5 wp-block-columns-is-layout-flex\" style=\"margin-top:7px;margin-bottom:7px;padding-top:0;padding-bottom:0\">\n<div class=\"wp-block-column is-vertically-aligned-top is-layout-flow wp-container-core-column-is-layout-00ad3402 wp-block-column-is-layout-flow\" style=\"padding-top:8px;padding-bottom:0;flex-basis:22px\">\n<div class=\"wp-block-outermost-icon-block\"><div class=\"icon-container has-icon-color has-base-color\" style=\"color:#ffffff;width:22px;transform:rotate(0deg) scaleX(1) scaleY(1)\"><svg width=\"24px\" height=\"24px\" viewBox=\"0 0 24 24\"><defs><style>.cls-1 {isolation: isolate;opacity: .4;}<\/style><\/defs><path d=\"M10.61,0C13.61,0,16.05,2.44,16.05,5.45c0,1.45-1.87,5.99-5.61,13.61l-.7-1.55c-3.05-6.79-4.57-10.81-4.57-12.06C5.16,2.44,7.6,0,10.61,0h0ZM10.44,2.72c-1.5,0-2.72,1.22-2.72,2.72s1.22,2.72,2.72,2.72,2.72-1.22,2.72-2.72-1.22-2.72-2.72-2.72h0Z\"><\/path><path class=\"cls-1\" d=\"M21,19.3c0,3.66-6.58,4.2-10.5,4.2S0,22.95,0,19.3c0-2.73,3.67-3.72,7.16-4.05l.59,2.08c-3.28.29-5.65,1.06-5.65,1.97,0,1.16,3.76,2.1,8.4,2.1s8.4-.94,8.4-2.1c0-.92-2.37-1.69-5.65-1.97l.59-2.08c3.49.33,7.16,1.32,7.16,4.05h0Z\"><\/path><\/svg><\/div><\/div>\n<\/div>\n\n\n\n<div class=\"wp-block-column is-vertically-aligned-top is-layout-flow wp-block-column-is-layout-flow\" style=\"padding-top:0;padding-bottom:0\">\n<p>Hamburgerstra\u00dfe 1a<br>12345 K\u00f6ln<\/p>\n<\/div>\n<\/div>\n\n\n\n<div class=\"wp-block-group is-nowrap is-layout-flex wp-container-core-group-is-layout-86e03f39 wp-block-group-is-layout-flex\" style=\"margin-top:7px;margin-bottom:7px\">\n<div class=\"wp-block-group has-global-padding is-layout-constrained wp-block-group-is-layout-constrained\">\n<div class=\"wp-block-outermost-icon-block\"><div class=\"icon-container has-icon-color has-base-color\" style=\"color:#ffffff;width:22px;transform:rotate(0deg) scaleX(1) scaleY(1)\"><svg width=\"24px\" height=\"24px\" viewBox=\"0 0 24 24\"><defs><style>.cls-1 {isolation: isolate;opacity: .4;}<\/style><\/defs><path d=\"M12.51.05h.13c5.12.65,9.14,4.67,9.78,9.79.09.69-.4,1.32-1.09,1.4-.05.01-.1.01-.15.01-.63,0-1.16-.46-1.24-1.1-.5-3.98-3.62-7.1-7.6-7.6-.69-.08-1.18-.7-1.09-1.39.08-.69.7-1.18,1.39-1.1h-.13ZM11.29,6.1c.17-.68.86-1.08,1.53-.9,2.19.57,3.91,2.28,4.5,4.5.16.66-.24,1.35-.9,1.53-.1.02-.21.04-.31.04-.57,0-1.06-.38-1.21-.94-.35-1.33-1.38-2.36-2.69-2.69-.68-.18-1.08-.85-.9-1.53h0Z\"><\/path><path class=\"cls-1\" d=\"M20.29,15.34l-3.18-.36c-.76-.09-1.51.17-2.05.71l-2.31,2.31c-3.54-1.8-6.45-4.7-8.25-8.25l2.32-2.32c.54-.54.8-1.29.72-2.05l-.36-3.16c-.15-1.27-1.21-2.22-2.49-2.22h-2.17C1.09,0-.09,1.18,0,2.59c.66,10.69,9.22,19.24,19.9,19.9,1.42.09,2.59-1.09,2.59-2.51v-2.17c.01-1.26-.94-2.33-2.2-2.48h0Z\"><\/path><\/svg><\/div><\/div>\n<\/div>\n\n\n\n<div class=\"wp-block-group has-global-padding is-layout-constrained wp-block-group-is-layout-constrained\">\n<p>01234 345 6789<\/p>\n<\/div>\n<\/div>\n\n\n\n<div class=\"wp-block-group is-nowrap is-layout-flex wp-container-core-group-is-layout-86e03f39 wp-block-group-is-layout-flex\" style=\"margin-top:7px;margin-bottom:7px\">\n<div class=\"wp-block-group has-global-padding is-layout-constrained wp-block-group-is-layout-constrained\" style=\"padding-top:7px\">\n<div class=\"wp-block-outermost-icon-block\"><div class=\"icon-container has-icon-color has-base-color\" style=\"color:#ffffff;width:24px;height:26px;transform:rotate(0deg) scaleX(1) scaleY(1)\"><svg width=\"24px\" height=\"24px\" viewBox=\"0 0 24 24\"><defs><style>.cls-1 {isolation: isolate;opacity: .4;}<\/style><\/defs><path d=\"M0,1.28l10.67,7.46c.64.47,1.52.47,2.16,0L23.5,1.28c-.06-.76-.64-1.28-1.34-1.28H1.4C.7,0,.06.53,0,1.28h0Z\"><\/path><path class=\"cls-1\" d=\"M14.93,8.69l7.81,7.29c-.17.06-.41.12-.58.12H1.4c-.23,0-.47-.06-.64-.12h0l7.87-7.29,1.4.99c1.05.76,2.39.76,3.5,0h0l1.4-.99h0ZM23.5,2.68v12.36l-7.64-7,7.64-5.37h0ZM0,2.68l7.64,5.37L.06,15.04c-.05-.09-.06-.19-.06-.25V2.68Z\"><\/path><\/svg><\/div><\/div>\n<\/div>\n\n\n\n<div class=\"wp-block-group has-global-padding is-layout-constrained wp-block-group-is-layout-constrained\">\n<p style=\"line-height:1.7\">info@domain.de<\/p>\n<\/div>\n<\/div>\n<\/div>\n<\/div>\n<\/div>\n<\/div>\n\n\n\n<div style=\"height:20px\" aria-hidden=\"true\" class=\"wp-block-spacer\"><\/div>\n\n\n\n<hr class=\"wp-block-separator has-text-color has-accent-color has-alpha-channel-opacity has-accent-background-color has-background is-style-wide\"\/>\n\n\n\n<div style=\"height:60px\" aria-hidden=\"true\" class=\"wp-block-spacer\"><\/div>\n\n\n\n<div class=\"wp-block-cover alignfull is-light has-parallax\"><div role=\"img\" aria-label=\"BOB Werkstatt Demobild3\" class=\"wp-block-cover__image-background size-full has-parallax\" style=\"background-position:50% 50%;background-image:url(https:\/\/bo-themes.de\/wordpress-block-themes\/bob-werkstatt\/wp-content\/themes\/bob-werkstatt\/assets\/images\/cover-werkstatt-demo-1.webp)\"><\/div><span aria-hidden=\"true\" class=\"wp-block-cover__background has-background-dim-0 has-background-dim\"><\/span><div class=\"wp-block-cover__inner-container has-global-padding is-layout-constrained wp-block-cover-is-layout-constrained\">\n<p class=\"has-text-align-center has-large-font-size\"><\/p>\n<\/div><\/div>\n","protected":false},"excerpt":{"rendered":"<p>Wir freuen uns auf Ihren Kontakt Besuchen Sie uns in unserer Werkstatt oder senden uns hier eine Nachricht mit Ihren Fragen. Wir melden uns schnellstm\u00f6glich bei Ihnen. Kontakt M\u00f6bel Mustermann GmbHMarlene Mustermann Hamburgerstra\u00dfe 1a12345 K\u00f6ln 01234 345 6789 info@domain.de<\/p>\n","protected":false},"author":1,"featured_media":0,"parent":0,"menu_order":0,"comment_status":"closed","ping_status":"closed","template":"","meta":{"footnotes":""},"class_list":["post-10","page","type-page","status-publish","hentry"],"_links":{"self":[{"href":"https:\/\/bo-themes.de\/wordpress-block-themes\/bob-werkstatt\/wp-json\/wp\/v2\/pages\/10","targetHints":{"allow":["GET"]}}],"collection":[{"href":"https:\/\/bo-themes.de\/wordpress-block-themes\/bob-werkstatt\/wp-json\/wp\/v2\/pages"}],"about":[{"href":"https:\/\/bo-themes.de\/wordpress-block-themes\/bob-werkstatt\/wp-json\/wp\/v2\/types\/page"}],"author":[{"embeddable":true,"href":"https:\/\/bo-themes.de\/wordpress-block-themes\/bob-werkstatt\/wp-json\/wp\/v2\/users\/1"}],"replies":[{"embeddable":true,"href":"https:\/\/bo-themes.de\/wordpress-block-themes\/bob-werkstatt\/wp-json\/wp\/v2\/comments?post=10"}],"version-history":[{"count":12,"href":"https:\/\/bo-themes.de\/wordpress-block-themes\/bob-werkstatt\/wp-json\/wp\/v2\/pages\/10\/revisions"}],"predecessor-version":[{"id":14049,"href":"https:\/\/bo-themes.de\/wordpress-block-themes\/bob-werkstatt\/wp-json\/wp\/v2\/pages\/10\/revisions\/14049"}],"wp:attachment":[{"href":"https:\/\/bo-themes.de\/wordpress-block-themes\/bob-werkstatt\/wp-json\/wp\/v2\/media?parent=10"}],"curies":[{"name":"wp","href":"https:\/\/api.w.org\/{rel}","templated":true}]}}