{"id":14330,"date":"2025-05-07T20:34:15","date_gmt":"2025-05-07T18:34:15","guid":{"rendered":"https:\/\/bo-themes.de\/wordpress-block-themes\/bob-praxis\/?page_id=14330"},"modified":"2025-05-09T21:37:42","modified_gmt":"2025-05-09T19:37:42","slug":"seite-mit-headerbild","status":"publish","type":"page","link":"https:\/\/bo-themes.de\/wordpress-block-themes\/bob-praxis\/seite-mit-headerbild\/","title":{"rendered":"Seite mit Headerbild"},"content":{"rendered":"\n<div class=\"wp-block-columns is-layout-flex wp-container-core-columns-is-layout-28f84493 wp-block-columns-is-layout-flex\">\n<div class=\"wp-block-column is-vertically-aligned-top is-layout-flow wp-block-column-is-layout-flow\" style=\"flex-basis:60%\">\n<h2 class=\"wp-block-heading\">Diese Seite nutzt das Template &#8222;Seite mit Headerbild&#8220;<\/h2>\n\n\n\n<p>Mit diesem Template wird automatisch das Beitragsbild der Seite immer als Headerbild oberhalb des Seitentitels angezeigt. <\/p>\n\n\n\n<p>Lorem ipsum dolor sit amet, consetetur sadipscing elitr, sed diam nonumy eirmod tempor invidunt ut labore et dolore magna aliquyam erat, sed diam voluptua. At vero eos et accusam et justo duo dolores et ea rebum. Stet clita kasd gubergren, no sea takimata sanctus est Lorem ipsum dolor sit amet. Lorem ipsum dolor sit amet, consetetur sadipscing elitr, sed diam nonumy eirmod tempor invidunt ut labore et dolore magna aliquyam erat, sed diam voluptua. At vero eos et accusam et justo duo dolores et ea rebum. Stet clita kasd gubergren, no sea takimata sanctus est Lorem ipsum dolor sit amet.<\/p>\n<\/div>\n\n\n\n<div class=\"wp-block-column is-layout-flow wp-block-column-is-layout-flow\" style=\"flex-basis:3%\"><\/div>\n\n\n\n<div class=\"wp-block-column is-vertically-aligned-center is-layout-flow wp-block-column-is-layout-flow\" style=\"flex-basis:37%\">\n<figure class=\"wp-block-gallery has-nested-images columns-2 is-cropped wp-block-gallery-1 is-layout-flex wp-block-gallery-is-layout-flex\">\n<figure class=\"wp-block-image size-medium has-custom-border\"><img loading=\"lazy\" decoding=\"async\" width=\"300\" height=\"197\" data-id=\"43\" src=\"https:\/\/bo-themes.de\/wordpress-block-themes\/bob-praxis\/wp-content\/uploads\/sites\/2\/2025\/04\/post-featured-5-300x197.webp\" alt=\"BOB Praxis Demobild\" class=\"wp-image-43\" style=\"border-radius:5px\" srcset=\"https:\/\/bo-themes.de\/wordpress-block-themes\/bob-praxis\/wp-content\/uploads\/sites\/2\/2025\/04\/post-featured-5-300x197.webp 300w, https:\/\/bo-themes.de\/wordpress-block-themes\/bob-praxis\/wp-content\/uploads\/sites\/2\/2025\/04\/post-featured-5-768x503.webp 768w, https:\/\/bo-themes.de\/wordpress-block-themes\/bob-praxis\/wp-content\/uploads\/sites\/2\/2025\/04\/post-featured-5.webp 1000w\" sizes=\"auto, (max-width: 300px) 100vw, 300px\" \/><\/figure>\n\n\n\n<figure class=\"wp-block-image size-medium has-custom-border\"><img loading=\"lazy\" decoding=\"async\" width=\"300\" height=\"197\" data-id=\"42\" src=\"https:\/\/bo-themes.de\/wordpress-block-themes\/bob-praxis\/wp-content\/uploads\/sites\/2\/2025\/04\/post-featured-1-300x197.webp\" alt=\"BOB Praxis Demobild\" class=\"wp-image-42\" style=\"border-radius:5px\" srcset=\"https:\/\/bo-themes.de\/wordpress-block-themes\/bob-praxis\/wp-content\/uploads\/sites\/2\/2025\/04\/post-featured-1-300x197.webp 300w, https:\/\/bo-themes.de\/wordpress-block-themes\/bob-praxis\/wp-content\/uploads\/sites\/2\/2025\/04\/post-featured-1-768x503.webp 768w, https:\/\/bo-themes.de\/wordpress-block-themes\/bob-praxis\/wp-content\/uploads\/sites\/2\/2025\/04\/post-featured-1.webp 1000w\" sizes=\"auto, (max-width: 300px) 100vw, 300px\" \/><\/figure>\n\n\n\n<figure class=\"wp-block-image size-medium has-custom-border\"><img loading=\"lazy\" decoding=\"async\" width=\"300\" height=\"197\" data-id=\"36\" src=\"https:\/\/bo-themes.de\/wordpress-block-themes\/bob-praxis\/wp-content\/uploads\/sites\/2\/2025\/04\/post-featured-4-300x197.webp\" alt=\"BOB Praxis Demobild\" class=\"wp-image-36\" style=\"border-radius:5px\" srcset=\"https:\/\/bo-themes.de\/wordpress-block-themes\/bob-praxis\/wp-content\/uploads\/sites\/2\/2025\/04\/post-featured-4-300x197.webp 300w, https:\/\/bo-themes.de\/wordpress-block-themes\/bob-praxis\/wp-content\/uploads\/sites\/2\/2025\/04\/post-featured-4-768x503.webp 768w, https:\/\/bo-themes.de\/wordpress-block-themes\/bob-praxis\/wp-content\/uploads\/sites\/2\/2025\/04\/post-featured-4.webp 1000w\" sizes=\"auto, (max-width: 300px) 100vw, 300px\" \/><\/figure>\n\n\n\n<figure class=\"wp-block-image size-medium has-custom-border\"><img loading=\"lazy\" decoding=\"async\" width=\"300\" height=\"197\" data-id=\"29\" src=\"https:\/\/bo-themes.de\/wordpress-block-themes\/bob-praxis\/wp-content\/uploads\/sites\/2\/2025\/03\/post-featured-2-300x197.webp\" alt=\"BOB Praxis Demobild\" class=\"wp-image-29\" style=\"border-radius:5px\" srcset=\"https:\/\/bo-themes.de\/wordpress-block-themes\/bob-praxis\/wp-content\/uploads\/sites\/2\/2025\/03\/post-featured-2-300x197.webp 300w, https:\/\/bo-themes.de\/wordpress-block-themes\/bob-praxis\/wp-content\/uploads\/sites\/2\/2025\/03\/post-featured-2-768x503.webp 768w, https:\/\/bo-themes.de\/wordpress-block-themes\/bob-praxis\/wp-content\/uploads\/sites\/2\/2025\/03\/post-featured-2.webp 1000w\" sizes=\"auto, (max-width: 300px) 100vw, 300px\" \/><\/figure>\n<\/figure>\n<\/div>\n<\/div>\n\n\n\n<div style=\"height:30px\" aria-hidden=\"true\" class=\"wp-block-spacer\"><\/div>\n\n\n\n<div class=\"wp-block-group has-base-2-background-color has-background has-global-padding is-content-justification-center is-layout-constrained wp-container-core-group-is-layout-64cf2fd6 wp-block-group-is-layout-constrained\" style=\"margin-top:0;margin-bottom:0;padding-top:0;padding-right:0;padding-bottom:0;padding-left:0\">\n<div class=\"wp-block-group is-content-justification-center is-nowrap is-layout-flex wp-container-core-group-is-layout-b35f32a3 wp-block-group-is-layout-flex\">\n<div class=\"wp-block-group has-background wp-container-content-9cfa9a5a has-global-padding is-layout-constrained wp-container-core-group-is-layout-0663b330 wp-block-group-is-layout-constrained\" style=\"background-color:#789c6a;min-height:12px;padding-top:0;padding-right:var(--wp--preset--spacing--10);padding-bottom:0;padding-left:var(--wp--preset--spacing--10)\"><\/div>\n\n\n\n<div class=\"wp-block-group has-background wp-container-content-9cfa9a5a has-global-padding is-layout-constrained wp-container-core-group-is-layout-28e4a4f7 wp-block-group-is-layout-constrained\" style=\"background-color:#414b0c;min-height:12px;padding-top:0;padding-right:var(--wp--preset--spacing--10);padding-bottom:0;padding-left:var(--wp--preset--spacing--10)\"><\/div>\n\n\n\n<div class=\"wp-block-group has-background wp-container-content-9cfa9a5a has-global-padding is-layout-constrained wp-container-core-group-is-layout-c01ce5f5 wp-block-group-is-layout-constrained\" style=\"background-color:#5c565b;min-height:12px;padding-top:0;padding-right:var(--wp--preset--spacing--10);padding-bottom:0;padding-left:var(--wp--preset--spacing--10)\"><\/div>\n<\/div>\n<\/div>\n\n\n\n<div style=\"height:30px\" aria-hidden=\"true\" class=\"wp-block-spacer\"><\/div>\n\n\n\n<div class=\"wp-block-columns is-layout-flex wp-container-core-columns-is-layout-28f84493 wp-block-columns-is-layout-flex\">\n<div class=\"wp-block-column is-layout-flow wp-block-column-is-layout-flow\">\n<div class=\"wp-block-group bob-imagebox bob-imagebox-no1-group has-border-color has-base-background-color has-background is-vertical is-layout-flex wp-container-core-group-is-layout-f98cf28f wp-block-group-is-layout-flex\" style=\"border-color:var(--wp--preset--color--contrast-3);border-width:1px;border-top-left-radius:7px;border-top-right-radius:7px;border-bottom-left-radius:7px;border-bottom-right-radius:7px;padding-top:0;padding-right:0;padding-bottom:0;padding-left:0\">\n<figure class=\"wp-block-image size-full has-custom-border\" style=\"margin-top:-1px;margin-right:-1px;margin-left:-1px\"><img loading=\"lazy\" decoding=\"async\" width=\"1000\" height=\"667\" src=\"https:\/\/bo-themes.de\/wordpress-block-themes\/bob-praxis\/wp-content\/uploads\/sites\/2\/2025\/04\/post-featured-16.webp\" alt=\"BOB Praxis Demobild - brings-online.com\" class=\"wp-image-13738\" style=\"border-top-left-radius:7px;border-top-right-radius:7px;border-bottom-left-radius:0px;border-bottom-right-radius:0px\" srcset=\"https:\/\/bo-themes.de\/wordpress-block-themes\/bob-praxis\/wp-content\/uploads\/sites\/2\/2025\/04\/post-featured-16.webp 1000w, https:\/\/bo-themes.de\/wordpress-block-themes\/bob-praxis\/wp-content\/uploads\/sites\/2\/2025\/04\/post-featured-16-300x200.webp 300w, https:\/\/bo-themes.de\/wordpress-block-themes\/bob-praxis\/wp-content\/uploads\/sites\/2\/2025\/04\/post-featured-16-768x512.webp 768w\" sizes=\"auto, (max-width: 1000px) 100vw, 1000px\" \/><\/figure>\n\n\n\n<div class=\"wp-block-group has-global-padding is-layout-constrained wp-container-core-group-is-layout-78c46354 wp-block-group-is-layout-constrained\" style=\"padding-right:10px;padding-bottom:10px;padding-left:10px\">\n<h2 class=\"wp-block-heading\" style=\"padding-top:0;padding-bottom:0;padding-left:0;font-size:clamp(0.929rem, 0.929rem + ((1vw - 0.2rem) * 0.698), 1.4rem);line-height:1.5\">Chirurgie<\/h2>\n\n\n\n<p>Lorem ipsum dolor sit amet, consetetur sadipscing elitr, sed diam nonumy eirmod tempor.<\/p>\n\n\n\n<div class=\"wp-block-group is-nowrap is-layout-flex wp-container-core-group-is-layout-6c531013 wp-block-group-is-layout-flex\">\n<div class=\"wp-block-outermost-icon-block\" style=\"margin-top:10px\"><div class=\"icon-container has-icon-color has-accent-color\" style=\"color:#32789c;width:20px;transform:rotate(0deg) scaleX(1) scaleY(1)\"><svg width=\"24px\" height=\"24px\" viewBox=\"0 0 24 24\"><defs><style>.cls-1 {isolation: isolate;opacity: .4;}<\/style><\/defs><path d=\"M13.98,14.21h-.11c-.67-.08-1.26-.63-1.26-1.4V1.4c0-.77.58-1.32,1.26-1.4h.11c.29-.02.58.06.85.24l8.08,5.7c.78.56.78,1.74,0,2.28l-8.08,5.7c-.23.16-.47.24-.71.26h-.14s0,0,0,0Z\"><\/path><path class=\"cls-1\" d=\"M1.37,14.21h-.11C.59,14.13,0,13.58,0,12.81V1.4C0,.63.59.08,1.26,0h.11c.29-.02.58.06.85.24l8.09,5.7c.78.56.78,1.74,0,2.28L2.21,13.96c-.27.18-.56.26-.85.25h0Z\"><\/path><\/svg><\/div><\/div>\n\n\n\n<p class=\"has-accent-color has-text-color has-link-color wp-elements-555a4f2b96c872812b703f364b5963d3\" style=\"font-size:clamp(0.875rem, 0.875rem + ((1vw - 0.2rem) * 0.185), 1rem);font-style:normal;font-weight:500\"><a href=\"#\">Mehr erfahren<\/a><\/p>\n<\/div>\n<\/div>\n<\/div>\n<\/div>\n\n\n\n<div class=\"wp-block-column is-layout-flow wp-block-column-is-layout-flow\">\n<div class=\"wp-block-group bob-imagebox bob-imagebox-no1-group has-border-color has-base-background-color has-background is-vertical is-layout-flex wp-container-core-group-is-layout-f98cf28f wp-block-group-is-layout-flex\" style=\"border-color:var(--wp--preset--color--contrast-3);border-width:1px;border-top-left-radius:7px;border-top-right-radius:7px;border-bottom-left-radius:7px;border-bottom-right-radius:7px;padding-top:0;padding-right:0;padding-bottom:0;padding-left:0\">\n<figure class=\"wp-block-image size-full has-custom-border\" style=\"margin-top:-1px;margin-right:-1px;margin-left:-1px\"><img loading=\"lazy\" decoding=\"async\" width=\"1000\" height=\"667\" src=\"https:\/\/bo-themes.de\/wordpress-block-themes\/bob-praxis\/wp-content\/uploads\/sites\/2\/2025\/04\/post-featured-16.webp\" alt=\"BOB Praxis Demobild - brings-online.com\" class=\"wp-image-13738\" style=\"border-top-left-radius:7px;border-top-right-radius:7px;border-bottom-left-radius:0px;border-bottom-right-radius:0px\" srcset=\"https:\/\/bo-themes.de\/wordpress-block-themes\/bob-praxis\/wp-content\/uploads\/sites\/2\/2025\/04\/post-featured-16.webp 1000w, https:\/\/bo-themes.de\/wordpress-block-themes\/bob-praxis\/wp-content\/uploads\/sites\/2\/2025\/04\/post-featured-16-300x200.webp 300w, https:\/\/bo-themes.de\/wordpress-block-themes\/bob-praxis\/wp-content\/uploads\/sites\/2\/2025\/04\/post-featured-16-768x512.webp 768w\" sizes=\"auto, (max-width: 1000px) 100vw, 1000px\" \/><\/figure>\n\n\n\n<div class=\"wp-block-group has-global-padding is-layout-constrained wp-container-core-group-is-layout-78c46354 wp-block-group-is-layout-constrained\" style=\"padding-right:10px;padding-bottom:10px;padding-left:10px\">\n<h2 class=\"wp-block-heading\" style=\"padding-top:0;padding-bottom:0;padding-left:0;font-size:clamp(0.929rem, 0.929rem + ((1vw - 0.2rem) * 0.698), 1.4rem);line-height:1.5\">Kardiologie<\/h2>\n\n\n\n<p>Lorem ipsum dolor sit amet, consetetur sadipscing elitr, sed diam nonumy eirmod tempor.<\/p>\n\n\n\n<div class=\"wp-block-group is-nowrap is-layout-flex wp-container-core-group-is-layout-6c531013 wp-block-group-is-layout-flex\">\n<div class=\"wp-block-outermost-icon-block\" style=\"margin-top:10px\"><div class=\"icon-container has-icon-color has-accent-color\" style=\"color:#32789c;width:20px;transform:rotate(0deg) scaleX(1) scaleY(1)\"><svg width=\"24px\" height=\"24px\" viewBox=\"0 0 24 24\"><defs><style>.cls-1 {isolation: isolate;opacity: .4;}<\/style><\/defs><path d=\"M13.98,14.21h-.11c-.67-.08-1.26-.63-1.26-1.4V1.4c0-.77.58-1.32,1.26-1.4h.11c.29-.02.58.06.85.24l8.08,5.7c.78.56.78,1.74,0,2.28l-8.08,5.7c-.23.16-.47.24-.71.26h-.14s0,0,0,0Z\"><\/path><path class=\"cls-1\" d=\"M1.37,14.21h-.11C.59,14.13,0,13.58,0,12.81V1.4C0,.63.59.08,1.26,0h.11c.29-.02.58.06.85.24l8.09,5.7c.78.56.78,1.74,0,2.28L2.21,13.96c-.27.18-.56.26-.85.25h0Z\"><\/path><\/svg><\/div><\/div>\n\n\n\n<p class=\"has-accent-color has-text-color has-link-color wp-elements-555a4f2b96c872812b703f364b5963d3\" style=\"font-size:clamp(0.875rem, 0.875rem + ((1vw - 0.2rem) * 0.185), 1rem);font-style:normal;font-weight:500\"><a href=\"#\">Mehr erfahren<\/a><\/p>\n<\/div>\n<\/div>\n<\/div>\n<\/div>\n\n\n\n<div class=\"wp-block-column is-layout-flow wp-block-column-is-layout-flow\">\n<div class=\"wp-block-group bob-imagebox bob-imagebox-no1-group has-border-color has-base-background-color has-background is-vertical is-layout-flex wp-container-core-group-is-layout-f98cf28f wp-block-group-is-layout-flex\" style=\"border-color:var(--wp--preset--color--contrast-3);border-width:1px;border-top-left-radius:7px;border-top-right-radius:7px;border-bottom-left-radius:7px;border-bottom-right-radius:7px;padding-top:0;padding-right:0;padding-bottom:0;padding-left:0\">\n<figure class=\"wp-block-image size-full has-custom-border\" style=\"margin-top:-1px;margin-right:-1px;margin-left:-1px\"><img loading=\"lazy\" decoding=\"async\" width=\"1000\" height=\"667\" src=\"https:\/\/bo-themes.de\/wordpress-block-themes\/bob-praxis\/wp-content\/uploads\/sites\/2\/2025\/04\/post-featured-16.webp\" alt=\"BOB Praxis Demobild - brings-online.com\" class=\"wp-image-13738\" style=\"border-top-left-radius:7px;border-top-right-radius:7px;border-bottom-left-radius:0px;border-bottom-right-radius:0px\" srcset=\"https:\/\/bo-themes.de\/wordpress-block-themes\/bob-praxis\/wp-content\/uploads\/sites\/2\/2025\/04\/post-featured-16.webp 1000w, https:\/\/bo-themes.de\/wordpress-block-themes\/bob-praxis\/wp-content\/uploads\/sites\/2\/2025\/04\/post-featured-16-300x200.webp 300w, https:\/\/bo-themes.de\/wordpress-block-themes\/bob-praxis\/wp-content\/uploads\/sites\/2\/2025\/04\/post-featured-16-768x512.webp 768w\" sizes=\"auto, (max-width: 1000px) 100vw, 1000px\" \/><\/figure>\n\n\n\n<div class=\"wp-block-group has-global-padding is-layout-constrained wp-container-core-group-is-layout-78c46354 wp-block-group-is-layout-constrained\" style=\"padding-right:10px;padding-bottom:10px;padding-left:10px\">\n<h2 class=\"wp-block-heading\" style=\"padding-top:0;padding-bottom:0;padding-left:0;font-size:clamp(0.929rem, 0.929rem + ((1vw - 0.2rem) * 0.698), 1.4rem);line-height:1.5\">Orthop\u00e4die<\/h2>\n\n\n\n<p>Lorem ipsum dolor sit amet, consetetur sadipscing elitr, sed diam nonumy eirmod tempor.<\/p>\n\n\n\n<div class=\"wp-block-group is-nowrap is-layout-flex wp-container-core-group-is-layout-6c531013 wp-block-group-is-layout-flex\">\n<div class=\"wp-block-outermost-icon-block\" style=\"margin-top:10px\"><div class=\"icon-container has-icon-color has-accent-color\" style=\"color:#32789c;width:20px;transform:rotate(0deg) scaleX(1) scaleY(1)\"><svg width=\"24px\" height=\"24px\" viewBox=\"0 0 24 24\"><defs><style>.cls-1 {isolation: isolate;opacity: .4;}<\/style><\/defs><path d=\"M13.98,14.21h-.11c-.67-.08-1.26-.63-1.26-1.4V1.4c0-.77.58-1.32,1.26-1.4h.11c.29-.02.58.06.85.24l8.08,5.7c.78.56.78,1.74,0,2.28l-8.08,5.7c-.23.16-.47.24-.71.26h-.14s0,0,0,0Z\"><\/path><path class=\"cls-1\" d=\"M1.37,14.21h-.11C.59,14.13,0,13.58,0,12.81V1.4C0,.63.59.08,1.26,0h.11c.29-.02.58.06.85.24l8.09,5.7c.78.56.78,1.74,0,2.28L2.21,13.96c-.27.18-.56.26-.85.25h0Z\"><\/path><\/svg><\/div><\/div>\n\n\n\n<p class=\"has-accent-color has-text-color has-link-color wp-elements-555a4f2b96c872812b703f364b5963d3\" style=\"font-size:clamp(0.875rem, 0.875rem + ((1vw - 0.2rem) * 0.185), 1rem);font-style:normal;font-weight:500\"><a href=\"#\">Mehr erfahren<\/a><\/p>\n<\/div>\n<\/div>\n<\/div>\n<\/div>\n<\/div>\n\n\n\n<div style=\"height:45px\" aria-hidden=\"true\" class=\"wp-block-spacer\"><\/div>\n\n\n\n<div class=\"wp-block-group alignwide bob-cta-section-no1 has-global-padding is-layout-constrained wp-block-group-is-layout-constrained\">\n<div class=\"wp-block-cover alignwide has-custom-content-position is-position-top-center\" style=\"margin-top:0;margin-bottom:0;padding-top:0;padding-right:0;padding-bottom:0;padding-left:0;min-height:300px;aspect-ratio:unset;\"><span aria-hidden=\"true\" class=\"wp-block-cover__background has-contrast-2-background-color has-background-dim-100 has-background-dim\"><\/span><div class=\"wp-block-cover__inner-container has-global-padding is-layout-constrained wp-container-core-cover-is-layout-72d38984 wp-block-cover-is-layout-constrained\">\n<div class=\"wp-block-columns is-layout-flex wp-container-core-columns-is-layout-1ec2ec05 wp-block-columns-is-layout-flex\" style=\"margin-top:0;margin-bottom:0;padding-top:0;padding-right:0;padding-bottom:0;padding-left:0\">\n<div class=\"wp-block-column is-vertically-aligned-center is-layout-flow wp-block-column-is-layout-flow\" style=\"flex-basis:55%\">\n<div class=\"wp-block-group is-vertical is-layout-flex wp-container-core-group-is-layout-274f5b33 wp-block-group-is-layout-flex\" style=\"padding-top:var(--wp--preset--spacing--30);padding-right:var(--wp--preset--spacing--30);padding-bottom:var(--wp--preset--spacing--30);padding-left:var(--wp--preset--spacing--30)\">\n<div style=\"height:40px\" aria-hidden=\"true\" class=\"wp-block-spacer wp-container-content-16d1eb73\"><\/div>\n\n\n\n<p class=\"has-xx-large-font-size\" style=\"font-style:normal;font-weight:700;line-height:1.1\">F\u00fcr einen gesunden Start in den Tag<\/p>\n\n\n\n<p class=\"has-medium-large-font-size\" style=\"font-style:normal;font-weight:300\">Ein vitaminreiches Fr\u00fchst\u00fcck versorgt den K\u00f6rper mit essenziellen N\u00e4hrstoffen, st\u00e4rkt das Immunsystem und steigert die Energie &#8211; ein produktiver Start in den Tag ist garantiert!<\/p>\n\n\n\n<div style=\"height:0px\" aria-hidden=\"true\" class=\"wp-block-spacer wp-container-content-62aae154\"><\/div>\n\n\n\n<div class=\"wp-block-buttons is-layout-flex wp-block-buttons-is-layout-flex\">\n<div class=\"wp-block-button\"><a class=\"wp-block-button__link has-accent-5-background-color has-background wp-element-button\">Mehr erfahren<\/a><\/div>\n<\/div>\n\n\n\n<div style=\"height:0px\" aria-hidden=\"true\" class=\"wp-block-spacer wp-container-content-16d1eb73\"><\/div>\n<\/div>\n<\/div>\n\n\n\n<div class=\"wp-block-column is-vertically-aligned-stretch bob-stretch-image is-layout-flow wp-block-column-is-layout-flow\" style=\"flex-basis:45%\">\n<figure class=\"wp-block-image size-full\"><img decoding=\"async\" src=\"https:\/\/bo-themes.de\/wordpress-block-themes\/bob-praxis\/wp-content\/themes\/bob-praxis\/assets\/images\/gesunde-ernaehrung-am-morgen.webp\" alt=\"Gesunde Ern\u00e4hrung ist wichtig\"\/><\/figure>\n<\/div>\n<\/div>\n<\/div><\/div>\n<\/div>\n\n\n\n<div style=\"height:100px\" aria-hidden=\"true\" class=\"wp-block-spacer\"><\/div>\n","protected":false},"excerpt":{"rendered":"<p>Diese Seite nutzt das Template &#8222;Seite mit Headerbild&#8220; Mit diesem Template wird automatisch das Beitragsbild der Seite immer als Headerbild oberhalb des Seitentitels angezeigt. Lorem ipsum dolor sit amet, consetetur sadipscing elitr, sed diam nonumy eirmod tempor invidunt ut labore et dolore magna aliquyam erat, sed diam voluptua. At vero eos et accusam et justo [&hellip;]<\/p>\n","protected":false},"author":1,"featured_media":13729,"parent":0,"menu_order":0,"comment_status":"closed","ping_status":"closed","template":"page-header-image","meta":{"footnotes":""},"class_list":["post-14330","page","type-page","status-publish","has-post-thumbnail","hentry"],"_links":{"self":[{"href":"https:\/\/bo-themes.de\/wordpress-block-themes\/bob-praxis\/wp-json\/wp\/v2\/pages\/14330","targetHints":{"allow":["GET"]}}],"collection":[{"href":"https:\/\/bo-themes.de\/wordpress-block-themes\/bob-praxis\/wp-json\/wp\/v2\/pages"}],"about":[{"href":"https:\/\/bo-themes.de\/wordpress-block-themes\/bob-praxis\/wp-json\/wp\/v2\/types\/page"}],"author":[{"embeddable":true,"href":"https:\/\/bo-themes.de\/wordpress-block-themes\/bob-praxis\/wp-json\/wp\/v2\/users\/1"}],"replies":[{"embeddable":true,"href":"https:\/\/bo-themes.de\/wordpress-block-themes\/bob-praxis\/wp-json\/wp\/v2\/comments?post=14330"}],"version-history":[{"count":7,"href":"https:\/\/bo-themes.de\/wordpress-block-themes\/bob-praxis\/wp-json\/wp\/v2\/pages\/14330\/revisions"}],"predecessor-version":[{"id":14505,"href":"https:\/\/bo-themes.de\/wordpress-block-themes\/bob-praxis\/wp-json\/wp\/v2\/pages\/14330\/revisions\/14505"}],"wp:featuredmedia":[{"embeddable":true,"href":"https:\/\/bo-themes.de\/wordpress-block-themes\/bob-praxis\/wp-json\/wp\/v2\/media\/13729"}],"wp:attachment":[{"href":"https:\/\/bo-themes.de\/wordpress-block-themes\/bob-praxis\/wp-json\/wp\/v2\/media?parent=14330"}],"curies":[{"name":"wp","href":"https:\/\/api.w.org\/{rel}","templated":true}]}}