{"id":13920,"date":"2025-04-08T18:10:57","date_gmt":"2025-04-08T16:10:57","guid":{"rendered":"https:\/\/bo-themes.de\/wordpress-block-themes\/bob-praxis\/?page_id=13920"},"modified":"2025-04-10T13:38:23","modified_gmt":"2025-04-10T11:38:23","slug":"empfohlene-plugins","status":"publish","type":"page","link":"https:\/\/bo-themes.de\/wordpress-block-themes\/bob-praxis\/theme-infos\/empfohlene-plugins\/","title":{"rendered":"Empfohlene Plugins"},"content":{"rendered":"\n<h2 class=\"wp-block-heading\">Wir empfehlen folgende Plugins f\u00fcr den Aufbau der Webseite mit dem Praxis-Theme<\/h2>\n\n\n\n<p>Die folgenden Plugins haben wir f\u00fcr den Aufbau dieser Demo-Webseite und die Gestaltung der Templates und Patterns eingesetzt. Wir empfehlen, diese ebenfalls zu installieren, um alle vorbereiteten Elemente des Themes nutzen zu k\u00f6nnen.<\/p>\n\n\n\n<div style=\"height:30px\" aria-hidden=\"true\" class=\"wp-block-spacer\"><\/div>\n\n\n\n<div class=\"wp-block-columns is-layout-flex wp-container-core-columns-is-layout-28f84493 wp-block-columns-is-layout-flex\">\n<div class=\"wp-block-column is-layout-flow wp-block-column-is-layout-flow\">\n<ul class=\"wp-block-list\">\n<li class=\"has-children\" style=\"padding-top:var(--wp--preset--spacing--10);padding-bottom:var(--wp--preset--spacing--10)\"><span class=\"list-item-text\"><strong><a href=\"https:\/\/wordpress.org\/plugins\/icon-block\/\" target=\"_blank\" rel=\"noreferrer noopener\">The Icon Block<\/a><\/strong> \n<\/span><ul class=\"wp-block-list\">\n<li>Dieses Plugin erm\u00f6glicht es vorbereitete oder eigene Icons (svg) \u00fcberall im Content einzubinden. <\/li>\n<\/ul>\n<\/li>\n\n\n\n<li class=\"has-children\" style=\"padding-top:var(--wp--preset--spacing--10);padding-bottom:var(--wp--preset--spacing--10)\"><span class=\"list-item-text\"><strong><a href=\"https:\/\/wordpress.org\/plugins\/genesis-custom-blocks\/\" target=\"_blank\" rel=\"noreferrer noopener\">Genesis Custom Blocks<\/a><\/strong>\n<\/span><ul class=\"wp-block-list\">\n<li>Dieses Plugin erm\u00f6glicht die Einbindung der zus\u00e4tzichen Bl\u00f6cke des Themes und die Erstellung ganz eigener Bl\u00f6cke <\/li>\n<\/ul>\n<\/li>\n<\/ul>\n<\/div>\n\n\n\n<div class=\"wp-block-column is-layout-flow wp-block-column-is-layout-flow\">\n<ul class=\"wp-block-list\">\n<li class=\"has-children\" style=\"padding-top:var(--wp--preset--spacing--10);padding-bottom:var(--wp--preset--spacing--10)\"><span class=\"list-item-text\"><strong><a href=\"https:\/\/wordpress.org\/plugins\/block-enhancements\/\" target=\"_blank\" rel=\"noreferrer noopener\">Block Enhancements<\/a><\/strong> \n<\/span><ul class=\"wp-block-list\">\n<li>Dieses Plugin erweitert die Standard-WordPress-Bl\u00f6cke durch zus\u00e4tzliche Einstellungsoptionen, z.B. f\u00fcr Icons, Schatten, Rahmen usw.<\/li>\n<\/ul>\n<\/li>\n\n\n\n<li class=\"has-children\" style=\"padding-top:var(--wp--preset--spacing--10);padding-bottom:var(--wp--preset--spacing--10)\"><span class=\"list-item-text\"><strong><a href=\"https:\/\/wordpress.org\/plugins\/breadcrumb-block\/\" target=\"_blank\" rel=\"noreferrer noopener\">Breadcrumb Blocks<\/a><\/strong>\n<\/span><ul class=\"wp-block-list\">\n<li>Dieses Plugin erm\u00f6glicht die Einbindung einer Breadcrumb-Navigation via Block. <\/li>\n<\/ul>\n<\/li>\n<\/ul>\n<\/div>\n<\/div>\n\n\n\n<div style=\"height:50px\" aria-hidden=\"true\" class=\"wp-block-spacer\"><\/div>\n","protected":false},"excerpt":{"rendered":"<p>Wir empfehlen folgende Plugins f\u00fcr den Aufbau der Webseite mit dem Praxis-Theme Die folgenden Plugins haben wir f\u00fcr den Aufbau dieser Demo-Webseite und die Gestaltung der Templates und Patterns eingesetzt. Wir empfehlen, diese ebenfalls zu installieren, um alle vorbereiteten Elemente des Themes nutzen zu k\u00f6nnen.<\/p>\n","protected":false},"author":1,"featured_media":0,"parent":13722,"menu_order":0,"comment_status":"closed","ping_status":"closed","template":"","meta":{"footnotes":""},"class_list":["post-13920","page","type-page","status-publish","hentry"],"_links":{"self":[{"href":"https:\/\/bo-themes.de\/wordpress-block-themes\/bob-praxis\/wp-json\/wp\/v2\/pages\/13920","targetHints":{"allow":["GET"]}}],"collection":[{"href":"https:\/\/bo-themes.de\/wordpress-block-themes\/bob-praxis\/wp-json\/wp\/v2\/pages"}],"about":[{"href":"https:\/\/bo-themes.de\/wordpress-block-themes\/bob-praxis\/wp-json\/wp\/v2\/types\/page"}],"author":[{"embeddable":true,"href":"https:\/\/bo-themes.de\/wordpress-block-themes\/bob-praxis\/wp-json\/wp\/v2\/users\/1"}],"replies":[{"embeddable":true,"href":"https:\/\/bo-themes.de\/wordpress-block-themes\/bob-praxis\/wp-json\/wp\/v2\/comments?post=13920"}],"version-history":[{"count":3,"href":"https:\/\/bo-themes.de\/wordpress-block-themes\/bob-praxis\/wp-json\/wp\/v2\/pages\/13920\/revisions"}],"predecessor-version":[{"id":13956,"href":"https:\/\/bo-themes.de\/wordpress-block-themes\/bob-praxis\/wp-json\/wp\/v2\/pages\/13920\/revisions\/13956"}],"up":[{"embeddable":true,"href":"https:\/\/bo-themes.de\/wordpress-block-themes\/bob-praxis\/wp-json\/wp\/v2\/pages\/13722"}],"wp:attachment":[{"href":"https:\/\/bo-themes.de\/wordpress-block-themes\/bob-praxis\/wp-json\/wp\/v2\/media?parent=13920"}],"curies":[{"name":"wp","href":"https:\/\/api.w.org\/{rel}","templated":true}]}}