{"id":13873,"date":"2025-04-07T20:52:03","date_gmt":"2025-04-07T18:52:03","guid":{"rendered":"https:\/\/bo-themes.de\/wordpress-block-themes\/bob-praxis\/?page_id=13873"},"modified":"2025-05-08T12:11:03","modified_gmt":"2025-05-08T10:11:03","slug":"theme-vorlagen","status":"publish","type":"page","link":"https:\/\/bo-themes.de\/wordpress-block-themes\/bob-praxis\/theme-infos\/theme-vorlagen\/","title":{"rendered":"Theme Vorlagen"},"content":{"rendered":"\n<h2 class=\"wp-block-heading\">Vorlagen\/Patterns f\u00fcr die individuelle Gestaltung <\/h2>\n\n\n\n<p>Block-Themes liefern Vorlagen (bzw. Patterns) f\u00fcr die Gestaltung der Webseite. Vorlagen k\u00f6nnen via Seiten-Editor im Contentbereich eingesetzt oder zur Gestaltung kompletter Templates im Website-Editor genutzt werden. Diese Vorlagen bestehen meist aus verschiedenen Bl\u00f6cken, die bereits zu einem Layout-Element zusammengesetzt sind, z.B. f\u00fcr den Headerbereich, f\u00fcr Banner und Call-to-action-Abschnitte. Das Praxis-Theme liefert dazu auch Vorlagen f\u00fcr komplette Startseiten.<\/p>\n\n\n\n<p>Das BOB-Praxis Theme enth\u00e4lt insgesamt 32 Vorlagen, die zus\u00e4tzlich zu den WordPress-Standard-Vorlagen genutzt werden k\u00f6nnen und die konkret f\u00fcr den jeweiligen Einsatzzweck vorbereitet sind.<\/p>\n\n\n\n<div style=\"height:40px\" aria-hidden=\"true\" class=\"wp-block-spacer\"><\/div>\n\n\n\n<div class=\"wp-block-columns is-layout-flex wp-container-core-columns-is-layout-f0342b05 wp-block-columns-is-layout-flex\" style=\"margin-top:0;margin-bottom:0\">\n<div class=\"wp-block-column is-layout-flow wp-block-column-is-layout-flow\" style=\"flex-basis:55%\">\n<ul style=\"padding-top:var(--wp--preset--spacing--10);padding-bottom:var(--wp--preset--spacing--10)\" class=\"wp-block-list\">\n<li class=\"has-children\" style=\"padding-top:var(--wp--preset--spacing--10);padding-bottom:var(--wp--preset--spacing--10)\"><span class=\"list-item-text\"><strong><mark style=\"background-color:rgba(0, 0, 0, 0)\" class=\"has-inline-color has-accent-color\">Intros<\/mark><\/strong>\n<\/span><ul class=\"wp-block-list\">\n<li>4 verschiedene Vorlagen mit Bildern, Text und Button, die am besten zu Beginn einer Seite gezeigt werden k\u00f6nnen. <\/li>\n<\/ul>\n<\/li>\n\n\n\n<li class=\"has-children\" style=\"padding-top:var(--wp--preset--spacing--10);padding-bottom:var(--wp--preset--spacing--10)\"><span class=\"list-item-text\"><strong><mark style=\"background-color:rgba(0, 0, 0, 0)\" class=\"has-inline-color has-accent-color\">Banner<\/mark><\/strong>\n<\/span><ul class=\"wp-block-list\">\n<li>6 verschieden Vorlagen, z.T. mit animierten Elementen, Icon- oder Bilderboxen, mit Texten in Spalten und Button<\/li>\n<\/ul>\n<\/li>\n\n\n\n<li class=\"has-children\" style=\"padding-top:var(--wp--preset--spacing--10);padding-bottom:var(--wp--preset--spacing--10)\"><span class=\"list-item-text\"><strong><mark style=\"background-color:rgba(0, 0, 0, 0)\" class=\"has-inline-color has-accent-color\">Startseiten<\/mark><\/strong>\n<\/span><ul class=\"wp-block-list\">\n<li>5 verschiedene Startseiten mit unterschiedlichen Abschnitten, die alle relevanten Informationen und Inhalte zeigen<\/li>\n\n\n\n<li class=\"has-link-color wp-elements-3e7abf8ad8d34e357b3982331b8a2a51\"><a href=\"https:\/\/bo-themes.de\/wordpress-block-themes\/bob-praxis\/\" data-type=\"page\" data-id=\"2\">Vorlage f\u00fcr Startseite 1 <\/a><\/li>\n\n\n\n<li class=\"has-link-color wp-elements-74f35c8e8a8b4f7ce54fb82375f5f988\"><a href=\"https:\/\/bo-themes.de\/wordpress-block-themes\/bob-praxis\/startseite\/startseite-beispiel2\/\" data-type=\"page\" data-id=\"49\">Vorlage f\u00fcr Startseite 2<\/a><\/li>\n\n\n\n<li class=\"has-link-color wp-elements-35b020a7def34edcd27ebf033d510e2c\"><a href=\"https:\/\/bo-themes.de\/wordpress-block-themes\/bob-praxis\/startseite\/startseite-beispiel3\/\" data-type=\"page\" data-id=\"51\">Vorlage f\u00fcr Startseite 3<\/a><\/li>\n\n\n\n<li class=\"has-link-color wp-elements-6a9cda091fdfaa1e38264d4f0727413d\"><a href=\"https:\/\/bo-themes.de\/wordpress-block-themes\/bob-praxis\/startseite\/startseite-beispiel4\/\" data-type=\"page\" data-id=\"53\">Vorlage f\u00fcr Startseite 4<\/a><\/li>\n\n\n\n<li class=\"has-link-color wp-elements-0155d01b997ea7909d935c5f152b93ac\"><a href=\"https:\/\/bo-themes.de\/wordpress-block-themes\/bob-praxis\/startseite\/startseite-beispiel5\/\" data-type=\"page\" data-id=\"55\">Vorlage f\u00fcr Startseite 5<\/a><\/li>\n<\/ul>\n<\/li>\n\n\n\n<li class=\"has-children\" style=\"padding-top:var(--wp--preset--spacing--10);padding-bottom:var(--wp--preset--spacing--10)\"><span class=\"list-item-text\"><strong><mark style=\"background-color:rgba(0, 0, 0, 0)\" class=\"has-inline-color has-accent-color\">Boxen<\/mark><\/strong>\n<\/span><ul class=\"wp-block-list\">\n<li>8 verschiedene Boxen, z.B. f\u00fcr Kontaktdaten, f\u00fcr das Team, f\u00fcr kurze Texte plus Icon oder plus Bild. Alle Boxen werden am besten in Spalten oder Gruppen eingebunden.<\/li>\n<\/ul>\n<\/li>\n\n\n\n<li class=\"has-children\" style=\"padding-top:var(--wp--preset--spacing--10);padding-bottom:var(--wp--preset--spacing--10)\"><span class=\"list-item-text\"><strong><mark style=\"background-color:rgba(0, 0, 0, 0)\" class=\"has-inline-color has-accent-color\">Call-to-action<\/mark><\/strong>\n<\/span><ul class=\"wp-block-list\">\n<li>3 verschiedene Abschnitte mit Bild, Text und Button, um den User zu einer Handlung aufzufordern<\/li>\n<\/ul>\n<\/li>\n\n\n\n<li class=\"has-children\" style=\"padding-top:var(--wp--preset--spacing--10);padding-bottom:var(--wp--preset--spacing--10)\"><span class=\"list-item-text\"><strong><mark style=\"background-color:rgba(0, 0, 0, 0)\" class=\"has-inline-color has-accent-color\">Header und Footer<\/mark><\/strong>\n<\/span><ul class=\"wp-block-list\">\n<li>Header- und Footervorlagen und eine Extraleiste mit Kontaktdaten, die am Seitenanfang oder Seitenende gezeigt werden kann.<\/li>\n<\/ul>\n<\/li>\n\n\n\n<li class=\"has-children\" style=\"padding-top:var(--wp--preset--spacing--10);padding-bottom:var(--wp--preset--spacing--10)\"><span class=\"list-item-text\"><strong><mark style=\"background-color:rgba(0, 0, 0, 0)\" class=\"has-inline-color has-accent-color\">Sonstiges<\/mark><\/strong>\n<\/span><ul class=\"wp-block-list\">\n<li>zus\u00e4tzliche Vorlagen f\u00fcr \u00d6ffnungszeiten (Tabelle) und f\u00fcr Trenner\/Abstandshalter in verschiedenen Farben. <\/li>\n<\/ul>\n<\/li>\n<\/ul>\n<\/div>\n\n\n\n<div class=\"wp-block-column is-layout-flow wp-block-column-is-layout-flow\" style=\"flex-basis:5%\"><\/div>\n\n\n\n<div class=\"wp-block-column has-base-2-background-color has-background is-layout-flow wp-block-column-is-layout-flow\" style=\"padding-top:var(--wp--preset--spacing--20);padding-right:var(--wp--preset--spacing--20);padding-bottom:var(--wp--preset--spacing--20);padding-left:var(--wp--preset--spacing--20);flex-basis:40%\">\n<figure class=\"wp-block-image size-large is-style-rounded is-style-rounded--1\"><a href=\"https:\/\/bo-themes.de\/wordpress-block-themes\/bob-praxis\/wp-content\/uploads\/sites\/2\/2025\/04\/bob-vorlagen_1.jpg\"><img loading=\"lazy\" decoding=\"async\" width=\"1024\" height=\"631\" src=\"https:\/\/bo-themes.de\/wordpress-block-themes\/bob-praxis\/wp-content\/uploads\/sites\/2\/2025\/04\/bob-vorlagen_1-1024x631.jpg\" alt=\"BOB Praxis Vorlagen\" class=\"wp-image-13886\" srcset=\"https:\/\/bo-themes.de\/wordpress-block-themes\/bob-praxis\/wp-content\/uploads\/sites\/2\/2025\/04\/bob-vorlagen_1-1024x631.jpg 1024w, https:\/\/bo-themes.de\/wordpress-block-themes\/bob-praxis\/wp-content\/uploads\/sites\/2\/2025\/04\/bob-vorlagen_1-300x185.jpg 300w, https:\/\/bo-themes.de\/wordpress-block-themes\/bob-praxis\/wp-content\/uploads\/sites\/2\/2025\/04\/bob-vorlagen_1-768x474.jpg 768w, https:\/\/bo-themes.de\/wordpress-block-themes\/bob-praxis\/wp-content\/uploads\/sites\/2\/2025\/04\/bob-vorlagen_1.jpg 1200w\" sizes=\"auto, (max-width: 1024px) 100vw, 1024px\" \/><\/a><\/figure>\n\n\n\n<figure class=\"wp-block-image size-large is-style-rounded is-style-rounded--2\"><a href=\"https:\/\/bo-themes.de\/wordpress-block-themes\/bob-praxis\/wp-content\/uploads\/sites\/2\/2025\/04\/bob-vorlagen_2.jpg\"><img loading=\"lazy\" decoding=\"async\" width=\"1024\" height=\"631\" src=\"https:\/\/bo-themes.de\/wordpress-block-themes\/bob-praxis\/wp-content\/uploads\/sites\/2\/2025\/04\/bob-vorlagen_2-1024x631.jpg\" alt=\"BOB Praxis Vorlagen\" class=\"wp-image-13887\" srcset=\"https:\/\/bo-themes.de\/wordpress-block-themes\/bob-praxis\/wp-content\/uploads\/sites\/2\/2025\/04\/bob-vorlagen_2-1024x631.jpg 1024w, https:\/\/bo-themes.de\/wordpress-block-themes\/bob-praxis\/wp-content\/uploads\/sites\/2\/2025\/04\/bob-vorlagen_2-300x185.jpg 300w, https:\/\/bo-themes.de\/wordpress-block-themes\/bob-praxis\/wp-content\/uploads\/sites\/2\/2025\/04\/bob-vorlagen_2-768x474.jpg 768w, https:\/\/bo-themes.de\/wordpress-block-themes\/bob-praxis\/wp-content\/uploads\/sites\/2\/2025\/04\/bob-vorlagen_2.jpg 1200w\" sizes=\"auto, (max-width: 1024px) 100vw, 1024px\" \/><\/a><\/figure>\n\n\n\n<figure class=\"wp-block-image size-large is-style-rounded is-style-rounded--3\"><img loading=\"lazy\" decoding=\"async\" width=\"1024\" height=\"631\" src=\"https:\/\/bo-themes.de\/wordpress-block-themes\/bob-praxis\/wp-content\/uploads\/sites\/2\/2025\/04\/bob-vorlagen_3-1024x631.jpg\" alt=\"BOB Praxis Vorlagen\" class=\"wp-image-13888\" srcset=\"https:\/\/bo-themes.de\/wordpress-block-themes\/bob-praxis\/wp-content\/uploads\/sites\/2\/2025\/04\/bob-vorlagen_3-1024x631.jpg 1024w, https:\/\/bo-themes.de\/wordpress-block-themes\/bob-praxis\/wp-content\/uploads\/sites\/2\/2025\/04\/bob-vorlagen_3-300x185.jpg 300w, https:\/\/bo-themes.de\/wordpress-block-themes\/bob-praxis\/wp-content\/uploads\/sites\/2\/2025\/04\/bob-vorlagen_3-768x474.jpg 768w, https:\/\/bo-themes.de\/wordpress-block-themes\/bob-praxis\/wp-content\/uploads\/sites\/2\/2025\/04\/bob-vorlagen_3.jpg 1200w\" sizes=\"auto, (max-width: 1024px) 100vw, 1024px\" \/><\/figure>\n<\/div>\n<\/div>\n\n\n\n<div style=\"height:60px\" aria-hidden=\"true\" class=\"wp-block-spacer\"><\/div>\n\n\n\n<div class=\"wp-block-group alignfull has-base-2-background-color has-background has-global-padding is-content-justification-center is-layout-constrained wp-container-core-group-is-layout-64cf2fd6 wp-block-group-is-layout-constrained\" style=\"margin-top:0;margin-bottom:0;padding-top:0;padding-right:0;padding-bottom:0;padding-left:0\">\n<div class=\"wp-block-group is-content-justification-center is-nowrap is-layout-flex wp-container-core-group-is-layout-fc1c4c6d wp-block-group-is-layout-flex\" style=\"margin-top:0;margin-bottom:0\">\n<div class=\"wp-block-group has-accent-background-color has-background wp-container-content-9cfa9a5a has-global-padding is-layout-constrained wp-container-core-group-is-layout-0663b330 wp-block-group-is-layout-constrained\" style=\"min-height:12px;padding-top:0;padding-right:var(--wp--preset--spacing--10);padding-bottom:0;padding-left:var(--wp--preset--spacing--10)\"><\/div>\n\n\n\n<div class=\"wp-block-group has-contrast-2-background-color has-background wp-container-content-9cfa9a5a has-global-padding is-layout-constrained wp-container-core-group-is-layout-28e4a4f7 wp-block-group-is-layout-constrained\" style=\"min-height:12px;padding-top:0;padding-right:var(--wp--preset--spacing--10);padding-bottom:0;padding-left:var(--wp--preset--spacing--10)\"><\/div>\n\n\n\n<div class=\"wp-block-group has-accent-5-background-color has-background wp-container-content-9cfa9a5a has-global-padding is-layout-constrained wp-container-core-group-is-layout-c01ce5f5 wp-block-group-is-layout-constrained\" style=\"min-height:12px;padding-top:0;padding-right:var(--wp--preset--spacing--10);padding-bottom:0;padding-left:var(--wp--preset--spacing--10)\"><\/div>\n<\/div>\n<\/div>\n","protected":false},"excerpt":{"rendered":"<p>Vorlagen\/Patterns f\u00fcr die individuelle Gestaltung Block-Themes liefern Vorlagen (bzw. Patterns) f\u00fcr die Gestaltung der Webseite. Vorlagen k\u00f6nnen via Seiten-Editor im Contentbereich eingesetzt oder zur Gestaltung kompletter Templates im Website-Editor genutzt werden. Diese Vorlagen bestehen meist aus verschiedenen Bl\u00f6cken, die bereits zu einem Layout-Element zusammengesetzt sind, z.B. f\u00fcr den Headerbereich, f\u00fcr Banner und Call-to-action-Abschnitte. Das Praxis-Theme [&hellip;]<\/p>\n","protected":false},"author":1,"featured_media":0,"parent":13722,"menu_order":0,"comment_status":"closed","ping_status":"closed","template":"","meta":{"footnotes":""},"class_list":["post-13873","page","type-page","status-publish","hentry"],"_links":{"self":[{"href":"https:\/\/bo-themes.de\/wordpress-block-themes\/bob-praxis\/wp-json\/wp\/v2\/pages\/13873","targetHints":{"allow":["GET"]}}],"collection":[{"href":"https:\/\/bo-themes.de\/wordpress-block-themes\/bob-praxis\/wp-json\/wp\/v2\/pages"}],"about":[{"href":"https:\/\/bo-themes.de\/wordpress-block-themes\/bob-praxis\/wp-json\/wp\/v2\/types\/page"}],"author":[{"embeddable":true,"href":"https:\/\/bo-themes.de\/wordpress-block-themes\/bob-praxis\/wp-json\/wp\/v2\/users\/1"}],"replies":[{"embeddable":true,"href":"https:\/\/bo-themes.de\/wordpress-block-themes\/bob-praxis\/wp-json\/wp\/v2\/comments?post=13873"}],"version-history":[{"count":30,"href":"https:\/\/bo-themes.de\/wordpress-block-themes\/bob-praxis\/wp-json\/wp\/v2\/pages\/13873\/revisions"}],"predecessor-version":[{"id":14346,"href":"https:\/\/bo-themes.de\/wordpress-block-themes\/bob-praxis\/wp-json\/wp\/v2\/pages\/13873\/revisions\/14346"}],"up":[{"embeddable":true,"href":"https:\/\/bo-themes.de\/wordpress-block-themes\/bob-praxis\/wp-json\/wp\/v2\/pages\/13722"}],"wp:attachment":[{"href":"https:\/\/bo-themes.de\/wordpress-block-themes\/bob-praxis\/wp-json\/wp\/v2\/media?parent=13873"}],"curies":[{"name":"wp","href":"https:\/\/api.w.org\/{rel}","templated":true}]}}