{"id":13871,"date":"2025-04-07T20:51:37","date_gmt":"2025-04-07T18:51:37","guid":{"rendered":"https:\/\/bo-themes.de\/wordpress-block-themes\/bob-praxis\/?page_id=13871"},"modified":"2025-05-08T10:30:51","modified_gmt":"2025-05-08T08:30:51","slug":"theme-templates","status":"publish","type":"page","link":"https:\/\/bo-themes.de\/wordpress-block-themes\/bob-praxis\/theme-infos\/theme-templates\/","title":{"rendered":"Theme Templates"},"content":{"rendered":"\n<h2 class=\"wp-block-heading\">Templates f\u00fcr die verschiedenen Bereiche der Webseite<\/h2>\n\n\n\n<p>Themes liefern die erforderlichen Templates f\u00fcr den Aufbau einer WordPress-Webseite, d.h. Templates f\u00fcr Seiten, f\u00fcr Beitr\u00e4ge, f\u00fcr die Beitragsseite oder Kategorie-Archive. Im Gegensatz zu klassischen Themes k\u00f6nnen die Templates der Block-Themes aber auch direkt im Website-Editor bearbeitet werden. Es k\u00f6nnen au\u00dferdem auch eigene Templates erstellt und mit eigenen <a href=\"https:\/\/bo-themes.de\/wordpress-block-themes\/bob-praxis\/theme-infos\/theme-vorlagen\/\" data-type=\"page\" data-id=\"13873\">Vorlagen<\/a> gestaltet werden.<\/p>\n\n\n\n<p>Das BOB-Praxis Theme enth\u00e4lt insgesamt 11 Templates f\u00fcr die verschiedenen Bereiche der Webseite.<\/p>\n\n\n\n<div style=\"height:40px\" aria-hidden=\"true\" class=\"wp-block-spacer\"><\/div>\n\n\n\n<div class=\"wp-block-columns is-layout-flex wp-container-core-columns-is-layout-f0342b05 wp-block-columns-is-layout-flex\" style=\"margin-top:0;margin-bottom:0\">\n<div class=\"wp-block-column is-layout-flow wp-block-column-is-layout-flow\" style=\"flex-basis:55%\">\n<ul style=\"padding-top:var(--wp--preset--spacing--10);padding-bottom:var(--wp--preset--spacing--10)\" class=\"wp-block-list\">\n<li class=\"has-children\" style=\"padding-top:var(--wp--preset--spacing--10);padding-bottom:var(--wp--preset--spacing--10)\"><span class=\"list-item-text\"><strong><mark style=\"background-color:rgba(0, 0, 0, 0)\" class=\"has-inline-color has-accent-color\">Index<\/mark><\/strong>\n<\/span><ul class=\"wp-block-list\">\n<li class=\"has-link-color wp-elements-b887a45091dda33bd278c5debaecf06a\">Dies Template zeigt die &#8222;<a href=\"https:\/\/bo-themes.de\/wordpress-block-themes\/bob-praxis\/aktuelle-gesundheitstipps\/\">Beitragsseite<\/a>&#8222;, d.h. eine \u00dcbersicht \u00fcber alle Beitr\u00e4ge.<\/li>\n<\/ul>\n<\/li>\n\n\n\n<li class=\"has-children\" style=\"padding-top:var(--wp--preset--spacing--10);padding-bottom:var(--wp--preset--spacing--10)\"><span class=\"list-item-text\"><strong><mark style=\"background-color:rgba(0, 0, 0, 0)\" class=\"has-inline-color has-accent-color\">Seiten mit oder ohne Sidebar<\/mark><\/strong>\n<\/span><ul class=\"wp-block-list\">\n<li class=\"has-link-color wp-elements-5c9630195b0acfe413027eb3ae584725\">Diese Templates k\u00f6nnen auf Seiten ausgew\u00e4hlt werden und zeigen <a href=\"https:\/\/bo-themes.de\/wordpress-block-themes\/bob-praxis\/seite-standardtemplate\/\" data-type=\"page\" data-id=\"14318\">Inhalte in voller Breite<\/a> oder <a href=\"https:\/\/bo-themes.de\/wordpress-block-themes\/bob-praxis\/seite-mit-sidebar\/\" data-type=\"page\" data-id=\"14300\">mit einer Sidebar rechts<\/a>.<\/li>\n<\/ul>\n<\/li>\n\n\n\n<li class=\"has-children\" style=\"padding-top:var(--wp--preset--spacing--10);padding-bottom:var(--wp--preset--spacing--10)\"><span class=\"list-item-text\"><strong><mark style=\"background-color:rgba(0, 0, 0, 0)\" class=\"has-inline-color has-accent-color\">Seiten mit oder ohne Seitentitel<\/mark><\/strong>\n<\/span><ul class=\"wp-block-list\">\n<li>Diese Templates k\u00f6nnen auf Seiten ausgew\u00e4hlt werden und zeigen optional den Seitentitel und Breadcrumbs oberhalb des Contents. <\/li>\n<\/ul>\n<\/li>\n\n\n\n<li class=\"has-children\" style=\"padding-top:var(--wp--preset--spacing--10);padding-bottom:var(--wp--preset--spacing--10)\"><span class=\"list-item-text\"><strong><mark style=\"background-color:rgba(0, 0, 0, 0)\" class=\"has-inline-color has-accent-color\">Suche und Archive<\/mark><\/strong>\n<\/span><ul class=\"wp-block-list\">\n<li>Diese Templates werden f\u00fcr automatisch generierte Seiten genutzt, z.B. f\u00fcr die Suchergebnisse, f\u00fcr Blog-Kategoriearchive usw. <\/li>\n<\/ul>\n<\/li>\n\n\n\n<li class=\"has-children\" style=\"padding-top:var(--wp--preset--spacing--10);padding-bottom:var(--wp--preset--spacing--10)\"><span class=\"list-item-text\"><strong><mark style=\"background-color:rgba(0, 0, 0, 0)\" class=\"has-inline-color has-accent-color\">404<\/mark><\/strong>\n<\/span><ul class=\"wp-block-list\">\n<li>Dieses Template wird genutzt, wenn ein 404-Fehler angezeigt wird, d.h. wenn Sie aufgerufene URL nicht erreichbar ist.<\/li>\n<\/ul>\n<\/li>\n\n\n\n<li class=\"has-children\" style=\"padding-top:var(--wp--preset--spacing--10);padding-bottom:var(--wp--preset--spacing--10)\"><span class=\"list-item-text\"><strong><mark style=\"background-color:rgba(0, 0, 0, 0)\" class=\"has-inline-color has-accent-color\">Seiten mit Headerbild <\/mark><\/strong>\n<\/span><ul class=\"wp-block-list\">\n<li class=\"has-link-color wp-elements-5929e42f7f81d8747fe03da74722db1f\">Diese Templates <a href=\"https:\/\/bo-themes.de\/wordpress-block-themes\/bob-praxis\/seite-mit-headerbild\/\" data-type=\"page\" data-id=\"14330\">zeigen ein beliebiges Headerbild zu Beginn der Seite<\/a> und optional <a href=\"https:\/\/bo-themes.de\/wordpress-block-themes\/bob-praxis\/seite-mit-headerbild-und-sidebar\/\" data-type=\"page\" data-id=\"14334\">auch eine Sidebar<\/a><\/li>\n<\/ul>\n<\/li>\n<\/ul>\n<\/div>\n\n\n\n<div class=\"wp-block-column is-layout-flow wp-block-column-is-layout-flow\" style=\"flex-basis:5%\"><\/div>\n\n\n\n<div class=\"wp-block-column has-base-2-background-color has-background is-layout-flow wp-block-column-is-layout-flow\" style=\"padding-top:var(--wp--preset--spacing--20);padding-right:var(--wp--preset--spacing--20);padding-bottom:var(--wp--preset--spacing--20);padding-left:var(--wp--preset--spacing--20);flex-basis:40%\">\n<figure class=\"wp-block-image size-large is-style-rounded is-style-rounded--1\"><a href=\"https:\/\/bo-themes.de\/wordpress-block-themes\/bob-praxis\/wp-content\/uploads\/sites\/2\/2025\/04\/bob-templates_3-scaled.jpg\"><img loading=\"lazy\" decoding=\"async\" width=\"1024\" height=\"699\" src=\"https:\/\/bo-themes.de\/wordpress-block-themes\/bob-praxis\/wp-content\/uploads\/sites\/2\/2025\/04\/bob-templates_3-1024x699.jpg\" alt=\"\" class=\"wp-image-13948\" srcset=\"https:\/\/bo-themes.de\/wordpress-block-themes\/bob-praxis\/wp-content\/uploads\/sites\/2\/2025\/04\/bob-templates_3-1024x699.jpg 1024w, https:\/\/bo-themes.de\/wordpress-block-themes\/bob-praxis\/wp-content\/uploads\/sites\/2\/2025\/04\/bob-templates_3-300x205.jpg 300w, https:\/\/bo-themes.de\/wordpress-block-themes\/bob-praxis\/wp-content\/uploads\/sites\/2\/2025\/04\/bob-templates_3-768x524.jpg 768w, https:\/\/bo-themes.de\/wordpress-block-themes\/bob-praxis\/wp-content\/uploads\/sites\/2\/2025\/04\/bob-templates_3-1536x1049.jpg 1536w, https:\/\/bo-themes.de\/wordpress-block-themes\/bob-praxis\/wp-content\/uploads\/sites\/2\/2025\/04\/bob-templates_3-2048x1398.jpg 2048w\" sizes=\"auto, (max-width: 1024px) 100vw, 1024px\" \/><\/a><\/figure>\n\n\n\n<figure class=\"wp-block-image size-large is-style-rounded is-style-rounded--2\"><a href=\"https:\/\/bo-themes.de\/wordpress-block-themes\/bob-praxis\/wp-content\/uploads\/sites\/2\/2025\/04\/bob-vorlagen_2.jpg\"><img loading=\"lazy\" decoding=\"async\" width=\"1024\" height=\"631\" src=\"https:\/\/bo-themes.de\/wordpress-block-themes\/bob-praxis\/wp-content\/uploads\/sites\/2\/2025\/04\/bob-vorlagen_2-1024x631.jpg\" alt=\"BOB Praxis Vorlagen\" class=\"wp-image-13887\" srcset=\"https:\/\/bo-themes.de\/wordpress-block-themes\/bob-praxis\/wp-content\/uploads\/sites\/2\/2025\/04\/bob-vorlagen_2-1024x631.jpg 1024w, https:\/\/bo-themes.de\/wordpress-block-themes\/bob-praxis\/wp-content\/uploads\/sites\/2\/2025\/04\/bob-vorlagen_2-300x185.jpg 300w, https:\/\/bo-themes.de\/wordpress-block-themes\/bob-praxis\/wp-content\/uploads\/sites\/2\/2025\/04\/bob-vorlagen_2-768x474.jpg 768w, https:\/\/bo-themes.de\/wordpress-block-themes\/bob-praxis\/wp-content\/uploads\/sites\/2\/2025\/04\/bob-vorlagen_2.jpg 1200w\" sizes=\"auto, (max-width: 1024px) 100vw, 1024px\" \/><\/a><\/figure>\n<\/div>\n<\/div>\n\n\n\n<div style=\"height:60px\" aria-hidden=\"true\" class=\"wp-block-spacer\"><\/div>\n\n\n\n<div class=\"wp-block-group alignfull has-base-2-background-color has-background has-global-padding is-content-justification-center is-layout-constrained wp-container-core-group-is-layout-64cf2fd6 wp-block-group-is-layout-constrained\" style=\"margin-top:0;margin-bottom:0;padding-top:0;padding-right:0;padding-bottom:0;padding-left:0\">\n<div class=\"wp-block-group is-content-justification-center is-nowrap is-layout-flex wp-container-core-group-is-layout-fc1c4c6d wp-block-group-is-layout-flex\" style=\"margin-top:0;margin-bottom:0\">\n<div class=\"wp-block-group has-accent-background-color has-background wp-container-content-9cfa9a5a has-global-padding is-layout-constrained wp-container-core-group-is-layout-0663b330 wp-block-group-is-layout-constrained\" style=\"min-height:12px;padding-top:0;padding-right:var(--wp--preset--spacing--10);padding-bottom:0;padding-left:var(--wp--preset--spacing--10)\"><\/div>\n\n\n\n<div class=\"wp-block-group has-contrast-2-background-color has-background wp-container-content-9cfa9a5a has-global-padding is-layout-constrained wp-container-core-group-is-layout-28e4a4f7 wp-block-group-is-layout-constrained\" style=\"min-height:12px;padding-top:0;padding-right:var(--wp--preset--spacing--10);padding-bottom:0;padding-left:var(--wp--preset--spacing--10)\"><\/div>\n\n\n\n<div class=\"wp-block-group has-accent-5-background-color has-background wp-container-content-9cfa9a5a has-global-padding is-layout-constrained wp-container-core-group-is-layout-c01ce5f5 wp-block-group-is-layout-constrained\" style=\"min-height:12px;padding-top:0;padding-right:var(--wp--preset--spacing--10);padding-bottom:0;padding-left:var(--wp--preset--spacing--10)\"><\/div>\n<\/div>\n<\/div>\n","protected":false},"excerpt":{"rendered":"<p>Templates f\u00fcr die verschiedenen Bereiche der Webseite Themes liefern die erforderlichen Templates f\u00fcr den Aufbau einer WordPress-Webseite, d.h. Templates f\u00fcr Seiten, f\u00fcr Beitr\u00e4ge, f\u00fcr die Beitragsseite oder Kategorie-Archive. Im Gegensatz zu klassischen Themes k\u00f6nnen die Templates der Block-Themes aber auch direkt im Website-Editor bearbeitet werden. Es k\u00f6nnen au\u00dferdem auch eigene Templates erstellt und mit eigenen [&hellip;]<\/p>\n","protected":false},"author":1,"featured_media":0,"parent":13722,"menu_order":0,"comment_status":"closed","ping_status":"closed","template":"","meta":{"footnotes":""},"class_list":["post-13871","page","type-page","status-publish","hentry"],"_links":{"self":[{"href":"https:\/\/bo-themes.de\/wordpress-block-themes\/bob-praxis\/wp-json\/wp\/v2\/pages\/13871","targetHints":{"allow":["GET"]}}],"collection":[{"href":"https:\/\/bo-themes.de\/wordpress-block-themes\/bob-praxis\/wp-json\/wp\/v2\/pages"}],"about":[{"href":"https:\/\/bo-themes.de\/wordpress-block-themes\/bob-praxis\/wp-json\/wp\/v2\/types\/page"}],"author":[{"embeddable":true,"href":"https:\/\/bo-themes.de\/wordpress-block-themes\/bob-praxis\/wp-json\/wp\/v2\/users\/1"}],"replies":[{"embeddable":true,"href":"https:\/\/bo-themes.de\/wordpress-block-themes\/bob-praxis\/wp-json\/wp\/v2\/comments?post=13871"}],"version-history":[{"count":7,"href":"https:\/\/bo-themes.de\/wordpress-block-themes\/bob-praxis\/wp-json\/wp\/v2\/pages\/13871\/revisions"}],"predecessor-version":[{"id":14342,"href":"https:\/\/bo-themes.de\/wordpress-block-themes\/bob-praxis\/wp-json\/wp\/v2\/pages\/13871\/revisions\/14342"}],"up":[{"embeddable":true,"href":"https:\/\/bo-themes.de\/wordpress-block-themes\/bob-praxis\/wp-json\/wp\/v2\/pages\/13722"}],"wp:attachment":[{"href":"https:\/\/bo-themes.de\/wordpress-block-themes\/bob-praxis\/wp-json\/wp\/v2\/media?parent=13871"}],"curies":[{"name":"wp","href":"https:\/\/api.w.org\/{rel}","templated":true}]}}