{"id":13722,"date":"2025-04-04T19:26:38","date_gmt":"2025-04-04T17:26:38","guid":{"rendered":"https:\/\/bo-themes.de\/wordpress-block-themes\/bob-praxis\/?page_id=13722"},"modified":"2025-04-10T11:18:21","modified_gmt":"2025-04-10T09:18:21","slug":"theme-infos","status":"publish","type":"page","link":"https:\/\/bo-themes.de\/wordpress-block-themes\/bob-praxis\/theme-infos\/","title":{"rendered":"Theme-Infos"},"content":{"rendered":"\n<h2 class=\"wp-block-heading\">BOB Praxis Theme-Merkmale <\/h2>\n\n\n\n<div class=\"wp-block-group is-content-justification-space-between is-layout-flex wp-container-core-group-is-layout-9366075c wp-block-group-is-layout-flex\">\n<div class=\"wp-block-group wp-container-content-9e2f13cb is-layout-flow wp-block-group-is-layout-flow\">\n<p class=\"wp-container-content-9e2f13cb\">BOB Praxis ist ein Block-Theme f\u00fcr WordPress, das so genanntes <a href=\"#\">Full-Site-Editing<\/a> (FSE) m\u00f6glich macht. Alle Komponenten des Themes, d.h. Header, Footer und Seiten-Templates, Sidebars und Vorlagen k\u00f6nnen mit dem Website-Editor in WordPress bearbeitet und nach Belieben noch individuell gestaltet werden. <\/p>\n\n\n\n<p>Block-Themes liefern zus\u00e4tzlich zu den Seiten-Templates auch so genannte Vorlagen bzw. Patterns zur Gestaltung. Diese Vorlagen bestehen aus mehreren zusammengef\u00fchrten Bl\u00f6cken, k\u00f6nnen \u00fcberall im Content oder \u00fcber den Website-Editor eingesetzt werden und sparen viel Zeit beim Aufbau der Webseite. <\/p>\n<\/div>\n\n\n\n<div class=\"wp-block-group wp-container-content-e16604df is-layout-flow wp-block-group-is-layout-flow\">\n<p class=\"has-base-2-background-color has-background wp-container-content-2f62e668\">Block-Themes erm\u00f6glichen es, auch das Design der Webseite mit einfachen Handgriffen zu ver\u00e4ndern. Einmal gestaltete Bl\u00f6cke oder Gruppen von Bl\u00f6cken k\u00f6nnen gespeichert und so auf anderen Seiten wiederverwendet werden.<\/p>\n<\/div>\n<\/div>\n\n\n\n<div style=\"height:30px\" aria-hidden=\"true\" class=\"wp-block-spacer\"><\/div>\n\n\n\n<p>Unsere Block-Themes liefern eine Vielzahl von vorbereiteten Templates und Vorlagen (Patterns) die Sie bei Ihren Gestaltungsvorhaben unterst\u00fctzen. Es k\u00f6nnen au\u00dferdem aber auch leicht individuelle Templates und Vorlagen erstellt und \u00fcberall eingesetzt werden.<\/p>\n\n\n\n<figure class=\"wp-block-gallery has-nested-images columns-4 is-cropped wp-block-gallery-1 is-layout-flex wp-block-gallery-is-layout-flex\">\n<figure class=\"wp-block-image size-large\"><a href=\"https:\/\/bo-themes.de\/wordpress-block-themes\/bob-praxis\/wp-content\/uploads\/sites\/2\/2025\/04\/bob-vorlagen_3.jpg\"><img loading=\"lazy\" decoding=\"async\" width=\"1024\" height=\"631\" data-id=\"13888\" src=\"https:\/\/bo-themes.de\/wordpress-block-themes\/bob-praxis\/wp-content\/uploads\/sites\/2\/2025\/04\/bob-vorlagen_3-1024x631.jpg\" alt=\"BOB Praxis Vorlagen\" class=\"wp-image-13888\" srcset=\"https:\/\/bo-themes.de\/wordpress-block-themes\/bob-praxis\/wp-content\/uploads\/sites\/2\/2025\/04\/bob-vorlagen_3-1024x631.jpg 1024w, https:\/\/bo-themes.de\/wordpress-block-themes\/bob-praxis\/wp-content\/uploads\/sites\/2\/2025\/04\/bob-vorlagen_3-300x185.jpg 300w, https:\/\/bo-themes.de\/wordpress-block-themes\/bob-praxis\/wp-content\/uploads\/sites\/2\/2025\/04\/bob-vorlagen_3-768x474.jpg 768w, https:\/\/bo-themes.de\/wordpress-block-themes\/bob-praxis\/wp-content\/uploads\/sites\/2\/2025\/04\/bob-vorlagen_3.jpg 1200w\" sizes=\"auto, (max-width: 1024px) 100vw, 1024px\" \/><\/a><\/figure>\n\n\n\n<figure class=\"wp-block-image size-large\"><a href=\"https:\/\/bo-themes.de\/wordpress-block-themes\/bob-praxis\/wp-content\/uploads\/sites\/2\/2025\/04\/bob-vorlagen_2-1024x631.jpg\"><img loading=\"lazy\" decoding=\"async\" width=\"1024\" height=\"631\" data-id=\"13887\" src=\"https:\/\/bo-themes.de\/wordpress-block-themes\/bob-praxis\/wp-content\/uploads\/sites\/2\/2025\/04\/bob-vorlagen_2-1024x631.jpg\" alt=\"BOB Praxis Vorlagen\" class=\"wp-image-13887\" srcset=\"https:\/\/bo-themes.de\/wordpress-block-themes\/bob-praxis\/wp-content\/uploads\/sites\/2\/2025\/04\/bob-vorlagen_2-1024x631.jpg 1024w, https:\/\/bo-themes.de\/wordpress-block-themes\/bob-praxis\/wp-content\/uploads\/sites\/2\/2025\/04\/bob-vorlagen_2-300x185.jpg 300w, https:\/\/bo-themes.de\/wordpress-block-themes\/bob-praxis\/wp-content\/uploads\/sites\/2\/2025\/04\/bob-vorlagen_2-768x474.jpg 768w, https:\/\/bo-themes.de\/wordpress-block-themes\/bob-praxis\/wp-content\/uploads\/sites\/2\/2025\/04\/bob-vorlagen_2.jpg 1200w\" sizes=\"auto, (max-width: 1024px) 100vw, 1024px\" \/><\/a><\/figure>\n\n\n\n<figure class=\"wp-block-image size-large\"><a href=\"https:\/\/bo-themes.de\/wordpress-block-themes\/bob-praxis\/wp-content\/uploads\/sites\/2\/2025\/04\/bob-vorlagen_1.jpg\"><img loading=\"lazy\" decoding=\"async\" width=\"1024\" height=\"631\" data-id=\"13886\" src=\"https:\/\/bo-themes.de\/wordpress-block-themes\/bob-praxis\/wp-content\/uploads\/sites\/2\/2025\/04\/bob-vorlagen_1-1024x631.jpg\" alt=\"BOB Praxis Vorlagen\" class=\"wp-image-13886\" srcset=\"https:\/\/bo-themes.de\/wordpress-block-themes\/bob-praxis\/wp-content\/uploads\/sites\/2\/2025\/04\/bob-vorlagen_1-1024x631.jpg 1024w, https:\/\/bo-themes.de\/wordpress-block-themes\/bob-praxis\/wp-content\/uploads\/sites\/2\/2025\/04\/bob-vorlagen_1-300x185.jpg 300w, https:\/\/bo-themes.de\/wordpress-block-themes\/bob-praxis\/wp-content\/uploads\/sites\/2\/2025\/04\/bob-vorlagen_1-768x474.jpg 768w, https:\/\/bo-themes.de\/wordpress-block-themes\/bob-praxis\/wp-content\/uploads\/sites\/2\/2025\/04\/bob-vorlagen_1.jpg 1200w\" sizes=\"auto, (max-width: 1024px) 100vw, 1024px\" \/><\/a><\/figure>\n\n\n\n<figure class=\"wp-block-image size-large\"><a href=\"https:\/\/bo-themes.de\/wordpress-block-themes\/bob-praxis\/wp-content\/uploads\/sites\/2\/2025\/04\/bob-templates_3-scaled.jpg\"><img loading=\"lazy\" decoding=\"async\" width=\"1024\" height=\"699\" data-id=\"13948\" src=\"https:\/\/bo-themes.de\/wordpress-block-themes\/bob-praxis\/wp-content\/uploads\/sites\/2\/2025\/04\/bob-templates_3-1024x699.jpg\" alt=\"\" class=\"wp-image-13948\" srcset=\"https:\/\/bo-themes.de\/wordpress-block-themes\/bob-praxis\/wp-content\/uploads\/sites\/2\/2025\/04\/bob-templates_3-1024x699.jpg 1024w, https:\/\/bo-themes.de\/wordpress-block-themes\/bob-praxis\/wp-content\/uploads\/sites\/2\/2025\/04\/bob-templates_3-300x205.jpg 300w, https:\/\/bo-themes.de\/wordpress-block-themes\/bob-praxis\/wp-content\/uploads\/sites\/2\/2025\/04\/bob-templates_3-768x524.jpg 768w, https:\/\/bo-themes.de\/wordpress-block-themes\/bob-praxis\/wp-content\/uploads\/sites\/2\/2025\/04\/bob-templates_3-1536x1049.jpg 1536w, https:\/\/bo-themes.de\/wordpress-block-themes\/bob-praxis\/wp-content\/uploads\/sites\/2\/2025\/04\/bob-templates_3-2048x1398.jpg 2048w\" sizes=\"auto, (max-width: 1024px) 100vw, 1024px\" \/><\/a><\/figure>\n<\/figure>\n\n\n\n<div style=\"height:100px\" aria-hidden=\"true\" class=\"wp-block-spacer\"><\/div>\n","protected":false},"excerpt":{"rendered":"<p>BOB Praxis Theme-Merkmale BOB Praxis ist ein Block-Theme f\u00fcr WordPress, das so genanntes Full-Site-Editing (FSE) m\u00f6glich macht. Alle Komponenten des Themes, d.h. Header, Footer und Seiten-Templates, Sidebars und Vorlagen k\u00f6nnen mit dem Website-Editor in WordPress bearbeitet und nach Belieben noch individuell gestaltet werden. Block-Themes liefern zus\u00e4tzlich zu den Seiten-Templates auch so genannte Vorlagen bzw. Patterns [&hellip;]<\/p>\n","protected":false},"author":1,"featured_media":0,"parent":0,"menu_order":0,"comment_status":"closed","ping_status":"closed","template":"","meta":{"footnotes":""},"class_list":["post-13722","page","type-page","status-publish","hentry"],"_links":{"self":[{"href":"https:\/\/bo-themes.de\/wordpress-block-themes\/bob-praxis\/wp-json\/wp\/v2\/pages\/13722","targetHints":{"allow":["GET"]}}],"collection":[{"href":"https:\/\/bo-themes.de\/wordpress-block-themes\/bob-praxis\/wp-json\/wp\/v2\/pages"}],"about":[{"href":"https:\/\/bo-themes.de\/wordpress-block-themes\/bob-praxis\/wp-json\/wp\/v2\/types\/page"}],"author":[{"embeddable":true,"href":"https:\/\/bo-themes.de\/wordpress-block-themes\/bob-praxis\/wp-json\/wp\/v2\/users\/1"}],"replies":[{"embeddable":true,"href":"https:\/\/bo-themes.de\/wordpress-block-themes\/bob-praxis\/wp-json\/wp\/v2\/comments?post=13722"}],"version-history":[{"count":20,"href":"https:\/\/bo-themes.de\/wordpress-block-themes\/bob-praxis\/wp-json\/wp\/v2\/pages\/13722\/revisions"}],"predecessor-version":[{"id":13950,"href":"https:\/\/bo-themes.de\/wordpress-block-themes\/bob-praxis\/wp-json\/wp\/v2\/pages\/13722\/revisions\/13950"}],"wp:attachment":[{"href":"https:\/\/bo-themes.de\/wordpress-block-themes\/bob-praxis\/wp-json\/wp\/v2\/media?parent=13722"}],"curies":[{"name":"wp","href":"https:\/\/api.w.org\/{rel}","templated":true}]}}