{"id":11,"date":"2025-04-04T12:55:18","date_gmt":"2025-04-04T10:55:18","guid":{"rendered":"https:\/\/bo-themes.de\/wordpress-block-themes\/bob-praxis\/?page_id=11"},"modified":"2025-05-06T17:22:06","modified_gmt":"2025-05-06T15:22:06","slug":"kontakt","status":"publish","type":"page","link":"https:\/\/bo-themes.de\/wordpress-block-themes\/bob-praxis\/kontakt\/","title":{"rendered":"Kontakt"},"content":{"rendered":"\n<div class=\"wp-block-columns is-layout-flex wp-container-core-columns-is-layout-28f84493 wp-block-columns-is-layout-flex\">\n<div class=\"wp-block-column is-layout-flow wp-block-column-is-layout-flow\" style=\"flex-basis:60%\">\n<h2 class=\"wp-block-heading\">Wir freuen uns auf Ihren Kontakt<\/h2>\n\n\n\n<p>Willkommen in unserem modernen Gesundheitszentrum, wo Wohlbefinden auf Innovation trifft. Unser Ziel ist es, Ihnen ganzheitliche Gesundheitsl\u00f6sungen zu bieten, die Ihre individuellen Bed\u00fcrfnisse in den Mittelpunkt stellen. <\/p>\n\n\n\n<p>Unser Team steht f\u00fcr individuelle Beratung und innovative Behandlungsmethoden, um Ihre Gesundheit optimal zu f\u00f6rdern. Vertrauen Sie auf unsere Expertise f\u00fcr Ihr Wohlbefinden und eine umfassende Betreuung. Wir bieten erstklassige medizinische Versorgung in einem freundlichen Umfeld. Unser engagiertes Team steht f\u00fcr individuelle Beratung und innovative Behandlungsmethoden, um Ihre Gesundheit optimal zu f\u00f6rdern. Vertrauen Sie auf unsere Expertise f\u00fcr Ihr Wohlbefinden und eine umfassende Betreuung.<\/p>\n\n\n\n<div style=\"height:20px\" aria-hidden=\"true\" class=\"wp-block-spacer\"><\/div>\n\n\n\n<div class=\"wp-block-group alignfull has-base-2-background-color has-background has-global-padding is-content-justification-center is-layout-constrained wp-container-core-group-is-layout-64cf2fd6 wp-block-group-is-layout-constrained\" style=\"margin-top:0;margin-bottom:0;padding-top:0;padding-right:0;padding-bottom:0;padding-left:0\">\n<div class=\"wp-block-group is-content-justification-center is-nowrap is-layout-flex wp-container-core-group-is-layout-b35f32a3 wp-block-group-is-layout-flex\">\n<div class=\"wp-block-group has-accent-background-color has-background wp-container-content-9cfa9a5a has-global-padding is-layout-constrained wp-container-core-group-is-layout-0663b330 wp-block-group-is-layout-constrained\" style=\"min-height:12px;padding-top:0;padding-right:var(--wp--preset--spacing--10);padding-bottom:0;padding-left:var(--wp--preset--spacing--10)\"><\/div>\n\n\n\n<div class=\"wp-block-group has-contrast-2-background-color has-background wp-container-content-9cfa9a5a has-global-padding is-layout-constrained wp-container-core-group-is-layout-28e4a4f7 wp-block-group-is-layout-constrained\" style=\"min-height:12px;padding-top:0;padding-right:var(--wp--preset--spacing--10);padding-bottom:0;padding-left:var(--wp--preset--spacing--10)\"><\/div>\n\n\n\n<div class=\"wp-block-group has-accent-5-background-color has-background wp-container-content-9cfa9a5a has-global-padding is-layout-constrained wp-container-core-group-is-layout-c01ce5f5 wp-block-group-is-layout-constrained\" style=\"min-height:12px;padding-top:0;padding-right:var(--wp--preset--spacing--10);padding-bottom:0;padding-left:var(--wp--preset--spacing--10)\"><\/div>\n<\/div>\n<\/div>\n<\/div>\n\n\n\n<div class=\"wp-block-column is-layout-flow wp-block-column-is-layout-flow\" style=\"flex-basis:5%\"><\/div>\n\n\n\n<div class=\"wp-block-column is-layout-flow wp-block-column-is-layout-flow\" style=\"flex-basis:35%\">\n<div class=\"wp-block-group has-base-2-background-color has-background has-global-padding is-layout-constrained wp-container-core-group-is-layout-86dba5ee wp-block-group-is-layout-constrained\" style=\"padding-top:var(--wp--preset--spacing--10);padding-right:var(--wp--preset--spacing--10);padding-bottom:var(--wp--preset--spacing--10);padding-left:var(--wp--preset--spacing--10)\">\n<h2 class=\"wp-block-heading\">Kontaktdaten<\/h2>\n\n\n\n<div class=\"wp-block-group is-nowrap is-layout-flex wp-container-core-group-is-layout-5b5f34b7 wp-block-group-is-layout-flex\" style=\"border-bottom-color:var(--wp--preset--color--contrast-3);border-bottom-style:dotted;border-bottom-width:1px;padding-bottom:var(--wp--preset--spacing--10)\">\n<p><strong>Dr. Marlene Mustermann<\/strong><br>Fach\u00e4rztin f\u00fcr Augenheilkunde<\/p>\n<\/div>\n\n\n\n<div class=\"wp-block-group is-nowrap is-layout-flex wp-container-core-group-is-layout-5b5f34b7 wp-block-group-is-layout-flex\" style=\"border-bottom-color:var(--wp--preset--color--contrast-3);border-bottom-style:dotted;border-bottom-width:1px;padding-bottom:var(--wp--preset--spacing--10)\">\n<div class=\"wp-block-outermost-icon-block\"><div class=\"icon-container has-icon-color has-contrast-2-color\" style=\"color:#0f3957;width:40px;transform:rotate(0deg) scaleX(1) scaleY(1)\"><svg width=\"24px\" height=\"24px\" viewBox=\"0 0 24 24\"><defs><style>.cls-1 {isolation: isolate;opacity: .4;}<\/style><\/defs><path d=\"M10.61,0C13.61,0,16.05,2.44,16.05,5.45c0,1.45-1.87,5.99-5.61,13.61l-.7-1.55c-3.05-6.79-4.57-10.81-4.57-12.06C5.16,2.44,7.6,0,10.61,0h0ZM10.44,2.72c-1.5,0-2.72,1.22-2.72,2.72s1.22,2.72,2.72,2.72,2.72-1.22,2.72-2.72-1.22-2.72-2.72-2.72h0Z\"><\/path><path class=\"cls-1\" d=\"M21,19.3c0,3.66-6.58,4.2-10.5,4.2S0,22.95,0,19.3c0-2.73,3.67-3.72,7.16-4.05l.59,2.08c-3.28.29-5.65,1.06-5.65,1.97,0,1.16,3.76,2.1,8.4,2.1s8.4-.94,8.4-2.1c0-.92-2.37-1.69-5.65-1.97l.59-2.08c3.49.33,7.16,1.32,7.16,4.05h0Z\"><\/path><\/svg><\/div><\/div>\n\n\n\n<p>Hamburger Stra\u00dfe 123<br>12345 D\u00fcsseldorf<\/p>\n<\/div>\n\n\n\n<div class=\"wp-block-group is-nowrap is-layout-flex wp-container-core-group-is-layout-5b5f34b7 wp-block-group-is-layout-flex\" style=\"border-bottom-color:var(--wp--preset--color--contrast-3);border-bottom-style:dotted;border-bottom-width:1px;padding-bottom:var(--wp--preset--spacing--10)\">\n<div class=\"wp-block-outermost-icon-block\"><div class=\"icon-container has-icon-color has-contrast-2-color\" style=\"color:#0f3957;width:40px;transform:rotate(0deg) scaleX(1) scaleY(1)\"><svg width=\"24px\" height=\"24px\" viewBox=\"0 0 24 24\"><defs><style>.cls-1 {isolation: isolate;opacity: .4;}<\/style><\/defs><path d=\"M12.51.05h.13c5.12.65,9.14,4.67,9.78,9.79.09.69-.4,1.32-1.09,1.4-.05.01-.1.01-.15.01-.63,0-1.16-.46-1.24-1.1-.5-3.98-3.62-7.1-7.6-7.6-.69-.08-1.18-.7-1.09-1.39.08-.69.7-1.18,1.39-1.1h-.13ZM11.29,6.1c.17-.68.86-1.08,1.53-.9,2.19.57,3.91,2.28,4.5,4.5.16.66-.24,1.35-.9,1.53-.1.02-.21.04-.31.04-.57,0-1.06-.38-1.21-.94-.35-1.33-1.38-2.36-2.69-2.69-.68-.18-1.08-.85-.9-1.53h0Z\"><\/path><path class=\"cls-1\" d=\"M20.29,15.34l-3.18-.36c-.76-.09-1.51.17-2.05.71l-2.31,2.31c-3.54-1.8-6.45-4.7-8.25-8.25l2.32-2.32c.54-.54.8-1.29.72-2.05l-.36-3.16c-.15-1.27-1.21-2.22-2.49-2.22h-2.17C1.09,0-.09,1.18,0,2.59c.66,10.69,9.22,19.24,19.9,19.9,1.42.09,2.59-1.09,2.59-2.51v-2.17c.01-1.26-.94-2.33-2.2-2.48h0Z\"><\/path><\/svg><\/div><\/div>\n\n\n\n<p>01234 &#8211; 567 89 120<br>01234 &#8211; 987 65 121<\/p>\n<\/div>\n\n\n\n<div class=\"wp-block-group is-nowrap is-layout-flex wp-container-core-group-is-layout-5b5f34b7 wp-block-group-is-layout-flex\" style=\"border-bottom-style:none;border-bottom-width:0px;padding-bottom:var(--wp--preset--spacing--10)\">\n<div class=\"wp-block-outermost-icon-block\"><div class=\"icon-container has-icon-color has-contrast-2-color\" style=\"color:#0f3957;width:40px;transform:rotate(0deg) scaleX(1) scaleY(1)\"><svg width=\"24px\" height=\"24px\" viewBox=\"0 0 24 24\"><defs><style>.cls-1 {isolation: isolate;opacity: .4;}<\/style><\/defs><path d=\"M0,1.28l10.67,7.46c.64.47,1.52.47,2.16,0L23.5,1.28c-.06-.76-.64-1.28-1.34-1.28H1.4C.7,0,.06.53,0,1.28h0Z\"><\/path><path class=\"cls-1\" d=\"M14.93,8.69l7.81,7.29c-.17.06-.41.12-.58.12H1.4c-.23,0-.47-.06-.64-.12h0l7.87-7.29,1.4.99c1.05.76,2.39.76,3.5,0h0l1.4-.99h0ZM23.5,2.68v12.36l-7.64-7,7.64-5.37h0ZM0,2.68l7.64,5.37L.06,15.04c-.05-.09-.06-.19-.06-.25V2.68Z\"><\/path><\/svg><\/div><\/div>\n\n\n\n<p>info@mustermann.de<br>praxis@mustermann.de<\/p>\n<\/div>\n<\/div>\n<\/div>\n<\/div>\n\n\n\n<div class=\"wp-block-columns is-layout-flex wp-container-core-columns-is-layout-28f84493 wp-block-columns-is-layout-flex\">\n<div class=\"wp-block-column is-layout-flow wp-block-column-is-layout-flow\" style=\"flex-basis:60%\">\n<h2 class=\"wp-block-heading is-style-heading--underline\">Nutzen Sie unser Kontaktformular<\/h2>\n\n\n\n<div style=\"height:15px\" aria-hidden=\"true\" class=\"wp-block-spacer\"><\/div>\n\n\n\n<div class=\"wpcf7 no-js\" id=\"wpcf7-f13837-o1\" lang=\"de-DE\" dir=\"ltr\" data-wpcf7-id=\"13837\">\n<div class=\"screen-reader-response\"><p role=\"status\" aria-live=\"polite\" aria-atomic=\"true\"><\/p> <ul><\/ul><\/div>\n<form action=\"\/wordpress-block-themes\/bob-praxis\/wp-json\/wp\/v2\/pages\/11#wpcf7-f13837-o1\" method=\"post\" class=\"wpcf7-form init\" aria-label=\"Kontaktformular\" novalidate=\"novalidate\" data-status=\"init\">\n<fieldset class=\"hidden-fields-container\"><input type=\"hidden\" name=\"_wpcf7\" value=\"13837\" \/><input type=\"hidden\" name=\"_wpcf7_version\" value=\"6.1\" \/><input type=\"hidden\" name=\"_wpcf7_locale\" value=\"de_DE\" \/><input type=\"hidden\" name=\"_wpcf7_unit_tag\" value=\"wpcf7-f13837-o1\" \/><input type=\"hidden\" name=\"_wpcf7_container_post\" value=\"0\" \/><input type=\"hidden\" name=\"_wpcf7_posted_data_hash\" value=\"\" \/>\n<\/fieldset>\n<p><span class=\"wpcf7-form-control-wrap\" data-name=\"bob-contact-name\"><input size=\"40\" maxlength=\"400\" class=\"wpcf7-form-control wpcf7-text\" aria-invalid=\"false\" placeholder=\"Ihr Name\" value=\"\" type=\"text\" name=\"bob-contact-name\" \/><\/span><br \/>\n<span class=\"wpcf7-form-control-wrap\" data-name=\"bob-contact-mail\"><input size=\"40\" maxlength=\"400\" class=\"wpcf7-form-control wpcf7-email wpcf7-text wpcf7-validates-as-email\" autocomplete=\"email\" aria-invalid=\"false\" placeholder=\"Ihre E-Mail Adresse\" value=\"\" type=\"email\" name=\"bob-contact-mail\" \/><\/span><br \/>\n<span class=\"wpcf7-form-control-wrap\" data-name=\"bob-contact-message\"><textarea cols=\"40\" rows=\"5\" maxlength=\"2000\" class=\"wpcf7-form-control wpcf7-textarea wpcf7-validates-as-required\" aria-required=\"true\" aria-invalid=\"false\" placeholder=\"Ihre Nachricht\" name=\"bob-contact-message\"><\/textarea><\/span><input class=\"wpcf7-form-control wpcf7-submit has-spinner\" type=\"submit\" value=\"Nachricht senden\" \/>\n<\/p><div class=\"wpcf7-response-output\" aria-hidden=\"true\"><\/div>\n<\/form>\n<\/div>\n\n<\/div>\n\n\n\n<div class=\"wp-block-column is-layout-flow wp-block-column-is-layout-flow\" style=\"flex-basis:5%\"><\/div>\n\n\n\n<div class=\"wp-block-column is-vertically-aligned-center is-layout-flow wp-block-column-is-layout-flow\" style=\"flex-basis:35%\">\n<p><strong>Willkommen in unserem Gesundheitszentrum! Hier finden Sie wichtige Seiten im \u00dcberblick: <\/strong><\/p>\n\n\n\n<div style=\"height:10px\" aria-hidden=\"true\" class=\"wp-block-spacer\"><\/div>\n\n\n\n<div class=\"wp-block-buttons is-layout-flex wp-block-buttons-is-layout-flex\">\n<div class=\"wp-block-button has-custom-width wp-block-button__width-100 with-icon has-text-nowrap core-button core-button-69f48b4caf02b\"><a class=\"wp-block-button__link wp-element-button\" href=\"#\"><span class=\"with-icon__text\">Termin online vereinbaren<\/span><\/a><\/div>\n\n\n\n<div class=\"wp-block-button has-custom-width wp-block-button__width-100 with-icon has-text-nowrap core-button core-button-69f48b4caf53d\"><a class=\"wp-block-button__link wp-element-button\" href=\"#\"><span class=\"with-icon__text\"><span class=\"with-icon__text\">Rezept online anfordern<\/span><\/span><\/a><\/div>\n\n\n\n<div class=\"wp-block-button has-custom-width wp-block-button__width-100 with-icon has-text-nowrap core-button core-button-69f48b4caf658\"><a class=\"wp-block-button__link wp-element-button\" href=\"#\"><span class=\"with-icon__text\"><span class=\"with-icon__text\"><span class=\"with-icon__text\">Patientenakte einsehen<\/span><\/span><\/span><\/a><\/div>\n\n\n\n<div class=\"wp-block-button has-custom-width wp-block-button__width-100 with-icon has-text-nowrap core-button core-button-69f48b4caf74f\"><a class=\"wp-block-button__link wp-element-button\" href=\"#\"><span class=\"with-icon__text\"><span class=\"with-icon__text\">Termin online vereinbaren<\/span><\/span><\/a><\/div>\n<\/div>\n<\/div>\n<\/div>\n\n\n\n<div style=\"height:60px\" aria-hidden=\"true\" class=\"wp-block-spacer\"><\/div>\n\n\n\n<div class=\"wp-block-group alignfull has-base-2-background-color has-background has-global-padding is-content-justification-center is-layout-constrained wp-container-core-group-is-layout-64cf2fd6 wp-block-group-is-layout-constrained\" style=\"margin-top:0;margin-bottom:0;padding-top:0;padding-right:0;padding-bottom:0;padding-left:0\">\n<div class=\"wp-block-group is-content-justification-center is-nowrap is-layout-flex wp-container-core-group-is-layout-b35f32a3 wp-block-group-is-layout-flex\">\n<div class=\"wp-block-group has-accent-background-color has-background wp-container-content-9cfa9a5a has-global-padding is-layout-constrained wp-container-core-group-is-layout-0663b330 wp-block-group-is-layout-constrained\" style=\"min-height:12px;padding-top:0;padding-right:var(--wp--preset--spacing--10);padding-bottom:0;padding-left:var(--wp--preset--spacing--10)\"><\/div>\n\n\n\n<div class=\"wp-block-group has-contrast-2-background-color has-background wp-container-content-9cfa9a5a has-global-padding is-layout-constrained wp-container-core-group-is-layout-28e4a4f7 wp-block-group-is-layout-constrained\" style=\"min-height:12px;padding-top:0;padding-right:var(--wp--preset--spacing--10);padding-bottom:0;padding-left:var(--wp--preset--spacing--10)\"><\/div>\n\n\n\n<div class=\"wp-block-group has-accent-5-background-color has-background wp-container-content-9cfa9a5a has-global-padding is-layout-constrained wp-container-core-group-is-layout-c01ce5f5 wp-block-group-is-layout-constrained\" style=\"min-height:12px;padding-top:0;padding-right:var(--wp--preset--spacing--10);padding-bottom:0;padding-left:var(--wp--preset--spacing--10)\"><\/div>\n<\/div>\n<\/div>\n","protected":false},"excerpt":{"rendered":"<p>Wir freuen uns auf Ihren Kontakt Willkommen in unserem modernen Gesundheitszentrum, wo Wohlbefinden auf Innovation trifft. Unser Ziel ist es, Ihnen ganzheitliche Gesundheitsl\u00f6sungen zu bieten, die Ihre individuellen Bed\u00fcrfnisse in den Mittelpunkt stellen. Unser Team steht f\u00fcr individuelle Beratung und innovative Behandlungsmethoden, um Ihre Gesundheit optimal zu f\u00f6rdern. Vertrauen Sie auf unsere Expertise f\u00fcr Ihr [&hellip;]<\/p>\n","protected":false},"author":1,"featured_media":0,"parent":0,"menu_order":0,"comment_status":"closed","ping_status":"closed","template":"","meta":{"footnotes":""},"class_list":["post-11","page","type-page","status-publish","hentry"],"_links":{"self":[{"href":"https:\/\/bo-themes.de\/wordpress-block-themes\/bob-praxis\/wp-json\/wp\/v2\/pages\/11","targetHints":{"allow":["GET"]}}],"collection":[{"href":"https:\/\/bo-themes.de\/wordpress-block-themes\/bob-praxis\/wp-json\/wp\/v2\/pages"}],"about":[{"href":"https:\/\/bo-themes.de\/wordpress-block-themes\/bob-praxis\/wp-json\/wp\/v2\/types\/page"}],"author":[{"embeddable":true,"href":"https:\/\/bo-themes.de\/wordpress-block-themes\/bob-praxis\/wp-json\/wp\/v2\/users\/1"}],"replies":[{"embeddable":true,"href":"https:\/\/bo-themes.de\/wordpress-block-themes\/bob-praxis\/wp-json\/wp\/v2\/comments?post=11"}],"version-history":[{"count":21,"href":"https:\/\/bo-themes.de\/wordpress-block-themes\/bob-praxis\/wp-json\/wp\/v2\/pages\/11\/revisions"}],"predecessor-version":[{"id":14264,"href":"https:\/\/bo-themes.de\/wordpress-block-themes\/bob-praxis\/wp-json\/wp\/v2\/pages\/11\/revisions\/14264"}],"wp:attachment":[{"href":"https:\/\/bo-themes.de\/wordpress-block-themes\/bob-praxis\/wp-json\/wp\/v2\/media?parent=11"}],"curies":[{"name":"wp","href":"https:\/\/api.w.org\/{rel}","templated":true}]}}